{"id":10399,"date":"2024-05-25T21:52:09","date_gmt":"2024-05-25T19:52:09","guid":{"rendered":"https:\/\/www.bestasolar.com\/?post_type=product&#038;p=10399"},"modified":"2025-10-12T22:06:36","modified_gmt":"2025-10-12T20:06:36","slug":"onduleur-hybride-3kva-must-vpm","status":"publish","type":"product","link":"https:\/\/www.bestasolar.com\/en\/product\/onduleur-hybride-3kva-must-vpm\/","title":{"rendered":"Onduleur hybride 3kva must VPM"},"content":{"rendered":"<h4><span class=\"\">Onduleur hybride 3kva must VPM haute fr\u00e9quence hors r\u00e9seau<\/span><\/h4>\n<p><span class=\"VIpgJd-yAWNEb-VIpgJd-fmcmS-sn54Q\">Il s\u2019agit d\u2019un <\/span><span class=\"\">Onduleur hybride 3kva must VPM <\/span><span class=\"VIpgJd-yAWNEb-VIpgJd-fmcmS-sn54Q\">multifonction, combinant les fonctions d\u2019onduleur, de chargeur solaire MPPT 60A et de chargeur de batterie pour offrir une alimentation ininterrompue avec une taille portable. Son \u00e9cran LCD complet offre un fonctionnement par bouton configurable par l\u2019utilisateur et facile d\u2019acc\u00e8s, tel que le courant de charge de la batterie, la priorit\u00e9 du chargeur CA\/solaire et la tension d\u2019entr\u00e9e acceptable en fonction du<\/span><\/p>\n<p>diff\u00e9rentes applications.<\/p>\n<p><strong>Caract\u00e9ristiques:<\/strong><\/p>\n<p>\u2022 Onduleur solaire \u00e0 onde sinuso\u00efdale pure<\/p>\n<p>\u2022 Facteur de puissance de sortie 1<\/p>\n<p>\u2022 Chargeur solaire MPPT 80\u00a0A int\u00e9gr\u00e9<\/p>\n<p>\u2022 Kit anti-poussi\u00e8re int\u00e9gr\u00e9 pour environnements difficiles<\/p>\n<p>\u2022 Prise en charge du fonctionnement en parall\u00e8le jusqu\u2019\u00e0 3 unit\u00e9s (disponible pour 3KW-5,5KW 48V)<\/p>\n<p>\u2022 Surveillance \u00e0 distance WIFI (en option)<\/p>\n<p>\u2022 Compatible avec le g\u00e9n\u00e9rateur<\/p>\n<p><img fetchpriority=\"high\" decoding=\"async\" class=\"alignnone size-full wp-image-22587\" src=\"https:\/\/www.mustpower.com\/wp-content\/uploads\/2023\/04\/PV18-VHM-01.jpg\" alt=\"\" width=\"1057\" height=\"773\" \/><\/p>\n<p><strong>Sp\u00e9cification:<\/strong><\/p>\n<table cellspacing=\"0\" cellpadding=\"0\">\n<tbody>\n<tr>\n<th>MOD\u00c8LE<\/th>\n<th>PV18-2024 VHM<\/th>\n<th>PV18-3024 VHM<\/th>\n<th>PV18-3048 VHM<\/th>\n<th>PV18-4048 VHM<\/th>\n<th>PV18-5048 VHM<\/th>\n<th>PV18-5548 VHM<\/th>\n<\/tr>\n<tr>\n<td>Tension nominale du syst\u00e8me de batterie<\/td>\n<td colspan=\"2\">24 V CC<\/td>\n<td colspan=\"4\">48 V CC<\/td>\n<\/tr>\n<tr>\n<td colspan=\"7\"><strong>SORTIE ONDULEUR<\/strong><\/td>\n<\/tr>\n<tr>\n<td>Puissance nominale<\/td>\n<td>2000W<\/td>\n<td>3000W<\/td>\n<td>3000W<\/td>\n<td>4000W<\/td>\n<td>5000W<\/td>\n<td>5500W<\/td>\n<\/tr>\n<tr>\n<td>Surtension<\/td>\n<td>4000W<\/td>\n<td>6000W<\/td>\n<td>6000W<\/td>\n<td>8000W<\/td>\n<td>10000W<\/td>\n<td>11000W<\/td>\n<\/tr>\n<tr>\n<td>Forme d\u2019onde<\/td>\n<td colspan=\"6\">Onde sinuso\u00efdale pure<\/td>\n<\/tr>\n<tr>\n<td>R\u00e9gulation de tension alternative (mode batterie)<\/td>\n<td colspan=\"6\">(220 VCA ~ 240 VCA) \u00b1 5\u00a0%<\/td>\n<\/tr>\n<tr>\n<td>Efficacit\u00e9 de l\u2019onduleur (pic)<\/td>\n<td colspan=\"6\">93%<\/td>\n<\/tr>\n<tr>\n<td>Temps de transfert<\/td>\n<td colspan=\"6\">10 ms (UPS\/VDE4105) 20 ms (APL)<\/td>\n<\/tr>\n<tr>\n<td colspan=\"7\"><strong>ENTR\u00c9E CA<\/strong><\/td>\n<\/tr>\n<tr>\n<td>Tension<\/td>\n<td colspan=\"6\">230 VCA<\/td>\n<\/tr>\n<tr>\n<td>Plage de tension s\u00e9lectionnable<\/td>\n<td colspan=\"6\">170 ~ 280 VCA (UPS) \/ 90 ~ 280 VCA (APL) \/ 184 ~ 253 VCA (VDE4105)<\/td>\n<\/tr>\n<tr>\n<td>Gamme de fr\u00e9quences<\/td>\n<td colspan=\"6\">50 Hz\/60 Hz (d\u00e9tection automatique)<\/td>\n<\/tr>\n<tr>\n<td colspan=\"7\"><strong>BATTERIE<\/strong><\/td>\n<\/tr>\n<tr>\n<td>Tension normale<\/td>\n<td colspan=\"2\">24 V CC<\/td>\n<td colspan=\"4\">48 V CC<\/td>\n<\/tr>\n<tr>\n<td>Tension de charge flottante<\/td>\n<td colspan=\"2\">27,4 V CC<\/td>\n<td colspan=\"4\">54,8 V CC<\/td>\n<\/tr>\n<tr>\n<td>Protection contre les surcharges<\/td>\n<td colspan=\"2\">30 V CC<\/td>\n<td colspan=\"4\">60 V CC<\/td>\n<\/tr>\n<tr>\n<td colspan=\"7\"><strong>CHARGEUR SOLAIRE ET CHARGEUR AC<\/strong><\/td>\n<\/tr>\n<tr>\n<td>Tension maximale en circuit ouvert du g\u00e9n\u00e9rateur photovolta\u00efque<\/td>\n<td colspan=\"6\">145 V CC<\/td>\n<\/tr>\n<tr>\n<td>Plage de tension MPPT du g\u00e9n\u00e9rateur photovolta\u00efque<\/td>\n<td colspan=\"2\">30 ~ 130 V CC<\/td>\n<td colspan=\"4\">60 ~ 130 V CC<\/td>\n<\/tr>\n<tr>\n<td>Consommation d\u2019\u00e9nergie en veille<\/td>\n<td colspan=\"6\">2W<\/td>\n<\/tr>\n<tr>\n<td>Puissance d\u2019entr\u00e9e photovolta\u00efque<\/td>\n<td colspan=\"2\">2000W<\/td>\n<td colspan=\"4\">4000W<\/td>\n<\/tr>\n<tr>\n<td>Courant de charge solaire maximal<\/td>\n<td colspan=\"6\">80A<\/td>\n<\/tr>\n<tr>\n<td>Efficacit\u00e9 maximale<\/td>\n<td colspan=\"6\">98%<\/td>\n<\/tr>\n<tr>\n<td>Courant de charge CA maximum<\/td>\n<td colspan=\"2\">20A\/30A<\/td>\n<td colspan=\"4\">60A<\/td>\n<\/tr>\n<tr>\n<td>Courant de charge maximal<\/td>\n<td colspan=\"2\">80A<\/td>\n<td colspan=\"4\">140A<\/td>\n<\/tr>\n<tr>\n<td colspan=\"7\"><strong>SP\u00c9CIFICATIONS M\u00c9CANIQUES<\/strong><\/td>\n<\/tr>\n<tr>\n<td>Dimensions de la machine (L*H*P)<\/td>\n<td colspan=\"2\">300*414*116mm<\/td>\n<td colspan=\"4\">329*485*134mm<\/td>\n<\/tr>\n<tr>\n<td>Dimensions du colis (L*H*P)<\/td>\n<td colspan=\"2\">400*486*210mm<\/td>\n<td colspan=\"4\">425*575*229mm<\/td>\n<\/tr>\n<tr>\n<td>Poids net \/ kg)<\/td>\n<td colspan=\"2\">8.5<\/td>\n<td colspan=\"4\">12<\/td>\n<\/tr>\n<tr>\n<td>Poids brut (kg)<\/td>\n<td colspan=\"2\">dix<\/td>\n<td colspan=\"4\">13.5<\/td>\n<\/tr>\n<tr>\n<td colspan=\"7\"><strong>AUTRE<\/strong><\/td>\n<\/tr>\n<tr>\n<td>Humidit\u00e9<\/td>\n<td colspan=\"6\">Humidit\u00e9 relative de 5\u00a0% \u00e0 95\u00a0% (sans condensation)<\/td>\n<\/tr>\n<tr>\n<td>Temp\u00e9rature de fonctionnement<\/td>\n<td colspan=\"6\">0\u00b0C~50\u00b0C<\/td>\n<\/tr>\n<tr>\n<td>Temp\u00e9rature de stockage<\/td>\n<td colspan=\"6\">-15\u00b0C ~60\u00b0<\/td>\n<\/tr>\n<\/tbody>\n<\/table>","protected":false},"excerpt":{"rendered":"<p>Onduleur hybride 3kva must VPM multifonction, combinant les fonctions d\u2019onduleur, de chargeur solaire MPPT 60A et de chargeur de batterie<\/p>","protected":false},"featured_media":10400,"comment_status":"open","ping_status":"closed","template":"","meta":[],"product_brand":[],"product_cat":[15],"product_tag":[],"class_list":{"0":"post-10399","1":"product","2":"type-product","3":"status-publish","4":"has-post-thumbnail","6":"product_cat-electricity","8":"first","9":"instock","10":"sale","11":"shipping-taxable","12":"purchasable","13":"product-type-simple"},"yoast_head":"<!-- This site is optimized with the Yoast SEO Premium plugin v22.8 (Yoast SEO v25.6) - https:\/\/yoast.com\/wordpress\/plugins\/seo\/ -->\n<title>Onduleur hybride 3kva must VPM<\/title>\n<meta name=\"description\" content=\"Onduleur hybride 3kva must VPM multifonction, combinant les fonctions d&#039;onduleur, de chargeur solaire MPPT 60A et de chargeur de batterie\" \/>\n<meta name=\"robots\" content=\"index, follow, max-snippet:-1, max-image-preview:large, max-video-preview:-1\" \/>\n<link rel=\"canonical\" href=\"https:\/\/www.bestasolar.com\/en\/product\/onduleur-hybride-3kva-must-vpm\/\" \/>\n<meta property=\"og:locale\" content=\"en_US\" \/>\n<meta property=\"og:type\" content=\"article\" \/>\n<meta property=\"og:title\" content=\"Onduleur hybride 3kva must VPM\" \/>\n<meta property=\"og:description\" content=\"Onduleur hybride 3kva must VPM multifonction, combinant les fonctions d&#039;onduleur, de chargeur solaire MPPT 60A et de chargeur de batterie\" \/>\n<meta property=\"og:url\" content=\"https:\/\/www.bestasolar.com\/en\/product\/onduleur-hybride-3kva-must-vpm\/\" \/>\n<meta property=\"og:site_name\" content=\"BESTA SOLAR\" \/>\n<meta property=\"article:publisher\" content=\"https:\/\/www.facebook.com\/bestasolar\/\" \/>\n<meta property=\"article:modified_time\" content=\"2025-10-12T20:06:36+00:00\" \/>\n<meta property=\"og:image\" content=\"https:\/\/www.bestasolar.com\/wp-content\/uploads\/2024\/05\/pv1800-vpm2-02-1.jpg\" \/>\n\t<meta property=\"og:image:width\" content=\"1200\" \/>\n\t<meta property=\"og:image:height\" content=\"1200\" \/>\n\t<meta property=\"og:image:type\" content=\"image\/jpeg\" \/>\n<meta name=\"twitter:card\" content=\"summary_large_image\" \/>\n<meta name=\"twitter:label1\" content=\"Price\" \/>\n\t<meta name=\"twitter:data1\" content=\"CFA180,000.00\" \/>\n\t<meta name=\"twitter:label2\" content=\"Availability\" \/>\n\t<meta name=\"twitter:data2\" content=\"In stock\" \/>\n<script type=\"application\/ld+json\" class=\"yoast-schema-graph\">{\"@context\":\"https:\/\/schema.org\",\"@graph\":[{\"@type\":\"WebPage\",\"@id\":\"https:\/\/www.bestasolar.com\/produit\/onduleur-hybride-3kva-must-vpm\/\",\"url\":\"https:\/\/www.bestasolar.com\/produit\/onduleur-hybride-3kva-must-vpm\/\",\"name\":\"Onduleur hybride 3kva must VPM\",\"isPartOf\":{\"@id\":\"https:\/\/www.bestasolar.com\/#website\"},\"primaryImageOfPage\":{\"@id\":\"https:\/\/www.bestasolar.com\/produit\/onduleur-hybride-3kva-must-vpm\/#primaryimage\"},\"image\":{\"@id\":\"https:\/\/www.bestasolar.com\/produit\/onduleur-hybride-3kva-must-vpm\/#primaryimage\"},\"thumbnailUrl\":\"https:\/\/www.bestasolar.com\/wp-content\/uploads\/2024\/05\/pv1800-vpm2-02-1.jpg\",\"datePublished\":\"2024-05-25T19:52:09+00:00\",\"dateModified\":\"2025-10-12T20:06:36+00:00\",\"description\":\"Onduleur hybride 3kva must VPM multifonction, combinant les fonctions d'onduleur, de chargeur solaire MPPT 60A et de chargeur de batterie\",\"breadcrumb\":{\"@id\":\"https:\/\/www.bestasolar.com\/produit\/onduleur-hybride-3kva-must-vpm\/#breadcrumb\"},\"inLanguage\":\"en-US\",\"potentialAction\":[{\"@type\":\"ReadAction\",\"target\":[\"https:\/\/www.bestasolar.com\/produit\/onduleur-hybride-3kva-must-vpm\/\"]}]},{\"@type\":\"ImageObject\",\"inLanguage\":\"en-US\",\"@id\":\"https:\/\/www.bestasolar.com\/produit\/onduleur-hybride-3kva-must-vpm\/#primaryimage\",\"url\":\"https:\/\/www.bestasolar.com\/wp-content\/uploads\/2024\/05\/pv1800-vpm2-02-1.jpg\",\"contentUrl\":\"https:\/\/www.bestasolar.com\/wp-content\/uploads\/2024\/05\/pv1800-vpm2-02-1.jpg\",\"width\":1200,\"height\":1200},{\"@type\":\"BreadcrumbList\",\"@id\":\"https:\/\/www.bestasolar.com\/produit\/onduleur-hybride-3kva-must-vpm\/#breadcrumb\",\"itemListElement\":[{\"@type\":\"ListItem\",\"position\":1,\"name\":\"Home\",\"item\":\"https:\/\/www.bestasolar.com\/\"},{\"@type\":\"ListItem\",\"position\":2,\"name\":\"Shop\",\"item\":\"https:\/\/www.bestasolar.com\/shop\/\"},{\"@type\":\"ListItem\",\"position\":3,\"name\":\"Onduleur hybride 3kva must VPM\"}]},{\"@type\":\"WebSite\",\"@id\":\"https:\/\/www.bestasolar.com\/#website\",\"url\":\"https:\/\/www.bestasolar.com\/\",\"name\":\"BESTA SOLAR\",\"description\":\"Vente d&#039;equipement solaire batterie lithium onduleur mppt\",\"publisher\":{\"@id\":\"https:\/\/www.bestasolar.com\/#organization\"},\"potentialAction\":[{\"@type\":\"SearchAction\",\"target\":{\"@type\":\"EntryPoint\",\"urlTemplate\":\"https:\/\/www.bestasolar.com\/?s={search_term_string}\"},\"query-input\":{\"@type\":\"PropertyValueSpecification\",\"valueRequired\":true,\"valueName\":\"search_term_string\"}}],\"inLanguage\":\"en-US\"},{\"@type\":[\"Organization\",\"Place\",\"OfficeEquipmentStore\"],\"@id\":\"https:\/\/www.bestasolar.com\/#organization\",\"name\":\"BESTA SOLAR\",\"url\":\"https:\/\/www.bestasolar.com\/\",\"logo\":{\"@id\":\"https:\/\/www.bestasolar.com\/produit\/onduleur-hybride-3kva-must-vpm\/#local-main-organization-logo\"},\"image\":{\"@id\":\"https:\/\/www.bestasolar.com\/produit\/onduleur-hybride-3kva-must-vpm\/#local-main-organization-logo\"},\"sameAs\":[\"https:\/\/www.facebook.com\/bestasolar\/\",\"https:\/\/www.youtube.com\/channel\/UCYnBggiypeSN8k1IQrX6BUw\",\"https:\/\/www.tiktok.com\/@bestasolar\",\"https:\/\/www.pinterest.com\/bestasolar\/\"],\"telephone\":[\"+22961732956\"],\"contactPoint\":{\"@type\":\"ContactPoint\",\"telephone\":\"+22961732956\",\"email\":\"contact@bestasolar.com\"},\"openingHoursSpecification\":[{\"@type\":\"OpeningHoursSpecification\",\"dayOfWeek\":[\"Monday\",\"Tuesday\",\"Wednesday\",\"Thursday\",\"Friday\",\"Saturday\"],\"opens\":\"08:00\",\"closes\":\"21:00\"},{\"@type\":\"OpeningHoursSpecification\",\"dayOfWeek\":[\"Sunday\"],\"opens\":\"09:00\",\"closes\":\"18:00\"}],\"email\":\"contact@bestasolar.com\",\"faxNumber\":\"Besta Solar\",\"areaServed\":\"Afrique de l'ouest\",\"taxID\":\"02022748823174\",\"currenciesAccepted\":\"CFA\"},{\"@type\":\"ImageObject\",\"inLanguage\":\"en-US\",\"@id\":\"https:\/\/www.bestasolar.com\/produit\/onduleur-hybride-3kva-must-vpm\/#local-main-organization-logo\",\"url\":\"https:\/\/www.bestasolar.com\/wp-content\/uploads\/2023\/01\/BESTA-SOLAR-Logo-01-1.png\",\"contentUrl\":\"https:\/\/www.bestasolar.com\/wp-content\/uploads\/2023\/01\/BESTA-SOLAR-Logo-01-1.png\",\"width\":6250,\"height\":4167,\"caption\":\"BESTA SOLAR\"}]}<\/script>\n<meta property=\"product:price:amount\" content=\"180000.00\" \/>\n<meta property=\"product:price:currency\" content=\"XOF\" \/>\n<meta property=\"og:availability\" content=\"instock\" \/>\n<meta property=\"product:availability\" content=\"instock\" \/>\n<meta property=\"product:retailer_item_id\" content=\"PV18-3024\" \/>\n<meta property=\"product:condition\" content=\"new\" \/>\n<meta name=\"geo.placename\" content=\"parakou\" \/>\n<meta name=\"geo.region\" content=\"Benin\" \/>\n<!-- \/ Yoast SEO Premium plugin. -->","yoast_head_json":{"title":"Onduleur hybride 3kva must VPM","description":"Onduleur hybride 3kva must VPM multifonction, combinant les fonctions d'onduleur, de chargeur solaire MPPT 60A et de chargeur de batterie","robots":{"index":"index","follow":"follow","max-snippet":"max-snippet:-1","max-image-preview":"max-image-preview:large","max-video-preview":"max-video-preview:-1"},"canonical":"https:\/\/www.bestasolar.com\/en\/product\/onduleur-hybride-3kva-must-vpm\/","og_locale":"en_US","og_type":"article","og_title":"Onduleur hybride 3kva must VPM","og_description":"Onduleur hybride 3kva must VPM multifonction, combinant les fonctions d'onduleur, de chargeur solaire MPPT 60A et de chargeur de batterie","og_url":"https:\/\/www.bestasolar.com\/en\/product\/onduleur-hybride-3kva-must-vpm\/","og_site_name":"BESTA SOLAR","article_publisher":"https:\/\/www.facebook.com\/bestasolar\/","article_modified_time":"2025-10-12T20:06:36+00:00","og_image":[{"width":1200,"height":1200,"url":"https:\/\/www.bestasolar.com\/wp-content\/uploads\/2024\/05\/pv1800-vpm2-02-1.jpg","type":"image\/jpeg"}],"twitter_card":"summary_large_image","twitter_misc":{"Price":"CFA180,000.00","Availability":"In stock"},"schema":{"@context":"https:\/\/schema.org","@graph":[{"@type":"WebPage","@id":"https:\/\/www.bestasolar.com\/produit\/onduleur-hybride-3kva-must-vpm\/","url":"https:\/\/www.bestasolar.com\/produit\/onduleur-hybride-3kva-must-vpm\/","name":"Onduleur hybride 3kva must VPM","isPartOf":{"@id":"https:\/\/www.bestasolar.com\/#website"},"primaryImageOfPage":{"@id":"https:\/\/www.bestasolar.com\/produit\/onduleur-hybride-3kva-must-vpm\/#primaryimage"},"image":{"@id":"https:\/\/www.bestasolar.com\/produit\/onduleur-hybride-3kva-must-vpm\/#primaryimage"},"thumbnailUrl":"https:\/\/www.bestasolar.com\/wp-content\/uploads\/2024\/05\/pv1800-vpm2-02-1.jpg","datePublished":"2024-05-25T19:52:09+00:00","dateModified":"2025-10-12T20:06:36+00:00","description":"Onduleur hybride 3kva must VPM multifonction, combinant les fonctions d'onduleur, de chargeur solaire MPPT 60A et de chargeur de batterie","breadcrumb":{"@id":"https:\/\/www.bestasolar.com\/produit\/onduleur-hybride-3kva-must-vpm\/#breadcrumb"},"inLanguage":"en-US","potentialAction":[{"@type":"ReadAction","target":["https:\/\/www.bestasolar.com\/produit\/onduleur-hybride-3kva-must-vpm\/"]}]},{"@type":"ImageObject","inLanguage":"en-US","@id":"https:\/\/www.bestasolar.com\/produit\/onduleur-hybride-3kva-must-vpm\/#primaryimage","url":"https:\/\/www.bestasolar.com\/wp-content\/uploads\/2024\/05\/pv1800-vpm2-02-1.jpg","contentUrl":"https:\/\/www.bestasolar.com\/wp-content\/uploads\/2024\/05\/pv1800-vpm2-02-1.jpg","width":1200,"height":1200},{"@type":"BreadcrumbList","@id":"https:\/\/www.bestasolar.com\/produit\/onduleur-hybride-3kva-must-vpm\/#breadcrumb","itemListElement":[{"@type":"ListItem","position":1,"name":"Home","item":"https:\/\/www.bestasolar.com\/"},{"@type":"ListItem","position":2,"name":"Shop","item":"https:\/\/www.bestasolar.com\/shop\/"},{"@type":"ListItem","position":3,"name":"Onduleur hybride 3kva must VPM"}]},{"@type":"WebSite","@id":"https:\/\/www.bestasolar.com\/#website","url":"https:\/\/www.bestasolar.com\/","name":"BESTA SOLAR","description":"Vente d&#039;equipement solaire batterie lithium onduleur mppt","publisher":{"@id":"https:\/\/www.bestasolar.com\/#organization"},"potentialAction":[{"@type":"SearchAction","target":{"@type":"EntryPoint","urlTemplate":"https:\/\/www.bestasolar.com\/?s={search_term_string}"},"query-input":{"@type":"PropertyValueSpecification","valueRequired":true,"valueName":"search_term_string"}}],"inLanguage":"en-US"},{"@type":["Organization","Place","OfficeEquipmentStore"],"@id":"https:\/\/www.bestasolar.com\/#organization","name":"BESTA SOLAR","url":"https:\/\/www.bestasolar.com\/","logo":{"@id":"https:\/\/www.bestasolar.com\/produit\/onduleur-hybride-3kva-must-vpm\/#local-main-organization-logo"},"image":{"@id":"https:\/\/www.bestasolar.com\/produit\/onduleur-hybride-3kva-must-vpm\/#local-main-organization-logo"},"sameAs":["https:\/\/www.facebook.com\/bestasolar\/","https:\/\/www.youtube.com\/channel\/UCYnBggiypeSN8k1IQrX6BUw","https:\/\/www.tiktok.com\/@bestasolar","https:\/\/www.pinterest.com\/bestasolar\/"],"telephone":["+22961732956"],"contactPoint":{"@type":"ContactPoint","telephone":"+22961732956","email":"contact@bestasolar.com"},"openingHoursSpecification":[{"@type":"OpeningHoursSpecification","dayOfWeek":["Monday","Tuesday","Wednesday","Thursday","Friday","Saturday"],"opens":"08:00","closes":"21:00"},{"@type":"OpeningHoursSpecification","dayOfWeek":["Sunday"],"opens":"09:00","closes":"18:00"}],"email":"contact@bestasolar.com","faxNumber":"Besta Solar","areaServed":"Afrique de l'ouest","taxID":"02022748823174","currenciesAccepted":"CFA"},{"@type":"ImageObject","inLanguage":"en-US","@id":"https:\/\/www.bestasolar.com\/produit\/onduleur-hybride-3kva-must-vpm\/#local-main-organization-logo","url":"https:\/\/www.bestasolar.com\/wp-content\/uploads\/2023\/01\/BESTA-SOLAR-Logo-01-1.png","contentUrl":"https:\/\/www.bestasolar.com\/wp-content\/uploads\/2023\/01\/BESTA-SOLAR-Logo-01-1.png","width":6250,"height":4167,"caption":"BESTA SOLAR"}]},"product_price_amount":"180000.00","product_price_currency":"XOF","og_availability":"instock","product_availability":"instock","product_retailer_item_id":"PV18-3024","product_condition":"new","geo.placename":"parakou","geo.region":"Benin"},"jetpack_sharing_enabled":true,"_links":{"self":[{"href":"https:\/\/www.bestasolar.com\/en\/wp-json\/wp\/v2\/product\/10399"}],"collection":[{"href":"https:\/\/www.bestasolar.com\/en\/wp-json\/wp\/v2\/product"}],"about":[{"href":"https:\/\/www.bestasolar.com\/en\/wp-json\/wp\/v2\/types\/product"}],"replies":[{"embeddable":true,"href":"https:\/\/www.bestasolar.com\/en\/wp-json\/wp\/v2\/comments?post=10399"}],"wp:featuredmedia":[{"embeddable":true,"href":"https:\/\/www.bestasolar.com\/en\/wp-json\/wp\/v2\/media\/10400"}],"wp:attachment":[{"href":"https:\/\/www.bestasolar.com\/en\/wp-json\/wp\/v2\/media?parent=10399"}],"wp:term":[{"taxonomy":"product_brand","embeddable":true,"href":"https:\/\/www.bestasolar.com\/en\/wp-json\/wp\/v2\/product_brand?post=10399"},{"taxonomy":"product_cat","embeddable":true,"href":"https:\/\/www.bestasolar.com\/en\/wp-json\/wp\/v2\/product_cat?post=10399"},{"taxonomy":"product_tag","embeddable":true,"href":"https:\/\/www.bestasolar.com\/en\/wp-json\/wp\/v2\/product_tag?post=10399"}],"curies":[{"name":"wp","href":"https:\/\/api.w.org\/{rel}","templated":true}]}}