{"id":10414,"date":"2024-05-25T23:06:22","date_gmt":"2024-05-25T21:06:22","guid":{"rendered":"https:\/\/www.bestasolar.com\/?post_type=product&#038;p=10414"},"modified":"2025-10-12T22:05:40","modified_gmt":"2025-10-12T20:05:40","slug":"batterie-lithium-10kwh-blue-carbon","status":"publish","type":"product","link":"https:\/\/www.bestasolar.com\/en\/product\/batterie-lithium-10kwh-blue-carbon\/","title":{"rendered":"Batterie Lithium 10Kwh Blue Carbon"},"content":{"rendered":"<p class=\"intro-title\">PR\u00c9SENTATION DU PRODUIT<\/p>\n<article><strong>Batterie Lithium 10kwh blue carbone 48V 200Ah 300ah pour le syst\u00e8me domestique solaire<\/strong>&nbsp;<\/p>\n<p>d\u00e9tails du produit<\/p>\n<p><img decoding=\"async\" title=\"produit-1-1\" src=\"https:\/\/www.bctvnergy.com\/Content\/upload\/2023678400\/202307011033086551539.jpg\" alt=\"produit-1-1\" \/><\/p>\n<p>Avantages du produit<\/p>\n<p><img fetchpriority=\"high\" decoding=\"async\" title=\"produit-1-1\" src=\"https:\/\/www.bctvnergy.com\/Content\/upload\/2023678400\/202307011033092223649.jpg\" alt=\"produit-1-1\" width=\"751\" height=\"1395\" \/><\/p>\n<p><img decoding=\"async\" title=\"produit-1-1\" src=\"https:\/\/www.bctvnergy.com\/Content\/upload\/2023678400\/202307011033099751066.jpg\" alt=\"produit-1-1\" \/><\/p>\n<ul>\n<li>Les batteries LiFePO4, \u00e9galement connues sous le nom de batteries lithium fer phosphate, ont gagn\u00e9 en popularit\u00e9 ces derni\u00e8res ann\u00e9es en raison de leurs excellentes performances et de leurs avantages par rapport aux batteries plomb-acide traditionnelles. Examinons les principaux avantages et applications des batteries LiFePO4.<\/li>\n<li>Volume accru : les batteries LiFePO4 ont une plus grande capacit\u00e9 par rapport aux batteries au plomb du m\u00eame volume. Avec LiFePO4, vous pouvez doubler la capacit\u00e9, en fournissant plus de puissance et un stockage d\u2019\u00e9nergie plus durable.<\/li>\n<li>L\u00e9g\u00e8ret\u00e9\u00a0: les batteries LiFePO4 sont remarquablement l\u00e9g\u00e8res, pesant seulement un tiers de celui d\u2019une batterie au plomb de m\u00eame capacit\u00e9. Cette l\u00e9g\u00e8ret\u00e9 les rend id\u00e9ales pour les applications o\u00f9 le poids est un probl\u00e8me, comme les v\u00e9hicules \u00e9lectriques et les appareils portables.<\/li>\n<li>Taux de d\u00e9charge \u00e9lev\u00e9 : les batteries LiFePO4 offrent des taux de d\u00e9charge \u00e9lev\u00e9s, ce qui les rend adapt\u00e9es aux applications n\u00e9cessitant des rafales de puissance rapides. Les batteries LiFePO4 peuvent fournir l\u2019\u00e9nergie n\u00e9cessaire aux performances.<\/li>\n<li>Aucun effet m\u00e9moire : contrairement \u00e0 d\u2019autres compositions chimiques de batterie, les batteries LiFePO4 ne souffrent pas d\u2019effet m\u00e9moire. Ils peuvent \u00eatre charg\u00e9s et d\u00e9charg\u00e9s \u00e0 tout moment sans avoir besoin d\u2019\u00eatre compl\u00e8tement d\u00e9charg\u00e9s au pr\u00e9alable, offrant ainsi une plus grande flexibilit\u00e9 et facilit\u00e9 d\u2019utilisation.<\/li>\n<li>Durabilit\u00e9 longue dur\u00e9e : les batteries LiFePO4 sont connues pour leur durabilit\u00e9 exceptionnelle. Ils peuvent supporter plus de 6 000 cycles de charge et de d\u00e9charge sans d\u00e9gradation significative de leur capacit\u00e9. M\u00eame apr\u00e8s 6 000 cycles, la capacit\u00e9 de la batterie reste sup\u00e9rieure \u00e0 80 %, garantissant des performances durables et fiables.<\/li>\n<li>S\u00e9curit\u00e9 am\u00e9lior\u00e9e : les batteries LiFePO4 sont soumises \u00e0 des tests de s\u00e9curit\u00e9 rigoureux et ont des performances de s\u00e9curit\u00e9 sup\u00e9rieures \u00e0 celles des autres types de batteries. Ils sont moins sujets \u00e0 l\u2019emballement thermique et ne contiennent pas de mati\u00e8res dangereuses, ce qui en fait un choix s\u00fbr pour diverses applications, notamment les v\u00e9hicules \u00e9lectriques et les syst\u00e8mes de stockage d\u2019\u00e9nergie.<\/li>\n<li>Respectueux de l\u2019environnement : les batteries LiFePO4 sont respectueuses de l\u2019environnement car elles ne contiennent pas de substances toxiques ou nocives. Ils sont non polluants lors de leur production et de leur utilisation, contribuant ainsi \u00e0 un environnement plus propre et plus vert.<\/li>\n<li>Bien class\u00e9es et combin\u00e9es : les batteries LiFePO4 sont soumises \u00e0 des processus de s\u00e9lection m\u00e9ticuleux pour garantir que chaque cellule r\u00e9pond aux normes de qualit\u00e9 les plus \u00e9lev\u00e9es. Ce processus rigoureux de classement et de combinaison garantit des performances et une long\u00e9vit\u00e9 optimales.<\/li>\n<li>Connexions s\u00e9curis\u00e9es et durables : les batteries LiFePO4 int\u00e8grent des technologies de connexion s\u00fbres et durables, garantissant des performances fiables et un entretien facile. Cela contribue \u00e0 r\u00e9duire le risque de connexions desserr\u00e9es et garantit une dur\u00e9e de vie plus longue \u00e0 la batterie.<\/li>\n<li>Structure de protection multicouche : les batteries LiFePO4 sont con\u00e7ues avec une structure de protection multicouche qui offre des capacit\u00e9s antichoc, anti-explosion et ignifuges. Cette structure robuste am\u00e9liore la s\u00e9curit\u00e9 et la fiabilit\u00e9 lors de l\u2019utilisation.<\/li>\n<li>S\u00e9curit\u00e9 et fiabilit\u00e9 durables : par rapport aux batteries au plomb, les batteries LiFePO4 sont consid\u00e9r\u00e9es comme le choix le plus s\u00fbr. Les mat\u00e9riaux utilis\u00e9s dans les batteries LiFePO4 sont s\u00e9curis\u00e9s, ce qui en fait une excellente option pour les syst\u00e8mes de stockage d\u2019\u00e9nergie solaire et d\u2019autres applications o\u00f9 la s\u00e9curit\u00e9 et la fiabilit\u00e9 sont primordiales.<\/li>\n<li>En conclusion, les batteries LiFePO4 offrent de nombreux avantages par rapport aux batteries au plomb, notamment un volume accru, une conception l\u00e9g\u00e8re, des taux de d\u00e9charge \u00e9lev\u00e9s, aucun effet m\u00e9moire, une durabilit\u00e9, une s\u00e9curit\u00e9 am\u00e9lior\u00e9e, un respect de l\u2019environnement ainsi qu\u2019une s\u00e9curit\u00e9 et une fiabilit\u00e9 durables. Ces qualit\u00e9s font des batteries LiFePO4 un choix id\u00e9al pour diverses applications, de l\u2019\u00e9clairage solaire aux syst\u00e8mes de stockage d\u2019\u00e9nergie solaire, offrant des solutions \u00e9lectriques efficaces et durables.<\/li>\n<li>Batterie Lithium 10Kwh Blue Carbon<img decoding=\"async\" style=\"font-size: 1rem;\" title=\"produit-1-1\" src=\"https:\/\/www.bctvnergy.com\/Content\/upload\/2023678400\/202307011033097209557.jpg\" alt=\"produit-1-1\" \/><\/li>\n<\/ul>\n<p><img decoding=\"async\" title=\"produit-1-1\" src=\"https:\/\/www.bctvnergy.com\/Content\/upload\/2023678400\/202307011033098966220.jpg\" alt=\"produit-1-1\" \/><\/p>\n<p><img decoding=\"async\" title=\"produit-1-1\" src=\"https:\/\/www.bctvnergy.com\/Content\/upload\/2023678400\/202307011033093479545.jpg\" alt=\"produit-1-1\" \/><\/p>\n<p><img decoding=\"async\" title=\"produit-1-1\" src=\"https:\/\/www.bctvnergy.com\/Content\/upload\/2023678400\/202307011033099938035.jpg\" alt=\"produit-1-1\" \/><\/p>\n<p><img decoding=\"async\" title=\"produit-1-1\" src=\"https:\/\/www.bctvnergy.com\/Content\/upload\/2023678400\/202307011033099437269.jpg\" alt=\"produit-1-1\" \/><\/p>\n<p><img decoding=\"async\" title=\"produit-1-1\" src=\"https:\/\/www.bctvnergy.com\/Content\/upload\/2023678400\/202307011033092193931.jpg\" alt=\"produit-1-1\" \/><\/p>\n<p><img decoding=\"async\" title=\"produit-1-1\" src=\"https:\/\/www.bctvnergy.com\/Content\/upload\/2023678400\/202307011033097179839.jpg\" alt=\"produit-1-1\" \/><\/p>\n<p><img decoding=\"async\" title=\"produit-1-1\" src=\"https:\/\/www.bctvnergy.com\/Content\/upload\/2023678400\/202307011033098151655.jpg\" alt=\"produit-1-1\" \/><\/p>\n<p><img decoding=\"async\" title=\"produit-1-1\" src=\"https:\/\/www.bctvnergy.com\/Content\/upload\/2023678400\/202307011033097650888.jpg\" alt=\"produit-1-1\" \/><\/p>\n<\/article>\n<article><\/article>","protected":false},"excerpt":{"rendered":"<p>Batterie Lithium 10Kwh Blue Carbon<\/p>","protected":false},"featured_media":10413,"comment_status":"open","ping_status":"closed","template":"","meta":[],"product_brand":[],"product_cat":[83],"product_tag":[],"class_list":{"0":"post-10414","1":"product","2":"type-product","3":"status-publish","4":"has-post-thumbnail","6":"product_cat-batterie-lithium","8":"first","9":"instock","10":"sale","11":"shipping-taxable","12":"purchasable","13":"product-type-simple"},"yoast_head":"<!-- This site is optimized with the Yoast SEO Premium plugin v22.8 (Yoast SEO v25.6) - https:\/\/yoast.com\/wordpress\/plugins\/seo\/ -->\n<title>Batterie Lithium 10Kwh Blue Carbon - BESTA SOLAR<\/title>\n<meta name=\"description\" content=\"Batterie Lithium 10Kwh Blue Carbon , \u00e9galement connues sous le nom de batteries lithium fer phosphate, ont gagn\u00e9 en popularit\u00e9 ces derni\u00e8res ann\u00e9es\" \/>\n<meta name=\"robots\" content=\"index, follow, max-snippet:-1, max-image-preview:large, max-video-preview:-1\" \/>\n<link rel=\"canonical\" href=\"https:\/\/www.bestasolar.com\/en\/product\/batterie-lithium-10kwh-blue-carbon\/\" \/>\n<meta property=\"og:locale\" content=\"en_US\" \/>\n<meta property=\"og:type\" content=\"article\" \/>\n<meta property=\"og:title\" content=\"Batterie Lithium 10Kwh Blue Carbon\" \/>\n<meta property=\"og:description\" content=\"Batterie Lithium 10Kwh Blue Carbon , \u00e9galement connues sous le nom de batteries lithium fer phosphate, ont gagn\u00e9 en popularit\u00e9 ces derni\u00e8res ann\u00e9es\" \/>\n<meta property=\"og:url\" content=\"https:\/\/www.bestasolar.com\/en\/product\/batterie-lithium-10kwh-blue-carbon\/\" \/>\n<meta property=\"og:site_name\" content=\"BESTA SOLAR\" \/>\n<meta property=\"article:publisher\" content=\"https:\/\/www.facebook.com\/bestasolar\/\" \/>\n<meta property=\"article:modified_time\" content=\"2025-10-12T20:05:40+00:00\" \/>\n<meta property=\"og:image\" content=\"https:\/\/www.bestasolar.com\/wp-content\/uploads\/2023\/02\/blue-carbon-48v-200ah-lithium-battery-pack052b5020-afbb-4604-8937-8e637c2db1ed.jpg\" \/>\n\t<meta property=\"og:image:width\" content=\"730\" \/>\n\t<meta property=\"og:image:height\" content=\"730\" \/>\n\t<meta property=\"og:image:type\" content=\"image\/jpeg\" \/>\n<meta name=\"twitter:card\" content=\"summary_large_image\" \/>\n<meta name=\"twitter:label1\" content=\"Price\" \/>\n\t<meta name=\"twitter:data1\" content=\"CFA850,000.00\" \/>\n\t<meta name=\"twitter:label2\" content=\"Availability\" \/>\n\t<meta name=\"twitter:data2\" content=\"In stock\" \/>\n<script type=\"application\/ld+json\" class=\"yoast-schema-graph\">{\"@context\":\"https:\/\/schema.org\",\"@graph\":[{\"@type\":\"WebPage\",\"@id\":\"https:\/\/www.bestasolar.com\/produit\/batterie-lithium-10kwh-blue-carbon\/\",\"url\":\"https:\/\/www.bestasolar.com\/produit\/batterie-lithium-10kwh-blue-carbon\/\",\"name\":\"Batterie Lithium 10Kwh Blue Carbon - BESTA SOLAR\",\"isPartOf\":{\"@id\":\"https:\/\/www.bestasolar.com\/#website\"},\"primaryImageOfPage\":{\"@id\":\"https:\/\/www.bestasolar.com\/produit\/batterie-lithium-10kwh-blue-carbon\/#primaryimage\"},\"image\":{\"@id\":\"https:\/\/www.bestasolar.com\/produit\/batterie-lithium-10kwh-blue-carbon\/#primaryimage\"},\"thumbnailUrl\":\"https:\/\/www.bestasolar.com\/wp-content\/uploads\/2023\/02\/blue-carbon-48v-200ah-lithium-battery-pack052b5020-afbb-4604-8937-8e637c2db1ed.jpg\",\"datePublished\":\"2024-05-25T21:06:22+00:00\",\"dateModified\":\"2025-10-12T20:05:40+00:00\",\"description\":\"Batterie Lithium 10Kwh Blue Carbon , \u00e9galement connues sous le nom de batteries lithium fer phosphate, ont gagn\u00e9 en popularit\u00e9 ces derni\u00e8res ann\u00e9es\",\"breadcrumb\":{\"@id\":\"https:\/\/www.bestasolar.com\/produit\/batterie-lithium-10kwh-blue-carbon\/#breadcrumb\"},\"inLanguage\":\"en-US\",\"potentialAction\":[{\"@type\":\"ReadAction\",\"target\":[\"https:\/\/www.bestasolar.com\/produit\/batterie-lithium-10kwh-blue-carbon\/\"]}]},{\"@type\":\"ImageObject\",\"inLanguage\":\"en-US\",\"@id\":\"https:\/\/www.bestasolar.com\/produit\/batterie-lithium-10kwh-blue-carbon\/#primaryimage\",\"url\":\"https:\/\/www.bestasolar.com\/wp-content\/uploads\/2023\/02\/blue-carbon-48v-200ah-lithium-battery-pack052b5020-afbb-4604-8937-8e637c2db1ed.jpg\",\"contentUrl\":\"https:\/\/www.bestasolar.com\/wp-content\/uploads\/2023\/02\/blue-carbon-48v-200ah-lithium-battery-pack052b5020-afbb-4604-8937-8e637c2db1ed.jpg\",\"width\":730,\"height\":730},{\"@type\":\"BreadcrumbList\",\"@id\":\"https:\/\/www.bestasolar.com\/produit\/batterie-lithium-10kwh-blue-carbon\/#breadcrumb\",\"itemListElement\":[{\"@type\":\"ListItem\",\"position\":1,\"name\":\"Home\",\"item\":\"https:\/\/www.bestasolar.com\/\"},{\"@type\":\"ListItem\",\"position\":2,\"name\":\"Shop\",\"item\":\"https:\/\/www.bestasolar.com\/shop\/\"},{\"@type\":\"ListItem\",\"position\":3,\"name\":\"Batterie Lithium 10Kwh Blue Carbon\"}]},{\"@type\":\"WebSite\",\"@id\":\"https:\/\/www.bestasolar.com\/#website\",\"url\":\"https:\/\/www.bestasolar.com\/\",\"name\":\"BESTA SOLAR\",\"description\":\"Vente d&#039;equipement solaire batterie lithium onduleur mppt\",\"publisher\":{\"@id\":\"https:\/\/www.bestasolar.com\/#organization\"},\"potentialAction\":[{\"@type\":\"SearchAction\",\"target\":{\"@type\":\"EntryPoint\",\"urlTemplate\":\"https:\/\/www.bestasolar.com\/?s={search_term_string}\"},\"query-input\":{\"@type\":\"PropertyValueSpecification\",\"valueRequired\":true,\"valueName\":\"search_term_string\"}}],\"inLanguage\":\"en-US\"},{\"@type\":[\"Organization\",\"Place\",\"OfficeEquipmentStore\"],\"@id\":\"https:\/\/www.bestasolar.com\/#organization\",\"name\":\"BESTA SOLAR\",\"url\":\"https:\/\/www.bestasolar.com\/\",\"logo\":{\"@id\":\"https:\/\/www.bestasolar.com\/produit\/batterie-lithium-10kwh-blue-carbon\/#local-main-organization-logo\"},\"image\":{\"@id\":\"https:\/\/www.bestasolar.com\/produit\/batterie-lithium-10kwh-blue-carbon\/#local-main-organization-logo\"},\"sameAs\":[\"https:\/\/www.facebook.com\/bestasolar\/\",\"https:\/\/www.youtube.com\/channel\/UCYnBggiypeSN8k1IQrX6BUw\",\"https:\/\/www.tiktok.com\/@bestasolar\",\"https:\/\/www.pinterest.com\/bestasolar\/\"],\"telephone\":[\"+22961732956\"],\"contactPoint\":{\"@type\":\"ContactPoint\",\"telephone\":\"+22961732956\",\"email\":\"contact@bestasolar.com\"},\"openingHoursSpecification\":[{\"@type\":\"OpeningHoursSpecification\",\"dayOfWeek\":[\"Monday\",\"Tuesday\",\"Wednesday\",\"Thursday\",\"Friday\",\"Saturday\"],\"opens\":\"08:00\",\"closes\":\"21:00\"},{\"@type\":\"OpeningHoursSpecification\",\"dayOfWeek\":[\"Sunday\"],\"opens\":\"09:00\",\"closes\":\"18:00\"}],\"email\":\"contact@bestasolar.com\",\"faxNumber\":\"Besta Solar\",\"areaServed\":\"Afrique de l'ouest\",\"taxID\":\"02022748823174\",\"currenciesAccepted\":\"CFA\"},{\"@type\":\"ImageObject\",\"inLanguage\":\"en-US\",\"@id\":\"https:\/\/www.bestasolar.com\/produit\/batterie-lithium-10kwh-blue-carbon\/#local-main-organization-logo\",\"url\":\"https:\/\/www.bestasolar.com\/wp-content\/uploads\/2023\/01\/BESTA-SOLAR-Logo-01-1.png\",\"contentUrl\":\"https:\/\/www.bestasolar.com\/wp-content\/uploads\/2023\/01\/BESTA-SOLAR-Logo-01-1.png\",\"width\":6250,\"height\":4167,\"caption\":\"BESTA SOLAR\"}]}<\/script>\n<meta property=\"product:price:amount\" content=\"850000.00\" \/>\n<meta property=\"product:price:currency\" content=\"XOF\" \/>\n<meta property=\"og:availability\" content=\"instock\" \/>\n<meta property=\"product:availability\" content=\"instock\" \/>\n<meta property=\"product:retailer_item_id\" content=\"48-200\" \/>\n<meta property=\"product:condition\" content=\"new\" \/>\n<meta name=\"geo.placename\" content=\"parakou\" \/>\n<meta name=\"geo.region\" content=\"Benin\" \/>\n<!-- \/ Yoast SEO Premium plugin. -->","yoast_head_json":{"title":"Batterie Lithium 10Kwh Blue Carbon - BESTA SOLAR","description":"Batterie Lithium 10Kwh Blue Carbon , \u00e9galement connues sous le nom de batteries lithium fer phosphate, ont gagn\u00e9 en popularit\u00e9 ces derni\u00e8res ann\u00e9es","robots":{"index":"index","follow":"follow","max-snippet":"max-snippet:-1","max-image-preview":"max-image-preview:large","max-video-preview":"max-video-preview:-1"},"canonical":"https:\/\/www.bestasolar.com\/en\/product\/batterie-lithium-10kwh-blue-carbon\/","og_locale":"en_US","og_type":"article","og_title":"Batterie Lithium 10Kwh Blue Carbon","og_description":"Batterie Lithium 10Kwh Blue Carbon , \u00e9galement connues sous le nom de batteries lithium fer phosphate, ont gagn\u00e9 en popularit\u00e9 ces derni\u00e8res ann\u00e9es","og_url":"https:\/\/www.bestasolar.com\/en\/product\/batterie-lithium-10kwh-blue-carbon\/","og_site_name":"BESTA SOLAR","article_publisher":"https:\/\/www.facebook.com\/bestasolar\/","article_modified_time":"2025-10-12T20:05:40+00:00","og_image":[{"width":730,"height":730,"url":"https:\/\/www.bestasolar.com\/wp-content\/uploads\/2023\/02\/blue-carbon-48v-200ah-lithium-battery-pack052b5020-afbb-4604-8937-8e637c2db1ed.jpg","type":"image\/jpeg"}],"twitter_card":"summary_large_image","twitter_misc":{"Price":"CFA850,000.00","Availability":"In stock"},"schema":{"@context":"https:\/\/schema.org","@graph":[{"@type":"WebPage","@id":"https:\/\/www.bestasolar.com\/produit\/batterie-lithium-10kwh-blue-carbon\/","url":"https:\/\/www.bestasolar.com\/produit\/batterie-lithium-10kwh-blue-carbon\/","name":"Batterie Lithium 10Kwh Blue Carbon - BESTA SOLAR","isPartOf":{"@id":"https:\/\/www.bestasolar.com\/#website"},"primaryImageOfPage":{"@id":"https:\/\/www.bestasolar.com\/produit\/batterie-lithium-10kwh-blue-carbon\/#primaryimage"},"image":{"@id":"https:\/\/www.bestasolar.com\/produit\/batterie-lithium-10kwh-blue-carbon\/#primaryimage"},"thumbnailUrl":"https:\/\/www.bestasolar.com\/wp-content\/uploads\/2023\/02\/blue-carbon-48v-200ah-lithium-battery-pack052b5020-afbb-4604-8937-8e637c2db1ed.jpg","datePublished":"2024-05-25T21:06:22+00:00","dateModified":"2025-10-12T20:05:40+00:00","description":"Batterie Lithium 10Kwh Blue Carbon , \u00e9galement connues sous le nom de batteries lithium fer phosphate, ont gagn\u00e9 en popularit\u00e9 ces derni\u00e8res ann\u00e9es","breadcrumb":{"@id":"https:\/\/www.bestasolar.com\/produit\/batterie-lithium-10kwh-blue-carbon\/#breadcrumb"},"inLanguage":"en-US","potentialAction":[{"@type":"ReadAction","target":["https:\/\/www.bestasolar.com\/produit\/batterie-lithium-10kwh-blue-carbon\/"]}]},{"@type":"ImageObject","inLanguage":"en-US","@id":"https:\/\/www.bestasolar.com\/produit\/batterie-lithium-10kwh-blue-carbon\/#primaryimage","url":"https:\/\/www.bestasolar.com\/wp-content\/uploads\/2023\/02\/blue-carbon-48v-200ah-lithium-battery-pack052b5020-afbb-4604-8937-8e637c2db1ed.jpg","contentUrl":"https:\/\/www.bestasolar.com\/wp-content\/uploads\/2023\/02\/blue-carbon-48v-200ah-lithium-battery-pack052b5020-afbb-4604-8937-8e637c2db1ed.jpg","width":730,"height":730},{"@type":"BreadcrumbList","@id":"https:\/\/www.bestasolar.com\/produit\/batterie-lithium-10kwh-blue-carbon\/#breadcrumb","itemListElement":[{"@type":"ListItem","position":1,"name":"Home","item":"https:\/\/www.bestasolar.com\/"},{"@type":"ListItem","position":2,"name":"Shop","item":"https:\/\/www.bestasolar.com\/shop\/"},{"@type":"ListItem","position":3,"name":"Batterie Lithium 10Kwh Blue Carbon"}]},{"@type":"WebSite","@id":"https:\/\/www.bestasolar.com\/#website","url":"https:\/\/www.bestasolar.com\/","name":"BESTA SOLAR","description":"Vente d&#039;equipement solaire batterie lithium onduleur mppt","publisher":{"@id":"https:\/\/www.bestasolar.com\/#organization"},"potentialAction":[{"@type":"SearchAction","target":{"@type":"EntryPoint","urlTemplate":"https:\/\/www.bestasolar.com\/?s={search_term_string}"},"query-input":{"@type":"PropertyValueSpecification","valueRequired":true,"valueName":"search_term_string"}}],"inLanguage":"en-US"},{"@type":["Organization","Place","OfficeEquipmentStore"],"@id":"https:\/\/www.bestasolar.com\/#organization","name":"BESTA SOLAR","url":"https:\/\/www.bestasolar.com\/","logo":{"@id":"https:\/\/www.bestasolar.com\/produit\/batterie-lithium-10kwh-blue-carbon\/#local-main-organization-logo"},"image":{"@id":"https:\/\/www.bestasolar.com\/produit\/batterie-lithium-10kwh-blue-carbon\/#local-main-organization-logo"},"sameAs":["https:\/\/www.facebook.com\/bestasolar\/","https:\/\/www.youtube.com\/channel\/UCYnBggiypeSN8k1IQrX6BUw","https:\/\/www.tiktok.com\/@bestasolar","https:\/\/www.pinterest.com\/bestasolar\/"],"telephone":["+22961732956"],"contactPoint":{"@type":"ContactPoint","telephone":"+22961732956","email":"contact@bestasolar.com"},"openingHoursSpecification":[{"@type":"OpeningHoursSpecification","dayOfWeek":["Monday","Tuesday","Wednesday","Thursday","Friday","Saturday"],"opens":"08:00","closes":"21:00"},{"@type":"OpeningHoursSpecification","dayOfWeek":["Sunday"],"opens":"09:00","closes":"18:00"}],"email":"contact@bestasolar.com","faxNumber":"Besta Solar","areaServed":"Afrique de l'ouest","taxID":"02022748823174","currenciesAccepted":"CFA"},{"@type":"ImageObject","inLanguage":"en-US","@id":"https:\/\/www.bestasolar.com\/produit\/batterie-lithium-10kwh-blue-carbon\/#local-main-organization-logo","url":"https:\/\/www.bestasolar.com\/wp-content\/uploads\/2023\/01\/BESTA-SOLAR-Logo-01-1.png","contentUrl":"https:\/\/www.bestasolar.com\/wp-content\/uploads\/2023\/01\/BESTA-SOLAR-Logo-01-1.png","width":6250,"height":4167,"caption":"BESTA SOLAR"}]},"product_price_amount":"850000.00","product_price_currency":"XOF","og_availability":"instock","product_availability":"instock","product_retailer_item_id":"48-200","product_condition":"new","geo.placename":"parakou","geo.region":"Benin"},"jetpack_sharing_enabled":true,"_links":{"self":[{"href":"https:\/\/www.bestasolar.com\/en\/wp-json\/wp\/v2\/product\/10414"}],"collection":[{"href":"https:\/\/www.bestasolar.com\/en\/wp-json\/wp\/v2\/product"}],"about":[{"href":"https:\/\/www.bestasolar.com\/en\/wp-json\/wp\/v2\/types\/product"}],"replies":[{"embeddable":true,"href":"https:\/\/www.bestasolar.com\/en\/wp-json\/wp\/v2\/comments?post=10414"}],"wp:featuredmedia":[{"embeddable":true,"href":"https:\/\/www.bestasolar.com\/en\/wp-json\/wp\/v2\/media\/10413"}],"wp:attachment":[{"href":"https:\/\/www.bestasolar.com\/en\/wp-json\/wp\/v2\/media?parent=10414"}],"wp:term":[{"taxonomy":"product_brand","embeddable":true,"href":"https:\/\/www.bestasolar.com\/en\/wp-json\/wp\/v2\/product_brand?post=10414"},{"taxonomy":"product_cat","embeddable":true,"href":"https:\/\/www.bestasolar.com\/en\/wp-json\/wp\/v2\/product_cat?post=10414"},{"taxonomy":"product_tag","embeddable":true,"href":"https:\/\/www.bestasolar.com\/en\/wp-json\/wp\/v2\/product_tag?post=10414"}],"curies":[{"name":"wp","href":"https:\/\/api.w.org\/{rel}","templated":true}]}}