{"id":10429,"date":"2024-05-26T02:23:27","date_gmt":"2024-05-26T00:23:27","guid":{"rendered":"https:\/\/www.bestasolar.com\/?post_type=product&#038;p=10429"},"modified":"2024-06-14T23:49:46","modified_gmt":"2024-06-14T21:49:46","slug":"regulateur-mppt-30a-srne","status":"publish","type":"product","link":"https:\/\/www.bestasolar.com\/en\/product\/regulateur-mppt-30a-srne\/","title":{"rendered":"R\u00e9gulateur MPPT 30A SRNE"},"content":{"rendered":"<div class=\"avatar-gutter ng-tns-c3392445103-90 ng-star-inserted\">\n<div class=\"resize-observable\"><strong style=\"font-size: 1rem;\">Description<\/strong><\/div>\n<\/div>\n<div class=\"response-container-content ng-tns-c3392445103-90\">\n<div class=\"response-content ng-tns-c3392445103-90\">\n<div class=\"markdown markdown-main-panel\" dir=\"ltr\">\n<p data-sourcepos=\"5:1-5:402\">Le r\u00e9gulateur MPPT 30A srne. Ce type de r\u00e9gulateur est utilis\u00e9 pour optimiser les performances d\u2019un syst\u00e8me solaire photovolta\u00efque (PV) en convertissant le courant continu (CC) variable provenant des panneaux solaires en une tension CC constante et r\u00e9gul\u00e9e. Cela permet d\u2019augmenter l\u2019efficacit\u00e9 du syst\u00e8me et de charger les batteries plus rapidement.<\/p>\n<p data-sourcepos=\"7:1-7:93\">Le r\u00e9gulateur MPPT 30A srne est con\u00e7u pour les syst\u00e8mes solaires PV de petite \u00e0 moyenne taille. Il dispose d\u2019un suivi du point de puissance maximale (MPPT) qui maximise la puissance produite par les panneaux solaires dans toutes les conditions d\u2019\u00e9clairage. Il dispose \u00e9galement d\u2019une protection contre les surcharges, les courts-circuits et les inversions de polarit\u00e9 pour prot\u00e9ger le syst\u00e8me contre les dommages.<\/p>\n<p data-sourcepos=\"9:1-9:13\"><strong>Avantages<\/strong><\/p>\n<p data-sourcepos=\"11:1-11:77\">L\u2019utilisation d\u2019un r\u00e9gulateur MPPT 30A offre plusieurs avantages, notamment :<\/p>\n<ul data-sourcepos=\"13:1-13:181\">\n<li data-sourcepos=\"13:1-13:181\"><strong>Efficacit\u00e9 accrue :<\/strong> Le suivi du point de puissance maximale (MPPT) peut augmenter l\u2019efficacit\u00e9 du syst\u00e8me solaire PV jusqu\u2019\u00e0 30 %. Cela signifie que vous pouvez g\u00e9n\u00e9rer plus d\u2019\u00e9lectricit\u00e9 avec la m\u00eame quantit\u00e9 de panneaux solaires.<\/li>\n<li data-sourcepos=\"14:1-14:250\"><strong>Charge plus rapide des batteries :<\/strong> Le r\u00e9gulateur MPPT 30A convertit le courant continu variable provenant des panneaux solaires en une tension CC constante et r\u00e9gul\u00e9e, ce qui permet de charger les batteries plus rapidement et plus efficacement.<\/li>\n<li data-sourcepos=\"15:1-15:174\"><strong>Dur\u00e9e de vie prolong\u00e9e de la batterie :<\/strong> La charge plus rapide et plus efficace des batteries par le r\u00e9gulateur MPPT 30A peut prolonger la dur\u00e9e de vie de vos batteries.<\/li>\n<li data-sourcepos=\"16:1-17:0\"><strong>Protection du syst\u00e8me :<\/strong> Le r\u00e9gulateur MPPT 30A offre une protection contre les surcharges, les courts-circuits et les inversions de polarit\u00e9 pour prot\u00e9ger votre syst\u00e8me solaire PV contre les dommages.<\/li>\n<\/ul>\n<\/div>\n<\/div>\n<\/div>","protected":false},"excerpt":{"rendered":"<p>Description Le r\u00e9gulateur MPPT 30A srne. Ce type de r\u00e9gulateur est utilis\u00e9 pour optimiser les performances d&#8217;un syst\u00e8me solaire photovolta\u00efque (PV) en convertissant le courant continu (CC) variable provenant des panneaux solaires en une tension CC constante et r\u00e9gul\u00e9e. Cela permet d&#8217;augmenter l&#8217;efficacit\u00e9 du syst\u00e8me et de charger les batteries plus rapidement. Le r\u00e9gulateur MPPT [&hellip;]<\/p>","protected":false},"featured_media":10428,"comment_status":"open","ping_status":"closed","template":"","meta":[],"product_brand":[],"product_cat":[15],"product_tag":[],"class_list":{"0":"post-10429","1":"product","2":"type-product","3":"status-publish","4":"has-post-thumbnail","6":"product_cat-electricity","8":"first","9":"instock","10":"sale","11":"shipping-taxable","12":"purchasable","13":"product-type-simple"},"yoast_head":"<!-- This site is optimized with the Yoast SEO Premium plugin v22.8 (Yoast SEO v25.6) - https:\/\/yoast.com\/wordpress\/plugins\/seo\/ -->\n<title>R\u00e9gulateur MPPT 30A SRNE -<\/title>\n<meta name=\"description\" content=\"Le r\u00e9gulateur MPPT 30A srne. Ce type de r\u00e9gulateur est utilis\u00e9 pour optimiser les performances d&#039;un syst\u00e8me solaire photovolta\u00efque (PV)\" \/>\n<meta name=\"robots\" content=\"index, follow, max-snippet:-1, max-image-preview:large, max-video-preview:-1\" \/>\n<link rel=\"canonical\" href=\"https:\/\/www.bestasolar.com\/en\/product\/regulateur-mppt-30a-srne\/\" \/>\n<meta property=\"og:locale\" content=\"en_US\" \/>\n<meta property=\"og:type\" content=\"article\" \/>\n<meta property=\"og:title\" content=\"R\u00e9gulateur MPPT 30A SRNE\" \/>\n<meta property=\"og:description\" content=\"Le r\u00e9gulateur MPPT 30A srne. Ce type de r\u00e9gulateur est utilis\u00e9 pour optimiser les performances d&#039;un syst\u00e8me solaire photovolta\u00efque (PV)\" \/>\n<meta property=\"og:url\" content=\"https:\/\/www.bestasolar.com\/en\/product\/regulateur-mppt-30a-srne\/\" \/>\n<meta property=\"og:site_name\" content=\"BESTA SOLAR\" \/>\n<meta property=\"article:publisher\" content=\"https:\/\/www.facebook.com\/bestasolar\/\" \/>\n<meta property=\"article:modified_time\" content=\"2024-06-14T21:49:46+00:00\" \/>\n<meta property=\"og:image\" content=\"https:\/\/www.bestasolar.com\/wp-content\/uploads\/2024\/05\/MPPT-Solar-Charge-Controller-ML243040-1.jpg\" \/>\n\t<meta property=\"og:image:width\" content=\"1600\" \/>\n\t<meta property=\"og:image:height\" content=\"1600\" \/>\n\t<meta property=\"og:image:type\" content=\"image\/jpeg\" \/>\n<meta name=\"twitter:card\" content=\"summary_large_image\" \/>\n<meta name=\"twitter:label1\" content=\"Price\" \/>\n\t<meta name=\"twitter:data1\" content=\"CFA75,000.00\" \/>\n\t<meta name=\"twitter:label2\" content=\"Availability\" \/>\n\t<meta name=\"twitter:data2\" content=\"In stock\" \/>\n<script type=\"application\/ld+json\" class=\"yoast-schema-graph\">{\"@context\":\"https:\/\/schema.org\",\"@graph\":[{\"@type\":\"WebPage\",\"@id\":\"https:\/\/www.bestasolar.com\/produit\/regulateur-mppt-30a-srne\/\",\"url\":\"https:\/\/www.bestasolar.com\/produit\/regulateur-mppt-30a-srne\/\",\"name\":\"R\u00e9gulateur MPPT 30A SRNE -\",\"isPartOf\":{\"@id\":\"https:\/\/www.bestasolar.com\/#website\"},\"primaryImageOfPage\":{\"@id\":\"https:\/\/www.bestasolar.com\/produit\/regulateur-mppt-30a-srne\/#primaryimage\"},\"image\":{\"@id\":\"https:\/\/www.bestasolar.com\/produit\/regulateur-mppt-30a-srne\/#primaryimage\"},\"thumbnailUrl\":\"https:\/\/www.bestasolar.com\/wp-content\/uploads\/2024\/05\/MPPT-Solar-Charge-Controller-ML243040-1.jpg\",\"datePublished\":\"2024-05-26T00:23:27+00:00\",\"dateModified\":\"2024-06-14T21:49:46+00:00\",\"description\":\"Le r\u00e9gulateur MPPT 30A srne. Ce type de r\u00e9gulateur est utilis\u00e9 pour optimiser les performances d'un syst\u00e8me solaire photovolta\u00efque (PV)\",\"breadcrumb\":{\"@id\":\"https:\/\/www.bestasolar.com\/produit\/regulateur-mppt-30a-srne\/#breadcrumb\"},\"inLanguage\":\"en-US\",\"potentialAction\":[{\"@type\":\"ReadAction\",\"target\":[\"https:\/\/www.bestasolar.com\/produit\/regulateur-mppt-30a-srne\/\"]}]},{\"@type\":\"ImageObject\",\"inLanguage\":\"en-US\",\"@id\":\"https:\/\/www.bestasolar.com\/produit\/regulateur-mppt-30a-srne\/#primaryimage\",\"url\":\"https:\/\/www.bestasolar.com\/wp-content\/uploads\/2024\/05\/MPPT-Solar-Charge-Controller-ML243040-1.jpg\",\"contentUrl\":\"https:\/\/www.bestasolar.com\/wp-content\/uploads\/2024\/05\/MPPT-Solar-Charge-Controller-ML243040-1.jpg\",\"width\":1600,\"height\":1600,\"caption\":\"Le r\u00e9gulateur MPPT SRNE\"},{\"@type\":\"BreadcrumbList\",\"@id\":\"https:\/\/www.bestasolar.com\/produit\/regulateur-mppt-30a-srne\/#breadcrumb\",\"itemListElement\":[{\"@type\":\"ListItem\",\"position\":1,\"name\":\"Home\",\"item\":\"https:\/\/www.bestasolar.com\/\"},{\"@type\":\"ListItem\",\"position\":2,\"name\":\"Shop\",\"item\":\"https:\/\/www.bestasolar.com\/shop\/\"},{\"@type\":\"ListItem\",\"position\":3,\"name\":\"R\u00e9gulateur MPPT 30A SRNE\"}]},{\"@type\":\"WebSite\",\"@id\":\"https:\/\/www.bestasolar.com\/#website\",\"url\":\"https:\/\/www.bestasolar.com\/\",\"name\":\"BESTA SOLAR\",\"description\":\"Vente d&#039;equipement solaire batterie lithium onduleur mppt\",\"publisher\":{\"@id\":\"https:\/\/www.bestasolar.com\/#organization\"},\"potentialAction\":[{\"@type\":\"SearchAction\",\"target\":{\"@type\":\"EntryPoint\",\"urlTemplate\":\"https:\/\/www.bestasolar.com\/?s={search_term_string}\"},\"query-input\":{\"@type\":\"PropertyValueSpecification\",\"valueRequired\":true,\"valueName\":\"search_term_string\"}}],\"inLanguage\":\"en-US\"},{\"@type\":[\"Organization\",\"Place\",\"OfficeEquipmentStore\"],\"@id\":\"https:\/\/www.bestasolar.com\/#organization\",\"name\":\"BESTA SOLAR\",\"url\":\"https:\/\/www.bestasolar.com\/\",\"logo\":{\"@id\":\"https:\/\/www.bestasolar.com\/produit\/regulateur-mppt-30a-srne\/#local-main-organization-logo\"},\"image\":{\"@id\":\"https:\/\/www.bestasolar.com\/produit\/regulateur-mppt-30a-srne\/#local-main-organization-logo\"},\"sameAs\":[\"https:\/\/www.facebook.com\/bestasolar\/\",\"https:\/\/www.youtube.com\/channel\/UCYnBggiypeSN8k1IQrX6BUw\",\"https:\/\/www.tiktok.com\/@bestasolar\",\"https:\/\/www.pinterest.com\/bestasolar\/\"],\"telephone\":[\"+22961732956\"],\"contactPoint\":{\"@type\":\"ContactPoint\",\"telephone\":\"+22961732956\",\"email\":\"contact@bestasolar.com\"},\"openingHoursSpecification\":[{\"@type\":\"OpeningHoursSpecification\",\"dayOfWeek\":[\"Monday\",\"Tuesday\",\"Wednesday\",\"Thursday\",\"Friday\",\"Saturday\"],\"opens\":\"08:00\",\"closes\":\"21:00\"},{\"@type\":\"OpeningHoursSpecification\",\"dayOfWeek\":[\"Sunday\"],\"opens\":\"09:00\",\"closes\":\"18:00\"}],\"email\":\"contact@bestasolar.com\",\"faxNumber\":\"Besta Solar\",\"areaServed\":\"Afrique de l'ouest\",\"taxID\":\"02022748823174\",\"currenciesAccepted\":\"CFA\"},{\"@type\":\"ImageObject\",\"inLanguage\":\"en-US\",\"@id\":\"https:\/\/www.bestasolar.com\/produit\/regulateur-mppt-30a-srne\/#local-main-organization-logo\",\"url\":\"https:\/\/www.bestasolar.com\/wp-content\/uploads\/2023\/01\/BESTA-SOLAR-Logo-01-1.png\",\"contentUrl\":\"https:\/\/www.bestasolar.com\/wp-content\/uploads\/2023\/01\/BESTA-SOLAR-Logo-01-1.png\",\"width\":6250,\"height\":4167,\"caption\":\"BESTA SOLAR\"}]}<\/script>\n<meta property=\"product:price:amount\" content=\"75000.00\" \/>\n<meta property=\"product:price:currency\" content=\"XOF\" \/>\n<meta property=\"og:availability\" content=\"instock\" \/>\n<meta property=\"product:availability\" content=\"instock\" \/>\n<meta property=\"product:condition\" content=\"new\" \/>\n<meta name=\"geo.placename\" content=\"parakou\" \/>\n<meta name=\"geo.region\" content=\"Benin\" \/>\n<!-- \/ Yoast SEO Premium plugin. -->","yoast_head_json":{"title":"R\u00e9gulateur MPPT 30A SRNE -","description":"Le r\u00e9gulateur MPPT 30A srne. Ce type de r\u00e9gulateur est utilis\u00e9 pour optimiser les performances d'un syst\u00e8me solaire photovolta\u00efque (PV)","robots":{"index":"index","follow":"follow","max-snippet":"max-snippet:-1","max-image-preview":"max-image-preview:large","max-video-preview":"max-video-preview:-1"},"canonical":"https:\/\/www.bestasolar.com\/en\/product\/regulateur-mppt-30a-srne\/","og_locale":"en_US","og_type":"article","og_title":"R\u00e9gulateur MPPT 30A SRNE","og_description":"Le r\u00e9gulateur MPPT 30A srne. Ce type de r\u00e9gulateur est utilis\u00e9 pour optimiser les performances d'un syst\u00e8me solaire photovolta\u00efque (PV)","og_url":"https:\/\/www.bestasolar.com\/en\/product\/regulateur-mppt-30a-srne\/","og_site_name":"BESTA SOLAR","article_publisher":"https:\/\/www.facebook.com\/bestasolar\/","article_modified_time":"2024-06-14T21:49:46+00:00","og_image":[{"width":1600,"height":1600,"url":"https:\/\/www.bestasolar.com\/wp-content\/uploads\/2024\/05\/MPPT-Solar-Charge-Controller-ML243040-1.jpg","type":"image\/jpeg"}],"twitter_card":"summary_large_image","twitter_misc":{"Price":"CFA75,000.00","Availability":"In stock"},"schema":{"@context":"https:\/\/schema.org","@graph":[{"@type":"WebPage","@id":"https:\/\/www.bestasolar.com\/produit\/regulateur-mppt-30a-srne\/","url":"https:\/\/www.bestasolar.com\/produit\/regulateur-mppt-30a-srne\/","name":"R\u00e9gulateur MPPT 30A SRNE -","isPartOf":{"@id":"https:\/\/www.bestasolar.com\/#website"},"primaryImageOfPage":{"@id":"https:\/\/www.bestasolar.com\/produit\/regulateur-mppt-30a-srne\/#primaryimage"},"image":{"@id":"https:\/\/www.bestasolar.com\/produit\/regulateur-mppt-30a-srne\/#primaryimage"},"thumbnailUrl":"https:\/\/www.bestasolar.com\/wp-content\/uploads\/2024\/05\/MPPT-Solar-Charge-Controller-ML243040-1.jpg","datePublished":"2024-05-26T00:23:27+00:00","dateModified":"2024-06-14T21:49:46+00:00","description":"Le r\u00e9gulateur MPPT 30A srne. Ce type de r\u00e9gulateur est utilis\u00e9 pour optimiser les performances d'un syst\u00e8me solaire photovolta\u00efque (PV)","breadcrumb":{"@id":"https:\/\/www.bestasolar.com\/produit\/regulateur-mppt-30a-srne\/#breadcrumb"},"inLanguage":"en-US","potentialAction":[{"@type":"ReadAction","target":["https:\/\/www.bestasolar.com\/produit\/regulateur-mppt-30a-srne\/"]}]},{"@type":"ImageObject","inLanguage":"en-US","@id":"https:\/\/www.bestasolar.com\/produit\/regulateur-mppt-30a-srne\/#primaryimage","url":"https:\/\/www.bestasolar.com\/wp-content\/uploads\/2024\/05\/MPPT-Solar-Charge-Controller-ML243040-1.jpg","contentUrl":"https:\/\/www.bestasolar.com\/wp-content\/uploads\/2024\/05\/MPPT-Solar-Charge-Controller-ML243040-1.jpg","width":1600,"height":1600,"caption":"Le r\u00e9gulateur MPPT SRNE"},{"@type":"BreadcrumbList","@id":"https:\/\/www.bestasolar.com\/produit\/regulateur-mppt-30a-srne\/#breadcrumb","itemListElement":[{"@type":"ListItem","position":1,"name":"Home","item":"https:\/\/www.bestasolar.com\/"},{"@type":"ListItem","position":2,"name":"Shop","item":"https:\/\/www.bestasolar.com\/shop\/"},{"@type":"ListItem","position":3,"name":"R\u00e9gulateur MPPT 30A SRNE"}]},{"@type":"WebSite","@id":"https:\/\/www.bestasolar.com\/#website","url":"https:\/\/www.bestasolar.com\/","name":"BESTA SOLAR","description":"Vente d&#039;equipement solaire batterie lithium onduleur mppt","publisher":{"@id":"https:\/\/www.bestasolar.com\/#organization"},"potentialAction":[{"@type":"SearchAction","target":{"@type":"EntryPoint","urlTemplate":"https:\/\/www.bestasolar.com\/?s={search_term_string}"},"query-input":{"@type":"PropertyValueSpecification","valueRequired":true,"valueName":"search_term_string"}}],"inLanguage":"en-US"},{"@type":["Organization","Place","OfficeEquipmentStore"],"@id":"https:\/\/www.bestasolar.com\/#organization","name":"BESTA SOLAR","url":"https:\/\/www.bestasolar.com\/","logo":{"@id":"https:\/\/www.bestasolar.com\/produit\/regulateur-mppt-30a-srne\/#local-main-organization-logo"},"image":{"@id":"https:\/\/www.bestasolar.com\/produit\/regulateur-mppt-30a-srne\/#local-main-organization-logo"},"sameAs":["https:\/\/www.facebook.com\/bestasolar\/","https:\/\/www.youtube.com\/channel\/UCYnBggiypeSN8k1IQrX6BUw","https:\/\/www.tiktok.com\/@bestasolar","https:\/\/www.pinterest.com\/bestasolar\/"],"telephone":["+22961732956"],"contactPoint":{"@type":"ContactPoint","telephone":"+22961732956","email":"contact@bestasolar.com"},"openingHoursSpecification":[{"@type":"OpeningHoursSpecification","dayOfWeek":["Monday","Tuesday","Wednesday","Thursday","Friday","Saturday"],"opens":"08:00","closes":"21:00"},{"@type":"OpeningHoursSpecification","dayOfWeek":["Sunday"],"opens":"09:00","closes":"18:00"}],"email":"contact@bestasolar.com","faxNumber":"Besta Solar","areaServed":"Afrique de l'ouest","taxID":"02022748823174","currenciesAccepted":"CFA"},{"@type":"ImageObject","inLanguage":"en-US","@id":"https:\/\/www.bestasolar.com\/produit\/regulateur-mppt-30a-srne\/#local-main-organization-logo","url":"https:\/\/www.bestasolar.com\/wp-content\/uploads\/2023\/01\/BESTA-SOLAR-Logo-01-1.png","contentUrl":"https:\/\/www.bestasolar.com\/wp-content\/uploads\/2023\/01\/BESTA-SOLAR-Logo-01-1.png","width":6250,"height":4167,"caption":"BESTA SOLAR"}]},"product_price_amount":"75000.00","product_price_currency":"XOF","og_availability":"instock","product_availability":"instock","product_condition":"new","geo.placename":"parakou","geo.region":"Benin"},"jetpack_sharing_enabled":true,"_links":{"self":[{"href":"https:\/\/www.bestasolar.com\/en\/wp-json\/wp\/v2\/product\/10429"}],"collection":[{"href":"https:\/\/www.bestasolar.com\/en\/wp-json\/wp\/v2\/product"}],"about":[{"href":"https:\/\/www.bestasolar.com\/en\/wp-json\/wp\/v2\/types\/product"}],"replies":[{"embeddable":true,"href":"https:\/\/www.bestasolar.com\/en\/wp-json\/wp\/v2\/comments?post=10429"}],"wp:featuredmedia":[{"embeddable":true,"href":"https:\/\/www.bestasolar.com\/en\/wp-json\/wp\/v2\/media\/10428"}],"wp:attachment":[{"href":"https:\/\/www.bestasolar.com\/en\/wp-json\/wp\/v2\/media?parent=10429"}],"wp:term":[{"taxonomy":"product_brand","embeddable":true,"href":"https:\/\/www.bestasolar.com\/en\/wp-json\/wp\/v2\/product_brand?post=10429"},{"taxonomy":"product_cat","embeddable":true,"href":"https:\/\/www.bestasolar.com\/en\/wp-json\/wp\/v2\/product_cat?post=10429"},{"taxonomy":"product_tag","embeddable":true,"href":"https:\/\/www.bestasolar.com\/en\/wp-json\/wp\/v2\/product_tag?post=10429"}],"curies":[{"name":"wp","href":"https:\/\/api.w.org\/{rel}","templated":true}]}}