{"id":10780,"date":"2024-09-05T12:53:32","date_gmt":"2024-09-05T10:53:32","guid":{"rendered":"https:\/\/www.bestasolar.com\/?post_type=product&#038;p=10780"},"modified":"2025-10-16T22:28:44","modified_gmt":"2025-10-16T20:28:44","slug":"batterie-lithium-felicity-15-kwh-mali","status":"publish","type":"product","link":"https:\/\/www.bestasolar.com\/en\/product\/batterie-lithium-felicity-15-kwh-mali\/","title":{"rendered":"Batterie lithium felicity 15 kWh Mali"},"content":{"rendered":"<p><strong>Description de la batterie lithium felicity<\/strong><\/p>\n<ul>\n<li>Batterie lithium felicity 15 kWh pour solutions de syst\u00e8mes solaires. Longue dur\u00e9e de vie garantie avec des cycles profonds.<\/li>\n<li>La batterie dispose d\u2019un BMS int\u00e9gr\u00e9 qui surveille son fonctionnement et emp\u00eache la batterie de fonctionner en dehors des limites con\u00e7ues.<\/li>\n<li>La batterie peut \u00eatre facilement \u00e9tendue en ajoutant d\u2019autres packs de batteries en connexion parall\u00e8le.<\/li>\n<li>95% DOD, plus de 6000 cycles.<\/li>\n<li>Communication CAN et RS485 pratique.<\/li>\n<li>Densit\u00e9 \u00e9nerg\u00e9tique plus \u00e9lev\u00e9e, volume plus petit<\/li>\n<\/ul>\n<p><strong>D\u00e9tails de la batterie lithium felicity<\/strong><\/p>\n<ul>\n<li>LIVRAISON GRATUITE<\/li>\n<li>Couleur : Blanc\/Noir\/Gris<\/li>\n<li>Dimensions : 38 x 24 x 14 pouces<\/li>\n<\/ul>\n<p><img fetchpriority=\"high\" decoding=\"async\" class=\"alignnone\" src=\"https:\/\/s3.amazonaws.com\/images.ecwid.com\/images\/wysiwyg\/product\/57447746\/462222293\/16647572471931264297393\/300AH_08_jpg\" alt=\"Batterie lithium felicity 15 kWh \" width=\"800\" height=\"800\" \/><\/p>\n<p><strong><br \/>\nFiche de donn\u00e9es de la batterie lithium felicity 15 kWh<\/strong><\/p>\n<p>&nbsp;<\/p>\n<p><strong>Fran\u00e7ais : MPN<\/strong>\u00a0: LPBF48300-N<br \/>\n<b>\u00a0<\/b><\/p>\n<p><img decoding=\"async\" class=\"alignnone\" src=\"https:\/\/s3.amazonaws.com\/images.ecwid.com\/images\/wysiwyg\/product\/57447746\/462222293\/1694703125081-1433489419\/15kw_001_jpg\" alt=\"Batterie lithium felicity 15 kWh \" width=\"1000\" height=\"686\" \/><\/p>\n<p><img decoding=\"async\" class=\"alignnone\" src=\"https:\/\/s3.amazonaws.com\/images.ecwid.com\/images\/wysiwyg\/product\/57447746\/462222293\/1694703135395-1058372777\/15kw_002_jpg\" alt=\"Batterie lithium felicity 15 kWh \" width=\"1000\" height=\"747\" \/><\/p>","protected":false},"excerpt":{"rendered":"<ul>\n<li><strong>Capacit\u00e9 utile<\/strong>\u00a0: 15 kWh<br \/>\n<strong>Tension :\u00a0<\/strong>48 V<br \/>\n<strong>Tension nominale :\u00a0<\/strong>51,2 V<br \/>\n<strong>Tension de charge<\/strong>\u00a0: 57,6 V<br \/>\n<strong>Plage de tension de d\u00e9charge<\/strong>\u00a0: 48-57,6 V<br \/>\n<strong>Cycle de vie :\u00a0<\/strong>&gt; 6\u00a0000, \u00e0 25 \u00b0C<\/li>\n<\/ul>","protected":false},"featured_media":10757,"comment_status":"open","ping_status":"closed","template":"","meta":[],"product_brand":[],"product_cat":[83],"product_tag":[],"class_list":{"0":"post-10780","1":"product","2":"type-product","3":"status-publish","4":"has-post-thumbnail","6":"product_cat-batterie-lithium","8":"first","9":"instock","10":"sale","11":"shipping-taxable","12":"purchasable","13":"product-type-simple"},"yoast_head":"<!-- This site is optimized with the Yoast SEO Premium plugin v22.8 (Yoast SEO v25.6) - https:\/\/yoast.com\/wordpress\/plugins\/seo\/ -->\n<title>Batterie lithium felicity 15 kWh Mali<\/title>\n<meta name=\"description\" content=\"Batterie lithium felicity 15 kWh mali pour solutions de syst\u00e8mes solaires. Longue dur\u00e9e de vie garantie avec des cycles profonds.\" \/>\n<meta name=\"robots\" content=\"index, follow, max-snippet:-1, max-image-preview:large, max-video-preview:-1\" \/>\n<link rel=\"canonical\" href=\"https:\/\/www.bestasolar.com\/en\/product\/batterie-lithium-felicity-15-kwh-mali\/\" \/>\n<meta property=\"og:locale\" content=\"en_US\" \/>\n<meta property=\"og:type\" content=\"article\" \/>\n<meta property=\"og:title\" content=\"Batterie lithium felicity 15 kWh Mali\" \/>\n<meta property=\"og:description\" content=\"Batterie lithium felicity 15 kWh mali pour solutions de syst\u00e8mes solaires. Longue dur\u00e9e de vie garantie avec des cycles profonds.\" \/>\n<meta property=\"og:url\" content=\"https:\/\/www.bestasolar.com\/en\/product\/batterie-lithium-felicity-15-kwh-mali\/\" \/>\n<meta property=\"og:site_name\" content=\"BESTA SOLAR\" \/>\n<meta property=\"article:publisher\" content=\"https:\/\/www.facebook.com\/bestasolar\/\" \/>\n<meta property=\"article:modified_time\" content=\"2025-10-16T20:28:44+00:00\" \/>\n<meta property=\"og:image\" content=\"https:\/\/www.bestasolar.com\/wp-content\/uploads\/2024\/07\/3047728945.jpg\" \/>\n\t<meta property=\"og:image:width\" content=\"800\" \/>\n\t<meta property=\"og:image:height\" content=\"800\" \/>\n\t<meta property=\"og:image:type\" content=\"image\/jpeg\" \/>\n<meta name=\"twitter:card\" content=\"summary_large_image\" \/>\n<meta name=\"twitter:label1\" content=\"Price\" \/>\n\t<meta name=\"twitter:data1\" content=\"CFA950,000.00\" \/>\n\t<meta name=\"twitter:label2\" content=\"Availability\" \/>\n\t<meta name=\"twitter:data2\" content=\"In stock\" \/>\n<script type=\"application\/ld+json\" class=\"yoast-schema-graph\">{\"@context\":\"https:\/\/schema.org\",\"@graph\":[{\"@type\":\"WebPage\",\"@id\":\"https:\/\/www.bestasolar.com\/produit\/batterie-lithium-felicity-15-kwh-mali\/\",\"url\":\"https:\/\/www.bestasolar.com\/produit\/batterie-lithium-felicity-15-kwh-mali\/\",\"name\":\"Batterie lithium felicity 15 kWh Mali\",\"isPartOf\":{\"@id\":\"https:\/\/www.bestasolar.com\/#website\"},\"primaryImageOfPage\":{\"@id\":\"https:\/\/www.bestasolar.com\/produit\/batterie-lithium-felicity-15-kwh-mali\/#primaryimage\"},\"image\":{\"@id\":\"https:\/\/www.bestasolar.com\/produit\/batterie-lithium-felicity-15-kwh-mali\/#primaryimage\"},\"thumbnailUrl\":\"https:\/\/www.bestasolar.com\/wp-content\/uploads\/2024\/07\/3047728945.jpg\",\"datePublished\":\"2024-09-05T10:53:32+00:00\",\"dateModified\":\"2025-10-16T20:28:44+00:00\",\"description\":\"Batterie lithium felicity 15 kWh mali pour solutions de syst\u00e8mes solaires. Longue dur\u00e9e de vie garantie avec des cycles profonds.\",\"breadcrumb\":{\"@id\":\"https:\/\/www.bestasolar.com\/produit\/batterie-lithium-felicity-15-kwh-mali\/#breadcrumb\"},\"inLanguage\":\"en-US\",\"potentialAction\":[{\"@type\":\"ReadAction\",\"target\":[\"https:\/\/www.bestasolar.com\/produit\/batterie-lithium-felicity-15-kwh-mali\/\"]}]},{\"@type\":\"ImageObject\",\"inLanguage\":\"en-US\",\"@id\":\"https:\/\/www.bestasolar.com\/produit\/batterie-lithium-felicity-15-kwh-mali\/#primaryimage\",\"url\":\"https:\/\/www.bestasolar.com\/wp-content\/uploads\/2024\/07\/3047728945.jpg\",\"contentUrl\":\"https:\/\/www.bestasolar.com\/wp-content\/uploads\/2024\/07\/3047728945.jpg\",\"width\":800,\"height\":800,\"caption\":\"Batterie lithium felicity 15 kWh\"},{\"@type\":\"BreadcrumbList\",\"@id\":\"https:\/\/www.bestasolar.com\/produit\/batterie-lithium-felicity-15-kwh-mali\/#breadcrumb\",\"itemListElement\":[{\"@type\":\"ListItem\",\"position\":1,\"name\":\"Home\",\"item\":\"https:\/\/www.bestasolar.com\/\"},{\"@type\":\"ListItem\",\"position\":2,\"name\":\"Shop\",\"item\":\"https:\/\/www.bestasolar.com\/shop\/\"},{\"@type\":\"ListItem\",\"position\":3,\"name\":\"Batterie lithium felicity 15 kWh Mali\"}]},{\"@type\":\"WebSite\",\"@id\":\"https:\/\/www.bestasolar.com\/#website\",\"url\":\"https:\/\/www.bestasolar.com\/\",\"name\":\"BESTA SOLAR\",\"description\":\"Vente d&#039;equipement solaire batterie lithium onduleur mppt\",\"publisher\":{\"@id\":\"https:\/\/www.bestasolar.com\/#organization\"},\"potentialAction\":[{\"@type\":\"SearchAction\",\"target\":{\"@type\":\"EntryPoint\",\"urlTemplate\":\"https:\/\/www.bestasolar.com\/?s={search_term_string}\"},\"query-input\":{\"@type\":\"PropertyValueSpecification\",\"valueRequired\":true,\"valueName\":\"search_term_string\"}}],\"inLanguage\":\"en-US\"},{\"@type\":[\"Organization\",\"Place\",\"OfficeEquipmentStore\"],\"@id\":\"https:\/\/www.bestasolar.com\/#organization\",\"name\":\"BESTA SOLAR\",\"url\":\"https:\/\/www.bestasolar.com\/\",\"logo\":{\"@id\":\"https:\/\/www.bestasolar.com\/produit\/batterie-lithium-felicity-15-kwh-mali\/#local-main-organization-logo\"},\"image\":{\"@id\":\"https:\/\/www.bestasolar.com\/produit\/batterie-lithium-felicity-15-kwh-mali\/#local-main-organization-logo\"},\"sameAs\":[\"https:\/\/www.facebook.com\/bestasolar\/\",\"https:\/\/www.youtube.com\/channel\/UCYnBggiypeSN8k1IQrX6BUw\",\"https:\/\/www.tiktok.com\/@bestasolar\",\"https:\/\/www.pinterest.com\/bestasolar\/\"],\"telephone\":[\"+22961732956\"],\"contactPoint\":{\"@type\":\"ContactPoint\",\"telephone\":\"+22961732956\",\"email\":\"contact@bestasolar.com\"},\"openingHoursSpecification\":[{\"@type\":\"OpeningHoursSpecification\",\"dayOfWeek\":[\"Monday\",\"Tuesday\",\"Wednesday\",\"Thursday\",\"Friday\",\"Saturday\"],\"opens\":\"08:00\",\"closes\":\"21:00\"},{\"@type\":\"OpeningHoursSpecification\",\"dayOfWeek\":[\"Sunday\"],\"opens\":\"09:00\",\"closes\":\"18:00\"}],\"email\":\"contact@bestasolar.com\",\"faxNumber\":\"Besta Solar\",\"areaServed\":\"Afrique de l'ouest\",\"taxID\":\"02022748823174\",\"currenciesAccepted\":\"CFA\"},{\"@type\":\"ImageObject\",\"inLanguage\":\"en-US\",\"@id\":\"https:\/\/www.bestasolar.com\/produit\/batterie-lithium-felicity-15-kwh-mali\/#local-main-organization-logo\",\"url\":\"https:\/\/www.bestasolar.com\/wp-content\/uploads\/2023\/01\/BESTA-SOLAR-Logo-01-1.png\",\"contentUrl\":\"https:\/\/www.bestasolar.com\/wp-content\/uploads\/2023\/01\/BESTA-SOLAR-Logo-01-1.png\",\"width\":6250,\"height\":4167,\"caption\":\"BESTA SOLAR\"}]}<\/script>\n<meta property=\"product:price:amount\" content=\"950000.00\" \/>\n<meta property=\"product:price:currency\" content=\"XOF\" \/>\n<meta property=\"og:availability\" content=\"instock\" \/>\n<meta property=\"product:availability\" content=\"instock\" \/>\n<meta property=\"product:retailer_item_id\" content=\"LPBF48300-N-1\" \/>\n<meta property=\"product:condition\" content=\"new\" \/>\n<meta name=\"geo.placename\" content=\"parakou\" \/>\n<meta name=\"geo.region\" content=\"Benin\" \/>\n<!-- \/ Yoast SEO Premium plugin. -->","yoast_head_json":{"title":"Batterie lithium felicity 15 kWh Mali","description":"Batterie lithium felicity 15 kWh mali pour solutions de syst\u00e8mes solaires. Longue dur\u00e9e de vie garantie avec des cycles profonds.","robots":{"index":"index","follow":"follow","max-snippet":"max-snippet:-1","max-image-preview":"max-image-preview:large","max-video-preview":"max-video-preview:-1"},"canonical":"https:\/\/www.bestasolar.com\/en\/product\/batterie-lithium-felicity-15-kwh-mali\/","og_locale":"en_US","og_type":"article","og_title":"Batterie lithium felicity 15 kWh Mali","og_description":"Batterie lithium felicity 15 kWh mali pour solutions de syst\u00e8mes solaires. Longue dur\u00e9e de vie garantie avec des cycles profonds.","og_url":"https:\/\/www.bestasolar.com\/en\/product\/batterie-lithium-felicity-15-kwh-mali\/","og_site_name":"BESTA SOLAR","article_publisher":"https:\/\/www.facebook.com\/bestasolar\/","article_modified_time":"2025-10-16T20:28:44+00:00","og_image":[{"width":800,"height":800,"url":"https:\/\/www.bestasolar.com\/wp-content\/uploads\/2024\/07\/3047728945.jpg","type":"image\/jpeg"}],"twitter_card":"summary_large_image","twitter_misc":{"Price":"CFA950,000.00","Availability":"In stock"},"schema":{"@context":"https:\/\/schema.org","@graph":[{"@type":"WebPage","@id":"https:\/\/www.bestasolar.com\/produit\/batterie-lithium-felicity-15-kwh-mali\/","url":"https:\/\/www.bestasolar.com\/produit\/batterie-lithium-felicity-15-kwh-mali\/","name":"Batterie lithium felicity 15 kWh Mali","isPartOf":{"@id":"https:\/\/www.bestasolar.com\/#website"},"primaryImageOfPage":{"@id":"https:\/\/www.bestasolar.com\/produit\/batterie-lithium-felicity-15-kwh-mali\/#primaryimage"},"image":{"@id":"https:\/\/www.bestasolar.com\/produit\/batterie-lithium-felicity-15-kwh-mali\/#primaryimage"},"thumbnailUrl":"https:\/\/www.bestasolar.com\/wp-content\/uploads\/2024\/07\/3047728945.jpg","datePublished":"2024-09-05T10:53:32+00:00","dateModified":"2025-10-16T20:28:44+00:00","description":"Batterie lithium felicity 15 kWh mali pour solutions de syst\u00e8mes solaires. Longue dur\u00e9e de vie garantie avec des cycles profonds.","breadcrumb":{"@id":"https:\/\/www.bestasolar.com\/produit\/batterie-lithium-felicity-15-kwh-mali\/#breadcrumb"},"inLanguage":"en-US","potentialAction":[{"@type":"ReadAction","target":["https:\/\/www.bestasolar.com\/produit\/batterie-lithium-felicity-15-kwh-mali\/"]}]},{"@type":"ImageObject","inLanguage":"en-US","@id":"https:\/\/www.bestasolar.com\/produit\/batterie-lithium-felicity-15-kwh-mali\/#primaryimage","url":"https:\/\/www.bestasolar.com\/wp-content\/uploads\/2024\/07\/3047728945.jpg","contentUrl":"https:\/\/www.bestasolar.com\/wp-content\/uploads\/2024\/07\/3047728945.jpg","width":800,"height":800,"caption":"Batterie lithium felicity 15 kWh"},{"@type":"BreadcrumbList","@id":"https:\/\/www.bestasolar.com\/produit\/batterie-lithium-felicity-15-kwh-mali\/#breadcrumb","itemListElement":[{"@type":"ListItem","position":1,"name":"Home","item":"https:\/\/www.bestasolar.com\/"},{"@type":"ListItem","position":2,"name":"Shop","item":"https:\/\/www.bestasolar.com\/shop\/"},{"@type":"ListItem","position":3,"name":"Batterie lithium felicity 15 kWh Mali"}]},{"@type":"WebSite","@id":"https:\/\/www.bestasolar.com\/#website","url":"https:\/\/www.bestasolar.com\/","name":"BESTA SOLAR","description":"Vente d&#039;equipement solaire batterie lithium onduleur mppt","publisher":{"@id":"https:\/\/www.bestasolar.com\/#organization"},"potentialAction":[{"@type":"SearchAction","target":{"@type":"EntryPoint","urlTemplate":"https:\/\/www.bestasolar.com\/?s={search_term_string}"},"query-input":{"@type":"PropertyValueSpecification","valueRequired":true,"valueName":"search_term_string"}}],"inLanguage":"en-US"},{"@type":["Organization","Place","OfficeEquipmentStore"],"@id":"https:\/\/www.bestasolar.com\/#organization","name":"BESTA SOLAR","url":"https:\/\/www.bestasolar.com\/","logo":{"@id":"https:\/\/www.bestasolar.com\/produit\/batterie-lithium-felicity-15-kwh-mali\/#local-main-organization-logo"},"image":{"@id":"https:\/\/www.bestasolar.com\/produit\/batterie-lithium-felicity-15-kwh-mali\/#local-main-organization-logo"},"sameAs":["https:\/\/www.facebook.com\/bestasolar\/","https:\/\/www.youtube.com\/channel\/UCYnBggiypeSN8k1IQrX6BUw","https:\/\/www.tiktok.com\/@bestasolar","https:\/\/www.pinterest.com\/bestasolar\/"],"telephone":["+22961732956"],"contactPoint":{"@type":"ContactPoint","telephone":"+22961732956","email":"contact@bestasolar.com"},"openingHoursSpecification":[{"@type":"OpeningHoursSpecification","dayOfWeek":["Monday","Tuesday","Wednesday","Thursday","Friday","Saturday"],"opens":"08:00","closes":"21:00"},{"@type":"OpeningHoursSpecification","dayOfWeek":["Sunday"],"opens":"09:00","closes":"18:00"}],"email":"contact@bestasolar.com","faxNumber":"Besta Solar","areaServed":"Afrique de l'ouest","taxID":"02022748823174","currenciesAccepted":"CFA"},{"@type":"ImageObject","inLanguage":"en-US","@id":"https:\/\/www.bestasolar.com\/produit\/batterie-lithium-felicity-15-kwh-mali\/#local-main-organization-logo","url":"https:\/\/www.bestasolar.com\/wp-content\/uploads\/2023\/01\/BESTA-SOLAR-Logo-01-1.png","contentUrl":"https:\/\/www.bestasolar.com\/wp-content\/uploads\/2023\/01\/BESTA-SOLAR-Logo-01-1.png","width":6250,"height":4167,"caption":"BESTA SOLAR"}]},"product_price_amount":"950000.00","product_price_currency":"XOF","og_availability":"instock","product_availability":"instock","product_retailer_item_id":"LPBF48300-N-1","product_condition":"new","geo.placename":"parakou","geo.region":"Benin"},"jetpack_sharing_enabled":true,"_links":{"self":[{"href":"https:\/\/www.bestasolar.com\/en\/wp-json\/wp\/v2\/product\/10780"}],"collection":[{"href":"https:\/\/www.bestasolar.com\/en\/wp-json\/wp\/v2\/product"}],"about":[{"href":"https:\/\/www.bestasolar.com\/en\/wp-json\/wp\/v2\/types\/product"}],"replies":[{"embeddable":true,"href":"https:\/\/www.bestasolar.com\/en\/wp-json\/wp\/v2\/comments?post=10780"}],"wp:featuredmedia":[{"embeddable":true,"href":"https:\/\/www.bestasolar.com\/en\/wp-json\/wp\/v2\/media\/10757"}],"wp:attachment":[{"href":"https:\/\/www.bestasolar.com\/en\/wp-json\/wp\/v2\/media?parent=10780"}],"wp:term":[{"taxonomy":"product_brand","embeddable":true,"href":"https:\/\/www.bestasolar.com\/en\/wp-json\/wp\/v2\/product_brand?post=10780"},{"taxonomy":"product_cat","embeddable":true,"href":"https:\/\/www.bestasolar.com\/en\/wp-json\/wp\/v2\/product_cat?post=10780"},{"taxonomy":"product_tag","embeddable":true,"href":"https:\/\/www.bestasolar.com\/en\/wp-json\/wp\/v2\/product_tag?post=10780"}],"curies":[{"name":"wp","href":"https:\/\/api.w.org\/{rel}","templated":true}]}}