{"id":10852,"date":"2025-04-06T00:34:05","date_gmt":"2025-04-05T22:34:05","guid":{"rendered":"https:\/\/www.bestasolar.com\/?post_type=product&#038;p=10852"},"modified":"2025-10-12T22:00:40","modified_gmt":"2025-10-12T20:00:40","slug":"onduleur-hybride-felicity-3kva-togo","status":"publish","type":"product","link":"https:\/\/www.bestasolar.com\/en\/product\/onduleur-hybride-felicity-3kva-togo\/","title":{"rendered":"Onduleur Hybride Felicity 3kva togo"},"content":{"rendered":"<blockquote><p><strong>Onduleur hybribe Felicity 3kva<\/strong><\/p>\n<p>L&#8217;Onduleur hybribe <a href=\"https:\/\/www.felicitysolar.com\/\">Felicity<\/a> 3kva togo disponible au togo modele IVEM3024 est un onduleur chargeur multifonctionnel, combinant les fonctions de onduleur, chargeur solaire et de batterie afin d\u2019offrir une alimentation sans interruption. son \u00e9cran LCD complet offre des boutons configurables par l\u2019utilisateur et facilement accessibles tels que :<\/p><\/blockquote>\n<p>Onduleur hybride Felicity 3kva IVEM3024 est un onduleur chargeur multifonctionnel, combinant les fonctions d&#8217;onduleur, chargeur solaire et de batterie afin d\u2019offrir une alimentation sans interruption. Son \u00e9cran LCD complet offre des boutons configurables par l\u2019utilisateur et facilement accessibles tels que :<\/p>\n<ul>\n<li>le courant de charge de la batterie<\/li>\n<li>le r\u00e9glage de la priorit\u00e9 solaire, batterie, r\u00e9seau<\/li>\n<li>et la tension d\u2019entr\u00e9e acceptable en fonction des applications<\/li>\n<\/ul>\n<p>disponible chez <a href=\"https:\/\/www.bestasolar.com\/en\/\">besta solar togo<\/a><\/p>","protected":false},"excerpt":{"rendered":"<ul>\n<li>Onduleur solaire pur sinus<\/li>\n<li>Chargeur solaire MPPT 100A int\u00e9gr\u00e9<\/li>\n<li>Prend en charge le fonctionnement en parall\u00e8le jusqu\u2019\u00e0 12 unit\u00e9s<\/li>\n<li>Syst\u00e8me de suivi wifi en option<\/li>\n<li>Compatible avec un groupe \u00e9lectrog\u00e8ne<\/li>\n<\/ul>","protected":false},"featured_media":10783,"comment_status":"open","ping_status":"closed","template":"","meta":[],"product_brand":[],"product_cat":[38],"product_tag":[],"class_list":{"0":"post-10852","1":"product","2":"type-product","3":"status-publish","4":"has-post-thumbnail","6":"product_cat-inverters","8":"first","9":"instock","10":"sale","11":"shipping-taxable","12":"purchasable","13":"product-type-simple"},"yoast_head":"<!-- This site is optimized with the Yoast SEO Premium plugin v22.8 (Yoast SEO v25.6) - https:\/\/yoast.com\/wordpress\/plugins\/seo\/ -->\n<title>Onduleur Hybride Felicity 3kva togo<\/title>\n<meta name=\"description\" content=\"Onduleur Hybride Felicity 3kva togo contactez pour les meilleurs et notre soutien pour vous aidez a faire un devis exacte qui r\u00e9pons a vos besoin\" \/>\n<meta name=\"robots\" content=\"index, follow, max-snippet:-1, max-image-preview:large, max-video-preview:-1\" \/>\n<link rel=\"canonical\" href=\"https:\/\/www.bestasolar.com\/en\/product\/onduleur-hybride-felicity-3kva-togo\/\" \/>\n<meta property=\"og:locale\" content=\"en_US\" \/>\n<meta property=\"og:type\" content=\"article\" \/>\n<meta property=\"og:title\" content=\"Onduleur Hybride Felicity 3kva togo\" \/>\n<meta property=\"og:description\" content=\"Onduleur Hybride Felicity 3kva togo contactez pour les meilleurs et notre soutien pour vous aidez a faire un devis exacte qui r\u00e9pons a vos besoin\" \/>\n<meta property=\"og:url\" content=\"https:\/\/www.bestasolar.com\/en\/product\/onduleur-hybride-felicity-3kva-togo\/\" \/>\n<meta property=\"og:site_name\" content=\"BESTA SOLAR\" \/>\n<meta property=\"article:publisher\" content=\"https:\/\/www.facebook.com\/bestasolar\/\" \/>\n<meta property=\"article:modified_time\" content=\"2025-10-12T20:00:40+00:00\" \/>\n<meta property=\"og:image\" content=\"https:\/\/www.bestasolar.com\/wp-content\/uploads\/2024\/09\/Opera-Instantane_2024-09-02_233700_www.felicitysolar.com_.png\" \/>\n\t<meta property=\"og:image:width\" content=\"567\" \/>\n\t<meta property=\"og:image:height\" content=\"566\" \/>\n\t<meta property=\"og:image:type\" content=\"image\/png\" \/>\n<meta name=\"twitter:card\" content=\"summary_large_image\" \/>\n<meta name=\"twitter:label1\" content=\"Price\" \/>\n\t<meta name=\"twitter:data1\" content=\"CFA195,000.00\" \/>\n\t<meta name=\"twitter:label2\" content=\"Availability\" \/>\n\t<meta name=\"twitter:data2\" content=\"In stock\" \/>\n<script type=\"application\/ld+json\" class=\"yoast-schema-graph\">{\"@context\":\"https:\/\/schema.org\",\"@graph\":[{\"@type\":\"WebPage\",\"@id\":\"https:\/\/www.bestasolar.com\/produit\/onduleur-hybride-felicity-3kva-togo\/\",\"url\":\"https:\/\/www.bestasolar.com\/produit\/onduleur-hybride-felicity-3kva-togo\/\",\"name\":\"Onduleur Hybride Felicity 3kva togo\",\"isPartOf\":{\"@id\":\"https:\/\/www.bestasolar.com\/#website\"},\"primaryImageOfPage\":{\"@id\":\"https:\/\/www.bestasolar.com\/produit\/onduleur-hybride-felicity-3kva-togo\/#primaryimage\"},\"image\":{\"@id\":\"https:\/\/www.bestasolar.com\/produit\/onduleur-hybride-felicity-3kva-togo\/#primaryimage\"},\"thumbnailUrl\":\"https:\/\/www.bestasolar.com\/wp-content\/uploads\/2024\/09\/Opera-Instantane_2024-09-02_233700_www.felicitysolar.com_.png\",\"datePublished\":\"2025-04-05T22:34:05+00:00\",\"dateModified\":\"2025-10-12T20:00:40+00:00\",\"description\":\"Onduleur Hybride Felicity 3kva togo contactez pour les meilleurs et notre soutien pour vous aidez a faire un devis exacte qui r\u00e9pons a vos besoin\",\"breadcrumb\":{\"@id\":\"https:\/\/www.bestasolar.com\/produit\/onduleur-hybride-felicity-3kva-togo\/#breadcrumb\"},\"inLanguage\":\"en-US\",\"potentialAction\":[{\"@type\":\"ReadAction\",\"target\":[\"https:\/\/www.bestasolar.com\/produit\/onduleur-hybride-felicity-3kva-togo\/\"]}]},{\"@type\":\"ImageObject\",\"inLanguage\":\"en-US\",\"@id\":\"https:\/\/www.bestasolar.com\/produit\/onduleur-hybride-felicity-3kva-togo\/#primaryimage\",\"url\":\"https:\/\/www.bestasolar.com\/wp-content\/uploads\/2024\/09\/Opera-Instantane_2024-09-02_233700_www.felicitysolar.com_.png\",\"contentUrl\":\"https:\/\/www.bestasolar.com\/wp-content\/uploads\/2024\/09\/Opera-Instantane_2024-09-02_233700_www.felicitysolar.com_.png\",\"width\":567,\"height\":566,\"caption\":\"Onduleur hybride 5kva felicity mali\"},{\"@type\":\"BreadcrumbList\",\"@id\":\"https:\/\/www.bestasolar.com\/produit\/onduleur-hybride-felicity-3kva-togo\/#breadcrumb\",\"itemListElement\":[{\"@type\":\"ListItem\",\"position\":1,\"name\":\"Home\",\"item\":\"https:\/\/www.bestasolar.com\/\"},{\"@type\":\"ListItem\",\"position\":2,\"name\":\"Shop\",\"item\":\"https:\/\/www.bestasolar.com\/shop\/\"},{\"@type\":\"ListItem\",\"position\":3,\"name\":\"Onduleur Hybride Felicity 3kva togo\"}]},{\"@type\":\"WebSite\",\"@id\":\"https:\/\/www.bestasolar.com\/#website\",\"url\":\"https:\/\/www.bestasolar.com\/\",\"name\":\"BESTA SOLAR\",\"description\":\"Vente d&#039;equipement solaire batterie lithium onduleur mppt\",\"publisher\":{\"@id\":\"https:\/\/www.bestasolar.com\/#organization\"},\"potentialAction\":[{\"@type\":\"SearchAction\",\"target\":{\"@type\":\"EntryPoint\",\"urlTemplate\":\"https:\/\/www.bestasolar.com\/?s={search_term_string}\"},\"query-input\":{\"@type\":\"PropertyValueSpecification\",\"valueRequired\":true,\"valueName\":\"search_term_string\"}}],\"inLanguage\":\"en-US\"},{\"@type\":[\"Organization\",\"Place\",\"OfficeEquipmentStore\"],\"@id\":\"https:\/\/www.bestasolar.com\/#organization\",\"name\":\"BESTA SOLAR\",\"url\":\"https:\/\/www.bestasolar.com\/\",\"logo\":{\"@id\":\"https:\/\/www.bestasolar.com\/produit\/onduleur-hybride-felicity-3kva-togo\/#local-main-organization-logo\"},\"image\":{\"@id\":\"https:\/\/www.bestasolar.com\/produit\/onduleur-hybride-felicity-3kva-togo\/#local-main-organization-logo\"},\"sameAs\":[\"https:\/\/www.facebook.com\/bestasolar\/\",\"https:\/\/www.youtube.com\/channel\/UCYnBggiypeSN8k1IQrX6BUw\",\"https:\/\/www.tiktok.com\/@bestasolar\",\"https:\/\/www.pinterest.com\/bestasolar\/\"],\"telephone\":[\"+22961732956\"],\"contactPoint\":{\"@type\":\"ContactPoint\",\"telephone\":\"+22961732956\",\"email\":\"contact@bestasolar.com\"},\"openingHoursSpecification\":[{\"@type\":\"OpeningHoursSpecification\",\"dayOfWeek\":[\"Monday\",\"Tuesday\",\"Wednesday\",\"Thursday\",\"Friday\",\"Saturday\"],\"opens\":\"08:00\",\"closes\":\"21:00\"},{\"@type\":\"OpeningHoursSpecification\",\"dayOfWeek\":[\"Sunday\"],\"opens\":\"09:00\",\"closes\":\"18:00\"}],\"email\":\"contact@bestasolar.com\",\"faxNumber\":\"Besta Solar\",\"areaServed\":\"Afrique de l'ouest\",\"taxID\":\"02022748823174\",\"currenciesAccepted\":\"CFA\"},{\"@type\":\"ImageObject\",\"inLanguage\":\"en-US\",\"@id\":\"https:\/\/www.bestasolar.com\/produit\/onduleur-hybride-felicity-3kva-togo\/#local-main-organization-logo\",\"url\":\"https:\/\/www.bestasolar.com\/wp-content\/uploads\/2023\/01\/BESTA-SOLAR-Logo-01-1.png\",\"contentUrl\":\"https:\/\/www.bestasolar.com\/wp-content\/uploads\/2023\/01\/BESTA-SOLAR-Logo-01-1.png\",\"width\":6250,\"height\":4167,\"caption\":\"BESTA SOLAR\"}]}<\/script>\n<meta property=\"product:price:amount\" content=\"195000.00\" \/>\n<meta property=\"product:price:currency\" content=\"XOF\" \/>\n<meta property=\"og:availability\" content=\"instock\" \/>\n<meta property=\"product:availability\" content=\"instock\" \/>\n<meta property=\"product:retailer_item_id\" content=\"IVEM5048-2-1\" \/>\n<meta property=\"product:condition\" content=\"new\" \/>\n<meta name=\"geo.placename\" content=\"parakou\" \/>\n<meta name=\"geo.region\" content=\"Benin\" \/>\n<!-- \/ Yoast SEO Premium plugin. -->","yoast_head_json":{"title":"Onduleur Hybride Felicity 3kva togo","description":"Onduleur Hybride Felicity 3kva togo contactez pour les meilleurs et notre soutien pour vous aidez a faire un devis exacte qui r\u00e9pons a vos besoin","robots":{"index":"index","follow":"follow","max-snippet":"max-snippet:-1","max-image-preview":"max-image-preview:large","max-video-preview":"max-video-preview:-1"},"canonical":"https:\/\/www.bestasolar.com\/en\/product\/onduleur-hybride-felicity-3kva-togo\/","og_locale":"en_US","og_type":"article","og_title":"Onduleur Hybride Felicity 3kva togo","og_description":"Onduleur Hybride Felicity 3kva togo contactez pour les meilleurs et notre soutien pour vous aidez a faire un devis exacte qui r\u00e9pons a vos besoin","og_url":"https:\/\/www.bestasolar.com\/en\/product\/onduleur-hybride-felicity-3kva-togo\/","og_site_name":"BESTA SOLAR","article_publisher":"https:\/\/www.facebook.com\/bestasolar\/","article_modified_time":"2025-10-12T20:00:40+00:00","og_image":[{"width":567,"height":566,"url":"https:\/\/www.bestasolar.com\/wp-content\/uploads\/2024\/09\/Opera-Instantane_2024-09-02_233700_www.felicitysolar.com_.png","type":"image\/png"}],"twitter_card":"summary_large_image","twitter_misc":{"Price":"CFA195,000.00","Availability":"In stock"},"schema":{"@context":"https:\/\/schema.org","@graph":[{"@type":"WebPage","@id":"https:\/\/www.bestasolar.com\/produit\/onduleur-hybride-felicity-3kva-togo\/","url":"https:\/\/www.bestasolar.com\/produit\/onduleur-hybride-felicity-3kva-togo\/","name":"Onduleur Hybride Felicity 3kva togo","isPartOf":{"@id":"https:\/\/www.bestasolar.com\/#website"},"primaryImageOfPage":{"@id":"https:\/\/www.bestasolar.com\/produit\/onduleur-hybride-felicity-3kva-togo\/#primaryimage"},"image":{"@id":"https:\/\/www.bestasolar.com\/produit\/onduleur-hybride-felicity-3kva-togo\/#primaryimage"},"thumbnailUrl":"https:\/\/www.bestasolar.com\/wp-content\/uploads\/2024\/09\/Opera-Instantane_2024-09-02_233700_www.felicitysolar.com_.png","datePublished":"2025-04-05T22:34:05+00:00","dateModified":"2025-10-12T20:00:40+00:00","description":"Onduleur Hybride Felicity 3kva togo contactez pour les meilleurs et notre soutien pour vous aidez a faire un devis exacte qui r\u00e9pons a vos besoin","breadcrumb":{"@id":"https:\/\/www.bestasolar.com\/produit\/onduleur-hybride-felicity-3kva-togo\/#breadcrumb"},"inLanguage":"en-US","potentialAction":[{"@type":"ReadAction","target":["https:\/\/www.bestasolar.com\/produit\/onduleur-hybride-felicity-3kva-togo\/"]}]},{"@type":"ImageObject","inLanguage":"en-US","@id":"https:\/\/www.bestasolar.com\/produit\/onduleur-hybride-felicity-3kva-togo\/#primaryimage","url":"https:\/\/www.bestasolar.com\/wp-content\/uploads\/2024\/09\/Opera-Instantane_2024-09-02_233700_www.felicitysolar.com_.png","contentUrl":"https:\/\/www.bestasolar.com\/wp-content\/uploads\/2024\/09\/Opera-Instantane_2024-09-02_233700_www.felicitysolar.com_.png","width":567,"height":566,"caption":"Onduleur hybride 5kva felicity mali"},{"@type":"BreadcrumbList","@id":"https:\/\/www.bestasolar.com\/produit\/onduleur-hybride-felicity-3kva-togo\/#breadcrumb","itemListElement":[{"@type":"ListItem","position":1,"name":"Home","item":"https:\/\/www.bestasolar.com\/"},{"@type":"ListItem","position":2,"name":"Shop","item":"https:\/\/www.bestasolar.com\/shop\/"},{"@type":"ListItem","position":3,"name":"Onduleur Hybride Felicity 3kva togo"}]},{"@type":"WebSite","@id":"https:\/\/www.bestasolar.com\/#website","url":"https:\/\/www.bestasolar.com\/","name":"BESTA SOLAR","description":"Vente d&#039;equipement solaire batterie lithium onduleur mppt","publisher":{"@id":"https:\/\/www.bestasolar.com\/#organization"},"potentialAction":[{"@type":"SearchAction","target":{"@type":"EntryPoint","urlTemplate":"https:\/\/www.bestasolar.com\/?s={search_term_string}"},"query-input":{"@type":"PropertyValueSpecification","valueRequired":true,"valueName":"search_term_string"}}],"inLanguage":"en-US"},{"@type":["Organization","Place","OfficeEquipmentStore"],"@id":"https:\/\/www.bestasolar.com\/#organization","name":"BESTA SOLAR","url":"https:\/\/www.bestasolar.com\/","logo":{"@id":"https:\/\/www.bestasolar.com\/produit\/onduleur-hybride-felicity-3kva-togo\/#local-main-organization-logo"},"image":{"@id":"https:\/\/www.bestasolar.com\/produit\/onduleur-hybride-felicity-3kva-togo\/#local-main-organization-logo"},"sameAs":["https:\/\/www.facebook.com\/bestasolar\/","https:\/\/www.youtube.com\/channel\/UCYnBggiypeSN8k1IQrX6BUw","https:\/\/www.tiktok.com\/@bestasolar","https:\/\/www.pinterest.com\/bestasolar\/"],"telephone":["+22961732956"],"contactPoint":{"@type":"ContactPoint","telephone":"+22961732956","email":"contact@bestasolar.com"},"openingHoursSpecification":[{"@type":"OpeningHoursSpecification","dayOfWeek":["Monday","Tuesday","Wednesday","Thursday","Friday","Saturday"],"opens":"08:00","closes":"21:00"},{"@type":"OpeningHoursSpecification","dayOfWeek":["Sunday"],"opens":"09:00","closes":"18:00"}],"email":"contact@bestasolar.com","faxNumber":"Besta Solar","areaServed":"Afrique de l'ouest","taxID":"02022748823174","currenciesAccepted":"CFA"},{"@type":"ImageObject","inLanguage":"en-US","@id":"https:\/\/www.bestasolar.com\/produit\/onduleur-hybride-felicity-3kva-togo\/#local-main-organization-logo","url":"https:\/\/www.bestasolar.com\/wp-content\/uploads\/2023\/01\/BESTA-SOLAR-Logo-01-1.png","contentUrl":"https:\/\/www.bestasolar.com\/wp-content\/uploads\/2023\/01\/BESTA-SOLAR-Logo-01-1.png","width":6250,"height":4167,"caption":"BESTA SOLAR"}]},"product_price_amount":"195000.00","product_price_currency":"XOF","og_availability":"instock","product_availability":"instock","product_retailer_item_id":"IVEM5048-2-1","product_condition":"new","geo.placename":"parakou","geo.region":"Benin"},"jetpack_sharing_enabled":true,"_links":{"self":[{"href":"https:\/\/www.bestasolar.com\/en\/wp-json\/wp\/v2\/product\/10852"}],"collection":[{"href":"https:\/\/www.bestasolar.com\/en\/wp-json\/wp\/v2\/product"}],"about":[{"href":"https:\/\/www.bestasolar.com\/en\/wp-json\/wp\/v2\/types\/product"}],"replies":[{"embeddable":true,"href":"https:\/\/www.bestasolar.com\/en\/wp-json\/wp\/v2\/comments?post=10852"}],"wp:featuredmedia":[{"embeddable":true,"href":"https:\/\/www.bestasolar.com\/en\/wp-json\/wp\/v2\/media\/10783"}],"wp:attachment":[{"href":"https:\/\/www.bestasolar.com\/en\/wp-json\/wp\/v2\/media?parent=10852"}],"wp:term":[{"taxonomy":"product_brand","embeddable":true,"href":"https:\/\/www.bestasolar.com\/en\/wp-json\/wp\/v2\/product_brand?post=10852"},{"taxonomy":"product_cat","embeddable":true,"href":"https:\/\/www.bestasolar.com\/en\/wp-json\/wp\/v2\/product_cat?post=10852"},{"taxonomy":"product_tag","embeddable":true,"href":"https:\/\/www.bestasolar.com\/en\/wp-json\/wp\/v2\/product_tag?post=10852"}],"curies":[{"name":"wp","href":"https:\/\/api.w.org\/{rel}","templated":true}]}}