{"id":10858,"date":"2025-04-06T02:35:54","date_gmt":"2025-04-06T00:35:54","guid":{"rendered":"https:\/\/www.bestasolar.com\/?post_type=product&#038;p=10858"},"modified":"2025-09-16T07:57:09","modified_gmt":"2025-09-16T05:57:09","slug":"testeur-de-panneaux-solaires-800-w","status":"publish","type":"product","link":"https:\/\/www.bestasolar.com\/en\/product\/testeur-de-panneaux-solaires-800-w\/","title":{"rendered":"Testeur de panneaux solaires 800 W"},"content":{"rendered":"<div><\/div>\n<div>\n<h3><span>Testeur de panneaux solaires 800 W<\/span><\/h3>\n<p>&nbsp;<\/p>\n<\/div>\n<div>1. D\u00e9tection automatique MPPT\u00a0: lorsque vous appuyez sur le bouton de test AUTO MPPT, l&#8217;instrument ajuste automatiquement l&#8217;intervalle de test en fonction de la valeur de puissance actuelle et actualise l&#8217;affichage num\u00e9rique. par exemple, lorsque la puissance du panneau solaire est de 100 W, actualisez une fois toutes les 5 s.<br \/>\n2. D\u00e9tection MPPT manuelle\u00a0: lorsque vous appuyez sur le bouton de test MPPT manuel, l&#8217;instrument d\u00e9marre un balayage du point de puissance maximale et actualise l&#8217;affichage num\u00e9rique.<br \/>\n3. Affichage en temps r\u00e9el de la tension en circuit ouvert : la tension en circuit ouvert s&#8217;affichera sur le grand \u00e9cran LCD \u00e0 tout moment, vous offrant une meilleure exp\u00e9rience.<br \/>\n4. Grand \u00e9cran LCD avec r\u00e9tro-\u00e9clairage : l&#8217;\u00e9cran am\u00e9lior\u00e9 adopte un grand \u00e9cran LCD avec r\u00e9tro-\u00e9clairage, vous pouvez allumer ou \u00e9teindre l&#8217;\u00e9cran avec vos semblables.<br \/>\n5. Multi-protections: protection contre les surtensions, protection contre les surtemp\u00e9ratures, protection contre les surintensit\u00e9s et protection contre les surtensions.<br \/>\n6. Larges applications : ce multim\u00e8tre peut \u00eatre largement utilis\u00e9 par les fabricants de panneaux photovolta\u00efques, les distributeurs de panneaux photovolta\u00efques, les installateurs de panneaux photovolta\u00efques, les utilisateurs de panneaux photovolta\u00efques et les ventilateurs de panneaux photovolta\u00efques.<\/div>\n<div>\n<div class=\"params_begin\">Sp\u00e9cification:<\/div>\n<div class=\"params_group\">\n<table class=\"params_group_table\" border=\"0\">\n<tbody>\n<tr>\n<td class=\"params_group_name\">G\u00e9n\u00e9ral<\/td>\n<td class=\"params_props\">\n<div class=\"params_prop last_prop\">\n<table class=\"params_prop_table\" border=\"0\">\n<tbody>\n<tr>\n<td class=\"params_name\">Certificat<\/td>\n<td class=\"params_value\"><a href=\"https:\/\/www.sunsky-online.com\/c\/EMC\" target=\"_blank\" rel=\"noopener\">EMC<\/a><\/td>\n<\/tr>\n<\/tbody>\n<\/table>\n<\/div>\n<\/td>\n<\/tr>\n<\/tbody>\n<\/table>\n<\/div>\n<div class=\"params_group\">\n<table class=\"params_group_table\" border=\"0\">\n<tbody>\n<tr>\n<td class=\"params_group_name\">Poids d&#8217;emballage<\/td>\n<td class=\"params_props\">\n<div class=\"params_prop\">\n<table class=\"params_prop_table\" border=\"0\">\n<tbody>\n<tr>\n<td class=\"params_name\">Poids du produit individuel<\/td>\n<td class=\"params_value\">0.49kgs \/ 1.08lb<\/td>\n<\/tr>\n<\/tbody>\n<\/table>\n<\/div>\n<div class=\"params_prop\">\n<table class=\"params_prop_table\" border=\"0\">\n<tbody>\n<tr>\n<td class=\"params_name\">Taille de produit unique<\/td>\n<td class=\"params_value\">23cm * 15cm * 8cm \/ 9.06inch * 5.91inch * 3.15inch<\/td>\n<\/tr>\n<\/tbody>\n<\/table>\n<\/div>\n<div class=\"params_prop\">\n<table class=\"params_prop_table\" border=\"0\">\n<tbody>\n<tr>\n<td class=\"params_name\">Quantit\u00e9 par carton<\/td>\n<td class=\"params_value\">20<\/td>\n<\/tr>\n<\/tbody>\n<\/table>\n<\/div>\n<div class=\"params_prop\">\n<table class=\"params_prop_table\" border=\"0\">\n<tbody>\n<tr>\n<td class=\"params_name\">Poids du carton<\/td>\n<td class=\"params_value\">10.00kgs \/ 22.05lb<\/td>\n<\/tr>\n<\/tbody>\n<\/table>\n<\/div>\n<div class=\"params_prop\">\n<table class=\"params_prop_table\" border=\"0\">\n<tbody>\n<tr>\n<td class=\"params_name\">Taille du carton<\/td>\n<td class=\"params_value\">52cm * 32cm * 21cm \/ 20.47inch * 12.6inch * 8.27inch<\/td>\n<\/tr>\n<\/tbody>\n<\/table>\n<\/div>\n<div class=\"params_prop last_prop\">\n<table class=\"params_prop_table\" border=\"0\">\n<tbody>\n<tr>\n<td class=\"params_name\">Chargement du conteneur<\/td>\n<td class=\"params_value\">20GP: 763 cartons * 20 pi\u00e8ces = 15260 pi\u00e8ces<br \/>\n40HQ: 1771 cartons * 20 pi\u00e8ces = 35420 pi\u00e8ces<\/td>\n<\/tr>\n<\/tbody>\n<\/table>\n<\/div>\n<\/td>\n<\/tr>\n<\/tbody>\n<\/table>\n<\/div>\n<div class=\"params_group\">\n<table class=\"params_group_table\" border=\"0\">\n<tbody>\n<tr>\n<td class=\"params_group_name\">Classement des meilleures ventes<\/td>\n<td class=\"params_props\">\n<table class=\"params_prop_table\" border=\"0\">\n<tbody>\n<tr>\n<td class=\"params_rank_value\">#692<\/td>\n<td class=\"params_rank_in\">dans la cat\u00e9gorie:<\/td>\n<td class=\"params_rank_cat\"><a href=\"https:\/\/www.sunsky-online.com\/product\/default!search.do?categoryId=3&amp;orderBy=buyerCount&amp;desc=true\" target=\"_blank\" rel=\"noopener\">Produit \u00e9lectronique<\/a><\/td>\n<\/tr>\n<tr>\n<td class=\"params_rank_value\">#70<\/td>\n<td class=\"params_rank_in\">dans la cat\u00e9gorie:<\/td>\n<td class=\"params_rank_cat\"><a href=\"https:\/\/www.sunsky-online.com\/product\/default!search.do?categoryId=3&amp;orderBy=buyerCount&amp;desc=true\" target=\"_blank\" rel=\"noopener\">Produit \u00e9lectronique\u00a0<\/a>\u00bb\u00a0\u00a0<a href=\"https:\/\/www.sunsky-online.com\/product\/default!search.do?categoryId=100934&amp;orderBy=buyerCount&amp;desc=true\" target=\"_blank\" rel=\"noopener\">\u00c9quipement de test<\/a><\/td>\n<\/tr>\n<tr>\n<td class=\"params_rank_value\">#13<\/td>\n<td class=\"params_rank_in\">dans la cat\u00e9gorie:<\/td>\n<td class=\"params_rank_cat\"><a href=\"https:\/\/www.sunsky-online.com\/product\/default!search.do?categoryId=3&amp;orderBy=buyerCount&amp;desc=true\" target=\"_blank\" rel=\"noopener\">Produit \u00e9lectronique\u00a0<\/a>\u00bb\u00a0\u00a0<a href=\"https:\/\/www.sunsky-online.com\/product\/default!search.do?categoryId=100934&amp;orderBy=buyerCount&amp;desc=true\" target=\"_blank\" rel=\"noopener\">\u00c9quipement de test<\/a>\u00a0\u00bb\u00a0\u00a0<a href=\"https:\/\/www.sunsky-online.com\/product\/default!search.do?categoryId=101002&amp;orderBy=buyerCount&amp;desc=true\" target=\"_blank\" rel=\"noopener\">Multim\u00e8tre digital<\/a><\/td>\n<\/tr>\n<\/tbody>\n<\/table>\n<\/td>\n<\/tr>\n<\/tbody>\n<\/table>\n<\/div>\n<\/div>\n<ul>\n<li><span class=\"a-list-item\"><span>\u3010Technologie MPPT avanc\u00e9e\u3011 Optimise l&#8217;efficacit\u00e9 de charge en mesurant le point de puissance maximal de votre panneau solaire.<\/span><\/span><\/li>\n<li>\u00a0<span class=\"a-list-item\"><span>\u3010<\/span><\/span><span>\u00a0Mesures pr\u00e9cises \u3011 Mesure la tension en circuit ouvert de votre panneau solaire pour de meilleures informations sur les performances.<\/span><\/li>\n<li class=\"p1\"><span>\u3010Surveillance en temps r\u00e9el\u3011 Restez inform\u00e9 gr\u00e2ce aux affichages en temps r\u00e9el de la tension et du courant d&#8217;entr\u00e9e et de sortie.<\/span><\/li>\n<li><span>\u3010Installation facile\u3011Comprend des connecteurs pour une installation et une utilisation sans tracas.<\/span><\/li>\n<li><span>Testeur intelligent\u3011\u00c9valuez les performances et la qualit\u00e9 du panneau solaire avec le testeur intelligent int\u00e9gr\u00e9 pour une charge optimale.<\/span><\/li>\n<\/ul>","protected":false},"excerpt":{"rendered":"<div>\n<h3>Testeur de panneaux solaires 800 W<\/h3>\n<p>&nbsp;<\/p>\n<\/div>\n<div>1. D\u00e9tection automatique MPPT\u00a0: lorsque vous appuyez sur le bouton de test AUTO MPPT, l&#8217;instrument ajuste automatiquement l&#8217;intervalle de test en fonction de la valeur de puissance actuelle et actualise l&#8217;affichage num\u00e9rique<\/div>","protected":false},"featured_media":10860,"comment_status":"open","ping_status":"closed","template":"","meta":[],"product_brand":[],"product_cat":[15],"product_tag":[],"class_list":{"0":"post-10858","1":"product","2":"type-product","3":"status-publish","4":"has-post-thumbnail","6":"product_cat-electricity","8":"first","9":"instock","10":"sale","11":"shipping-taxable","12":"purchasable","13":"product-type-simple"},"yoast_head":"<!-- This site is optimized with the Yoast SEO Premium plugin v22.8 (Yoast SEO v25.6) - https:\/\/yoast.com\/wordpress\/plugins\/seo\/ -->\n<title>Testeur de panneaux solaires 800 W - BESTA SOLAR<\/title>\n<meta name=\"description\" content=\"Testeur de panneaux solaires 800w . D\u00e9tection automatique MPPT\u00a0: lorsque vous appuyez sur le bouton de test AUTO MPPT pour ....\" \/>\n<meta name=\"robots\" content=\"index, follow, max-snippet:-1, max-image-preview:large, max-video-preview:-1\" \/>\n<link rel=\"canonical\" href=\"https:\/\/www.bestasolar.com\/en\/product\/testeur-de-panneaux-solaires-800-w\/\" \/>\n<meta property=\"og:locale\" content=\"en_US\" \/>\n<meta property=\"og:type\" content=\"article\" \/>\n<meta property=\"og:title\" content=\"Testeur de panneaux solaires 800 W\" \/>\n<meta property=\"og:description\" content=\"Testeur de panneaux solaires 800w . D\u00e9tection automatique MPPT\u00a0: lorsque vous appuyez sur le bouton de test AUTO MPPT pour ....\" \/>\n<meta property=\"og:url\" content=\"https:\/\/www.bestasolar.com\/en\/product\/testeur-de-panneaux-solaires-800-w\/\" \/>\n<meta property=\"og:site_name\" content=\"BESTA SOLAR\" \/>\n<meta property=\"article:publisher\" content=\"https:\/\/www.facebook.com\/bestasolar\/\" \/>\n<meta property=\"article:modified_time\" content=\"2025-09-16T05:57:09+00:00\" \/>\n<meta property=\"og:image\" content=\"https:\/\/www.bestasolar.com\/wp-content\/uploads\/2025\/04\/1_5150d9ab-5caa-49e5-a343-0b048f41f537.jpg\" \/>\n\t<meta property=\"og:image:width\" content=\"1600\" \/>\n\t<meta property=\"og:image:height\" content=\"1600\" \/>\n\t<meta property=\"og:image:type\" content=\"image\/jpeg\" \/>\n<meta name=\"twitter:card\" content=\"summary_large_image\" \/>\n<meta name=\"twitter:label1\" content=\"Price\" \/>\n\t<meta name=\"twitter:data1\" content=\"CFA60,000.00\" \/>\n\t<meta name=\"twitter:label2\" content=\"Availability\" \/>\n\t<meta name=\"twitter:data2\" content=\"In stock\" \/>\n<script type=\"application\/ld+json\" class=\"yoast-schema-graph\">{\"@context\":\"https:\/\/schema.org\",\"@graph\":[{\"@type\":\"WebPage\",\"@id\":\"https:\/\/www.bestasolar.com\/produit\/testeur-de-panneaux-solaires-800-w\/\",\"url\":\"https:\/\/www.bestasolar.com\/produit\/testeur-de-panneaux-solaires-800-w\/\",\"name\":\"Testeur de panneaux solaires 800 W - BESTA SOLAR\",\"isPartOf\":{\"@id\":\"https:\/\/www.bestasolar.com\/#website\"},\"primaryImageOfPage\":{\"@id\":\"https:\/\/www.bestasolar.com\/produit\/testeur-de-panneaux-solaires-800-w\/#primaryimage\"},\"image\":{\"@id\":\"https:\/\/www.bestasolar.com\/produit\/testeur-de-panneaux-solaires-800-w\/#primaryimage\"},\"thumbnailUrl\":\"https:\/\/www.bestasolar.com\/wp-content\/uploads\/2025\/04\/1_5150d9ab-5caa-49e5-a343-0b048f41f537.jpg\",\"datePublished\":\"2025-04-06T00:35:54+00:00\",\"dateModified\":\"2025-09-16T05:57:09+00:00\",\"description\":\"Testeur de panneaux solaires 800w . D\u00e9tection automatique MPPT\u00a0: lorsque vous appuyez sur le bouton de test AUTO MPPT pour ....\",\"breadcrumb\":{\"@id\":\"https:\/\/www.bestasolar.com\/produit\/testeur-de-panneaux-solaires-800-w\/#breadcrumb\"},\"inLanguage\":\"en-US\",\"potentialAction\":[{\"@type\":\"ReadAction\",\"target\":[\"https:\/\/www.bestasolar.com\/produit\/testeur-de-panneaux-solaires-800-w\/\"]}]},{\"@type\":\"ImageObject\",\"inLanguage\":\"en-US\",\"@id\":\"https:\/\/www.bestasolar.com\/produit\/testeur-de-panneaux-solaires-800-w\/#primaryimage\",\"url\":\"https:\/\/www.bestasolar.com\/wp-content\/uploads\/2025\/04\/1_5150d9ab-5caa-49e5-a343-0b048f41f537.jpg\",\"contentUrl\":\"https:\/\/www.bestasolar.com\/wp-content\/uploads\/2025\/04\/1_5150d9ab-5caa-49e5-a343-0b048f41f537.jpg\",\"width\":1600,\"height\":1600,\"caption\":\"Testeur de panneaux solaires (800 W)\"},{\"@type\":\"BreadcrumbList\",\"@id\":\"https:\/\/www.bestasolar.com\/produit\/testeur-de-panneaux-solaires-800-w\/#breadcrumb\",\"itemListElement\":[{\"@type\":\"ListItem\",\"position\":1,\"name\":\"Home\",\"item\":\"https:\/\/www.bestasolar.com\/\"},{\"@type\":\"ListItem\",\"position\":2,\"name\":\"Shop\",\"item\":\"https:\/\/www.bestasolar.com\/shop\/\"},{\"@type\":\"ListItem\",\"position\":3,\"name\":\"Testeur de panneaux solaires 800 W\"}]},{\"@type\":\"WebSite\",\"@id\":\"https:\/\/www.bestasolar.com\/#website\",\"url\":\"https:\/\/www.bestasolar.com\/\",\"name\":\"BESTA SOLAR\",\"description\":\"Vente d&#039;equipement solaire batterie lithium onduleur mppt\",\"publisher\":{\"@id\":\"https:\/\/www.bestasolar.com\/#organization\"},\"potentialAction\":[{\"@type\":\"SearchAction\",\"target\":{\"@type\":\"EntryPoint\",\"urlTemplate\":\"https:\/\/www.bestasolar.com\/?s={search_term_string}\"},\"query-input\":{\"@type\":\"PropertyValueSpecification\",\"valueRequired\":true,\"valueName\":\"search_term_string\"}}],\"inLanguage\":\"en-US\"},{\"@type\":[\"Organization\",\"Place\",\"OfficeEquipmentStore\"],\"@id\":\"https:\/\/www.bestasolar.com\/#organization\",\"name\":\"BESTA SOLAR\",\"url\":\"https:\/\/www.bestasolar.com\/\",\"logo\":{\"@id\":\"https:\/\/www.bestasolar.com\/produit\/testeur-de-panneaux-solaires-800-w\/#local-main-organization-logo\"},\"image\":{\"@id\":\"https:\/\/www.bestasolar.com\/produit\/testeur-de-panneaux-solaires-800-w\/#local-main-organization-logo\"},\"sameAs\":[\"https:\/\/www.facebook.com\/bestasolar\/\",\"https:\/\/www.youtube.com\/channel\/UCYnBggiypeSN8k1IQrX6BUw\",\"https:\/\/www.tiktok.com\/@bestasolar\",\"https:\/\/www.pinterest.com\/bestasolar\/\"],\"telephone\":[\"+22961732956\"],\"contactPoint\":{\"@type\":\"ContactPoint\",\"telephone\":\"+22961732956\",\"email\":\"contact@bestasolar.com\"},\"openingHoursSpecification\":[{\"@type\":\"OpeningHoursSpecification\",\"dayOfWeek\":[\"Monday\",\"Tuesday\",\"Wednesday\",\"Thursday\",\"Friday\",\"Saturday\"],\"opens\":\"08:00\",\"closes\":\"21:00\"},{\"@type\":\"OpeningHoursSpecification\",\"dayOfWeek\":[\"Sunday\"],\"opens\":\"09:00\",\"closes\":\"18:00\"}],\"email\":\"contact@bestasolar.com\",\"faxNumber\":\"Besta Solar\",\"areaServed\":\"Afrique de l'ouest\",\"taxID\":\"02022748823174\",\"currenciesAccepted\":\"CFA\"},{\"@type\":\"ImageObject\",\"inLanguage\":\"en-US\",\"@id\":\"https:\/\/www.bestasolar.com\/produit\/testeur-de-panneaux-solaires-800-w\/#local-main-organization-logo\",\"url\":\"https:\/\/www.bestasolar.com\/wp-content\/uploads\/2023\/01\/BESTA-SOLAR-Logo-01-1.png\",\"contentUrl\":\"https:\/\/www.bestasolar.com\/wp-content\/uploads\/2023\/01\/BESTA-SOLAR-Logo-01-1.png\",\"width\":6250,\"height\":4167,\"caption\":\"BESTA SOLAR\"}]}<\/script>\n<meta property=\"product:price:amount\" content=\"60000.00\" \/>\n<meta property=\"product:price:currency\" content=\"XOF\" \/>\n<meta property=\"og:availability\" content=\"instock\" \/>\n<meta property=\"product:availability\" content=\"instock\" \/>\n<meta property=\"product:condition\" content=\"new\" \/>\n<meta name=\"geo.placename\" content=\"parakou\" \/>\n<meta name=\"geo.region\" content=\"Benin\" \/>\n<!-- \/ Yoast SEO Premium plugin. -->","yoast_head_json":{"title":"Testeur de panneaux solaires 800 W - BESTA SOLAR","description":"Testeur de panneaux solaires 800w . D\u00e9tection automatique MPPT\u00a0: lorsque vous appuyez sur le bouton de test AUTO MPPT pour ....","robots":{"index":"index","follow":"follow","max-snippet":"max-snippet:-1","max-image-preview":"max-image-preview:large","max-video-preview":"max-video-preview:-1"},"canonical":"https:\/\/www.bestasolar.com\/en\/product\/testeur-de-panneaux-solaires-800-w\/","og_locale":"en_US","og_type":"article","og_title":"Testeur de panneaux solaires 800 W","og_description":"Testeur de panneaux solaires 800w . D\u00e9tection automatique MPPT\u00a0: lorsque vous appuyez sur le bouton de test AUTO MPPT pour ....","og_url":"https:\/\/www.bestasolar.com\/en\/product\/testeur-de-panneaux-solaires-800-w\/","og_site_name":"BESTA SOLAR","article_publisher":"https:\/\/www.facebook.com\/bestasolar\/","article_modified_time":"2025-09-16T05:57:09+00:00","og_image":[{"width":1600,"height":1600,"url":"https:\/\/www.bestasolar.com\/wp-content\/uploads\/2025\/04\/1_5150d9ab-5caa-49e5-a343-0b048f41f537.jpg","type":"image\/jpeg"}],"twitter_card":"summary_large_image","twitter_misc":{"Price":"CFA60,000.00","Availability":"In stock"},"schema":{"@context":"https:\/\/schema.org","@graph":[{"@type":"WebPage","@id":"https:\/\/www.bestasolar.com\/produit\/testeur-de-panneaux-solaires-800-w\/","url":"https:\/\/www.bestasolar.com\/produit\/testeur-de-panneaux-solaires-800-w\/","name":"Testeur de panneaux solaires 800 W - BESTA SOLAR","isPartOf":{"@id":"https:\/\/www.bestasolar.com\/#website"},"primaryImageOfPage":{"@id":"https:\/\/www.bestasolar.com\/produit\/testeur-de-panneaux-solaires-800-w\/#primaryimage"},"image":{"@id":"https:\/\/www.bestasolar.com\/produit\/testeur-de-panneaux-solaires-800-w\/#primaryimage"},"thumbnailUrl":"https:\/\/www.bestasolar.com\/wp-content\/uploads\/2025\/04\/1_5150d9ab-5caa-49e5-a343-0b048f41f537.jpg","datePublished":"2025-04-06T00:35:54+00:00","dateModified":"2025-09-16T05:57:09+00:00","description":"Testeur de panneaux solaires 800w . D\u00e9tection automatique MPPT\u00a0: lorsque vous appuyez sur le bouton de test AUTO MPPT pour ....","breadcrumb":{"@id":"https:\/\/www.bestasolar.com\/produit\/testeur-de-panneaux-solaires-800-w\/#breadcrumb"},"inLanguage":"en-US","potentialAction":[{"@type":"ReadAction","target":["https:\/\/www.bestasolar.com\/produit\/testeur-de-panneaux-solaires-800-w\/"]}]},{"@type":"ImageObject","inLanguage":"en-US","@id":"https:\/\/www.bestasolar.com\/produit\/testeur-de-panneaux-solaires-800-w\/#primaryimage","url":"https:\/\/www.bestasolar.com\/wp-content\/uploads\/2025\/04\/1_5150d9ab-5caa-49e5-a343-0b048f41f537.jpg","contentUrl":"https:\/\/www.bestasolar.com\/wp-content\/uploads\/2025\/04\/1_5150d9ab-5caa-49e5-a343-0b048f41f537.jpg","width":1600,"height":1600,"caption":"Testeur de panneaux solaires (800 W)"},{"@type":"BreadcrumbList","@id":"https:\/\/www.bestasolar.com\/produit\/testeur-de-panneaux-solaires-800-w\/#breadcrumb","itemListElement":[{"@type":"ListItem","position":1,"name":"Home","item":"https:\/\/www.bestasolar.com\/"},{"@type":"ListItem","position":2,"name":"Shop","item":"https:\/\/www.bestasolar.com\/shop\/"},{"@type":"ListItem","position":3,"name":"Testeur de panneaux solaires 800 W"}]},{"@type":"WebSite","@id":"https:\/\/www.bestasolar.com\/#website","url":"https:\/\/www.bestasolar.com\/","name":"BESTA SOLAR","description":"Vente d&#039;equipement solaire batterie lithium onduleur mppt","publisher":{"@id":"https:\/\/www.bestasolar.com\/#organization"},"potentialAction":[{"@type":"SearchAction","target":{"@type":"EntryPoint","urlTemplate":"https:\/\/www.bestasolar.com\/?s={search_term_string}"},"query-input":{"@type":"PropertyValueSpecification","valueRequired":true,"valueName":"search_term_string"}}],"inLanguage":"en-US"},{"@type":["Organization","Place","OfficeEquipmentStore"],"@id":"https:\/\/www.bestasolar.com\/#organization","name":"BESTA SOLAR","url":"https:\/\/www.bestasolar.com\/","logo":{"@id":"https:\/\/www.bestasolar.com\/produit\/testeur-de-panneaux-solaires-800-w\/#local-main-organization-logo"},"image":{"@id":"https:\/\/www.bestasolar.com\/produit\/testeur-de-panneaux-solaires-800-w\/#local-main-organization-logo"},"sameAs":["https:\/\/www.facebook.com\/bestasolar\/","https:\/\/www.youtube.com\/channel\/UCYnBggiypeSN8k1IQrX6BUw","https:\/\/www.tiktok.com\/@bestasolar","https:\/\/www.pinterest.com\/bestasolar\/"],"telephone":["+22961732956"],"contactPoint":{"@type":"ContactPoint","telephone":"+22961732956","email":"contact@bestasolar.com"},"openingHoursSpecification":[{"@type":"OpeningHoursSpecification","dayOfWeek":["Monday","Tuesday","Wednesday","Thursday","Friday","Saturday"],"opens":"08:00","closes":"21:00"},{"@type":"OpeningHoursSpecification","dayOfWeek":["Sunday"],"opens":"09:00","closes":"18:00"}],"email":"contact@bestasolar.com","faxNumber":"Besta Solar","areaServed":"Afrique de l'ouest","taxID":"02022748823174","currenciesAccepted":"CFA"},{"@type":"ImageObject","inLanguage":"en-US","@id":"https:\/\/www.bestasolar.com\/produit\/testeur-de-panneaux-solaires-800-w\/#local-main-organization-logo","url":"https:\/\/www.bestasolar.com\/wp-content\/uploads\/2023\/01\/BESTA-SOLAR-Logo-01-1.png","contentUrl":"https:\/\/www.bestasolar.com\/wp-content\/uploads\/2023\/01\/BESTA-SOLAR-Logo-01-1.png","width":6250,"height":4167,"caption":"BESTA SOLAR"}]},"product_price_amount":"60000.00","product_price_currency":"XOF","og_availability":"instock","product_availability":"instock","product_condition":"new","geo.placename":"parakou","geo.region":"Benin"},"jetpack_sharing_enabled":true,"_links":{"self":[{"href":"https:\/\/www.bestasolar.com\/en\/wp-json\/wp\/v2\/product\/10858"}],"collection":[{"href":"https:\/\/www.bestasolar.com\/en\/wp-json\/wp\/v2\/product"}],"about":[{"href":"https:\/\/www.bestasolar.com\/en\/wp-json\/wp\/v2\/types\/product"}],"replies":[{"embeddable":true,"href":"https:\/\/www.bestasolar.com\/en\/wp-json\/wp\/v2\/comments?post=10858"}],"wp:featuredmedia":[{"embeddable":true,"href":"https:\/\/www.bestasolar.com\/en\/wp-json\/wp\/v2\/media\/10860"}],"wp:attachment":[{"href":"https:\/\/www.bestasolar.com\/en\/wp-json\/wp\/v2\/media?parent=10858"}],"wp:term":[{"taxonomy":"product_brand","embeddable":true,"href":"https:\/\/www.bestasolar.com\/en\/wp-json\/wp\/v2\/product_brand?post=10858"},{"taxonomy":"product_cat","embeddable":true,"href":"https:\/\/www.bestasolar.com\/en\/wp-json\/wp\/v2\/product_cat?post=10858"},{"taxonomy":"product_tag","embeddable":true,"href":"https:\/\/www.bestasolar.com\/en\/wp-json\/wp\/v2\/product_tag?post=10858"}],"curies":[{"name":"wp","href":"https:\/\/api.w.org\/{rel}","templated":true}]}}