{"id":10879,"date":"2025-07-22T22:17:04","date_gmt":"2025-07-22T20:17:04","guid":{"rendered":"https:\/\/www.bestasolar.com\/?post_type=product&#038;p=10879"},"modified":"2025-10-12T23:28:37","modified_gmt":"2025-10-12T21:28:37","slug":"kit-pompe-hybride-1500w","status":"publish","type":"product","link":"https:\/\/www.bestasolar.com\/en\/product\/kit-pompe-hybride-1500w\/","title":{"rendered":"Kit Pompe Hybride 1500W \u2013 Solution Compl\u00e8te pour le Pompage Solaire"},"content":{"rendered":"<blockquote>\n<p data-start=\"124\" data-end=\"212\">\ud83d\udd0b <strong data-start=\"127\" data-end=\"212\">Kit Pompe Hybride 1500W \u2013 Solution Compl\u00e8te pour le Pompage Solaire et \u00c9lectrique<\/strong><\/p>\n<\/blockquote>\n<p data-start=\"214\" data-end=\"385\">D\u00e9couvrez notre <strong data-start=\"230\" data-end=\"257\">kit pompe hybride 1500W<\/strong>, id\u00e9al pour l&#8217;alimentation de pompes immerg\u00e9es \u00e0 partir de l&#8217;\u00e9nergie solaire ou du r\u00e9seau \u00e9lectrique. Ce kit complet comprend :<\/p>\n<p data-start=\"387\" data-end=\"793\">\u2705 6<strong data-start=\"389\" data-end=\"420\">\u00a0panneaux solaires de 355W<\/strong>\u00a0 <a href=\"https:\/\/www.longi.com\/fr\/\">longi<\/a> (total : 2130W) pour une production d\u2019\u00e9nergie optimale<br data-start=\"475\" data-end=\"478\" \/>\u2705 <strong data-start=\"480\" data-end=\"498\">Pompe immerg\u00e9e<\/strong> robuste et performante<br data-start=\"521\" data-end=\"524\" \/>\u2705 <strong data-start=\"526\" data-end=\"553\">Variateur hybride DC\/AC<\/strong> pour un fonctionnement avec solaire + r\u00e9seau (ou groupe)<br data-start=\"610\" data-end=\"613\" \/>\u2705 <strong data-start=\"615\" data-end=\"644\" data-is-only-node=\"\">Disjoncteur de protection<\/strong><br data-start=\"644\" data-end=\"647\" \/>\u2705 <strong data-start=\"649\" data-end=\"679\">Bobine de c\u00e2ble \u00e9lectrique<\/strong> pour le raccordement<br data-start=\"700\" data-end=\"703\" \/>\u2705 Compatible avec les forages profonds ou les syst\u00e8mes de pompage agricoles et domestiques<\/p>\n<p data-start=\"795\" data-end=\"979\">Ce <strong data-start=\"798\" data-end=\"825\">kit pompe hybride <\/strong>est parfait pour les zones rurales, les champs agricoles, les exploitations mara\u00eech\u00e8res ou toute application n\u00e9cessitant une solution fiable et autonome. Proposer par <a href=\"https:\/\/www.bestasolar.com\/en\/a-propos\/\">Besta Solar\u00a0<\/a><\/p>\n<p data-start=\"981\" data-end=\"1131\">\ud83c\udf1e <strong data-start=\"984\" data-end=\"1059\">Installation simple, haute performance et \u00e9conomie d\u2019\u00e9nergie garantie !<\/strong><\/p>","protected":false},"excerpt":{"rendered":"<ol>\n<li>\ud83d\udca7 <strong data-start=\"94\" data-end=\"121\">Kit pompe hybride 1100W<\/strong><br data-start=\"121\" data-end=\"124\" \/>\ud83d\udd0b Puissance : 1500W<br data-start=\"144\" data-end=\"147\" \/>\u2699\ufe0f Type : Hybride DC\/AC (solaire + r\u00e9seau)<br data-start=\"189\" data-end=\"192\" data-is-only-node=\"\" \/>\ud83d\udccf Profondeur maximale : 203 m\u00e8tres<br data-start=\"227\" data-end=\"230\" \/>\ud83d\udeb0 D\u00e9bit : 4.8 m\u00b3\/h<br data-start=\"249\" data-end=\"252\" \/>\ud83d\udee1\ufe0f Garantie : 1 an<br data-start=\"271\" data-end=\"274\" \/>\ud83c\udf1e Id\u00e9al pour : irrigation, forage, usage domestique<\/li>\n<\/ol>","protected":false},"featured_media":0,"comment_status":"open","ping_status":"closed","template":"","meta":[],"product_brand":[],"product_cat":[70],"product_tag":[],"class_list":{"0":"post-10879","1":"product","2":"type-product","3":"status-publish","5":"product_cat-pomp-solaire","7":"first","8":"instock","9":"sale","10":"shipping-taxable","11":"purchasable","12":"product-type-simple"},"yoast_head":"<!-- This site is optimized with the Yoast SEO Premium plugin v22.8 (Yoast SEO v25.6) - https:\/\/yoast.com\/wordpress\/plugins\/seo\/ -->\n<title>Kit Pompe Hybride 1500W \u2013 Solution Compl\u00e8te pour le Pompage Solaire<\/title>\n<meta name=\"description\" content=\"Kit Pompe Hybride 1500W \u2013 Solution Compl\u00e8te pour le Pompage Solaire et \u00c9lectrique disponible au benin et au togo au meilleur prix\" \/>\n<meta name=\"robots\" content=\"index, follow, max-snippet:-1, max-image-preview:large, max-video-preview:-1\" \/>\n<link rel=\"canonical\" href=\"https:\/\/www.bestasolar.com\/en\/product\/kit-pompe-hybride-1500w\/\" \/>\n<meta property=\"og:locale\" content=\"en_US\" \/>\n<meta property=\"og:type\" content=\"article\" \/>\n<meta property=\"og:title\" content=\"Kit Pompe Hybride 1500W \u2013 Solution Compl\u00e8te pour le Pompage Solaire\" \/>\n<meta property=\"og:description\" content=\"Kit Pompe Hybride 1500W \u2013 Solution Compl\u00e8te pour le Pompage Solaire et \u00c9lectrique disponible au benin et au togo au meilleur prix\" \/>\n<meta property=\"og:url\" content=\"https:\/\/www.bestasolar.com\/en\/product\/kit-pompe-hybride-1500w\/\" \/>\n<meta property=\"og:site_name\" content=\"BESTA SOLAR\" \/>\n<meta property=\"article:publisher\" content=\"https:\/\/www.facebook.com\/bestasolar\/\" \/>\n<meta property=\"article:modified_time\" content=\"2025-10-12T21:28:37+00:00\" \/>\n<meta name=\"twitter:card\" content=\"summary_large_image\" \/>\n<meta name=\"twitter:label1\" content=\"Price\" \/>\n\t<meta name=\"twitter:data1\" content=\"CFA720,000.00\" \/>\n\t<meta name=\"twitter:label2\" content=\"Availability\" \/>\n\t<meta name=\"twitter:data2\" content=\"In stock\" \/>\n<script type=\"application\/ld+json\" class=\"yoast-schema-graph\">{\"@context\":\"https:\/\/schema.org\",\"@graph\":[{\"@type\":\"WebPage\",\"@id\":\"https:\/\/www.bestasolar.com\/produit\/kit-pompe-hybride-1500w\/\",\"url\":\"https:\/\/www.bestasolar.com\/produit\/kit-pompe-hybride-1500w\/\",\"name\":\"Kit Pompe Hybride 1500W \u2013 Solution Compl\u00e8te pour le Pompage Solaire\",\"isPartOf\":{\"@id\":\"https:\/\/www.bestasolar.com\/#website\"},\"datePublished\":\"2025-07-22T20:17:04+00:00\",\"dateModified\":\"2025-10-12T21:28:37+00:00\",\"description\":\"Kit Pompe Hybride 1500W \u2013 Solution Compl\u00e8te pour le Pompage Solaire et \u00c9lectrique disponible au benin et au togo au meilleur prix\",\"breadcrumb\":{\"@id\":\"https:\/\/www.bestasolar.com\/produit\/kit-pompe-hybride-1500w\/#breadcrumb\"},\"inLanguage\":\"en-US\",\"potentialAction\":[{\"@type\":\"ReadAction\",\"target\":[\"https:\/\/www.bestasolar.com\/produit\/kit-pompe-hybride-1500w\/\"]}]},{\"@type\":\"BreadcrumbList\",\"@id\":\"https:\/\/www.bestasolar.com\/produit\/kit-pompe-hybride-1500w\/#breadcrumb\",\"itemListElement\":[{\"@type\":\"ListItem\",\"position\":1,\"name\":\"Home\",\"item\":\"https:\/\/www.bestasolar.com\/\"},{\"@type\":\"ListItem\",\"position\":2,\"name\":\"Shop\",\"item\":\"https:\/\/www.bestasolar.com\/shop\/\"},{\"@type\":\"ListItem\",\"position\":3,\"name\":\"Kit Pompe Hybride 1500W \u2013 Solution Compl\u00e8te pour le Pompage Solaire\"}]},{\"@type\":\"WebSite\",\"@id\":\"https:\/\/www.bestasolar.com\/#website\",\"url\":\"https:\/\/www.bestasolar.com\/\",\"name\":\"BESTA SOLAR\",\"description\":\"Vente d&#039;equipement solaire batterie lithium onduleur mppt\",\"publisher\":{\"@id\":\"https:\/\/www.bestasolar.com\/#organization\"},\"potentialAction\":[{\"@type\":\"SearchAction\",\"target\":{\"@type\":\"EntryPoint\",\"urlTemplate\":\"https:\/\/www.bestasolar.com\/?s={search_term_string}\"},\"query-input\":{\"@type\":\"PropertyValueSpecification\",\"valueRequired\":true,\"valueName\":\"search_term_string\"}}],\"inLanguage\":\"en-US\"},{\"@type\":[\"Organization\",\"Place\",\"OfficeEquipmentStore\"],\"@id\":\"https:\/\/www.bestasolar.com\/#organization\",\"name\":\"BESTA SOLAR\",\"url\":\"https:\/\/www.bestasolar.com\/\",\"logo\":{\"@id\":\"https:\/\/www.bestasolar.com\/produit\/kit-pompe-hybride-1500w\/#local-main-organization-logo\"},\"image\":{\"@id\":\"https:\/\/www.bestasolar.com\/produit\/kit-pompe-hybride-1500w\/#local-main-organization-logo\"},\"sameAs\":[\"https:\/\/www.facebook.com\/bestasolar\/\",\"https:\/\/www.youtube.com\/channel\/UCYnBggiypeSN8k1IQrX6BUw\",\"https:\/\/www.tiktok.com\/@bestasolar\",\"https:\/\/www.pinterest.com\/bestasolar\/\"],\"telephone\":[\"+22961732956\"],\"contactPoint\":{\"@type\":\"ContactPoint\",\"telephone\":\"+22961732956\",\"email\":\"contact@bestasolar.com\"},\"openingHoursSpecification\":[{\"@type\":\"OpeningHoursSpecification\",\"dayOfWeek\":[\"Monday\",\"Tuesday\",\"Wednesday\",\"Thursday\",\"Friday\",\"Saturday\"],\"opens\":\"08:00\",\"closes\":\"21:00\"},{\"@type\":\"OpeningHoursSpecification\",\"dayOfWeek\":[\"Sunday\"],\"opens\":\"09:00\",\"closes\":\"18:00\"}],\"email\":\"contact@bestasolar.com\",\"faxNumber\":\"Besta Solar\",\"areaServed\":\"Afrique de l'ouest\",\"taxID\":\"02022748823174\",\"currenciesAccepted\":\"CFA\"},{\"@type\":\"ImageObject\",\"inLanguage\":\"en-US\",\"@id\":\"https:\/\/www.bestasolar.com\/produit\/kit-pompe-hybride-1500w\/#local-main-organization-logo\",\"url\":\"https:\/\/www.bestasolar.com\/wp-content\/uploads\/2023\/01\/BESTA-SOLAR-Logo-01-1.png\",\"contentUrl\":\"https:\/\/www.bestasolar.com\/wp-content\/uploads\/2023\/01\/BESTA-SOLAR-Logo-01-1.png\",\"width\":6250,\"height\":4167,\"caption\":\"BESTA SOLAR\"}]}<\/script>\n<meta property=\"product:price:amount\" content=\"720000.00\" \/>\n<meta property=\"product:price:currency\" content=\"XOF\" \/>\n<meta property=\"og:availability\" content=\"instock\" \/>\n<meta property=\"product:availability\" content=\"instock\" \/>\n<meta property=\"product:condition\" content=\"new\" \/>\n<meta name=\"geo.placename\" content=\"parakou\" \/>\n<meta name=\"geo.region\" content=\"Benin\" \/>\n<!-- \/ Yoast SEO Premium plugin. -->","yoast_head_json":{"title":"Kit Pompe Hybride 1500W \u2013 Solution Compl\u00e8te pour le Pompage Solaire","description":"Kit Pompe Hybride 1500W \u2013 Solution Compl\u00e8te pour le Pompage Solaire et \u00c9lectrique disponible au benin et au togo au meilleur prix","robots":{"index":"index","follow":"follow","max-snippet":"max-snippet:-1","max-image-preview":"max-image-preview:large","max-video-preview":"max-video-preview:-1"},"canonical":"https:\/\/www.bestasolar.com\/en\/product\/kit-pompe-hybride-1500w\/","og_locale":"en_US","og_type":"article","og_title":"Kit Pompe Hybride 1500W \u2013 Solution Compl\u00e8te pour le Pompage Solaire","og_description":"Kit Pompe Hybride 1500W \u2013 Solution Compl\u00e8te pour le Pompage Solaire et \u00c9lectrique disponible au benin et au togo au meilleur prix","og_url":"https:\/\/www.bestasolar.com\/en\/product\/kit-pompe-hybride-1500w\/","og_site_name":"BESTA SOLAR","article_publisher":"https:\/\/www.facebook.com\/bestasolar\/","article_modified_time":"2025-10-12T21:28:37+00:00","twitter_card":"summary_large_image","twitter_misc":{"Price":"CFA720,000.00","Availability":"In stock"},"schema":{"@context":"https:\/\/schema.org","@graph":[{"@type":"WebPage","@id":"https:\/\/www.bestasolar.com\/produit\/kit-pompe-hybride-1500w\/","url":"https:\/\/www.bestasolar.com\/produit\/kit-pompe-hybride-1500w\/","name":"Kit Pompe Hybride 1500W \u2013 Solution Compl\u00e8te pour le Pompage Solaire","isPartOf":{"@id":"https:\/\/www.bestasolar.com\/#website"},"datePublished":"2025-07-22T20:17:04+00:00","dateModified":"2025-10-12T21:28:37+00:00","description":"Kit Pompe Hybride 1500W \u2013 Solution Compl\u00e8te pour le Pompage Solaire et \u00c9lectrique disponible au benin et au togo au meilleur prix","breadcrumb":{"@id":"https:\/\/www.bestasolar.com\/produit\/kit-pompe-hybride-1500w\/#breadcrumb"},"inLanguage":"en-US","potentialAction":[{"@type":"ReadAction","target":["https:\/\/www.bestasolar.com\/produit\/kit-pompe-hybride-1500w\/"]}]},{"@type":"BreadcrumbList","@id":"https:\/\/www.bestasolar.com\/produit\/kit-pompe-hybride-1500w\/#breadcrumb","itemListElement":[{"@type":"ListItem","position":1,"name":"Home","item":"https:\/\/www.bestasolar.com\/"},{"@type":"ListItem","position":2,"name":"Shop","item":"https:\/\/www.bestasolar.com\/shop\/"},{"@type":"ListItem","position":3,"name":"Kit Pompe Hybride 1500W \u2013 Solution Compl\u00e8te pour le Pompage Solaire"}]},{"@type":"WebSite","@id":"https:\/\/www.bestasolar.com\/#website","url":"https:\/\/www.bestasolar.com\/","name":"BESTA SOLAR","description":"Vente d&#039;equipement solaire batterie lithium onduleur mppt","publisher":{"@id":"https:\/\/www.bestasolar.com\/#organization"},"potentialAction":[{"@type":"SearchAction","target":{"@type":"EntryPoint","urlTemplate":"https:\/\/www.bestasolar.com\/?s={search_term_string}"},"query-input":{"@type":"PropertyValueSpecification","valueRequired":true,"valueName":"search_term_string"}}],"inLanguage":"en-US"},{"@type":["Organization","Place","OfficeEquipmentStore"],"@id":"https:\/\/www.bestasolar.com\/#organization","name":"BESTA SOLAR","url":"https:\/\/www.bestasolar.com\/","logo":{"@id":"https:\/\/www.bestasolar.com\/produit\/kit-pompe-hybride-1500w\/#local-main-organization-logo"},"image":{"@id":"https:\/\/www.bestasolar.com\/produit\/kit-pompe-hybride-1500w\/#local-main-organization-logo"},"sameAs":["https:\/\/www.facebook.com\/bestasolar\/","https:\/\/www.youtube.com\/channel\/UCYnBggiypeSN8k1IQrX6BUw","https:\/\/www.tiktok.com\/@bestasolar","https:\/\/www.pinterest.com\/bestasolar\/"],"telephone":["+22961732956"],"contactPoint":{"@type":"ContactPoint","telephone":"+22961732956","email":"contact@bestasolar.com"},"openingHoursSpecification":[{"@type":"OpeningHoursSpecification","dayOfWeek":["Monday","Tuesday","Wednesday","Thursday","Friday","Saturday"],"opens":"08:00","closes":"21:00"},{"@type":"OpeningHoursSpecification","dayOfWeek":["Sunday"],"opens":"09:00","closes":"18:00"}],"email":"contact@bestasolar.com","faxNumber":"Besta Solar","areaServed":"Afrique de l'ouest","taxID":"02022748823174","currenciesAccepted":"CFA"},{"@type":"ImageObject","inLanguage":"en-US","@id":"https:\/\/www.bestasolar.com\/produit\/kit-pompe-hybride-1500w\/#local-main-organization-logo","url":"https:\/\/www.bestasolar.com\/wp-content\/uploads\/2023\/01\/BESTA-SOLAR-Logo-01-1.png","contentUrl":"https:\/\/www.bestasolar.com\/wp-content\/uploads\/2023\/01\/BESTA-SOLAR-Logo-01-1.png","width":6250,"height":4167,"caption":"BESTA SOLAR"}]},"product_price_amount":"720000.00","product_price_currency":"XOF","og_availability":"instock","product_availability":"instock","product_condition":"new","geo.placename":"parakou","geo.region":"Benin"},"jetpack_sharing_enabled":true,"_links":{"self":[{"href":"https:\/\/www.bestasolar.com\/en\/wp-json\/wp\/v2\/product\/10879"}],"collection":[{"href":"https:\/\/www.bestasolar.com\/en\/wp-json\/wp\/v2\/product"}],"about":[{"href":"https:\/\/www.bestasolar.com\/en\/wp-json\/wp\/v2\/types\/product"}],"replies":[{"embeddable":true,"href":"https:\/\/www.bestasolar.com\/en\/wp-json\/wp\/v2\/comments?post=10879"}],"wp:attachment":[{"href":"https:\/\/www.bestasolar.com\/en\/wp-json\/wp\/v2\/media?parent=10879"}],"wp:term":[{"taxonomy":"product_brand","embeddable":true,"href":"https:\/\/www.bestasolar.com\/en\/wp-json\/wp\/v2\/product_brand?post=10879"},{"taxonomy":"product_cat","embeddable":true,"href":"https:\/\/www.bestasolar.com\/en\/wp-json\/wp\/v2\/product_cat?post=10879"},{"taxonomy":"product_tag","embeddable":true,"href":"https:\/\/www.bestasolar.com\/en\/wp-json\/wp\/v2\/product_tag?post=10879"}],"curies":[{"name":"wp","href":"https:\/\/api.w.org\/{rel}","templated":true}]}}