{"id":10883,"date":"2025-10-14T19:41:52","date_gmt":"2025-10-14T17:41:52","guid":{"rendered":"https:\/\/www.bestasolar.com\/?post_type=product&#038;p=10883"},"modified":"2025-10-14T19:41:53","modified_gmt":"2025-10-14T17:41:53","slug":"onduleur-hybride-growatt-12kva","status":"publish","type":"product","link":"https:\/\/www.bestasolar.com\/en\/product\/onduleur-hybride-growatt-12kva\/","title":{"rendered":"Onduleur hybride growatt 12kva"},"content":{"rendered":"<div class=\"product__description rte quick-add-hidden\">\n<p><span dir=\"auto\">Ce chargeur onduleur hybride growatt 12kva hors r\u00e9seau pr\u00e9sente les fonctions combin\u00e9es d&#8217;un onduleur \u00e0 onde sinuso\u00efdale pure de 12 kW, d&#8217;un contr\u00f4leur de chargeur solaire MPPT et d&#8217;un chargeur de batterie CA pour offrir une alimentation \u00e9lectrique sans interruption.<\/span><\/p>\n<p><span dir=\"auto\">Caract\u00e9ristiques de l&#8217;onduleur hybride growatt 12kva<\/span><\/p>\n<ul>\n<li><span dir=\"auto\">Isol\u00e9 \u00e9lectroniquement et galvaniquement<\/span><\/li>\n<li><span dir=\"auto\">Param\u00e8tres de charge personnalisables pour fonctionner avec n&#8217;importe quel type de batterie<\/span><\/li>\n<li><span dir=\"auto\">Facteur de puissance unitaire<\/span><\/li>\n<li><span dir=\"auto\">Deux trackers MPPT pour une conversion solaire jusqu&#8217;\u00e0 15\u00a0000 W (7\u00a0500 W par tracker MPPT)<\/span><\/li>\n<li><span dir=\"auto\">Sorties CA doubles pour une gestion intelligente de la charge<\/span><\/li>\n<li><span dir=\"auto\">Entr\u00e9e de tension solaire plus \u00e9lev\u00e9e<\/span><\/li>\n<li><span dir=\"auto\">Fonction d&#8217;\u00e9quilibrage de la puissance de charge entre la source d&#8217;entr\u00e9e solaire et CA<\/span><\/li>\n<li><span dir=\"auto\">Peut fonctionner sans batterie lorsqu&#8217;il est utilis\u00e9 comme une seule unit\u00e9<\/span><\/li>\n<li><span dir=\"auto\">Jusqu&#8217;\u00e0 9 unit\u00e9s peuvent \u00eatre mises en parall\u00e8le sur une configuration monophas\u00e9e ou triphas\u00e9e<\/span><\/li>\n<li><span dir=\"auto\">Compatible avec le r\u00e9seau et le g\u00e9n\u00e9rateur comme option de secours si la production solaire est faible<\/span><\/li>\n<li><span dir=\"auto\">Commutateur de transfert automatique int\u00e9gr\u00e9 pour basculer entre l&#8217;alimentation du g\u00e9n\u00e9rateur ou du r\u00e9seau<\/span><\/li>\n<li><span dir=\"auto\">Relais de mise \u00e0 la terre programmable<\/span><\/li>\n<li><span dir=\"auto\">+131 000 heures de dur\u00e9e de vie nominale<\/span><\/li>\n<li><span dir=\"auto\">Surveillance Wifi incluse<\/span><\/li>\n<li><span dir=\"auto\">Refroidissement passif avec assistance intelligente du ventilateur<\/span><\/li>\n<\/ul>\n<p><span dir=\"auto\">Sp\u00e9cifications de <a href=\"https:\/\/en.growatt.com\/products\/spe-8000-12000-es\">l&#8217;onduleur hybride growatt 12kva<\/a><\/span><\/p>\n<ul>\n<li><span dir=\"auto\">Tension de la batterie : 48 V CC<\/span><\/li>\n<li><span dir=\"auto\">Puissance nominale : 12\u00a0000 W\/12\u00a0000 VA<\/span><\/li>\n<li><span dir=\"auto\">Forme d&#8217;onde : Onde sinuso\u00efdale pure 50 Hz<\/span><\/li>\n<li><span dir=\"auto\">Tension de sortie CA : 230 VCA<\/span><\/li>\n<li><span dir=\"auto\">Efficacit\u00e9 de l&#8217;onduleur (cr\u00eate) : 95 %<\/span><\/li>\n<li><span dir=\"auto\">Consommation \u00e9lectrique \u00e0 vide : &lt; 75 W<\/span><\/li>\n<li><span dir=\"auto\">Temps de transfert\u00a0: 20\u00a0ms (UPS)\u00a0; 30\u00a0ms (APL)<\/span><\/li>\n<\/ul>\n<p><span dir=\"auto\">Entr\u00e9e CA :<\/span><\/p>\n<ul>\n<li><span dir=\"auto\">Tension : 230 VCA Onde sinuso\u00efdale pure<\/span><\/li>\n<li><span dir=\"auto\">Plage de tension :\u00a0<\/span><\/li>\n<li><span dir=\"auto\">90~280 VAC &#8211; Appareil (par d\u00e9faut)<\/span><\/li>\n<li><span dir=\"auto\">170~280 VCA &#8211; Onduleur<\/span><\/li>\n<li><span dir=\"auto\">Fr\u00e9quence : 50 Hz<\/span><\/li>\n<li><span dir=\"auto\">Courant d&#8217;entr\u00e9e CA maximal\u00a0: 70\u00a0A<\/span><\/li>\n<\/ul>\n<p><span dir=\"auto\">Chargeur solaire MPPT :<\/span><\/p>\n<ul>\n<li><span dir=\"auto\">Tension maximale en circuit ouvert du panneau photovolta\u00efque\u00a0: 550\u00a0V CC<\/span><\/li>\n<li><span dir=\"auto\">Plage de tension MPPT\u00a0: 60 \u00e0 480\u00a0V CC<\/span><\/li>\n<li><span dir=\"auto\">Puissance d&#8217;entr\u00e9e PV : 15\u00a0000 W (7\u00a0500 W par entr\u00e9e solaire)<\/span><\/li>\n<li><span dir=\"auto\">Courant d&#8217;entr\u00e9e CC maximal par cha\u00eene\u00a0: 27\u00a0A<\/span><\/li>\n<li><span dir=\"auto\">Efficacit\u00e9 de conversion solaire : jusqu&#8217;\u00e0 98 %<\/span><\/li>\n<li><span dir=\"auto\">Courant de charge solaire maximal\u00a0: 250\u00a0A<\/span><\/li>\n<li><span dir=\"auto\">Courant de charge solaire + CA maximal\u00a0: 250\u00a0A<\/span><\/li>\n<\/ul>\n<p><span dir=\"auto\">Dimensions (mm) : 550H*465W*150D<\/span><br \/>\n<span dir=\"auto\">Poids net : 21,5 kg<\/span><br \/>\n<span dir=\"auto\">Poids brut : 25,5 kg<\/span><\/p>\n<p><span dir=\"auto\">Humidit\u00e9 : 5 % \u00e0 95 % HR (sans condensation)<\/span><br \/>\n<span dir=\"auto\">Indice de protection IP : IP20 &#8211; Convient pour une utilisation en int\u00e9rieur<\/span><br \/>\n<span dir=\"auto\">Temp\u00e9rature de fonctionnement : -10 \u00b0C \u00e0 55 \u00b0C<\/span><br \/>\n<span dir=\"auto\">Altitude : &lt; 2\u00a0000 m<\/span><br \/>\n<span dir=\"auto\">Garantie : 5 ans<\/span><\/p>\n<p><span dir=\"auto\">Conformit\u00e9 : IEC62109-1, IEC62109-2, AS\/NZS5033, AS\/NZS4059<\/span><\/p>\n<\/div>\n<p><span dir=\"auto\">disponible au benin togo chez <a href=\"https:\/\/www.bestasolar.com\/en\/\">besta solar<\/a><\/span><\/p>","protected":false},"excerpt":{"rendered":"<ul>\n<li><span dir=\"auto\">Tension de la batterie : 48 V CC<\/span><\/li>\n<li><span dir=\"auto\">Puissance nominale : 12\u00a0000 W\/12\u00a0000 VA<\/span><\/li>\n<li><span dir=\"auto\">Forme d&#8217;onde : Onde sinuso\u00efdale pure 50 Hz<\/span><\/li>\n<li><span dir=\"auto\">Tension de sortie CA : 230 VCA<\/span><\/li>\n<li><span dir=\"auto\">Efficacit\u00e9 de l&#8217;onduleur (cr\u00eate) : 95 %<\/span><\/li>\n<li><span dir=\"auto\">Consommation \u00e9lectrique \u00e0 vide : &lt; 75 W<\/span><\/li>\n<li><span dir=\"auto\">Temps de transfert\u00a0: 20\u00a0ms (UPS)\u00a0; 30\u00a0ms (APL)<\/span><\/li>\n<\/ul>","protected":false},"featured_media":10886,"comment_status":"open","ping_status":"closed","template":"","meta":[],"product_brand":[],"product_cat":[82],"product_tag":[],"class_list":{"0":"post-10883","1":"product","2":"type-product","3":"status-publish","4":"has-post-thumbnail","6":"product_cat-onduleur-solaire","8":"first","9":"instock","10":"sale","11":"shipping-taxable","12":"purchasable","13":"product-type-simple"},"yoast_head":"<!-- This site is optimized with the Yoast SEO Premium plugin v22.8 (Yoast SEO v25.6) - https:\/\/yoast.com\/wordpress\/plugins\/seo\/ -->\n<title>Onduleur hybride growatt 12kva disponible au benin et au togo<\/title>\n<meta name=\"description\" content=\"ce chargeur onduleur hybride growatt 12kva combin\u00e9es d&#039;un onduleur \u00e0 onde sinuso\u00efdale pure de 12 kW et chargeur AC disponible au benin togo chez besta solar\" \/>\n<meta name=\"robots\" content=\"index, follow, max-snippet:-1, max-image-preview:large, max-video-preview:-1\" \/>\n<link rel=\"canonical\" href=\"https:\/\/www.bestasolar.com\/en\/product\/onduleur-hybride-growatt-12kva\/\" \/>\n<meta property=\"og:locale\" content=\"en_US\" \/>\n<meta property=\"og:type\" content=\"article\" \/>\n<meta property=\"og:title\" content=\"Onduleur hybride growatt 12kva\" \/>\n<meta property=\"og:description\" content=\"ce chargeur onduleur hybride growatt 12kva combin\u00e9es d&#039;un onduleur \u00e0 onde sinuso\u00efdale pure de 12 kW et chargeur AC disponible au benin togo chez besta solar\" \/>\n<meta property=\"og:url\" content=\"https:\/\/www.bestasolar.com\/en\/product\/onduleur-hybride-growatt-12kva\/\" \/>\n<meta property=\"og:site_name\" content=\"BESTA SOLAR\" \/>\n<meta property=\"article:publisher\" content=\"https:\/\/www.facebook.com\/bestasolar\/\" \/>\n<meta property=\"article:modified_time\" content=\"2025-10-14T17:41:53+00:00\" \/>\n<meta property=\"og:image\" content=\"https:\/\/www.bestasolar.com\/wp-content\/uploads\/2025\/10\/telechargement__70_-removebg-preview.png\" \/>\n\t<meta property=\"og:image:width\" content=\"503\" \/>\n\t<meta property=\"og:image:height\" content=\"496\" \/>\n\t<meta property=\"og:image:type\" content=\"image\/png\" \/>\n<meta name=\"twitter:card\" content=\"summary_large_image\" \/>\n<meta name=\"twitter:label1\" content=\"Price\" \/>\n\t<meta name=\"twitter:data1\" content=\"CFA795,000.00\" \/>\n\t<meta name=\"twitter:label2\" content=\"Availability\" \/>\n\t<meta name=\"twitter:data2\" content=\"In stock\" \/>\n<script type=\"application\/ld+json\" class=\"yoast-schema-graph\">{\"@context\":\"https:\/\/schema.org\",\"@graph\":[{\"@type\":\"WebPage\",\"@id\":\"https:\/\/www.bestasolar.com\/produit\/onduleur-hybride-growatt-12kva\/\",\"url\":\"https:\/\/www.bestasolar.com\/produit\/onduleur-hybride-growatt-12kva\/\",\"name\":\"Onduleur hybride growatt 12kva disponible au benin et au togo\",\"isPartOf\":{\"@id\":\"https:\/\/www.bestasolar.com\/#website\"},\"primaryImageOfPage\":{\"@id\":\"https:\/\/www.bestasolar.com\/produit\/onduleur-hybride-growatt-12kva\/#primaryimage\"},\"image\":{\"@id\":\"https:\/\/www.bestasolar.com\/produit\/onduleur-hybride-growatt-12kva\/#primaryimage\"},\"thumbnailUrl\":\"https:\/\/www.bestasolar.com\/wp-content\/uploads\/2025\/10\/telechargement__70_-removebg-preview.png\",\"datePublished\":\"2025-10-14T17:41:52+00:00\",\"dateModified\":\"2025-10-14T17:41:53+00:00\",\"description\":\"ce chargeur onduleur hybride growatt 12kva combin\u00e9es d'un onduleur \u00e0 onde sinuso\u00efdale pure de 12 kW et chargeur AC disponible au benin togo chez besta solar\",\"breadcrumb\":{\"@id\":\"https:\/\/www.bestasolar.com\/produit\/onduleur-hybride-growatt-12kva\/#breadcrumb\"},\"inLanguage\":\"en-US\",\"potentialAction\":[{\"@type\":\"ReadAction\",\"target\":[\"https:\/\/www.bestasolar.com\/produit\/onduleur-hybride-growatt-12kva\/\"]}]},{\"@type\":\"ImageObject\",\"inLanguage\":\"en-US\",\"@id\":\"https:\/\/www.bestasolar.com\/produit\/onduleur-hybride-growatt-12kva\/#primaryimage\",\"url\":\"https:\/\/www.bestasolar.com\/wp-content\/uploads\/2025\/10\/telechargement__70_-removebg-preview.png\",\"contentUrl\":\"https:\/\/www.bestasolar.com\/wp-content\/uploads\/2025\/10\/telechargement__70_-removebg-preview.png\",\"width\":503,\"height\":496,\"caption\":\"onduleur hybride growatt 12kva\"},{\"@type\":\"BreadcrumbList\",\"@id\":\"https:\/\/www.bestasolar.com\/produit\/onduleur-hybride-growatt-12kva\/#breadcrumb\",\"itemListElement\":[{\"@type\":\"ListItem\",\"position\":1,\"name\":\"Home\",\"item\":\"https:\/\/www.bestasolar.com\/\"},{\"@type\":\"ListItem\",\"position\":2,\"name\":\"Shop\",\"item\":\"https:\/\/www.bestasolar.com\/shop\/\"},{\"@type\":\"ListItem\",\"position\":3,\"name\":\"Onduleur hybride growatt 12kva\"}]},{\"@type\":\"WebSite\",\"@id\":\"https:\/\/www.bestasolar.com\/#website\",\"url\":\"https:\/\/www.bestasolar.com\/\",\"name\":\"BESTA SOLAR\",\"description\":\"Vente d&#039;equipement solaire batterie lithium onduleur mppt\",\"publisher\":{\"@id\":\"https:\/\/www.bestasolar.com\/#organization\"},\"potentialAction\":[{\"@type\":\"SearchAction\",\"target\":{\"@type\":\"EntryPoint\",\"urlTemplate\":\"https:\/\/www.bestasolar.com\/?s={search_term_string}\"},\"query-input\":{\"@type\":\"PropertyValueSpecification\",\"valueRequired\":true,\"valueName\":\"search_term_string\"}}],\"inLanguage\":\"en-US\"},{\"@type\":[\"Organization\",\"Place\",\"OfficeEquipmentStore\"],\"@id\":\"https:\/\/www.bestasolar.com\/#organization\",\"name\":\"BESTA SOLAR\",\"url\":\"https:\/\/www.bestasolar.com\/\",\"logo\":{\"@id\":\"https:\/\/www.bestasolar.com\/produit\/onduleur-hybride-growatt-12kva\/#local-main-organization-logo\"},\"image\":{\"@id\":\"https:\/\/www.bestasolar.com\/produit\/onduleur-hybride-growatt-12kva\/#local-main-organization-logo\"},\"sameAs\":[\"https:\/\/www.facebook.com\/bestasolar\/\",\"https:\/\/www.youtube.com\/channel\/UCYnBggiypeSN8k1IQrX6BUw\",\"https:\/\/www.tiktok.com\/@bestasolar\",\"https:\/\/www.pinterest.com\/bestasolar\/\"],\"telephone\":[\"+22961732956\"],\"contactPoint\":{\"@type\":\"ContactPoint\",\"telephone\":\"+22961732956\",\"email\":\"contact@bestasolar.com\"},\"openingHoursSpecification\":[{\"@type\":\"OpeningHoursSpecification\",\"dayOfWeek\":[\"Monday\",\"Tuesday\",\"Wednesday\",\"Thursday\",\"Friday\",\"Saturday\"],\"opens\":\"08:00\",\"closes\":\"21:00\"},{\"@type\":\"OpeningHoursSpecification\",\"dayOfWeek\":[\"Sunday\"],\"opens\":\"09:00\",\"closes\":\"18:00\"}],\"email\":\"contact@bestasolar.com\",\"faxNumber\":\"Besta Solar\",\"areaServed\":\"Afrique de l'ouest\",\"taxID\":\"02022748823174\",\"currenciesAccepted\":\"CFA\"},{\"@type\":\"ImageObject\",\"inLanguage\":\"en-US\",\"@id\":\"https:\/\/www.bestasolar.com\/produit\/onduleur-hybride-growatt-12kva\/#local-main-organization-logo\",\"url\":\"https:\/\/www.bestasolar.com\/wp-content\/uploads\/2023\/01\/BESTA-SOLAR-Logo-01-1.png\",\"contentUrl\":\"https:\/\/www.bestasolar.com\/wp-content\/uploads\/2023\/01\/BESTA-SOLAR-Logo-01-1.png\",\"width\":6250,\"height\":4167,\"caption\":\"BESTA SOLAR\"}]}<\/script>\n<meta property=\"product:price:amount\" content=\"795000.00\" \/>\n<meta property=\"product:price:currency\" content=\"XOF\" \/>\n<meta property=\"og:availability\" content=\"instock\" \/>\n<meta property=\"product:availability\" content=\"instock\" \/>\n<meta property=\"product:condition\" content=\"new\" \/>\n<meta name=\"geo.placename\" content=\"parakou\" \/>\n<meta name=\"geo.region\" content=\"Benin\" \/>\n<!-- \/ Yoast SEO Premium plugin. -->","yoast_head_json":{"title":"Onduleur hybride growatt 12kva disponible au benin et au togo","description":"ce chargeur onduleur hybride growatt 12kva combin\u00e9es d'un onduleur \u00e0 onde sinuso\u00efdale pure de 12 kW et chargeur AC disponible au benin togo chez besta solar","robots":{"index":"index","follow":"follow","max-snippet":"max-snippet:-1","max-image-preview":"max-image-preview:large","max-video-preview":"max-video-preview:-1"},"canonical":"https:\/\/www.bestasolar.com\/en\/product\/onduleur-hybride-growatt-12kva\/","og_locale":"en_US","og_type":"article","og_title":"Onduleur hybride growatt 12kva","og_description":"ce chargeur onduleur hybride growatt 12kva combin\u00e9es d'un onduleur \u00e0 onde sinuso\u00efdale pure de 12 kW et chargeur AC disponible au benin togo chez besta solar","og_url":"https:\/\/www.bestasolar.com\/en\/product\/onduleur-hybride-growatt-12kva\/","og_site_name":"BESTA SOLAR","article_publisher":"https:\/\/www.facebook.com\/bestasolar\/","article_modified_time":"2025-10-14T17:41:53+00:00","og_image":[{"width":503,"height":496,"url":"https:\/\/www.bestasolar.com\/wp-content\/uploads\/2025\/10\/telechargement__70_-removebg-preview.png","type":"image\/png"}],"twitter_card":"summary_large_image","twitter_misc":{"Price":"CFA795,000.00","Availability":"In stock"},"schema":{"@context":"https:\/\/schema.org","@graph":[{"@type":"WebPage","@id":"https:\/\/www.bestasolar.com\/produit\/onduleur-hybride-growatt-12kva\/","url":"https:\/\/www.bestasolar.com\/produit\/onduleur-hybride-growatt-12kva\/","name":"Onduleur hybride growatt 12kva disponible au benin et au togo","isPartOf":{"@id":"https:\/\/www.bestasolar.com\/#website"},"primaryImageOfPage":{"@id":"https:\/\/www.bestasolar.com\/produit\/onduleur-hybride-growatt-12kva\/#primaryimage"},"image":{"@id":"https:\/\/www.bestasolar.com\/produit\/onduleur-hybride-growatt-12kva\/#primaryimage"},"thumbnailUrl":"https:\/\/www.bestasolar.com\/wp-content\/uploads\/2025\/10\/telechargement__70_-removebg-preview.png","datePublished":"2025-10-14T17:41:52+00:00","dateModified":"2025-10-14T17:41:53+00:00","description":"ce chargeur onduleur hybride growatt 12kva combin\u00e9es d'un onduleur \u00e0 onde sinuso\u00efdale pure de 12 kW et chargeur AC disponible au benin togo chez besta solar","breadcrumb":{"@id":"https:\/\/www.bestasolar.com\/produit\/onduleur-hybride-growatt-12kva\/#breadcrumb"},"inLanguage":"en-US","potentialAction":[{"@type":"ReadAction","target":["https:\/\/www.bestasolar.com\/produit\/onduleur-hybride-growatt-12kva\/"]}]},{"@type":"ImageObject","inLanguage":"en-US","@id":"https:\/\/www.bestasolar.com\/produit\/onduleur-hybride-growatt-12kva\/#primaryimage","url":"https:\/\/www.bestasolar.com\/wp-content\/uploads\/2025\/10\/telechargement__70_-removebg-preview.png","contentUrl":"https:\/\/www.bestasolar.com\/wp-content\/uploads\/2025\/10\/telechargement__70_-removebg-preview.png","width":503,"height":496,"caption":"onduleur hybride growatt 12kva"},{"@type":"BreadcrumbList","@id":"https:\/\/www.bestasolar.com\/produit\/onduleur-hybride-growatt-12kva\/#breadcrumb","itemListElement":[{"@type":"ListItem","position":1,"name":"Home","item":"https:\/\/www.bestasolar.com\/"},{"@type":"ListItem","position":2,"name":"Shop","item":"https:\/\/www.bestasolar.com\/shop\/"},{"@type":"ListItem","position":3,"name":"Onduleur hybride growatt 12kva"}]},{"@type":"WebSite","@id":"https:\/\/www.bestasolar.com\/#website","url":"https:\/\/www.bestasolar.com\/","name":"BESTA SOLAR","description":"Vente d&#039;equipement solaire batterie lithium onduleur mppt","publisher":{"@id":"https:\/\/www.bestasolar.com\/#organization"},"potentialAction":[{"@type":"SearchAction","target":{"@type":"EntryPoint","urlTemplate":"https:\/\/www.bestasolar.com\/?s={search_term_string}"},"query-input":{"@type":"PropertyValueSpecification","valueRequired":true,"valueName":"search_term_string"}}],"inLanguage":"en-US"},{"@type":["Organization","Place","OfficeEquipmentStore"],"@id":"https:\/\/www.bestasolar.com\/#organization","name":"BESTA SOLAR","url":"https:\/\/www.bestasolar.com\/","logo":{"@id":"https:\/\/www.bestasolar.com\/produit\/onduleur-hybride-growatt-12kva\/#local-main-organization-logo"},"image":{"@id":"https:\/\/www.bestasolar.com\/produit\/onduleur-hybride-growatt-12kva\/#local-main-organization-logo"},"sameAs":["https:\/\/www.facebook.com\/bestasolar\/","https:\/\/www.youtube.com\/channel\/UCYnBggiypeSN8k1IQrX6BUw","https:\/\/www.tiktok.com\/@bestasolar","https:\/\/www.pinterest.com\/bestasolar\/"],"telephone":["+22961732956"],"contactPoint":{"@type":"ContactPoint","telephone":"+22961732956","email":"contact@bestasolar.com"},"openingHoursSpecification":[{"@type":"OpeningHoursSpecification","dayOfWeek":["Monday","Tuesday","Wednesday","Thursday","Friday","Saturday"],"opens":"08:00","closes":"21:00"},{"@type":"OpeningHoursSpecification","dayOfWeek":["Sunday"],"opens":"09:00","closes":"18:00"}],"email":"contact@bestasolar.com","faxNumber":"Besta Solar","areaServed":"Afrique de l'ouest","taxID":"02022748823174","currenciesAccepted":"CFA"},{"@type":"ImageObject","inLanguage":"en-US","@id":"https:\/\/www.bestasolar.com\/produit\/onduleur-hybride-growatt-12kva\/#local-main-organization-logo","url":"https:\/\/www.bestasolar.com\/wp-content\/uploads\/2023\/01\/BESTA-SOLAR-Logo-01-1.png","contentUrl":"https:\/\/www.bestasolar.com\/wp-content\/uploads\/2023\/01\/BESTA-SOLAR-Logo-01-1.png","width":6250,"height":4167,"caption":"BESTA SOLAR"}]},"product_price_amount":"795000.00","product_price_currency":"XOF","og_availability":"instock","product_availability":"instock","product_condition":"new","geo.placename":"parakou","geo.region":"Benin"},"jetpack_sharing_enabled":true,"_links":{"self":[{"href":"https:\/\/www.bestasolar.com\/en\/wp-json\/wp\/v2\/product\/10883"}],"collection":[{"href":"https:\/\/www.bestasolar.com\/en\/wp-json\/wp\/v2\/product"}],"about":[{"href":"https:\/\/www.bestasolar.com\/en\/wp-json\/wp\/v2\/types\/product"}],"replies":[{"embeddable":true,"href":"https:\/\/www.bestasolar.com\/en\/wp-json\/wp\/v2\/comments?post=10883"}],"wp:featuredmedia":[{"embeddable":true,"href":"https:\/\/www.bestasolar.com\/en\/wp-json\/wp\/v2\/media\/10886"}],"wp:attachment":[{"href":"https:\/\/www.bestasolar.com\/en\/wp-json\/wp\/v2\/media?parent=10883"}],"wp:term":[{"taxonomy":"product_brand","embeddable":true,"href":"https:\/\/www.bestasolar.com\/en\/wp-json\/wp\/v2\/product_brand?post=10883"},{"taxonomy":"product_cat","embeddable":true,"href":"https:\/\/www.bestasolar.com\/en\/wp-json\/wp\/v2\/product_cat?post=10883"},{"taxonomy":"product_tag","embeddable":true,"href":"https:\/\/www.bestasolar.com\/en\/wp-json\/wp\/v2\/product_tag?post=10883"}],"curies":[{"name":"wp","href":"https:\/\/api.w.org\/{rel}","templated":true}]}}