{"id":10891,"date":"2025-10-14T21:58:40","date_gmt":"2025-10-14T19:58:40","guid":{"rendered":"https:\/\/www.bestasolar.com\/?post_type=product&#038;p=10891"},"modified":"2025-10-14T21:58:41","modified_gmt":"2025-10-14T19:58:41","slug":"controleur-de-charge-mppt-growatt-120-a","status":"publish","type":"product","link":"https:\/\/www.bestasolar.com\/en\/product\/controleur-de-charge-mppt-growatt-120-a\/","title":{"rendered":"Contr\u00f4leur de charge mppt Growatt 120 A"},"content":{"rendered":"<div class=\"et_pb_module et_pb_text et_pb_text_0  et_pb_text_align_left et_pb_bg_layout_dark\">\n<div class=\"et_pb_text_inner\">\n<h2><span dir=\"auto\">Contr\u00f4leur de charge mppt Growatt <\/span><span dir=\"auto\">120 A<\/span><\/h2>\n<\/div>\n<\/div>\n<div class=\"et_pb_module et_pb_text et_pb_text_1  et_pb_text_align_left et_pb_bg_layout_dark\">\n<div class=\"et_pb_text_inner\">\n<p><span dir=\"auto\">Le contr\u00f4leur de charge MPPT <a href=\"https:\/\/en.growatt.com\/\">Growatt<\/a> 250v 120 A est un r\u00e9gulateur de tension et de courant qui pr\u00e9vient la surcharge de vos batteries d&#8217;onduleur ou de vos batteries externes. Ce MPPT 120 A est compatible avec les syst\u00e8mes 12 V, 24 V et 48 V. Il peut supporter 7 kW de panneaux photovolta\u00efques ! C&#8217;est donc un excellent compl\u00e9ment \u00e0 votre syst\u00e8me !<\/span><\/p>\n<p>&nbsp;<\/p>\n<h3><strong><span dir=\"auto\">Caract\u00e9ristiques<\/span><\/strong><\/h3>\n<ul>\n<li><span dir=\"auto\">Courant de charge jusqu&#8217;\u00e0 120A<\/span><\/li>\n<li><span dir=\"auto\">Prise en charge du fonctionnement parall\u00e8le pour l&#8217;extension de capacit\u00e9<\/span><\/li>\n<li><span dir=\"auto\">BTS pour la compensation de batterie<\/span><\/li>\n<li><span dir=\"auto\">Prise en charge de la surveillance \u00e0 distance WiFi et GPRS<\/span><\/li>\n<li><span dir=\"auto\">Plateforme PVkeeper pour la configuration locale<\/span><\/li>\n<li><span dir=\"auto\">Protection contre l&#8217;inversion de polarit\u00e9 de la batterie<\/span><\/li>\n<\/ul>\n<p>Disponible chez<a href=\"https:\/\/www.bestasolar.com\/en\/\"> besta solar<\/a> au benin et togo<\/p>\n<\/div>\n<\/div>","protected":false},"excerpt":{"rendered":"<ul>\n<li><span dir=\"auto\">Courant de charge jusqu&#8217;\u00e0 120A<\/span><\/li>\n<li><span dir=\"auto\">Prise en charge du fonctionnement parall\u00e8le pour l&#8217;extension de capacit\u00e9<\/span><\/li>\n<li><span dir=\"auto\">BTS pour la compensation de batterie<\/span><\/li>\n<li><span dir=\"auto\">Prise en charge de la surveillance \u00e0 distance WiFi et GPRS<\/span><\/li>\n<li><span dir=\"auto\">Plateforme PVkeeper pour la configuration locale<\/span><\/li>\n<li><span dir=\"auto\">Protection contre l&#8217;inversion de polarit\u00e9 de la batterie<\/span><\/li>\n<\/ul>","protected":false},"featured_media":10893,"comment_status":"open","ping_status":"closed","template":"","meta":[],"product_brand":[],"product_cat":[71],"product_tag":[],"class_list":{"0":"post-10891","1":"product","2":"type-product","3":"status-publish","4":"has-post-thumbnail","6":"product_cat-regulateur-mppt","8":"first","9":"instock","10":"sale","11":"shipping-taxable","12":"purchasable","13":"product-type-simple"},"yoast_head":"<!-- This site is optimized with the Yoast SEO Premium plugin v22.8 (Yoast SEO v25.6) - https:\/\/yoast.com\/wordpress\/plugins\/seo\/ -->\n<title>Contr\u00f4leur de charge mppt Growatt 120 A<\/title>\n<meta name=\"description\" content=\"Contr\u00f4leur de charge mppt Growatt 120 au meilleur rendement meilleur raport qualiter prix disponible chez besta solar au benin et togo\" \/>\n<meta name=\"robots\" content=\"index, follow, max-snippet:-1, max-image-preview:large, max-video-preview:-1\" \/>\n<link rel=\"canonical\" href=\"https:\/\/www.bestasolar.com\/en\/product\/controleur-de-charge-mppt-growatt-120-a\/\" \/>\n<meta property=\"og:locale\" content=\"en_US\" \/>\n<meta property=\"og:type\" content=\"article\" \/>\n<meta property=\"og:title\" content=\"Contr\u00f4leur de charge mppt Growatt 120 A\" \/>\n<meta property=\"og:description\" content=\"Contr\u00f4leur de charge mppt Growatt 120 au meilleur rendement meilleur raport qualiter prix disponible chez besta solar au benin et togo\" \/>\n<meta property=\"og:url\" content=\"https:\/\/www.bestasolar.com\/en\/product\/controleur-de-charge-mppt-growatt-120-a\/\" \/>\n<meta property=\"og:site_name\" content=\"BESTA SOLAR\" \/>\n<meta property=\"article:publisher\" content=\"https:\/\/www.facebook.com\/bestasolar\/\" \/>\n<meta property=\"article:modified_time\" content=\"2025-10-14T19:58:41+00:00\" \/>\n<meta property=\"og:image\" content=\"https:\/\/www.bestasolar.com\/wp-content\/uploads\/2025\/10\/imgi_53_1519019-timg__83011.1744054847.png\" \/>\n\t<meta property=\"og:image:width\" content=\"1280\" \/>\n\t<meta property=\"og:image:height\" content=\"1280\" \/>\n\t<meta property=\"og:image:type\" content=\"image\/png\" \/>\n<meta name=\"twitter:card\" content=\"summary_large_image\" \/>\n<meta name=\"twitter:label1\" content=\"Price\" \/>\n\t<meta name=\"twitter:data1\" content=\"CFA265,000.00\" \/>\n\t<meta name=\"twitter:label2\" content=\"Availability\" \/>\n\t<meta name=\"twitter:data2\" content=\"In stock\" \/>\n<script type=\"application\/ld+json\" class=\"yoast-schema-graph\">{\"@context\":\"https:\/\/schema.org\",\"@graph\":[{\"@type\":\"WebPage\",\"@id\":\"https:\/\/www.bestasolar.com\/produit\/controleur-de-charge-mppt-growatt-120-a\/\",\"url\":\"https:\/\/www.bestasolar.com\/produit\/controleur-de-charge-mppt-growatt-120-a\/\",\"name\":\"Contr\u00f4leur de charge mppt Growatt 120 A\",\"isPartOf\":{\"@id\":\"https:\/\/www.bestasolar.com\/#website\"},\"primaryImageOfPage\":{\"@id\":\"https:\/\/www.bestasolar.com\/produit\/controleur-de-charge-mppt-growatt-120-a\/#primaryimage\"},\"image\":{\"@id\":\"https:\/\/www.bestasolar.com\/produit\/controleur-de-charge-mppt-growatt-120-a\/#primaryimage\"},\"thumbnailUrl\":\"https:\/\/www.bestasolar.com\/wp-content\/uploads\/2025\/10\/imgi_53_1519019-timg__83011.1744054847.png\",\"datePublished\":\"2025-10-14T19:58:40+00:00\",\"dateModified\":\"2025-10-14T19:58:41+00:00\",\"description\":\"Contr\u00f4leur de charge mppt Growatt 120 au meilleur rendement meilleur raport qualiter prix disponible chez besta solar au benin et togo\",\"breadcrumb\":{\"@id\":\"https:\/\/www.bestasolar.com\/produit\/controleur-de-charge-mppt-growatt-120-a\/#breadcrumb\"},\"inLanguage\":\"en-US\",\"potentialAction\":[{\"@type\":\"ReadAction\",\"target\":[\"https:\/\/www.bestasolar.com\/produit\/controleur-de-charge-mppt-growatt-120-a\/\"]}]},{\"@type\":\"ImageObject\",\"inLanguage\":\"en-US\",\"@id\":\"https:\/\/www.bestasolar.com\/produit\/controleur-de-charge-mppt-growatt-120-a\/#primaryimage\",\"url\":\"https:\/\/www.bestasolar.com\/wp-content\/uploads\/2025\/10\/imgi_53_1519019-timg__83011.1744054847.png\",\"contentUrl\":\"https:\/\/www.bestasolar.com\/wp-content\/uploads\/2025\/10\/imgi_53_1519019-timg__83011.1744054847.png\",\"width\":1280,\"height\":1280,\"caption\":\"growatt mppt\"},{\"@type\":\"BreadcrumbList\",\"@id\":\"https:\/\/www.bestasolar.com\/produit\/controleur-de-charge-mppt-growatt-120-a\/#breadcrumb\",\"itemListElement\":[{\"@type\":\"ListItem\",\"position\":1,\"name\":\"Home\",\"item\":\"https:\/\/www.bestasolar.com\/\"},{\"@type\":\"ListItem\",\"position\":2,\"name\":\"Shop\",\"item\":\"https:\/\/www.bestasolar.com\/shop\/\"},{\"@type\":\"ListItem\",\"position\":3,\"name\":\"Contr\u00f4leur de charge mppt Growatt 120 A\"}]},{\"@type\":\"WebSite\",\"@id\":\"https:\/\/www.bestasolar.com\/#website\",\"url\":\"https:\/\/www.bestasolar.com\/\",\"name\":\"BESTA SOLAR\",\"description\":\"Vente d&#039;equipement solaire batterie lithium onduleur mppt\",\"publisher\":{\"@id\":\"https:\/\/www.bestasolar.com\/#organization\"},\"potentialAction\":[{\"@type\":\"SearchAction\",\"target\":{\"@type\":\"EntryPoint\",\"urlTemplate\":\"https:\/\/www.bestasolar.com\/?s={search_term_string}\"},\"query-input\":{\"@type\":\"PropertyValueSpecification\",\"valueRequired\":true,\"valueName\":\"search_term_string\"}}],\"inLanguage\":\"en-US\"},{\"@type\":[\"Organization\",\"Place\",\"OfficeEquipmentStore\"],\"@id\":\"https:\/\/www.bestasolar.com\/#organization\",\"name\":\"BESTA SOLAR\",\"url\":\"https:\/\/www.bestasolar.com\/\",\"logo\":{\"@id\":\"https:\/\/www.bestasolar.com\/produit\/controleur-de-charge-mppt-growatt-120-a\/#local-main-organization-logo\"},\"image\":{\"@id\":\"https:\/\/www.bestasolar.com\/produit\/controleur-de-charge-mppt-growatt-120-a\/#local-main-organization-logo\"},\"sameAs\":[\"https:\/\/www.facebook.com\/bestasolar\/\",\"https:\/\/www.youtube.com\/channel\/UCYnBggiypeSN8k1IQrX6BUw\",\"https:\/\/www.tiktok.com\/@bestasolar\",\"https:\/\/www.pinterest.com\/bestasolar\/\"],\"telephone\":[\"+22961732956\"],\"contactPoint\":{\"@type\":\"ContactPoint\",\"telephone\":\"+22961732956\",\"email\":\"contact@bestasolar.com\"},\"openingHoursSpecification\":[{\"@type\":\"OpeningHoursSpecification\",\"dayOfWeek\":[\"Monday\",\"Tuesday\",\"Wednesday\",\"Thursday\",\"Friday\",\"Saturday\"],\"opens\":\"08:00\",\"closes\":\"21:00\"},{\"@type\":\"OpeningHoursSpecification\",\"dayOfWeek\":[\"Sunday\"],\"opens\":\"09:00\",\"closes\":\"18:00\"}],\"email\":\"contact@bestasolar.com\",\"faxNumber\":\"Besta Solar\",\"areaServed\":\"Afrique de l'ouest\",\"taxID\":\"02022748823174\",\"currenciesAccepted\":\"CFA\"},{\"@type\":\"ImageObject\",\"inLanguage\":\"en-US\",\"@id\":\"https:\/\/www.bestasolar.com\/produit\/controleur-de-charge-mppt-growatt-120-a\/#local-main-organization-logo\",\"url\":\"https:\/\/www.bestasolar.com\/wp-content\/uploads\/2023\/01\/BESTA-SOLAR-Logo-01-1.png\",\"contentUrl\":\"https:\/\/www.bestasolar.com\/wp-content\/uploads\/2023\/01\/BESTA-SOLAR-Logo-01-1.png\",\"width\":6250,\"height\":4167,\"caption\":\"BESTA SOLAR\"}]}<\/script>\n<meta property=\"product:price:amount\" content=\"265000.00\" \/>\n<meta property=\"product:price:currency\" content=\"XOF\" \/>\n<meta property=\"og:availability\" content=\"instock\" \/>\n<meta property=\"product:availability\" content=\"instock\" \/>\n<meta property=\"product:condition\" content=\"new\" \/>\n<meta name=\"geo.placename\" content=\"parakou\" \/>\n<meta name=\"geo.region\" content=\"Benin\" \/>\n<!-- \/ Yoast SEO Premium plugin. -->","yoast_head_json":{"title":"Contr\u00f4leur de charge mppt Growatt 120 A","description":"Contr\u00f4leur de charge mppt Growatt 120 au meilleur rendement meilleur raport qualiter prix disponible chez besta solar au benin et togo","robots":{"index":"index","follow":"follow","max-snippet":"max-snippet:-1","max-image-preview":"max-image-preview:large","max-video-preview":"max-video-preview:-1"},"canonical":"https:\/\/www.bestasolar.com\/en\/product\/controleur-de-charge-mppt-growatt-120-a\/","og_locale":"en_US","og_type":"article","og_title":"Contr\u00f4leur de charge mppt Growatt 120 A","og_description":"Contr\u00f4leur de charge mppt Growatt 120 au meilleur rendement meilleur raport qualiter prix disponible chez besta solar au benin et togo","og_url":"https:\/\/www.bestasolar.com\/en\/product\/controleur-de-charge-mppt-growatt-120-a\/","og_site_name":"BESTA SOLAR","article_publisher":"https:\/\/www.facebook.com\/bestasolar\/","article_modified_time":"2025-10-14T19:58:41+00:00","og_image":[{"width":1280,"height":1280,"url":"https:\/\/www.bestasolar.com\/wp-content\/uploads\/2025\/10\/imgi_53_1519019-timg__83011.1744054847.png","type":"image\/png"}],"twitter_card":"summary_large_image","twitter_misc":{"Price":"CFA265,000.00","Availability":"In stock"},"schema":{"@context":"https:\/\/schema.org","@graph":[{"@type":"WebPage","@id":"https:\/\/www.bestasolar.com\/produit\/controleur-de-charge-mppt-growatt-120-a\/","url":"https:\/\/www.bestasolar.com\/produit\/controleur-de-charge-mppt-growatt-120-a\/","name":"Contr\u00f4leur de charge mppt Growatt 120 A","isPartOf":{"@id":"https:\/\/www.bestasolar.com\/#website"},"primaryImageOfPage":{"@id":"https:\/\/www.bestasolar.com\/produit\/controleur-de-charge-mppt-growatt-120-a\/#primaryimage"},"image":{"@id":"https:\/\/www.bestasolar.com\/produit\/controleur-de-charge-mppt-growatt-120-a\/#primaryimage"},"thumbnailUrl":"https:\/\/www.bestasolar.com\/wp-content\/uploads\/2025\/10\/imgi_53_1519019-timg__83011.1744054847.png","datePublished":"2025-10-14T19:58:40+00:00","dateModified":"2025-10-14T19:58:41+00:00","description":"Contr\u00f4leur de charge mppt Growatt 120 au meilleur rendement meilleur raport qualiter prix disponible chez besta solar au benin et togo","breadcrumb":{"@id":"https:\/\/www.bestasolar.com\/produit\/controleur-de-charge-mppt-growatt-120-a\/#breadcrumb"},"inLanguage":"en-US","potentialAction":[{"@type":"ReadAction","target":["https:\/\/www.bestasolar.com\/produit\/controleur-de-charge-mppt-growatt-120-a\/"]}]},{"@type":"ImageObject","inLanguage":"en-US","@id":"https:\/\/www.bestasolar.com\/produit\/controleur-de-charge-mppt-growatt-120-a\/#primaryimage","url":"https:\/\/www.bestasolar.com\/wp-content\/uploads\/2025\/10\/imgi_53_1519019-timg__83011.1744054847.png","contentUrl":"https:\/\/www.bestasolar.com\/wp-content\/uploads\/2025\/10\/imgi_53_1519019-timg__83011.1744054847.png","width":1280,"height":1280,"caption":"growatt mppt"},{"@type":"BreadcrumbList","@id":"https:\/\/www.bestasolar.com\/produit\/controleur-de-charge-mppt-growatt-120-a\/#breadcrumb","itemListElement":[{"@type":"ListItem","position":1,"name":"Home","item":"https:\/\/www.bestasolar.com\/"},{"@type":"ListItem","position":2,"name":"Shop","item":"https:\/\/www.bestasolar.com\/shop\/"},{"@type":"ListItem","position":3,"name":"Contr\u00f4leur de charge mppt Growatt 120 A"}]},{"@type":"WebSite","@id":"https:\/\/www.bestasolar.com\/#website","url":"https:\/\/www.bestasolar.com\/","name":"BESTA SOLAR","description":"Vente d&#039;equipement solaire batterie lithium onduleur mppt","publisher":{"@id":"https:\/\/www.bestasolar.com\/#organization"},"potentialAction":[{"@type":"SearchAction","target":{"@type":"EntryPoint","urlTemplate":"https:\/\/www.bestasolar.com\/?s={search_term_string}"},"query-input":{"@type":"PropertyValueSpecification","valueRequired":true,"valueName":"search_term_string"}}],"inLanguage":"en-US"},{"@type":["Organization","Place","OfficeEquipmentStore"],"@id":"https:\/\/www.bestasolar.com\/#organization","name":"BESTA SOLAR","url":"https:\/\/www.bestasolar.com\/","logo":{"@id":"https:\/\/www.bestasolar.com\/produit\/controleur-de-charge-mppt-growatt-120-a\/#local-main-organization-logo"},"image":{"@id":"https:\/\/www.bestasolar.com\/produit\/controleur-de-charge-mppt-growatt-120-a\/#local-main-organization-logo"},"sameAs":["https:\/\/www.facebook.com\/bestasolar\/","https:\/\/www.youtube.com\/channel\/UCYnBggiypeSN8k1IQrX6BUw","https:\/\/www.tiktok.com\/@bestasolar","https:\/\/www.pinterest.com\/bestasolar\/"],"telephone":["+22961732956"],"contactPoint":{"@type":"ContactPoint","telephone":"+22961732956","email":"contact@bestasolar.com"},"openingHoursSpecification":[{"@type":"OpeningHoursSpecification","dayOfWeek":["Monday","Tuesday","Wednesday","Thursday","Friday","Saturday"],"opens":"08:00","closes":"21:00"},{"@type":"OpeningHoursSpecification","dayOfWeek":["Sunday"],"opens":"09:00","closes":"18:00"}],"email":"contact@bestasolar.com","faxNumber":"Besta Solar","areaServed":"Afrique de l'ouest","taxID":"02022748823174","currenciesAccepted":"CFA"},{"@type":"ImageObject","inLanguage":"en-US","@id":"https:\/\/www.bestasolar.com\/produit\/controleur-de-charge-mppt-growatt-120-a\/#local-main-organization-logo","url":"https:\/\/www.bestasolar.com\/wp-content\/uploads\/2023\/01\/BESTA-SOLAR-Logo-01-1.png","contentUrl":"https:\/\/www.bestasolar.com\/wp-content\/uploads\/2023\/01\/BESTA-SOLAR-Logo-01-1.png","width":6250,"height":4167,"caption":"BESTA SOLAR"}]},"product_price_amount":"265000.00","product_price_currency":"XOF","og_availability":"instock","product_availability":"instock","product_condition":"new","geo.placename":"parakou","geo.region":"Benin"},"jetpack_sharing_enabled":true,"_links":{"self":[{"href":"https:\/\/www.bestasolar.com\/en\/wp-json\/wp\/v2\/product\/10891"}],"collection":[{"href":"https:\/\/www.bestasolar.com\/en\/wp-json\/wp\/v2\/product"}],"about":[{"href":"https:\/\/www.bestasolar.com\/en\/wp-json\/wp\/v2\/types\/product"}],"replies":[{"embeddable":true,"href":"https:\/\/www.bestasolar.com\/en\/wp-json\/wp\/v2\/comments?post=10891"}],"wp:featuredmedia":[{"embeddable":true,"href":"https:\/\/www.bestasolar.com\/en\/wp-json\/wp\/v2\/media\/10893"}],"wp:attachment":[{"href":"https:\/\/www.bestasolar.com\/en\/wp-json\/wp\/v2\/media?parent=10891"}],"wp:term":[{"taxonomy":"product_brand","embeddable":true,"href":"https:\/\/www.bestasolar.com\/en\/wp-json\/wp\/v2\/product_brand?post=10891"},{"taxonomy":"product_cat","embeddable":true,"href":"https:\/\/www.bestasolar.com\/en\/wp-json\/wp\/v2\/product_cat?post=10891"},{"taxonomy":"product_tag","embeddable":true,"href":"https:\/\/www.bestasolar.com\/en\/wp-json\/wp\/v2\/product_tag?post=10891"}],"curies":[{"name":"wp","href":"https:\/\/api.w.org\/{rel}","templated":true}]}}