{"id":10902,"date":"2025-10-15T20:26:04","date_gmt":"2025-10-15T18:26:04","guid":{"rendered":"https:\/\/www.bestasolar.com\/?post_type=product&#038;p=10902"},"modified":"2025-10-15T20:26:05","modified_gmt":"2025-10-15T18:26:05","slug":"onduleur-hybride-felicity-solar-ivem-6048-6-kva","status":"publish","type":"product","link":"https:\/\/www.bestasolar.com\/en\/product\/onduleur-hybride-felicity-solar-ivem-6048-6-kva\/","title":{"rendered":"Onduleur hybride Felicity Solar IVEM 6048 \u2013 6 kVA"},"content":{"rendered":"<p data-start=\"643\" data-end=\"936\"><span dir=\"auto\">L&#8217;<strong>Onduleur hybride Felicity Solar IVEM 6048<\/strong> \u2013 6 kVA <\/span><span dir=\"auto\">combine un onduleur sinuso\u00efdal pur, un chargeur de batterie intelligent et un r\u00e9gulateur solaire MPPT int\u00e9gr\u00e9 dans un bo\u00eetier compact. Con\u00e7u pour\u00a0<\/span><strong data-start=\"793\" data-end=\"815\"><span dir=\"auto\">les parcs de batteries de 48 V<\/span><\/strong><span dir=\"auto\">, il d\u00e9livre <\/span><strong data-start=\"829\" data-end=\"859\"><span dir=\"auto\">une puissance CA de 6 kVA<\/span><\/strong><span dir=\"auto\">\u00a0tout en g\u00e9rant harmonieusement les sources d&#8217;\u00e9nergie solaire, batterie, r\u00e9seau et g\u00e9n\u00e9rateur.<\/span><\/p>\n<p data-start=\"938\" data-end=\"1198\"><span dir=\"auto\">Gr\u00e2ce \u00e0 la connectivit\u00e9 Wi-Fi pour l&#8217;acc\u00e8s et la surveillance \u00e0 distance via une application mobile ou un portail Web, l&#8217;appareil prend en charge\u00a0<\/span><strong data-start=\"1047\" data-end=\"1086\"><span dir=\"auto\">l&#8217;extension parall\u00e8le jusqu&#8217;\u00e0 6 unit\u00e9s<\/span><\/strong><span dir=\"auto\">\u00a0, ce qui le rend adapt\u00e9 aux maisons, aux bureaux ou aux applications solaires hors r\u00e9seau dans les r\u00e9gions o\u00f9 l&#8217;alimentation r\u00e9seau est irr\u00e9guli\u00e8re.<\/span><\/p>\n<hr data-start=\"1200\" data-end=\"1203\" \/>\n<h3 data-start=\"1205\" data-end=\"1223\"><span dir=\"auto\">Caract\u00e9ristiques principales Onduleur hybride <a href=\"https:\/\/africa.felicitysolar.com\/africa-fr\/produit\/ivem6048-ii\/\">Felicity Solar<\/a> IVEM 6048 \u2013 6 kVA\u00a0<\/span><\/h3>\n<ul data-start=\"1224\" data-end=\"1893\">\n<li data-start=\"1224\" data-end=\"1285\">\n<p data-start=\"1226\" data-end=\"1285\"><strong data-start=\"1226\" data-end=\"1257\"><span dir=\"auto\">Sortie sinuso\u00efdale pure de 6 kVA<\/span><\/strong><span dir=\"auto\">\u00a0fournissant une alimentation CA propre<\/span><\/p>\n<\/li>\n<li data-start=\"1286\" data-end=\"1368\">\n<p data-start=\"1288\" data-end=\"1368\"><strong data-start=\"1288\" data-end=\"1331\"><span dir=\"auto\">Contr\u00f4leur de charge solaire MPPT int\u00e9gr\u00e9<\/span><\/strong><span dir=\"auto\">\u00a0pour une utilisation efficace de l&#8217;\u00e9nergie photovolta\u00efque<\/span><\/p>\n<\/li>\n<li data-start=\"1369\" data-end=\"1439\">\n<p data-start=\"1371\" data-end=\"1439\"><strong data-start=\"1371\" data-end=\"1418\"><span dir=\"auto\">Surveillance et contr\u00f4le \u00e0 distance via Wi-Fi<\/span><\/strong><span dir=\"auto\">\u00a0via une application mobile\/Web<\/span><\/p>\n<\/li>\n<li data-start=\"1440\" data-end=\"1511\">\n<p data-start=\"1442\" data-end=\"1511\"><strong data-start=\"1442\" data-end=\"1472\"><span dir=\"auto\">Prise en charge du fonctionnement parall\u00e8le<\/span><\/strong><span dir=\"auto\">\u00a0jusqu&#8217;\u00e0 6 unit\u00e9s pour une mise \u00e0 l&#8217;\u00e9chelle \u00e0 la demande<\/span><\/p>\n<\/li>\n<li data-start=\"1512\" data-end=\"1579\">\n<p data-start=\"1514\" data-end=\"1579\"><strong data-start=\"1514\" data-end=\"1541\"><span dir=\"auto\">Commutation de transfert rapide<\/span><\/strong><span dir=\"auto\">\u00a0(~10 ms typique ; ~20 ms sous charge)<\/span><\/p>\n<\/li>\n<li data-start=\"1580\" data-end=\"1661\">\n<p data-start=\"1582\" data-end=\"1661\"><strong data-start=\"1582\" data-end=\"1614\"><span dir=\"auto\">Param\u00e8tres de charge r\u00e9glables,<\/span><\/strong><span dir=\"auto\">\u00a0y compris les limites de courant et la priorit\u00e9 de la source<\/span><\/p>\n<\/li>\n<li data-start=\"1662\" data-end=\"1793\">\n<p data-start=\"1664\" data-end=\"1793\"><strong data-start=\"1664\" data-end=\"1700\"><span dir=\"auto\">Protections compl\u00e8tes du syst\u00e8me<\/span><\/strong><span dir=\"auto\">\u00a0: surcharge, court-circuit, surcharge, surchauffe, basse\/haute tension, inversion de polarit\u00e9<\/span><\/p>\n<\/li>\n<li data-start=\"1794\" data-end=\"1893\">\n<p data-start=\"1796\" data-end=\"1893\"><strong data-start=\"1796\" data-end=\"1836\"><span dir=\"auto\">Prise en charge de plusieurs modes de fonctionnement<\/span><\/strong><span dir=\"auto\">\u00a0: d\u00e9marrage \u00e0 froid, g\u00e9n\u00e9rateur, d\u00e9rivation du r\u00e9seau, logique solaire en premier<\/span><\/p>\n<\/li>\n<\/ul>\n<hr data-start=\"1895\" data-end=\"1898\" \/>\n<h3 data-start=\"1900\" data-end=\"1930\"><span dir=\"auto\">Sp\u00e9cifications techniques<\/span><\/h3>\n<div class=\"_tableContainer_80l1q_1\">\n<div class=\"_tableWrapper_80l1q_14 group flex w-fit flex-col-reverse\" tabindex=\"-1\">\n<table class=\"w-fit min-w-(--thread-content-width)\" data-start=\"1932\" data-end=\"3379\">\n<thead data-start=\"1932\" data-end=\"2014\">\n<tr data-start=\"1932\" data-end=\"2014\">\n<th data-start=\"1932\" data-end=\"1966\" data-col-size=\"sm\"><span dir=\"auto\">Sp\u00e9cification<\/span><\/th>\n<th data-start=\"1966\" data-end=\"2014\" data-col-size=\"md\"><span dir=\"auto\">D\u00e9tails<\/span><\/th>\n<\/tr>\n<\/thead>\n<tbody data-start=\"2097\" data-end=\"3379\">\n<tr data-start=\"2097\" data-end=\"2179\">\n<td data-start=\"2097\" data-end=\"2130\" data-col-size=\"sm\"><strong data-start=\"2099\" data-end=\"2108\"><span dir=\"auto\">Mod\u00e8le<\/span><\/strong><\/td>\n<td data-start=\"2130\" data-end=\"2179\" data-col-size=\"md\"><span dir=\"auto\">IVEM 6048<\/span><\/td>\n<\/tr>\n<tr data-start=\"2180\" data-end=\"2262\">\n<td data-start=\"2180\" data-end=\"2213\" data-col-size=\"sm\"><strong data-start=\"2182\" data-end=\"2204\"><span dir=\"auto\">Puissance de sortie nominale<\/span><\/strong><\/td>\n<td data-start=\"2213\" data-end=\"2262\" data-col-size=\"md\"><span dir=\"auto\">6 kVA (\u2248 6 000 W)<\/span><\/td>\n<\/tr>\n<tr data-start=\"2263\" data-end=\"2345\">\n<td data-start=\"2263\" data-end=\"2296\" data-col-size=\"sm\"><strong data-start=\"2265\" data-end=\"2285\"><span dir=\"auto\">Tension d&#8217;entr\u00e9e CC<\/span><\/strong><\/td>\n<td data-start=\"2296\" data-end=\"2345\" data-col-size=\"md\"><span dir=\"auto\">48 V<\/span><\/td>\n<\/tr>\n<tr data-start=\"2346\" data-end=\"2428\">\n<td data-start=\"2346\" data-end=\"2379\" data-col-size=\"sm\"><strong data-start=\"2348\" data-end=\"2367\"><span dir=\"auto\">Forme d&#8217;onde de sortie<\/span><\/strong><\/td>\n<td data-start=\"2379\" data-end=\"2428\" data-col-size=\"md\"><span dir=\"auto\">Onde sinuso\u00efdale pure<\/span><\/td>\n<\/tr>\n<tr data-start=\"2429\" data-end=\"2511\">\n<td data-start=\"2429\" data-end=\"2462\" data-col-size=\"sm\"><strong data-start=\"2431\" data-end=\"2451\"><span dir=\"auto\">Entr\u00e9e MPPT solaire<\/span><\/strong><\/td>\n<td data-start=\"2462\" data-end=\"2511\" data-col-size=\"md\"><span dir=\"auto\">Contr\u00f4leur MPPT int\u00e9gr\u00e9 (mod\u00e8le sp\u00e9cifique)<\/span><\/td>\n<\/tr>\n<tr data-start=\"2512\" data-end=\"2594\">\n<td data-start=\"2512\" data-end=\"2545\" data-col-size=\"sm\"><strong data-start=\"2514\" data-end=\"2543\"><span dir=\"auto\">Efficacit\u00e9 (r\u00e9seau\/batterie)<\/span><\/strong><\/td>\n<td data-start=\"2545\" data-end=\"2594\" data-col-size=\"md\"><span dir=\"auto\">Environ 95 % en mode ligne ; jusqu&#8217;\u00e0 ~93 % en cr\u00eate<\/span><\/td>\n<\/tr>\n<tr data-start=\"2595\" data-end=\"2677\">\n<td data-start=\"2595\" data-end=\"2628\" data-col-size=\"sm\"><strong data-start=\"2597\" data-end=\"2625\"><span dir=\"auto\">Unit\u00e9s parall\u00e8les prises en charge<\/span><\/strong><\/td>\n<td data-start=\"2628\" data-end=\"2677\" data-col-size=\"md\"><span dir=\"auto\">Jusqu&#8217;\u00e0 6 appareils en parall\u00e8le<\/span><\/td>\n<\/tr>\n<tr data-start=\"2678\" data-end=\"2760\">\n<td data-start=\"2678\" data-end=\"2711\" data-col-size=\"sm\"><strong data-start=\"2680\" data-end=\"2705\"><span dir=\"auto\">Temps de transfert (AC\u2194DC)<\/span><\/strong><\/td>\n<td data-start=\"2711\" data-end=\"2760\" data-col-size=\"md\"><span dir=\"auto\">~10 ms typique ; ~20 ms sous forte charge<\/span><\/td>\n<\/tr>\n<tr data-start=\"2761\" data-end=\"2843\">\n<td data-start=\"2761\" data-end=\"2794\" data-col-size=\"sm\"><strong data-start=\"2763\" data-end=\"2787\"><span dir=\"auto\">Courant de charge maximal<\/span><\/strong><\/td>\n<td data-start=\"2794\" data-end=\"2843\" data-col-size=\"md\"><span dir=\"auto\">R\u00e9glable (en fonction de la composition chimique de la batterie)<\/span><\/td>\n<\/tr>\n<tr data-start=\"2844\" data-end=\"2926\">\n<td data-start=\"2844\" data-end=\"2877\" data-col-size=\"sm\"><strong data-start=\"2846\" data-end=\"2859\"><span dir=\"auto\">Interface<\/span><\/strong><\/td>\n<td data-start=\"2877\" data-end=\"2926\" data-col-size=\"md\"><span dir=\"auto\">\u00c9cran LCD et application Wi-Fi ou interface Web<\/span><\/td>\n<\/tr>\n<tr data-start=\"2927\" data-end=\"3047\">\n<td data-start=\"2927\" data-end=\"2960\" data-col-size=\"sm\"><strong data-start=\"2929\" data-end=\"2952\"><span dir=\"auto\">Fonctions de protection<\/span><\/strong><\/td>\n<td data-start=\"2960\" data-end=\"3047\" data-col-size=\"md\"><span dir=\"auto\">Surcharge, court-circuit, surcharge, surchauffe, basse\/haute tension, inversion de polarit\u00e9<\/span><\/td>\n<\/tr>\n<tr data-start=\"3048\" data-end=\"3130\">\n<td data-start=\"3048\" data-end=\"3081\" data-col-size=\"sm\"><strong data-start=\"3050\" data-end=\"3081\"><span dir=\"auto\">Plage de temp\u00e9rature de fonctionnement<\/span><\/strong><\/td>\n<td data-col-size=\"md\" data-start=\"3081\" data-end=\"3130\"><span dir=\"auto\">0 \u00b0C \u00e0 55 \u00b0C<\/span><\/td>\n<\/tr>\n<tr data-start=\"3131\" data-end=\"3213\">\n<td data-start=\"3131\" data-end=\"3164\" data-col-size=\"sm\"><strong data-start=\"3133\" data-end=\"3162\"><span dir=\"auto\">Plage de temp\u00e9rature de stockage<\/span><\/strong><\/td>\n<td data-start=\"3164\" data-end=\"3213\" data-col-size=\"md\"><span dir=\"auto\">\u201315 \u00b0C \u00e0 60 \u00b0C<\/span><\/td>\n<\/tr>\n<tr data-start=\"3214\" data-end=\"3296\">\n<td data-start=\"3214\" data-end=\"3247\" data-col-size=\"sm\"><strong data-start=\"3216\" data-end=\"3240\"><span dir=\"auto\">Dimensions (environ)<\/span><\/strong><\/td>\n<td data-start=\"3247\" data-end=\"3296\" data-col-size=\"md\"><span dir=\"auto\">~607 \u00d7 406 \u00d7 141 mm<\/span><\/td>\n<\/tr>\n<tr data-start=\"3297\" data-end=\"3379\">\n<td data-start=\"3297\" data-end=\"3330\" data-col-size=\"sm\"><strong data-start=\"3299\" data-end=\"3319\"><span dir=\"auto\">Poids (environ)<\/span><\/strong><\/td>\n<td data-start=\"3330\" data-end=\"3379\" data-col-size=\"md\"><span dir=\"auto\">~23\u201325 kg<\/span><\/td>\n<\/tr>\n<\/tbody>\n<\/table>\n<div class=\"absolute end-0 flex items-end\">Disponible chez <a href=\"https:\/\/www.bestasolar.com\/en\/\">besta solar<\/a><\/div>\n<\/div>\n<\/div>\n<hr data-start=\"3381\" data-end=\"3384\" \/>\n<h3 data-start=\"3386\" data-end=\"3407\"><span dir=\"auto\">Cas d&#8217;utilisation id\u00e9aux<\/span><\/h3>\n<ul data-start=\"3408\" data-end=\"3668\">\n<li data-start=\"3408\" data-end=\"3443\">\n<p data-start=\"3410\" data-end=\"3443\"><span dir=\"auto\">Installations hybrides solaires domestiques<\/span><\/p>\n<\/li>\n<li data-start=\"3444\" data-end=\"3485\">\n<p data-start=\"3446\" data-end=\"3485\"><span dir=\"auto\">Syst\u00e8mes d&#8217;alimentation pour petits bureaux et commerces de d\u00e9tail<\/span><\/p>\n<\/li>\n<li data-start=\"3486\" data-end=\"3551\">\n<p data-start=\"3488\" data-end=\"3551\"><span dir=\"auto\">Installations hors r\u00e9seau ou de secours dans les zones o\u00f9 la fiabilit\u00e9 du r\u00e9seau est faible<\/span><\/p>\n<\/li>\n<li data-start=\"3552\" data-end=\"3616\">\n<p data-start=\"3554\" data-end=\"3616\"><span dir=\"auto\">Installations extensibles via une configuration d&#8217;onduleur parall\u00e8le<\/span><\/p>\n<\/li>\n<li data-start=\"3617\" data-end=\"3668\">\n<p data-start=\"3619\" data-end=\"3668\"><span dir=\"auto\">Gestion du syst\u00e8me \u00e0 distance \u00e0 l&#8217;aide de la surveillance Wi-Fi<\/span><\/p>\n<\/li>\n<\/ul>","protected":false},"excerpt":{"rendered":"<ul>\n<li>Mod\u00e8le<br \/>\nIVEM6048-II<\/li>\n<li>Puissance de sortie nominale<br \/>\n6kW<\/li>\n<li>Tension d&#8217;entr\u00e9e DC nominale<br \/>\n48V<\/li>\n<li>Tension d&#8217;entr\u00e9e nominale<br \/>\n230Vac<\/li>\n<li>Plage de tension d&#8217;entr\u00e9e<br \/>\n90-280Vac<\/li>\n<li>Fr\u00e9quence d&#8217;entr\u00e9e nominale<br \/>\n50Hz\/ 60Hz (d\u00e9tection automatique)<\/li>\n<li>Temp\u00e9rature de fonctionnement<br \/>\n-10\u2103~50\u2103<\/li>\n<\/ul>","protected":false},"featured_media":10904,"comment_status":"open","ping_status":"closed","template":"","meta":[],"product_brand":[],"product_cat":[82],"product_tag":[],"class_list":{"0":"post-10902","1":"product","2":"type-product","3":"status-publish","4":"has-post-thumbnail","6":"product_cat-onduleur-solaire","8":"first","9":"instock","10":"sale","11":"shipping-taxable","12":"purchasable","13":"product-type-simple"},"yoast_head":"<!-- This site is optimized with the Yoast SEO Premium plugin v22.8 (Yoast SEO v25.6) - https:\/\/yoast.com\/wordpress\/plugins\/seo\/ -->\n<title>Onduleur hybride Felicity Solar IVEM 6048 \u2013 6 kVA<\/title>\n<meta name=\"description\" content=\"Onduleur hybride Felicity Solar IVEM 6048 \u2013 6 kVA est un onduleur hybride de con\u00e7u pour les syst\u00e8mes 48 V, avec MPPT int\u00e9gr\u00e9e et surveillance \u00e0 distance\" \/>\n<meta name=\"robots\" content=\"index, follow, max-snippet:-1, max-image-preview:large, max-video-preview:-1\" \/>\n<link rel=\"canonical\" href=\"https:\/\/www.bestasolar.com\/en\/product\/onduleur-hybride-felicity-solar-ivem-6048-6-kva\/\" \/>\n<meta property=\"og:locale\" content=\"en_US\" \/>\n<meta property=\"og:type\" content=\"article\" \/>\n<meta property=\"og:title\" content=\"Onduleur hybride Felicity Solar IVEM 6048 \u2013 6 kVA\" \/>\n<meta property=\"og:description\" content=\"Onduleur hybride Felicity Solar IVEM 6048 \u2013 6 kVA est un onduleur hybride de con\u00e7u pour les syst\u00e8mes 48 V, avec MPPT int\u00e9gr\u00e9e et surveillance \u00e0 distance\" \/>\n<meta property=\"og:url\" content=\"https:\/\/www.bestasolar.com\/en\/product\/onduleur-hybride-felicity-solar-ivem-6048-6-kva\/\" \/>\n<meta property=\"og:site_name\" content=\"BESTA SOLAR\" \/>\n<meta property=\"article:publisher\" content=\"https:\/\/www.facebook.com\/bestasolar\/\" \/>\n<meta property=\"article:modified_time\" content=\"2025-10-15T18:26:05+00:00\" \/>\n<meta property=\"og:image\" content=\"https:\/\/www.bestasolar.com\/wp-content\/uploads\/2025\/10\/IVEN6048-II.312.png\" \/>\n\t<meta property=\"og:image:width\" content=\"800\" \/>\n\t<meta property=\"og:image:height\" content=\"800\" \/>\n\t<meta property=\"og:image:type\" content=\"image\/png\" \/>\n<meta name=\"twitter:card\" content=\"summary_large_image\" \/>\n<meta name=\"twitter:label1\" content=\"Price\" \/>\n\t<meta name=\"twitter:data1\" content=\"CFA275,000.00\" \/>\n\t<meta name=\"twitter:label2\" content=\"Availability\" \/>\n\t<meta name=\"twitter:data2\" content=\"In stock\" \/>\n<script type=\"application\/ld+json\" class=\"yoast-schema-graph\">{\"@context\":\"https:\/\/schema.org\",\"@graph\":[{\"@type\":\"WebPage\",\"@id\":\"https:\/\/www.bestasolar.com\/produit\/onduleur-hybride-felicity-solar-ivem-6048-6-kva\/\",\"url\":\"https:\/\/www.bestasolar.com\/produit\/onduleur-hybride-felicity-solar-ivem-6048-6-kva\/\",\"name\":\"Onduleur hybride Felicity Solar IVEM 6048 \u2013 6 kVA\",\"isPartOf\":{\"@id\":\"https:\/\/www.bestasolar.com\/#website\"},\"primaryImageOfPage\":{\"@id\":\"https:\/\/www.bestasolar.com\/produit\/onduleur-hybride-felicity-solar-ivem-6048-6-kva\/#primaryimage\"},\"image\":{\"@id\":\"https:\/\/www.bestasolar.com\/produit\/onduleur-hybride-felicity-solar-ivem-6048-6-kva\/#primaryimage\"},\"thumbnailUrl\":\"https:\/\/www.bestasolar.com\/wp-content\/uploads\/2025\/10\/IVEN6048-II.312.png\",\"datePublished\":\"2025-10-15T18:26:04+00:00\",\"dateModified\":\"2025-10-15T18:26:05+00:00\",\"description\":\"Onduleur hybride Felicity Solar IVEM 6048 \u2013 6 kVA est un onduleur hybride de con\u00e7u pour les syst\u00e8mes 48 V, avec MPPT int\u00e9gr\u00e9e et surveillance \u00e0 distance\",\"breadcrumb\":{\"@id\":\"https:\/\/www.bestasolar.com\/produit\/onduleur-hybride-felicity-solar-ivem-6048-6-kva\/#breadcrumb\"},\"inLanguage\":\"en-US\",\"potentialAction\":[{\"@type\":\"ReadAction\",\"target\":[\"https:\/\/www.bestasolar.com\/produit\/onduleur-hybride-felicity-solar-ivem-6048-6-kva\/\"]}]},{\"@type\":\"ImageObject\",\"inLanguage\":\"en-US\",\"@id\":\"https:\/\/www.bestasolar.com\/produit\/onduleur-hybride-felicity-solar-ivem-6048-6-kva\/#primaryimage\",\"url\":\"https:\/\/www.bestasolar.com\/wp-content\/uploads\/2025\/10\/IVEN6048-II.312.png\",\"contentUrl\":\"https:\/\/www.bestasolar.com\/wp-content\/uploads\/2025\/10\/IVEN6048-II.312.png\",\"width\":800,\"height\":800,\"caption\":\"Onduleur hybride Felicity Solar IVEM 6048 \u2013 6 kVA\"},{\"@type\":\"BreadcrumbList\",\"@id\":\"https:\/\/www.bestasolar.com\/produit\/onduleur-hybride-felicity-solar-ivem-6048-6-kva\/#breadcrumb\",\"itemListElement\":[{\"@type\":\"ListItem\",\"position\":1,\"name\":\"Home\",\"item\":\"https:\/\/www.bestasolar.com\/\"},{\"@type\":\"ListItem\",\"position\":2,\"name\":\"Shop\",\"item\":\"https:\/\/www.bestasolar.com\/shop\/\"},{\"@type\":\"ListItem\",\"position\":3,\"name\":\"Onduleur hybride Felicity Solar IVEM 6048 \u2013 6 kVA\"}]},{\"@type\":\"WebSite\",\"@id\":\"https:\/\/www.bestasolar.com\/#website\",\"url\":\"https:\/\/www.bestasolar.com\/\",\"name\":\"BESTA SOLAR\",\"description\":\"Vente d&#039;equipement solaire batterie lithium onduleur mppt\",\"publisher\":{\"@id\":\"https:\/\/www.bestasolar.com\/#organization\"},\"potentialAction\":[{\"@type\":\"SearchAction\",\"target\":{\"@type\":\"EntryPoint\",\"urlTemplate\":\"https:\/\/www.bestasolar.com\/?s={search_term_string}\"},\"query-input\":{\"@type\":\"PropertyValueSpecification\",\"valueRequired\":true,\"valueName\":\"search_term_string\"}}],\"inLanguage\":\"en-US\"},{\"@type\":[\"Organization\",\"Place\",\"OfficeEquipmentStore\"],\"@id\":\"https:\/\/www.bestasolar.com\/#organization\",\"name\":\"BESTA SOLAR\",\"url\":\"https:\/\/www.bestasolar.com\/\",\"logo\":{\"@id\":\"https:\/\/www.bestasolar.com\/produit\/onduleur-hybride-felicity-solar-ivem-6048-6-kva\/#local-main-organization-logo\"},\"image\":{\"@id\":\"https:\/\/www.bestasolar.com\/produit\/onduleur-hybride-felicity-solar-ivem-6048-6-kva\/#local-main-organization-logo\"},\"sameAs\":[\"https:\/\/www.facebook.com\/bestasolar\/\",\"https:\/\/www.youtube.com\/channel\/UCYnBggiypeSN8k1IQrX6BUw\",\"https:\/\/www.tiktok.com\/@bestasolar\",\"https:\/\/www.pinterest.com\/bestasolar\/\"],\"telephone\":[\"+22961732956\"],\"contactPoint\":{\"@type\":\"ContactPoint\",\"telephone\":\"+22961732956\",\"email\":\"contact@bestasolar.com\"},\"openingHoursSpecification\":[{\"@type\":\"OpeningHoursSpecification\",\"dayOfWeek\":[\"Monday\",\"Tuesday\",\"Wednesday\",\"Thursday\",\"Friday\",\"Saturday\"],\"opens\":\"08:00\",\"closes\":\"21:00\"},{\"@type\":\"OpeningHoursSpecification\",\"dayOfWeek\":[\"Sunday\"],\"opens\":\"09:00\",\"closes\":\"18:00\"}],\"email\":\"contact@bestasolar.com\",\"faxNumber\":\"Besta Solar\",\"areaServed\":\"Afrique de l'ouest\",\"taxID\":\"02022748823174\",\"currenciesAccepted\":\"CFA\"},{\"@type\":\"ImageObject\",\"inLanguage\":\"en-US\",\"@id\":\"https:\/\/www.bestasolar.com\/produit\/onduleur-hybride-felicity-solar-ivem-6048-6-kva\/#local-main-organization-logo\",\"url\":\"https:\/\/www.bestasolar.com\/wp-content\/uploads\/2023\/01\/BESTA-SOLAR-Logo-01-1.png\",\"contentUrl\":\"https:\/\/www.bestasolar.com\/wp-content\/uploads\/2023\/01\/BESTA-SOLAR-Logo-01-1.png\",\"width\":6250,\"height\":4167,\"caption\":\"BESTA SOLAR\"}]}<\/script>\n<meta property=\"product:price:amount\" content=\"275000.00\" \/>\n<meta property=\"product:price:currency\" content=\"XOF\" \/>\n<meta property=\"og:availability\" content=\"instock\" \/>\n<meta property=\"product:availability\" content=\"instock\" \/>\n<meta property=\"product:condition\" content=\"new\" \/>\n<meta name=\"geo.placename\" content=\"parakou\" \/>\n<meta name=\"geo.region\" content=\"Benin\" \/>\n<!-- \/ Yoast SEO Premium plugin. -->","yoast_head_json":{"title":"Onduleur hybride Felicity Solar IVEM 6048 \u2013 6 kVA","description":"Onduleur hybride Felicity Solar IVEM 6048 \u2013 6 kVA est un onduleur hybride de con\u00e7u pour les syst\u00e8mes 48 V, avec MPPT int\u00e9gr\u00e9e et surveillance \u00e0 distance","robots":{"index":"index","follow":"follow","max-snippet":"max-snippet:-1","max-image-preview":"max-image-preview:large","max-video-preview":"max-video-preview:-1"},"canonical":"https:\/\/www.bestasolar.com\/en\/product\/onduleur-hybride-felicity-solar-ivem-6048-6-kva\/","og_locale":"en_US","og_type":"article","og_title":"Onduleur hybride Felicity Solar IVEM 6048 \u2013 6 kVA","og_description":"Onduleur hybride Felicity Solar IVEM 6048 \u2013 6 kVA est un onduleur hybride de con\u00e7u pour les syst\u00e8mes 48 V, avec MPPT int\u00e9gr\u00e9e et surveillance \u00e0 distance","og_url":"https:\/\/www.bestasolar.com\/en\/product\/onduleur-hybride-felicity-solar-ivem-6048-6-kva\/","og_site_name":"BESTA SOLAR","article_publisher":"https:\/\/www.facebook.com\/bestasolar\/","article_modified_time":"2025-10-15T18:26:05+00:00","og_image":[{"width":800,"height":800,"url":"https:\/\/www.bestasolar.com\/wp-content\/uploads\/2025\/10\/IVEN6048-II.312.png","type":"image\/png"}],"twitter_card":"summary_large_image","twitter_misc":{"Price":"CFA275,000.00","Availability":"In stock"},"schema":{"@context":"https:\/\/schema.org","@graph":[{"@type":"WebPage","@id":"https:\/\/www.bestasolar.com\/produit\/onduleur-hybride-felicity-solar-ivem-6048-6-kva\/","url":"https:\/\/www.bestasolar.com\/produit\/onduleur-hybride-felicity-solar-ivem-6048-6-kva\/","name":"Onduleur hybride Felicity Solar IVEM 6048 \u2013 6 kVA","isPartOf":{"@id":"https:\/\/www.bestasolar.com\/#website"},"primaryImageOfPage":{"@id":"https:\/\/www.bestasolar.com\/produit\/onduleur-hybride-felicity-solar-ivem-6048-6-kva\/#primaryimage"},"image":{"@id":"https:\/\/www.bestasolar.com\/produit\/onduleur-hybride-felicity-solar-ivem-6048-6-kva\/#primaryimage"},"thumbnailUrl":"https:\/\/www.bestasolar.com\/wp-content\/uploads\/2025\/10\/IVEN6048-II.312.png","datePublished":"2025-10-15T18:26:04+00:00","dateModified":"2025-10-15T18:26:05+00:00","description":"Onduleur hybride Felicity Solar IVEM 6048 \u2013 6 kVA est un onduleur hybride de con\u00e7u pour les syst\u00e8mes 48 V, avec MPPT int\u00e9gr\u00e9e et surveillance \u00e0 distance","breadcrumb":{"@id":"https:\/\/www.bestasolar.com\/produit\/onduleur-hybride-felicity-solar-ivem-6048-6-kva\/#breadcrumb"},"inLanguage":"en-US","potentialAction":[{"@type":"ReadAction","target":["https:\/\/www.bestasolar.com\/produit\/onduleur-hybride-felicity-solar-ivem-6048-6-kva\/"]}]},{"@type":"ImageObject","inLanguage":"en-US","@id":"https:\/\/www.bestasolar.com\/produit\/onduleur-hybride-felicity-solar-ivem-6048-6-kva\/#primaryimage","url":"https:\/\/www.bestasolar.com\/wp-content\/uploads\/2025\/10\/IVEN6048-II.312.png","contentUrl":"https:\/\/www.bestasolar.com\/wp-content\/uploads\/2025\/10\/IVEN6048-II.312.png","width":800,"height":800,"caption":"Onduleur hybride Felicity Solar IVEM 6048 \u2013 6 kVA"},{"@type":"BreadcrumbList","@id":"https:\/\/www.bestasolar.com\/produit\/onduleur-hybride-felicity-solar-ivem-6048-6-kva\/#breadcrumb","itemListElement":[{"@type":"ListItem","position":1,"name":"Home","item":"https:\/\/www.bestasolar.com\/"},{"@type":"ListItem","position":2,"name":"Shop","item":"https:\/\/www.bestasolar.com\/shop\/"},{"@type":"ListItem","position":3,"name":"Onduleur hybride Felicity Solar IVEM 6048 \u2013 6 kVA"}]},{"@type":"WebSite","@id":"https:\/\/www.bestasolar.com\/#website","url":"https:\/\/www.bestasolar.com\/","name":"BESTA SOLAR","description":"Vente d&#039;equipement solaire batterie lithium onduleur mppt","publisher":{"@id":"https:\/\/www.bestasolar.com\/#organization"},"potentialAction":[{"@type":"SearchAction","target":{"@type":"EntryPoint","urlTemplate":"https:\/\/www.bestasolar.com\/?s={search_term_string}"},"query-input":{"@type":"PropertyValueSpecification","valueRequired":true,"valueName":"search_term_string"}}],"inLanguage":"en-US"},{"@type":["Organization","Place","OfficeEquipmentStore"],"@id":"https:\/\/www.bestasolar.com\/#organization","name":"BESTA SOLAR","url":"https:\/\/www.bestasolar.com\/","logo":{"@id":"https:\/\/www.bestasolar.com\/produit\/onduleur-hybride-felicity-solar-ivem-6048-6-kva\/#local-main-organization-logo"},"image":{"@id":"https:\/\/www.bestasolar.com\/produit\/onduleur-hybride-felicity-solar-ivem-6048-6-kva\/#local-main-organization-logo"},"sameAs":["https:\/\/www.facebook.com\/bestasolar\/","https:\/\/www.youtube.com\/channel\/UCYnBggiypeSN8k1IQrX6BUw","https:\/\/www.tiktok.com\/@bestasolar","https:\/\/www.pinterest.com\/bestasolar\/"],"telephone":["+22961732956"],"contactPoint":{"@type":"ContactPoint","telephone":"+22961732956","email":"contact@bestasolar.com"},"openingHoursSpecification":[{"@type":"OpeningHoursSpecification","dayOfWeek":["Monday","Tuesday","Wednesday","Thursday","Friday","Saturday"],"opens":"08:00","closes":"21:00"},{"@type":"OpeningHoursSpecification","dayOfWeek":["Sunday"],"opens":"09:00","closes":"18:00"}],"email":"contact@bestasolar.com","faxNumber":"Besta Solar","areaServed":"Afrique de l'ouest","taxID":"02022748823174","currenciesAccepted":"CFA"},{"@type":"ImageObject","inLanguage":"en-US","@id":"https:\/\/www.bestasolar.com\/produit\/onduleur-hybride-felicity-solar-ivem-6048-6-kva\/#local-main-organization-logo","url":"https:\/\/www.bestasolar.com\/wp-content\/uploads\/2023\/01\/BESTA-SOLAR-Logo-01-1.png","contentUrl":"https:\/\/www.bestasolar.com\/wp-content\/uploads\/2023\/01\/BESTA-SOLAR-Logo-01-1.png","width":6250,"height":4167,"caption":"BESTA SOLAR"}]},"product_price_amount":"275000.00","product_price_currency":"XOF","og_availability":"instock","product_availability":"instock","product_condition":"new","geo.placename":"parakou","geo.region":"Benin"},"jetpack_sharing_enabled":true,"_links":{"self":[{"href":"https:\/\/www.bestasolar.com\/en\/wp-json\/wp\/v2\/product\/10902"}],"collection":[{"href":"https:\/\/www.bestasolar.com\/en\/wp-json\/wp\/v2\/product"}],"about":[{"href":"https:\/\/www.bestasolar.com\/en\/wp-json\/wp\/v2\/types\/product"}],"replies":[{"embeddable":true,"href":"https:\/\/www.bestasolar.com\/en\/wp-json\/wp\/v2\/comments?post=10902"}],"wp:featuredmedia":[{"embeddable":true,"href":"https:\/\/www.bestasolar.com\/en\/wp-json\/wp\/v2\/media\/10904"}],"wp:attachment":[{"href":"https:\/\/www.bestasolar.com\/en\/wp-json\/wp\/v2\/media?parent=10902"}],"wp:term":[{"taxonomy":"product_brand","embeddable":true,"href":"https:\/\/www.bestasolar.com\/en\/wp-json\/wp\/v2\/product_brand?post=10902"},{"taxonomy":"product_cat","embeddable":true,"href":"https:\/\/www.bestasolar.com\/en\/wp-json\/wp\/v2\/product_cat?post=10902"},{"taxonomy":"product_tag","embeddable":true,"href":"https:\/\/www.bestasolar.com\/en\/wp-json\/wp\/v2\/product_tag?post=10902"}],"curies":[{"name":"wp","href":"https:\/\/api.w.org\/{rel}","templated":true}]}}