{"id":10907,"date":"2025-10-15T21:06:05","date_gmt":"2025-10-15T19:06:05","guid":{"rendered":"https:\/\/www.bestasolar.com\/?post_type=product&#038;p=10907"},"modified":"2025-10-15T21:06:05","modified_gmt":"2025-10-15T19:06:05","slug":"onduleur-hybrid-felicity-solar-ivem-3048%e2%80%91lv-3-kva","status":"publish","type":"product","link":"https:\/\/www.bestasolar.com\/en\/product\/onduleur-hybrid-felicity-solar-ivem-3048%e2%80%91lv-3-kva\/","title":{"rendered":"Onduleur hybrid Felicity Solar IVEM\u202f3048\u2011LV \u2013 3\u202fkVA"},"content":{"rendered":"<p><span dir=\"auto\">L&#8217;<strong>Onduleur hybrid Felicity Solar IVEM\u202f3048\u2011LV \u2013 3\u202fkVA<\/strong><\/span><span dir=\"auto\">\u00a0est un onduleur\/chargeur hybride \u00e0 transformateur, con\u00e7u pour les syst\u00e8mes 48 V CC. Il int\u00e8gre un onduleur sinuso\u00efdal pur, un chargeur de batterie intelligent et un r\u00e9gulateur solaire MPPT dans une unit\u00e9 compacte, id\u00e9ale pour les installations solaires hybrides n\u00e9cessitant une gestion efficace des sources solaires, des batteries et du r\u00e9seau\/g\u00e9n\u00e9rateur.<\/span><br \/>\n<span dir=\"auto\">Cet appareil permet un fonctionnement en parall\u00e8le (jusqu&#8217;\u00e0\u00a0<\/span><strong data-start=\"44\" data-end=\"55\"><span dir=\"auto\">6 unit\u00e9s<\/span><\/strong><span dir=\"auto\">\u00a0configur\u00e9es en parall\u00e8le avec le mod\u00e8le 3 kVA) pour \u00e9tendre la capacit\u00e9 du syst\u00e8me. Il est dot\u00e9 de fonctionnalit\u00e9s telles que le red\u00e9marrage automatique, le d\u00e9marrage \u00e0 froid et le fonctionnement de l&#8217;onduleur sans connexion \u00e0 la batterie.<\/span><\/p>\n<h3 data-start=\"1126\" data-end=\"1147\"><span dir=\"auto\">Caract\u00e9ristiques principales Onduleur hybrid <a href=\"https:\/\/africa.felicitysolar.com\/africa-fr\/produit\/ivem3048-lv\/\">Felicity Solar<\/a> IVEM\u202f3048\u2011LV \u2013 3\u202fkVA<\/span><\/h3>\n<ul data-start=\"1148\" data-end=\"1791\">\n<li data-start=\"1148\" data-end=\"1192\">\n<p data-start=\"1150\" data-end=\"1192\"><strong data-start=\"1150\" data-end=\"1190\"><span dir=\"auto\">Onduleur sinuso\u00efdal pur 3 kVA \/ 3\u00a0000 W<\/span><\/strong><\/p>\n<\/li>\n<li data-start=\"1193\" data-end=\"1246\">\n<p data-start=\"1195\" data-end=\"1246\"><strong data-start=\"1195\" data-end=\"1212\"><span dir=\"auto\">Syst\u00e8me 48 V CC<\/span><\/strong><span dir=\"auto\">\u00a0pour une meilleure efficacit\u00e9 de la batterie<\/span><\/p>\n<\/li>\n<li data-start=\"1247\" data-end=\"1325\">\n<p data-start=\"1249\" data-end=\"1325\"><strong data-start=\"1249\" data-end=\"1290\"><span dir=\"auto\">Contr\u00f4leur de charge solaire MPPT int\u00e9gr\u00e9<\/span><\/strong><span dir=\"auto\">\u00a0pour des performances d&#8217;entr\u00e9e solaire \u00e9lev\u00e9es<\/span><\/p>\n<\/li>\n<li data-start=\"1326\" data-end=\"1448\">\n<p data-start=\"1328\" data-end=\"1448\"><strong data-start=\"1328\" data-end=\"1343\"><span dir=\"auto\">\u00c9cran LCD<\/span><\/strong><span dir=\"auto\">\u00a0avec param\u00e8tres configurables\u00a0: courant de charge de la batterie, plage de tension d&#8217;entr\u00e9e et s\u00e9lection de la source prioritaire<\/span><\/p>\n<\/li>\n<li data-start=\"1449\" data-end=\"1517\">\n<p data-start=\"1451\" data-end=\"1517\"><strong data-start=\"1451\" data-end=\"1474\"><span dir=\"auto\">Fonction de d\u00e9marrage \u00e0 froid<\/span><\/strong><span dir=\"auto\">\u00a0et\u00a0<\/span><strong data-start=\"1479\" data-end=\"1495\"><span dir=\"auto\">red\u00e9marrage automatique<\/span><\/strong><span dir=\"auto\">\u00a0apr\u00e8s une panne de courant<\/span><\/p>\n<\/li>\n<li data-start=\"1518\" data-end=\"1599\">\n<p data-start=\"1520\" data-end=\"1599\"><strong data-start=\"1520\" data-end=\"1551\"><span dir=\"auto\">Prend en charge le fonctionnement parall\u00e8le<\/span><\/strong><span dir=\"auto\">\u00a0(jusqu&#8217;\u00e0 6 unit\u00e9s) pour une extension \u00e9volutive du syst\u00e8me<\/span><\/p>\n<\/li>\n<li data-start=\"1600\" data-end=\"1667\">\n<p data-start=\"1602\" data-end=\"1667\"><strong data-start=\"1602\" data-end=\"1639\"><span dir=\"auto\">Mode onduleur ind\u00e9pendant de la batterie<\/span><\/strong><span dir=\"auto\">\u00a0(peut fonctionner sans batterie)<\/span><\/p>\n<\/li>\n<li data-start=\"1668\" data-end=\"1732\">\n<p data-start=\"1670\" data-end=\"1732\"><strong data-start=\"1670\" data-end=\"1730\"><span dir=\"auto\">Protection contre les surcharges, les surchauffes et les courts-circuits<\/span><\/strong><\/p>\n<\/li>\n<li data-start=\"1733\" data-end=\"1791\">\n<p data-start=\"1735\" data-end=\"1791\"><strong data-start=\"1735\" data-end=\"1768\"><span dir=\"auto\">Fonctionnement silencieux et efficace<\/span><\/strong><span dir=\"auto\">\u00a0avec ventilateur de refroidissement intelligent<\/span><\/p>\n<\/li>\n<\/ul>\n<hr data-start=\"1793\" data-end=\"1796\" \/>\n<h3 data-start=\"1798\" data-end=\"1831\"><img decoding=\"async\" class=\"emoji\" role=\"img\" draggable=\"false\" src=\"https:\/\/s.w.org\/images\/core\/emoji\/16.0.1\/svg\/1f4ca.svg\" alt=\"\ud83d\udcca\" \/><span dir=\"auto\">Sp\u00e9cifications techniques<\/span><\/h3>\n<div class=\"_tableContainer_80l1q_1\">\n<div class=\"_tableWrapper_80l1q_14 group flex w-fit flex-col-reverse\" tabindex=\"-1\">\n<table class=\"w-fit min-w-(--thread-content-width)\" data-start=\"1833\" data-end=\"3028\">\n<thead data-start=\"1833\" data-end=\"1899\">\n<tr data-start=\"1833\" data-end=\"1899\">\n<th data-start=\"1833\" data-end=\"1863\" data-col-size=\"sm\"><span dir=\"auto\">Param\u00e8tre<\/span><\/th>\n<th data-start=\"1863\" data-end=\"1899\" data-col-size=\"sm\"><span dir=\"auto\">Sp\u00e9cification<\/span><\/th>\n<\/tr>\n<\/thead>\n<tbody data-start=\"1966\" data-end=\"3028\">\n<tr data-start=\"1966\" data-end=\"2031\">\n<td data-start=\"1966\" data-end=\"1995\" data-col-size=\"sm\"><span dir=\"auto\">Mod\u00e8le<\/span><\/td>\n<td data-col-size=\"sm\" data-start=\"1995\" data-end=\"2031\"><span dir=\"auto\">IVEM 3048-LV<\/span><\/td>\n<\/tr>\n<tr data-start=\"2032\" data-end=\"2097\">\n<td data-start=\"2032\" data-end=\"2061\" data-col-size=\"sm\"><span dir=\"auto\">Puissance nominale<\/span><\/td>\n<td data-col-size=\"sm\" data-start=\"2061\" data-end=\"2097\"><span dir=\"auto\">3 kVA \/ 3000 W<\/span><\/td>\n<\/tr>\n<tr data-start=\"2098\" data-end=\"2163\">\n<td data-start=\"2098\" data-end=\"2127\" data-col-size=\"sm\"><span dir=\"auto\">Tension nominale de la batterie<\/span><\/td>\n<td data-col-size=\"sm\" data-start=\"2127\" data-end=\"2163\"><span dir=\"auto\">48 V<\/span><\/td>\n<\/tr>\n<tr data-start=\"2164\" data-end=\"2229\">\n<td data-start=\"2164\" data-end=\"2193\" data-col-size=\"sm\"><span dir=\"auto\">Tension de sortie<\/span><\/td>\n<td data-col-size=\"sm\" data-start=\"2193\" data-end=\"2229\"><span dir=\"auto\">220\/230 VCA (monophas\u00e9)<\/span><\/td>\n<\/tr>\n<tr data-start=\"2230\" data-end=\"2295\">\n<td data-start=\"2230\" data-end=\"2259\" data-col-size=\"sm\"><span dir=\"auto\">Forme d&#8217;onde de sortie<\/span><\/td>\n<td data-col-size=\"sm\" data-start=\"2259\" data-end=\"2295\"><span dir=\"auto\">Onde sinuso\u00efdale pure<\/span><\/td>\n<\/tr>\n<tr data-start=\"2296\" data-end=\"2361\">\n<td data-start=\"2296\" data-end=\"2325\" data-col-size=\"sm\"><span dir=\"auto\">Fr\u00e9quence<\/span><\/td>\n<td data-col-size=\"sm\" data-start=\"2325\" data-end=\"2361\"><span dir=\"auto\">50 Hz \/ 60 Hz (d\u00e9tection automatique)<\/span><\/td>\n<\/tr>\n<tr data-start=\"2362\" data-end=\"2434\">\n<td data-start=\"2362\" data-end=\"2391\" data-col-size=\"sm\"><span dir=\"auto\">Puissance d&#8217;entr\u00e9e PV maximale<\/span><\/td>\n<td data-col-size=\"sm\" data-start=\"2391\" data-end=\"2434\"><span dir=\"auto\">~1\u00a0500 W\u20133\u00a0000 W (selon la puissance MPPT)<\/span><\/td>\n<\/tr>\n<tr data-start=\"2435\" data-end=\"2500\">\n<td data-start=\"2435\" data-end=\"2464\" data-col-size=\"sm\"><span dir=\"auto\">MPPT int\u00e9gr\u00e9<\/span><\/td>\n<td data-col-size=\"sm\" data-start=\"2464\" data-end=\"2500\"><span dir=\"auto\">Oui<\/span><\/td>\n<\/tr>\n<tr data-start=\"2501\" data-end=\"2566\">\n<td data-start=\"2501\" data-end=\"2530\" data-col-size=\"sm\"><span dir=\"auto\">Plage MPPT<\/span><\/td>\n<td data-col-size=\"sm\" data-start=\"2530\" data-end=\"2566\"><span dir=\"auto\">~60 V \u2013 145 V CC<\/span><\/td>\n<\/tr>\n<tr data-start=\"2567\" data-end=\"2632\">\n<td data-start=\"2567\" data-end=\"2596\" data-col-size=\"sm\"><span dir=\"auto\">Courant de charge maximal<\/span><\/td>\n<td data-col-size=\"sm\" data-start=\"2596\" data-end=\"2632\"><span dir=\"auto\">Configurable (par exemple, 60A)<\/span><\/td>\n<\/tr>\n<tr data-start=\"2633\" data-end=\"2698\">\n<td data-start=\"2633\" data-end=\"2662\" data-col-size=\"sm\"><span dir=\"auto\">Protection contre les surcharges<\/span><\/td>\n<td data-col-size=\"sm\" data-start=\"2662\" data-end=\"2698\"><span dir=\"auto\">Oui<\/span><\/td>\n<\/tr>\n<tr data-start=\"2699\" data-end=\"2764\">\n<td data-start=\"2699\" data-end=\"2728\" data-col-size=\"sm\"><span dir=\"auto\">Efficacit\u00e9<\/span><\/td>\n<td data-col-size=\"sm\" data-start=\"2728\" data-end=\"2764\"><span dir=\"auto\">&gt;90%<\/span><\/td>\n<\/tr>\n<tr data-start=\"2765\" data-end=\"2830\">\n<td data-start=\"2765\" data-end=\"2794\" data-col-size=\"sm\"><span dir=\"auto\">Temp\u00e9rature de fonctionnement<\/span><\/td>\n<td data-col-size=\"sm\" data-start=\"2794\" data-end=\"2830\"><span dir=\"auto\">\u201310\u00b0C \u00e0 55\u00b0C<\/span><\/td>\n<\/tr>\n<tr data-start=\"2831\" data-end=\"2896\">\n<td data-start=\"2831\" data-end=\"2860\" data-col-size=\"sm\"><span dir=\"auto\">Dimensions (P\u00d7L\u00d7H)<\/span><\/td>\n<td data-col-size=\"sm\" data-start=\"2860\" data-end=\"2896\"><span dir=\"auto\">440 \u00d7 328 \u00d7 130 mm<\/span><\/td>\n<\/tr>\n<tr data-start=\"2897\" data-end=\"2962\">\n<td data-start=\"2897\" data-end=\"2926\" data-col-size=\"sm\"><span dir=\"auto\">Poids net<\/span><\/td>\n<td data-col-size=\"sm\" data-start=\"2926\" data-end=\"2962\"><span dir=\"auto\">\u224811,9 kg<\/span><\/td>\n<\/tr>\n<tr data-start=\"2963\" data-end=\"3028\">\n<td data-start=\"2963\" data-end=\"2992\" data-col-size=\"sm\"><span dir=\"auto\">Fonctionnement parall\u00e8le<\/span><\/td>\n<td data-col-size=\"sm\" data-start=\"2992\" data-end=\"3028\"><span dir=\"auto\">Jusqu&#8217;\u00e0 6 unit\u00e9s (m\u00eame mod\u00e8le uniquement)<\/span><\/td>\n<\/tr>\n<\/tbody>\n<\/table>\n<div><\/div>\n<div class=\"sticky end-(--thread-content-margin) h-0 self-end select-none\">\n<div class=\"absolute end-0 flex items-end\">Disponible Chez<a href=\"https:\/\/www.bestasolar.com\/en\/\"> Besta solar<\/a><\/div>\n<\/div>\n<\/div>\n<\/div>\n<hr data-start=\"3030\" data-end=\"3033\" \/>\n<h3 data-start=\"3035\" data-end=\"3056\"><img decoding=\"async\" class=\"emoji\" role=\"img\" draggable=\"false\" src=\"https:\/\/s.w.org\/images\/core\/emoji\/16.0.1\/svg\/1f4e6.svg\" alt=\"\ud83d\udce6\" \/><span dir=\"auto\">Applications<\/span><\/h3>\n<ul data-start=\"3057\" data-end=\"3292\">\n<li data-start=\"3057\" data-end=\"3095\">\n<p data-start=\"3059\" data-end=\"3095\"><span dir=\"auto\">Syst\u00e8mes d&#8217;onduleurs solaires r\u00e9sidentiels<\/span><\/p>\n<\/li>\n<li data-start=\"3096\" data-end=\"3132\">\n<p data-start=\"3098\" data-end=\"3132\"><span dir=\"auto\">Alimentation de secours pour les maisons et les magasins<\/span><\/p>\n<\/li>\n<li data-start=\"3133\" data-end=\"3171\">\n<p data-start=\"3135\" data-end=\"3171\"><span dir=\"auto\">Installations solaires modulaires pour l&#8217;expansion<\/span><\/p>\n<\/li>\n<li data-start=\"3172\" data-end=\"3222\">\n<p data-start=\"3174\" data-end=\"3222\"><span dir=\"auto\">Installations hors r\u00e9seau \u00e0 base de batteries et d&#8217;\u00e9nergie solaire<\/span><\/p>\n<\/li>\n<li data-start=\"3223\" data-end=\"3292\">\n<p data-start=\"3225\" data-end=\"3292\"><span dir=\"auto\">Installations hybrides assist\u00e9es par r\u00e9seau avec alimentation \u00e9lectrique irr\u00e9guli\u00e8re<\/span><\/p>\n<\/li>\n<\/ul>","protected":false},"excerpt":{"rendered":"<ul>\n<li>Mod\u00e8le<br \/>\nIVEM3048-LV<\/li>\n<li>Puissance de sortie nominale<br \/>\n3kW<\/li>\n<li>Tension d&#8217;entr\u00e9e DC nominale<br \/>\n48V<\/li>\n<li>Tension d&#8217;entr\u00e9e nominale<br \/>\n110Vac<\/li>\n<li>Plage de tension d&#8217;entr\u00e9e<br \/>\n65-140Vac<\/li>\n<li>Fr\u00e9quence d&#8217;entr\u00e9e nominale<br \/>\n50Hz\/ 60Hz (d\u00e9tection automatique)<\/li>\n<li>Temp\u00e9rature de fonctionnement<br \/>\n-10\u2103~50\u2103<\/li>\n<\/ul>","protected":false},"featured_media":10908,"comment_status":"open","ping_status":"closed","template":"","meta":[],"product_brand":[],"product_cat":[82],"product_tag":[],"class_list":{"0":"post-10907","1":"product","2":"type-product","3":"status-publish","4":"has-post-thumbnail","6":"product_cat-onduleur-solaire","8":"first","9":"instock","10":"sale","11":"shipping-taxable","12":"purchasable","13":"product-type-simple"},"yoast_head":"<!-- This site is optimized with the Yoast SEO Premium plugin v22.8 (Yoast SEO v25.6) - https:\/\/yoast.com\/wordpress\/plugins\/seo\/ -->\n<title>Onduleur hybrid Felicity Solar IVEM\u202f3048\u2011LV \u2013 3\u202fkVA<\/title>\n<meta name=\"description\" content=\"Onduleur hybrid Felicity Solar IVEM\u202f3048\u2011LV \u2013 3\u202fkVA est un chargeur-onduleur hybride 3 kVA (\u22483 000 W), con\u00e7u pour les parcs de batteries de 48 V\" \/>\n<meta name=\"robots\" content=\"index, follow, max-snippet:-1, max-image-preview:large, max-video-preview:-1\" \/>\n<link rel=\"canonical\" href=\"https:\/\/www.bestasolar.com\/en\/product\/onduleur-hybrid-felicity-solar-ivem-3048\u2011lv-3-kva\/\" \/>\n<meta property=\"og:locale\" content=\"en_US\" \/>\n<meta property=\"og:type\" content=\"article\" \/>\n<meta property=\"og:title\" content=\"Onduleur hybrid Felicity Solar IVEM\u202f3048\u2011LV \u2013 3\u202fkVA\" \/>\n<meta property=\"og:description\" content=\"Onduleur hybrid Felicity Solar IVEM\u202f3048\u2011LV \u2013 3\u202fkVA est un chargeur-onduleur hybride 3 kVA (\u22483 000 W), con\u00e7u pour les parcs de batteries de 48 V\" \/>\n<meta property=\"og:url\" content=\"https:\/\/www.bestasolar.com\/en\/product\/onduleur-hybrid-felicity-solar-ivem-3048\u2011lv-3-kva\/\" \/>\n<meta property=\"og:site_name\" content=\"BESTA SOLAR\" \/>\n<meta property=\"article:publisher\" content=\"https:\/\/www.facebook.com\/bestasolar\/\" \/>\n<meta property=\"og:image\" content=\"https:\/\/www.bestasolar.com\/wp-content\/uploads\/2025\/10\/LVEM-LV.264.png\" \/>\n\t<meta property=\"og:image:width\" content=\"800\" \/>\n\t<meta property=\"og:image:height\" content=\"800\" \/>\n\t<meta property=\"og:image:type\" content=\"image\/png\" \/>\n<meta name=\"twitter:card\" content=\"summary_large_image\" \/>\n<meta name=\"twitter:label1\" content=\"Price\" \/>\n\t<meta name=\"twitter:data1\" content=\"CFA195,000.00\" \/>\n\t<meta name=\"twitter:label2\" content=\"Availability\" \/>\n\t<meta name=\"twitter:data2\" content=\"In stock\" \/>\n<script type=\"application\/ld+json\" class=\"yoast-schema-graph\">{\"@context\":\"https:\/\/schema.org\",\"@graph\":[{\"@type\":\"WebPage\",\"@id\":\"https:\/\/www.bestasolar.com\/produit\/onduleur-hybrid-felicity-solar-ivem-3048%e2%80%91lv-3-kva\/\",\"url\":\"https:\/\/www.bestasolar.com\/produit\/onduleur-hybrid-felicity-solar-ivem-3048%e2%80%91lv-3-kva\/\",\"name\":\"Onduleur hybrid Felicity Solar IVEM\u202f3048\u2011LV \u2013 3\u202fkVA\",\"isPartOf\":{\"@id\":\"https:\/\/www.bestasolar.com\/#website\"},\"primaryImageOfPage\":{\"@id\":\"https:\/\/www.bestasolar.com\/produit\/onduleur-hybrid-felicity-solar-ivem-3048%e2%80%91lv-3-kva\/#primaryimage\"},\"image\":{\"@id\":\"https:\/\/www.bestasolar.com\/produit\/onduleur-hybrid-felicity-solar-ivem-3048%e2%80%91lv-3-kva\/#primaryimage\"},\"thumbnailUrl\":\"https:\/\/www.bestasolar.com\/wp-content\/uploads\/2025\/10\/LVEM-LV.264.png\",\"datePublished\":\"2025-10-15T19:06:05+00:00\",\"description\":\"Onduleur hybrid Felicity Solar IVEM\u202f3048\u2011LV \u2013 3\u202fkVA est un chargeur-onduleur hybride 3 kVA (\u22483 000 W), con\u00e7u pour les parcs de batteries de 48 V\",\"breadcrumb\":{\"@id\":\"https:\/\/www.bestasolar.com\/produit\/onduleur-hybrid-felicity-solar-ivem-3048%e2%80%91lv-3-kva\/#breadcrumb\"},\"inLanguage\":\"en-US\",\"potentialAction\":[{\"@type\":\"ReadAction\",\"target\":[\"https:\/\/www.bestasolar.com\/produit\/onduleur-hybrid-felicity-solar-ivem-3048%e2%80%91lv-3-kva\/\"]}]},{\"@type\":\"ImageObject\",\"inLanguage\":\"en-US\",\"@id\":\"https:\/\/www.bestasolar.com\/produit\/onduleur-hybrid-felicity-solar-ivem-3048%e2%80%91lv-3-kva\/#primaryimage\",\"url\":\"https:\/\/www.bestasolar.com\/wp-content\/uploads\/2025\/10\/LVEM-LV.264.png\",\"contentUrl\":\"https:\/\/www.bestasolar.com\/wp-content\/uploads\/2025\/10\/LVEM-LV.264.png\",\"width\":800,\"height\":800,\"caption\":\"Onduleur hybrid Felicity Solar IVEM\u202f3048\u2011LV \u2013 3\u202fkVA\"},{\"@type\":\"BreadcrumbList\",\"@id\":\"https:\/\/www.bestasolar.com\/produit\/onduleur-hybrid-felicity-solar-ivem-3048%e2%80%91lv-3-kva\/#breadcrumb\",\"itemListElement\":[{\"@type\":\"ListItem\",\"position\":1,\"name\":\"Home\",\"item\":\"https:\/\/www.bestasolar.com\/\"},{\"@type\":\"ListItem\",\"position\":2,\"name\":\"Shop\",\"item\":\"https:\/\/www.bestasolar.com\/shop\/\"},{\"@type\":\"ListItem\",\"position\":3,\"name\":\"Onduleur hybrid Felicity Solar IVEM\u202f3048\u2011LV \u2013 3\u202fkVA\"}]},{\"@type\":\"WebSite\",\"@id\":\"https:\/\/www.bestasolar.com\/#website\",\"url\":\"https:\/\/www.bestasolar.com\/\",\"name\":\"BESTA SOLAR\",\"description\":\"Vente d&#039;equipement solaire batterie lithium onduleur mppt\",\"publisher\":{\"@id\":\"https:\/\/www.bestasolar.com\/#organization\"},\"potentialAction\":[{\"@type\":\"SearchAction\",\"target\":{\"@type\":\"EntryPoint\",\"urlTemplate\":\"https:\/\/www.bestasolar.com\/?s={search_term_string}\"},\"query-input\":{\"@type\":\"PropertyValueSpecification\",\"valueRequired\":true,\"valueName\":\"search_term_string\"}}],\"inLanguage\":\"en-US\"},{\"@type\":[\"Organization\",\"Place\",\"OfficeEquipmentStore\"],\"@id\":\"https:\/\/www.bestasolar.com\/#organization\",\"name\":\"BESTA SOLAR\",\"url\":\"https:\/\/www.bestasolar.com\/\",\"logo\":{\"@id\":\"https:\/\/www.bestasolar.com\/produit\/onduleur-hybrid-felicity-solar-ivem-3048%e2%80%91lv-3-kva\/#local-main-organization-logo\"},\"image\":{\"@id\":\"https:\/\/www.bestasolar.com\/produit\/onduleur-hybrid-felicity-solar-ivem-3048%e2%80%91lv-3-kva\/#local-main-organization-logo\"},\"sameAs\":[\"https:\/\/www.facebook.com\/bestasolar\/\",\"https:\/\/www.youtube.com\/channel\/UCYnBggiypeSN8k1IQrX6BUw\",\"https:\/\/www.tiktok.com\/@bestasolar\",\"https:\/\/www.pinterest.com\/bestasolar\/\"],\"telephone\":[\"+22961732956\"],\"contactPoint\":{\"@type\":\"ContactPoint\",\"telephone\":\"+22961732956\",\"email\":\"contact@bestasolar.com\"},\"openingHoursSpecification\":[{\"@type\":\"OpeningHoursSpecification\",\"dayOfWeek\":[\"Monday\",\"Tuesday\",\"Wednesday\",\"Thursday\",\"Friday\",\"Saturday\"],\"opens\":\"08:00\",\"closes\":\"21:00\"},{\"@type\":\"OpeningHoursSpecification\",\"dayOfWeek\":[\"Sunday\"],\"opens\":\"09:00\",\"closes\":\"18:00\"}],\"email\":\"contact@bestasolar.com\",\"faxNumber\":\"Besta Solar\",\"areaServed\":\"Afrique de l'ouest\",\"taxID\":\"02022748823174\",\"currenciesAccepted\":\"CFA\"},{\"@type\":\"ImageObject\",\"inLanguage\":\"en-US\",\"@id\":\"https:\/\/www.bestasolar.com\/produit\/onduleur-hybrid-felicity-solar-ivem-3048%e2%80%91lv-3-kva\/#local-main-organization-logo\",\"url\":\"https:\/\/www.bestasolar.com\/wp-content\/uploads\/2023\/01\/BESTA-SOLAR-Logo-01-1.png\",\"contentUrl\":\"https:\/\/www.bestasolar.com\/wp-content\/uploads\/2023\/01\/BESTA-SOLAR-Logo-01-1.png\",\"width\":6250,\"height\":4167,\"caption\":\"BESTA SOLAR\"}]}<\/script>\n<meta property=\"product:price:amount\" content=\"195000.00\" \/>\n<meta property=\"product:price:currency\" content=\"XOF\" \/>\n<meta property=\"og:availability\" content=\"instock\" \/>\n<meta property=\"product:availability\" content=\"instock\" \/>\n<meta property=\"product:condition\" content=\"new\" \/>\n<meta name=\"geo.placename\" content=\"parakou\" \/>\n<meta name=\"geo.region\" content=\"Benin\" \/>\n<!-- \/ Yoast SEO Premium plugin. -->","yoast_head_json":{"title":"Onduleur hybrid Felicity Solar IVEM\u202f3048\u2011LV \u2013 3\u202fkVA","description":"Onduleur hybrid Felicity Solar IVEM\u202f3048\u2011LV \u2013 3\u202fkVA est un chargeur-onduleur hybride 3 kVA (\u22483 000 W), con\u00e7u pour les parcs de batteries de 48 V","robots":{"index":"index","follow":"follow","max-snippet":"max-snippet:-1","max-image-preview":"max-image-preview:large","max-video-preview":"max-video-preview:-1"},"canonical":"https:\/\/www.bestasolar.com\/en\/product\/onduleur-hybrid-felicity-solar-ivem-3048\u2011lv-3-kva\/","og_locale":"en_US","og_type":"article","og_title":"Onduleur hybrid Felicity Solar IVEM\u202f3048\u2011LV \u2013 3\u202fkVA","og_description":"Onduleur hybrid Felicity Solar IVEM\u202f3048\u2011LV \u2013 3\u202fkVA est un chargeur-onduleur hybride 3 kVA (\u22483 000 W), con\u00e7u pour les parcs de batteries de 48 V","og_url":"https:\/\/www.bestasolar.com\/en\/product\/onduleur-hybrid-felicity-solar-ivem-3048\u2011lv-3-kva\/","og_site_name":"BESTA SOLAR","article_publisher":"https:\/\/www.facebook.com\/bestasolar\/","og_image":[{"width":800,"height":800,"url":"https:\/\/www.bestasolar.com\/wp-content\/uploads\/2025\/10\/LVEM-LV.264.png","type":"image\/png"}],"twitter_card":"summary_large_image","twitter_misc":{"Price":"CFA195,000.00","Availability":"In stock"},"schema":{"@context":"https:\/\/schema.org","@graph":[{"@type":"WebPage","@id":"https:\/\/www.bestasolar.com\/produit\/onduleur-hybrid-felicity-solar-ivem-3048%e2%80%91lv-3-kva\/","url":"https:\/\/www.bestasolar.com\/produit\/onduleur-hybrid-felicity-solar-ivem-3048%e2%80%91lv-3-kva\/","name":"Onduleur hybrid Felicity Solar IVEM\u202f3048\u2011LV \u2013 3\u202fkVA","isPartOf":{"@id":"https:\/\/www.bestasolar.com\/#website"},"primaryImageOfPage":{"@id":"https:\/\/www.bestasolar.com\/produit\/onduleur-hybrid-felicity-solar-ivem-3048%e2%80%91lv-3-kva\/#primaryimage"},"image":{"@id":"https:\/\/www.bestasolar.com\/produit\/onduleur-hybrid-felicity-solar-ivem-3048%e2%80%91lv-3-kva\/#primaryimage"},"thumbnailUrl":"https:\/\/www.bestasolar.com\/wp-content\/uploads\/2025\/10\/LVEM-LV.264.png","datePublished":"2025-10-15T19:06:05+00:00","description":"Onduleur hybrid Felicity Solar IVEM\u202f3048\u2011LV \u2013 3\u202fkVA est un chargeur-onduleur hybride 3 kVA (\u22483 000 W), con\u00e7u pour les parcs de batteries de 48 V","breadcrumb":{"@id":"https:\/\/www.bestasolar.com\/produit\/onduleur-hybrid-felicity-solar-ivem-3048%e2%80%91lv-3-kva\/#breadcrumb"},"inLanguage":"en-US","potentialAction":[{"@type":"ReadAction","target":["https:\/\/www.bestasolar.com\/produit\/onduleur-hybrid-felicity-solar-ivem-3048%e2%80%91lv-3-kva\/"]}]},{"@type":"ImageObject","inLanguage":"en-US","@id":"https:\/\/www.bestasolar.com\/produit\/onduleur-hybrid-felicity-solar-ivem-3048%e2%80%91lv-3-kva\/#primaryimage","url":"https:\/\/www.bestasolar.com\/wp-content\/uploads\/2025\/10\/LVEM-LV.264.png","contentUrl":"https:\/\/www.bestasolar.com\/wp-content\/uploads\/2025\/10\/LVEM-LV.264.png","width":800,"height":800,"caption":"Onduleur hybrid Felicity Solar IVEM\u202f3048\u2011LV \u2013 3\u202fkVA"},{"@type":"BreadcrumbList","@id":"https:\/\/www.bestasolar.com\/produit\/onduleur-hybrid-felicity-solar-ivem-3048%e2%80%91lv-3-kva\/#breadcrumb","itemListElement":[{"@type":"ListItem","position":1,"name":"Home","item":"https:\/\/www.bestasolar.com\/"},{"@type":"ListItem","position":2,"name":"Shop","item":"https:\/\/www.bestasolar.com\/shop\/"},{"@type":"ListItem","position":3,"name":"Onduleur hybrid Felicity Solar IVEM\u202f3048\u2011LV \u2013 3\u202fkVA"}]},{"@type":"WebSite","@id":"https:\/\/www.bestasolar.com\/#website","url":"https:\/\/www.bestasolar.com\/","name":"BESTA SOLAR","description":"Vente d&#039;equipement solaire batterie lithium onduleur mppt","publisher":{"@id":"https:\/\/www.bestasolar.com\/#organization"},"potentialAction":[{"@type":"SearchAction","target":{"@type":"EntryPoint","urlTemplate":"https:\/\/www.bestasolar.com\/?s={search_term_string}"},"query-input":{"@type":"PropertyValueSpecification","valueRequired":true,"valueName":"search_term_string"}}],"inLanguage":"en-US"},{"@type":["Organization","Place","OfficeEquipmentStore"],"@id":"https:\/\/www.bestasolar.com\/#organization","name":"BESTA SOLAR","url":"https:\/\/www.bestasolar.com\/","logo":{"@id":"https:\/\/www.bestasolar.com\/produit\/onduleur-hybrid-felicity-solar-ivem-3048%e2%80%91lv-3-kva\/#local-main-organization-logo"},"image":{"@id":"https:\/\/www.bestasolar.com\/produit\/onduleur-hybrid-felicity-solar-ivem-3048%e2%80%91lv-3-kva\/#local-main-organization-logo"},"sameAs":["https:\/\/www.facebook.com\/bestasolar\/","https:\/\/www.youtube.com\/channel\/UCYnBggiypeSN8k1IQrX6BUw","https:\/\/www.tiktok.com\/@bestasolar","https:\/\/www.pinterest.com\/bestasolar\/"],"telephone":["+22961732956"],"contactPoint":{"@type":"ContactPoint","telephone":"+22961732956","email":"contact@bestasolar.com"},"openingHoursSpecification":[{"@type":"OpeningHoursSpecification","dayOfWeek":["Monday","Tuesday","Wednesday","Thursday","Friday","Saturday"],"opens":"08:00","closes":"21:00"},{"@type":"OpeningHoursSpecification","dayOfWeek":["Sunday"],"opens":"09:00","closes":"18:00"}],"email":"contact@bestasolar.com","faxNumber":"Besta Solar","areaServed":"Afrique de l'ouest","taxID":"02022748823174","currenciesAccepted":"CFA"},{"@type":"ImageObject","inLanguage":"en-US","@id":"https:\/\/www.bestasolar.com\/produit\/onduleur-hybrid-felicity-solar-ivem-3048%e2%80%91lv-3-kva\/#local-main-organization-logo","url":"https:\/\/www.bestasolar.com\/wp-content\/uploads\/2023\/01\/BESTA-SOLAR-Logo-01-1.png","contentUrl":"https:\/\/www.bestasolar.com\/wp-content\/uploads\/2023\/01\/BESTA-SOLAR-Logo-01-1.png","width":6250,"height":4167,"caption":"BESTA SOLAR"}]},"product_price_amount":"195000.00","product_price_currency":"XOF","og_availability":"instock","product_availability":"instock","product_condition":"new","geo.placename":"parakou","geo.region":"Benin"},"jetpack_sharing_enabled":true,"_links":{"self":[{"href":"https:\/\/www.bestasolar.com\/en\/wp-json\/wp\/v2\/product\/10907"}],"collection":[{"href":"https:\/\/www.bestasolar.com\/en\/wp-json\/wp\/v2\/product"}],"about":[{"href":"https:\/\/www.bestasolar.com\/en\/wp-json\/wp\/v2\/types\/product"}],"replies":[{"embeddable":true,"href":"https:\/\/www.bestasolar.com\/en\/wp-json\/wp\/v2\/comments?post=10907"}],"wp:featuredmedia":[{"embeddable":true,"href":"https:\/\/www.bestasolar.com\/en\/wp-json\/wp\/v2\/media\/10908"}],"wp:attachment":[{"href":"https:\/\/www.bestasolar.com\/en\/wp-json\/wp\/v2\/media?parent=10907"}],"wp:term":[{"taxonomy":"product_brand","embeddable":true,"href":"https:\/\/www.bestasolar.com\/en\/wp-json\/wp\/v2\/product_brand?post=10907"},{"taxonomy":"product_cat","embeddable":true,"href":"https:\/\/www.bestasolar.com\/en\/wp-json\/wp\/v2\/product_cat?post=10907"},{"taxonomy":"product_tag","embeddable":true,"href":"https:\/\/www.bestasolar.com\/en\/wp-json\/wp\/v2\/product_tag?post=10907"}],"curies":[{"name":"wp","href":"https:\/\/api.w.org\/{rel}","templated":true}]}}