{"id":10923,"date":"2025-10-16T21:07:50","date_gmt":"2025-10-16T19:07:50","guid":{"rendered":"https:\/\/www.bestasolar.com\/?post_type=product&#038;p=10923"},"modified":"2025-10-16T21:11:24","modified_gmt":"2025-10-16T19:11:24","slug":"regulateur-solaire-mppt-felicity-60","status":"publish","type":"product","link":"https:\/\/www.bestasolar.com\/en\/product\/regulateur-solaire-mppt-felicity-60\/","title":{"rendered":"R\u00e9gulateur solaire MPPT felicity 120A"},"content":{"rendered":"<div class=\"J_module\">\n<div class=\"icbu-pc-detailManyImage magic-11\">\n<div class=\"magic-12\"><img fetchpriority=\"high\" decoding=\"async\" class=\"magic-13\" src=\"https:\/\/sc04.alicdn.com\/kf\/He4e3c7abe83f499ab07cbd92868cd18at\/200438856\/He4e3c7abe83f499ab07cbd92868cd18at.jpg\" width=\"781\" height=\"488\" data-src=\"\/\/sc04.alicdn.com\/kf\/He4e3c7abe83f499ab07cbd92868cd18at\/200438856\/He4e3c7abe83f499ab07cbd92868cd18at.jpg\" data-spm-anchor-id=\"a2700.details-description.0.i1.290bK2CYK2CYCR\" \/><\/div>\n<div>\u00a0Sp\u00e9cification du R\u00e9gulateur solaire MPPT felicity 120A<\/div>\n<\/div>\n<\/div>\n<div class=\"J_module\">\n<div class=\"ife-detail-decorate-table\">\n<table class=\"has-title all magic-14\">\n<tbody>\n<tr>\n<td colspan=\"1\" rowspan=\"1\">\n<div class=\"magic-15\"><span class=\"magic-16\"><span dir=\"auto\">MOD\u00c8LE<\/span><\/span><\/div>\n<\/td>\n<td colspan=\"1\" rowspan=\"1\">\n<div class=\"magic-17\"><span class=\"magic-16\"><span dir=\"auto\">SCCM3024-II<\/span><\/span><\/div>\n<\/td>\n<td colspan=\"1\" rowspan=\"1\">\n<div class=\"magic-18\"><span class=\"magic-16\"><span dir=\"auto\">SCCM4524-II<\/span><\/span><\/div>\n<\/td>\n<td colspan=\"1\" rowspan=\"1\">\n<div class=\"magic-19\"><span class=\"magic-16\"><span dir=\"auto\">SCCM4548-II<\/span><\/span><\/div>\n<\/td>\n<td colspan=\"1\" rowspan=\"1\">\n<div class=\"magic-19\"><span class=\"magic-16\"><span dir=\"auto\">SCCM6048-II<\/span><\/span><\/div>\n<\/td>\n<td colspan=\"1\" rowspan=\"1\">\n<div class=\"magic-20\"><span class=\"magic-16\"><span dir=\"auto\">SCCM8048-II<\/span><\/span><\/div>\n<\/td>\n<td colspan=\"1\" rowspan=\"1\">\n<div class=\"magic-21\"><span class=\"magic-16\"><span dir=\"auto\">SCCM10048-II<\/span><\/span><\/div>\n<\/td>\n<td colspan=\"1\" rowspan=\"1\">\n<div class=\"magic-22\"><span class=\"magic-16\"><span dir=\"auto\">SCCM12048-II<\/span><\/span><\/div>\n<\/td>\n<\/tr>\n<tr>\n<td colspan=\"1\" rowspan=\"1\">\n<div class=\"magic-15\"><span class=\"magic-16\"><span dir=\"auto\">Courant maximal de la batterie<\/span><\/span><\/div>\n<\/td>\n<td colspan=\"1\" rowspan=\"1\">\n<div class=\"magic-17\"><span class=\"magic-16\"><span dir=\"auto\">30 amp\u00e8res<\/span><\/span><\/div>\n<\/td>\n<td colspan=\"1\" rowspan=\"1\">\n<div class=\"magic-18\"><span class=\"magic-16\"><span dir=\"auto\">45 amp\u00e8res<\/span><\/span><\/div>\n<\/td>\n<td colspan=\"1\" rowspan=\"1\">\n<div class=\"magic-19\"><span class=\"magic-16\"><span dir=\"auto\">45 amp\u00e8res<\/span><\/span><\/div>\n<\/td>\n<td colspan=\"1\" rowspan=\"1\">\n<div class=\"magic-19\"><span class=\"magic-16\"><span dir=\"auto\">60 amp\u00e8res<\/span><\/span><\/div>\n<\/td>\n<td colspan=\"1\" rowspan=\"1\">\n<div class=\"magic-20\"><span class=\"magic-16\"><span dir=\"auto\">80 amp\u00e8res<\/span><\/span><\/div>\n<\/td>\n<td colspan=\"1\" rowspan=\"1\">\n<div class=\"magic-21\"><span class=\"magic-16\"><span dir=\"auto\">100 amp\u00e8res<\/span><\/span><\/div>\n<\/td>\n<td colspan=\"1\" rowspan=\"1\">\n<div class=\"magic-22\"><span class=\"magic-16\"><span dir=\"auto\">120 amp\u00e8res<\/span><\/span><\/div>\n<\/td>\n<\/tr>\n<tr>\n<td colspan=\"1\" rowspan=\"1\">\n<div class=\"magic-15\"><span dir=\"auto\">Tension nominale du syst\u00e8me<\/span><\/div>\n<\/td>\n<td colspan=\"2\" rowspan=\"1\">\n<div class=\"magic-23\"><span dir=\"auto\">12, 24 V CC (d\u00e9tection automatique)<\/span><\/div>\n<\/td>\n<td colspan=\"5\" rowspan=\"1\">\n<div class=\"magic-25\"><span dir=\"auto\">12 V, 24 V, 48 V CC (d\u00e9tection automatique)<\/span><\/div>\n<\/td>\n<\/tr>\n<tr>\n<td colspan=\"1\" rowspan=\"1\">\n<div class=\"magic-15\"><span dir=\"auto\">Tension d&#8217;entr\u00e9e solaire maximale<\/span><\/div>\n<\/td>\n<td colspan=\"2\" rowspan=\"1\">\n<div class=\"magic-23\"><span dir=\"auto\">95 V<\/span><\/div>\n<\/td>\n<td colspan=\"3\" rowspan=\"1\">\n<div class=\"magic-26\"><span dir=\"auto\">145 V<\/span><\/div>\n<\/td>\n<td colspan=\"2\" rowspan=\"1\">\n<div class=\"magic-23\"><span dir=\"auto\">195 V<\/span><\/div>\n<\/td>\n<\/tr>\n<tr>\n<td colspan=\"1\" rowspan=\"1\">\n<div class=\"magic-15\"><span dir=\"auto\">Tension de d\u00e9marrage PV<\/span><\/div>\n<\/td>\n<td colspan=\"7\" rowspan=\"1\">\n<div class=\"magic-27\"><span dir=\"auto\">15 V<\/span><\/div>\n<\/td>\n<\/tr>\n<tr>\n<td colspan=\"1\" rowspan=\"2\">\n<div class=\"magic-15\"><span dir=\"auto\">Protection contre les surtensions transitoires<\/span><\/div>\n<\/td>\n<td colspan=\"7\" rowspan=\"2\">\n<div class=\"magic-27\"><span dir=\"auto\">4500 watts \/ port<\/span><\/div>\n<\/td>\n<\/tr>\n<tr>\n<td colspan=\"1\" rowspan=\"1\">\n<div class=\"magic-15\"><span dir=\"auto\">Protections<\/span><\/div>\n<\/td>\n<td colspan=\"7\" rowspan=\"1\">\n<div class=\"magic-27\"><span dir=\"auto\">D\u00e9connexion haute tension\u00a0<\/span><\/div>\n<\/td>\n<\/tr>\n<tr>\n<td colspan=\"1\" rowspan=\"1\">\n<div class=\"magic-15\"><span dir=\"auto\">Algorithme de charge<\/span><\/div>\n<\/td>\n<td colspan=\"7\" rowspan=\"1\">\n<div class=\"magic-27\"><span dir=\"auto\">3 \u00e9tapes<\/span><\/div>\n<\/td>\n<\/tr>\n<tr>\n<td colspan=\"1\" rowspan=\"1\">\n<div class=\"magic-15\"><span dir=\"auto\">\u00c9tapes de charge<\/span><\/div>\n<\/td>\n<td colspan=\"7\" rowspan=\"1\">\n<div class=\"magic-27\"><span dir=\"auto\">Volume, absorption, flotteur<\/span><\/div>\n<\/td>\n<\/tr>\n<tr>\n<td colspan=\"1\" rowspan=\"2\">\n<div class=\"magic-15\"><span dir=\"auto\">Coefficient de compensation de temp\u00e9rature<\/span><\/div>\n<\/td>\n<td colspan=\"7\" rowspan=\"2\">\n<div class=\"magic-27\"><span dir=\"auto\">-5 mV \/ \u00b0C \/ cellule (r\u00e9f. 25 \u00b0C)<\/span><\/div>\n<\/td>\n<\/tr>\n<tr>\n<td colspan=\"1\" rowspan=\"1\">\n<div class=\"magic-15\"><span dir=\"auto\">Plage de compensation de temp\u00e9rature<\/span><\/div>\n<\/td>\n<td colspan=\"7\" rowspan=\"1\">\n<div class=\"magic-27\"><span dir=\"auto\">0 \u00b0C \u00e0 +5 0 \u00b0C<\/span><\/div>\n<\/td>\n<\/tr>\n<tr>\n<td colspan=\"8\" rowspan=\"1\">\n<div class=\"magic-28\"><span dir=\"auto\">M\u00e9canique et environnement<\/span><\/div>\n<\/td>\n<\/tr>\n<tr>\n<td colspan=\"1\" rowspan=\"1\">\n<div class=\"magic-15\"><span dir=\"auto\">Taille du produit (L x H x P, mm)<\/span><\/div>\n<\/td>\n<td colspan=\"1\" rowspan=\"1\">\n<div class=\"magic-17\"><span dir=\"auto\">190x151x74<\/span><\/div>\n<\/td>\n<td colspan=\"1\" rowspan=\"1\">\n<div class=\"magic-18\"><span dir=\"auto\">205x160x78<\/span><\/div>\n<\/td>\n<td colspan=\"2\" rowspan=\"1\">\n<div class=\"magic-29\"><span dir=\"auto\">283x160x105<\/span><\/div>\n<\/td>\n<td colspan=\"1\" rowspan=\"1\">\n<div class=\"magic-20\"><span dir=\"auto\">283x180x105<\/span><\/div>\n<\/td>\n<td colspan=\"2\" rowspan=\"1\">\n<div class=\"magic-23\"><span dir=\"auto\">333x215x120<\/span><\/div>\n<\/td>\n<\/tr>\n<tr>\n<td colspan=\"1\" rowspan=\"1\">\n<div class=\"magic-15\"><span dir=\"auto\">Poids du produit (kg)<\/span><\/div>\n<\/td>\n<td colspan=\"1\" rowspan=\"1\">\n<div class=\"magic-17\"><span dir=\"auto\">1,2 kg<\/span><\/div>\n<\/td>\n<td colspan=\"1\" rowspan=\"1\">\n<div class=\"magic-18\"><span dir=\"auto\">1,8 kg<\/span><\/div>\n<\/td>\n<td colspan=\"2\" rowspan=\"1\">\n<div class=\"magic-29\"><span dir=\"auto\">4,0 kg<\/span><\/div>\n<\/td>\n<td colspan=\"1\" rowspan=\"1\">\n<div class=\"magic-20\"><span dir=\"auto\">5,1 kg<\/span><\/div>\n<\/td>\n<td colspan=\"1\" rowspan=\"1\">\n<div class=\"magic-21\"><span dir=\"auto\">6,4 kg<\/span><\/div>\n<\/td>\n<td colspan=\"1\" rowspan=\"1\">\n<div class=\"magic-22\"><span dir=\"auto\">7,0 kg<\/span><\/div>\n<\/td>\n<\/tr>\n<tr>\n<td colspan=\"1\" rowspan=\"1\">\n<div class=\"magic-15\"><span dir=\"auto\">Plage de temp\u00e9rature ambiante<\/span><\/div>\n<\/td>\n<td colspan=\"7\" rowspan=\"1\">\n<div class=\"magic-27\"><span dir=\"auto\">0\u00b0C \u00e0 +55\u00b0C<\/span><\/div>\n<\/td>\n<\/tr>\n<tr>\n<td colspan=\"1\" rowspan=\"1\">\n<div class=\"magic-15\"><span dir=\"auto\">Temp\u00e9rature de stockage<\/span><\/div>\n<\/td>\n<td colspan=\"7\" rowspan=\"1\">\n<div class=\"magic-27\"><span dir=\"auto\">&#8211; 40\u00b0C \u00e0 75\u00b0C<\/span><\/div>\n<\/td>\n<\/tr>\n<tr>\n<td colspan=\"1\" rowspan=\"1\">\n<div class=\"magic-15\"><span dir=\"auto\">Humidit\u00e9<\/span><\/div>\n<\/td>\n<td colspan=\"7\" rowspan=\"1\">\n<div class=\"magic-27\"><span dir=\"auto\">0%-90% HR (sans condensation)<\/span><\/div>\n<\/td>\n<\/tr>\n<tr>\n<td colspan=\"1\" rowspan=\"1\">\n<div class=\"magic-15\"><span dir=\"auto\">Endosure<\/span><\/div>\n<\/td>\n<td colspan=\"7\" rowspan=\"1\">\n<div class=\"magic-27\"><span dir=\"auto\">IP31 (int\u00e9rieur et ventil\u00e9)<\/span><\/div>\n<\/td>\n<\/tr>\n<\/tbody>\n<\/table>\n<\/div>\n<\/div>\n<div class=\"J_module\">\n<div class=\"detail-decorate-json-renderer-container\">\n<div class=\"magic-3\">\n<h3 class=\"magic-30\"><span class=\"magic-31\"><span dir=\"auto\"><img decoding=\"async\" class=\"alignnone size-medium wp-image-10918\" src=\"https:\/\/www.bestasolar.com\/wp-content\/uploads\/2025\/10\/imgi_490_H2e10e0f164a040ff8ba61bd90b7db242X-300x300.jpg\" alt=\"R\u00e9gulateur solaire MPPT felicity 60A \" width=\"300\" height=\"300\" srcset=\"https:\/\/www.bestasolar.com\/wp-content\/uploads\/2025\/10\/imgi_490_H2e10e0f164a040ff8ba61bd90b7db242X-300x300.jpg 300w, https:\/\/www.bestasolar.com\/wp-content\/uploads\/2025\/10\/imgi_490_H2e10e0f164a040ff8ba61bd90b7db242X-150x150.jpg 150w, https:\/\/www.bestasolar.com\/wp-content\/uploads\/2025\/10\/imgi_490_H2e10e0f164a040ff8ba61bd90b7db242X-768x768.jpg 768w, https:\/\/www.bestasolar.com\/wp-content\/uploads\/2025\/10\/imgi_490_H2e10e0f164a040ff8ba61bd90b7db242X-12x12.jpg 12w, https:\/\/www.bestasolar.com\/wp-content\/uploads\/2025\/10\/imgi_490_H2e10e0f164a040ff8ba61bd90b7db242X-600x600.jpg 600w, https:\/\/www.bestasolar.com\/wp-content\/uploads\/2025\/10\/imgi_490_H2e10e0f164a040ff8ba61bd90b7db242X-100x100.jpg 100w, https:\/\/www.bestasolar.com\/wp-content\/uploads\/2025\/10\/imgi_490_H2e10e0f164a040ff8ba61bd90b7db242X.jpg 1000w\" sizes=\"(max-width: 300px) 100vw, 300px\" \/><\/span><\/span><\/h3>\n<h3 class=\"magic-30\"><span class=\"magic-31\"><span dir=\"auto\">Caract\u00e9ristiques du R\u00e9gulateur solaire MPPT <a href=\"https:\/\/africa.felicitysolar.com\/product\/sccm6048-ii\/\">felicity<\/a> 120A<br \/>\n<\/span><\/span><\/h3>\n<div class=\"magic-4\">\n<div class=\"magic-5\">\n<div class=\"magic-6\" data-spm-anchor-id=\"a2700.details-description.0.i0.290bK2CYK2CYCR\"><span class=\"magic-32\"><span dir=\"auto\">\u2022 La technologie intelligente de suivi du point de puissance maximale augmente l&#8217;efficacit\u00e9 de 25 % \u00e0 30 % \u2022 Compatible avec les syst\u00e8mes PV en 12 V, 24 V ou 48 V \u2022 La charge en trois \u00e9tapes optimise les performances de la batterie (charge en deux \u00e9tapes en mode batterie au lithium) \u2022 Courant de charg\u00e9 maximal jusqu&#8217;\u00e0 30 A\/ 45 A\/ 60 A\/ 80 A\/ 100 A\/ 120 A \u2022 Efficacit\u00e9 maximale jusqu&#8217;\u00e0 98 % \u2022 D\u00e9tection automatique de la tension de la batterie (la tension de la batterie au lithium doit \u00eatre r\u00e9gl\u00e9e manuellement) \u2022 Prend en charge les batteries au lithium et diverses batteries au plomb-acide, AGM et gel \u2022 Emplacement intelligent int\u00e9gr\u00e9 compatible avec la communication MODBUS<\/span><\/span><\/div>\n<\/div>\n<div data-spm-anchor-id=\"a2700.details-description.0.i0.290bK2CYK2CYCR\">Disponible chez <a href=\"https:\/\/www.bestasolar.com\/en\/product\/regulateur-solaire-mppt-felicity-60a\/\">besta solar<\/a><\/div>\n<\/div>\n<\/div>\n<\/div>\n<\/div>","protected":false},"excerpt":{"rendered":"<ul>\n<li>Rendement maximal jusqu&#8217;\u00e0 98 %<\/li>\n<li>D\u00e9tection automatique de la tension de batterie<\/li>\n<li>Augmentation du rendement de 25 \u00e0 30 %<\/li>\n<li>Syst\u00e8mes photovolta\u00efques compatibles : 12 V, 24 V ou 48 V<\/li>\n<li>Courant de charge maximal : 30 A \/ 45 A \/ 60 A \/ 80 A \/ 100 A \/ 120 A<\/li>\n<\/ul>","protected":false},"featured_media":10916,"comment_status":"open","ping_status":"closed","template":"","meta":[],"product_brand":[],"product_cat":[71],"product_tag":[],"class_list":{"0":"post-10923","1":"product","2":"type-product","3":"status-publish","4":"has-post-thumbnail","6":"product_cat-regulateur-mppt","8":"first","9":"instock","10":"sale","11":"shipping-taxable","12":"purchasable","13":"product-type-simple"},"yoast_head":"<!-- This site is optimized with the Yoast SEO Premium plugin v22.8 (Yoast SEO v25.6) - https:\/\/yoast.com\/wordpress\/plugins\/seo\/ -->\n<title>R\u00e9gulateur solaire MPPT felicity 120A<\/title>\n<meta name=\"description\" content=\"R\u00e9gulateur solaire MPPT felicity 120A Intelligent Maximum PowerPoint Tracking de la technologie\u00a0: augmente l&#039;efficacit\u00e9 de 30%. Disponible au togo et benin\" \/>\n<meta name=\"robots\" content=\"index, follow, max-snippet:-1, max-image-preview:large, max-video-preview:-1\" \/>\n<link rel=\"canonical\" href=\"https:\/\/www.bestasolar.com\/en\/product\/regulateur-solaire-mppt-felicity-60\/\" \/>\n<meta property=\"og:locale\" content=\"en_US\" \/>\n<meta property=\"og:type\" content=\"article\" \/>\n<meta property=\"og:title\" content=\"R\u00e9gulateur solaire MPPT felicity 120A\" \/>\n<meta property=\"og:description\" content=\"R\u00e9gulateur solaire MPPT felicity 120A Intelligent Maximum PowerPoint Tracking de la technologie\u00a0: augmente l&#039;efficacit\u00e9 de 30%. Disponible au togo et benin\" \/>\n<meta property=\"og:url\" content=\"https:\/\/www.bestasolar.com\/en\/product\/regulateur-solaire-mppt-felicity-60\/\" \/>\n<meta property=\"og:site_name\" content=\"BESTA SOLAR\" \/>\n<meta property=\"article:publisher\" content=\"https:\/\/www.facebook.com\/bestasolar\/\" \/>\n<meta property=\"article:modified_time\" content=\"2025-10-16T19:11:24+00:00\" \/>\n<meta property=\"og:image\" content=\"https:\/\/www.bestasolar.com\/wp-content\/uploads\/2025\/10\/SCCM12048.png\" \/>\n\t<meta property=\"og:image:width\" content=\"800\" \/>\n\t<meta property=\"og:image:height\" content=\"800\" \/>\n\t<meta property=\"og:image:type\" content=\"image\/png\" \/>\n<meta name=\"twitter:card\" content=\"summary_large_image\" \/>\n<meta name=\"twitter:label1\" content=\"Price\" \/>\n\t<meta name=\"twitter:data1\" content=\"CFA170,000.00\" \/>\n\t<meta name=\"twitter:label2\" content=\"Availability\" \/>\n\t<meta name=\"twitter:data2\" content=\"In stock\" \/>\n<script type=\"application\/ld+json\" class=\"yoast-schema-graph\">{\"@context\":\"https:\/\/schema.org\",\"@graph\":[{\"@type\":\"WebPage\",\"@id\":\"https:\/\/www.bestasolar.com\/produit\/regulateur-solaire-mppt-felicity-60\/\",\"url\":\"https:\/\/www.bestasolar.com\/produit\/regulateur-solaire-mppt-felicity-60\/\",\"name\":\"R\u00e9gulateur solaire MPPT felicity 120A\",\"isPartOf\":{\"@id\":\"https:\/\/www.bestasolar.com\/#website\"},\"primaryImageOfPage\":{\"@id\":\"https:\/\/www.bestasolar.com\/produit\/regulateur-solaire-mppt-felicity-60\/#primaryimage\"},\"image\":{\"@id\":\"https:\/\/www.bestasolar.com\/produit\/regulateur-solaire-mppt-felicity-60\/#primaryimage\"},\"thumbnailUrl\":\"https:\/\/www.bestasolar.com\/wp-content\/uploads\/2025\/10\/SCCM12048.png\",\"datePublished\":\"2025-10-16T19:07:50+00:00\",\"dateModified\":\"2025-10-16T19:11:24+00:00\",\"description\":\"R\u00e9gulateur solaire MPPT felicity 120A Intelligent Maximum PowerPoint Tracking de la technologie\u00a0: augmente l'efficacit\u00e9 de 30%. Disponible au togo et benin\",\"breadcrumb\":{\"@id\":\"https:\/\/www.bestasolar.com\/produit\/regulateur-solaire-mppt-felicity-60\/#breadcrumb\"},\"inLanguage\":\"en-US\",\"potentialAction\":[{\"@type\":\"ReadAction\",\"target\":[\"https:\/\/www.bestasolar.com\/produit\/regulateur-solaire-mppt-felicity-60\/\"]}]},{\"@type\":\"ImageObject\",\"inLanguage\":\"en-US\",\"@id\":\"https:\/\/www.bestasolar.com\/produit\/regulateur-solaire-mppt-felicity-60\/#primaryimage\",\"url\":\"https:\/\/www.bestasolar.com\/wp-content\/uploads\/2025\/10\/SCCM12048.png\",\"contentUrl\":\"https:\/\/www.bestasolar.com\/wp-content\/uploads\/2025\/10\/SCCM12048.png\",\"width\":800,\"height\":800,\"caption\":\"R\u00e9gulateur solaire MPPT felicity 120A\"},{\"@type\":\"BreadcrumbList\",\"@id\":\"https:\/\/www.bestasolar.com\/produit\/regulateur-solaire-mppt-felicity-60\/#breadcrumb\",\"itemListElement\":[{\"@type\":\"ListItem\",\"position\":1,\"name\":\"Home\",\"item\":\"https:\/\/www.bestasolar.com\/\"},{\"@type\":\"ListItem\",\"position\":2,\"name\":\"Shop\",\"item\":\"https:\/\/www.bestasolar.com\/shop\/\"},{\"@type\":\"ListItem\",\"position\":3,\"name\":\"R\u00e9gulateur solaire MPPT felicity 120A\"}]},{\"@type\":\"WebSite\",\"@id\":\"https:\/\/www.bestasolar.com\/#website\",\"url\":\"https:\/\/www.bestasolar.com\/\",\"name\":\"BESTA SOLAR\",\"description\":\"Vente d&#039;equipement solaire batterie lithium onduleur mppt\",\"publisher\":{\"@id\":\"https:\/\/www.bestasolar.com\/#organization\"},\"potentialAction\":[{\"@type\":\"SearchAction\",\"target\":{\"@type\":\"EntryPoint\",\"urlTemplate\":\"https:\/\/www.bestasolar.com\/?s={search_term_string}\"},\"query-input\":{\"@type\":\"PropertyValueSpecification\",\"valueRequired\":true,\"valueName\":\"search_term_string\"}}],\"inLanguage\":\"en-US\"},{\"@type\":[\"Organization\",\"Place\",\"OfficeEquipmentStore\"],\"@id\":\"https:\/\/www.bestasolar.com\/#organization\",\"name\":\"BESTA SOLAR\",\"url\":\"https:\/\/www.bestasolar.com\/\",\"logo\":{\"@id\":\"https:\/\/www.bestasolar.com\/produit\/regulateur-solaire-mppt-felicity-60\/#local-main-organization-logo\"},\"image\":{\"@id\":\"https:\/\/www.bestasolar.com\/produit\/regulateur-solaire-mppt-felicity-60\/#local-main-organization-logo\"},\"sameAs\":[\"https:\/\/www.facebook.com\/bestasolar\/\",\"https:\/\/www.youtube.com\/channel\/UCYnBggiypeSN8k1IQrX6BUw\",\"https:\/\/www.tiktok.com\/@bestasolar\",\"https:\/\/www.pinterest.com\/bestasolar\/\"],\"telephone\":[\"+22961732956\"],\"contactPoint\":{\"@type\":\"ContactPoint\",\"telephone\":\"+22961732956\",\"email\":\"contact@bestasolar.com\"},\"openingHoursSpecification\":[{\"@type\":\"OpeningHoursSpecification\",\"dayOfWeek\":[\"Monday\",\"Tuesday\",\"Wednesday\",\"Thursday\",\"Friday\",\"Saturday\"],\"opens\":\"08:00\",\"closes\":\"21:00\"},{\"@type\":\"OpeningHoursSpecification\",\"dayOfWeek\":[\"Sunday\"],\"opens\":\"09:00\",\"closes\":\"18:00\"}],\"email\":\"contact@bestasolar.com\",\"faxNumber\":\"Besta Solar\",\"areaServed\":\"Afrique de l'ouest\",\"taxID\":\"02022748823174\",\"currenciesAccepted\":\"CFA\"},{\"@type\":\"ImageObject\",\"inLanguage\":\"en-US\",\"@id\":\"https:\/\/www.bestasolar.com\/produit\/regulateur-solaire-mppt-felicity-60\/#local-main-organization-logo\",\"url\":\"https:\/\/www.bestasolar.com\/wp-content\/uploads\/2023\/01\/BESTA-SOLAR-Logo-01-1.png\",\"contentUrl\":\"https:\/\/www.bestasolar.com\/wp-content\/uploads\/2023\/01\/BESTA-SOLAR-Logo-01-1.png\",\"width\":6250,\"height\":4167,\"caption\":\"BESTA SOLAR\"}]}<\/script>\n<meta property=\"product:price:amount\" content=\"170000.00\" \/>\n<meta property=\"product:price:currency\" content=\"XOF\" \/>\n<meta property=\"og:availability\" content=\"instock\" \/>\n<meta property=\"product:availability\" content=\"instock\" \/>\n<meta property=\"product:condition\" content=\"new\" \/>\n<meta name=\"geo.placename\" content=\"parakou\" \/>\n<meta name=\"geo.region\" content=\"Benin\" \/>\n<!-- \/ Yoast SEO Premium plugin. -->","yoast_head_json":{"title":"R\u00e9gulateur solaire MPPT felicity 120A","description":"R\u00e9gulateur solaire MPPT felicity 120A Intelligent Maximum PowerPoint Tracking de la technologie\u00a0: augmente l'efficacit\u00e9 de 30%. Disponible au togo et benin","robots":{"index":"index","follow":"follow","max-snippet":"max-snippet:-1","max-image-preview":"max-image-preview:large","max-video-preview":"max-video-preview:-1"},"canonical":"https:\/\/www.bestasolar.com\/en\/product\/regulateur-solaire-mppt-felicity-60\/","og_locale":"en_US","og_type":"article","og_title":"R\u00e9gulateur solaire MPPT felicity 120A","og_description":"R\u00e9gulateur solaire MPPT felicity 120A Intelligent Maximum PowerPoint Tracking de la technologie\u00a0: augmente l'efficacit\u00e9 de 30%. Disponible au togo et benin","og_url":"https:\/\/www.bestasolar.com\/en\/product\/regulateur-solaire-mppt-felicity-60\/","og_site_name":"BESTA SOLAR","article_publisher":"https:\/\/www.facebook.com\/bestasolar\/","article_modified_time":"2025-10-16T19:11:24+00:00","og_image":[{"width":800,"height":800,"url":"https:\/\/www.bestasolar.com\/wp-content\/uploads\/2025\/10\/SCCM12048.png","type":"image\/png"}],"twitter_card":"summary_large_image","twitter_misc":{"Price":"CFA170,000.00","Availability":"In stock"},"schema":{"@context":"https:\/\/schema.org","@graph":[{"@type":"WebPage","@id":"https:\/\/www.bestasolar.com\/produit\/regulateur-solaire-mppt-felicity-60\/","url":"https:\/\/www.bestasolar.com\/produit\/regulateur-solaire-mppt-felicity-60\/","name":"R\u00e9gulateur solaire MPPT felicity 120A","isPartOf":{"@id":"https:\/\/www.bestasolar.com\/#website"},"primaryImageOfPage":{"@id":"https:\/\/www.bestasolar.com\/produit\/regulateur-solaire-mppt-felicity-60\/#primaryimage"},"image":{"@id":"https:\/\/www.bestasolar.com\/produit\/regulateur-solaire-mppt-felicity-60\/#primaryimage"},"thumbnailUrl":"https:\/\/www.bestasolar.com\/wp-content\/uploads\/2025\/10\/SCCM12048.png","datePublished":"2025-10-16T19:07:50+00:00","dateModified":"2025-10-16T19:11:24+00:00","description":"R\u00e9gulateur solaire MPPT felicity 120A Intelligent Maximum PowerPoint Tracking de la technologie\u00a0: augmente l'efficacit\u00e9 de 30%. Disponible au togo et benin","breadcrumb":{"@id":"https:\/\/www.bestasolar.com\/produit\/regulateur-solaire-mppt-felicity-60\/#breadcrumb"},"inLanguage":"en-US","potentialAction":[{"@type":"ReadAction","target":["https:\/\/www.bestasolar.com\/produit\/regulateur-solaire-mppt-felicity-60\/"]}]},{"@type":"ImageObject","inLanguage":"en-US","@id":"https:\/\/www.bestasolar.com\/produit\/regulateur-solaire-mppt-felicity-60\/#primaryimage","url":"https:\/\/www.bestasolar.com\/wp-content\/uploads\/2025\/10\/SCCM12048.png","contentUrl":"https:\/\/www.bestasolar.com\/wp-content\/uploads\/2025\/10\/SCCM12048.png","width":800,"height":800,"caption":"R\u00e9gulateur solaire MPPT felicity 120A"},{"@type":"BreadcrumbList","@id":"https:\/\/www.bestasolar.com\/produit\/regulateur-solaire-mppt-felicity-60\/#breadcrumb","itemListElement":[{"@type":"ListItem","position":1,"name":"Home","item":"https:\/\/www.bestasolar.com\/"},{"@type":"ListItem","position":2,"name":"Shop","item":"https:\/\/www.bestasolar.com\/shop\/"},{"@type":"ListItem","position":3,"name":"R\u00e9gulateur solaire MPPT felicity 120A"}]},{"@type":"WebSite","@id":"https:\/\/www.bestasolar.com\/#website","url":"https:\/\/www.bestasolar.com\/","name":"BESTA SOLAR","description":"Vente d&#039;equipement solaire batterie lithium onduleur mppt","publisher":{"@id":"https:\/\/www.bestasolar.com\/#organization"},"potentialAction":[{"@type":"SearchAction","target":{"@type":"EntryPoint","urlTemplate":"https:\/\/www.bestasolar.com\/?s={search_term_string}"},"query-input":{"@type":"PropertyValueSpecification","valueRequired":true,"valueName":"search_term_string"}}],"inLanguage":"en-US"},{"@type":["Organization","Place","OfficeEquipmentStore"],"@id":"https:\/\/www.bestasolar.com\/#organization","name":"BESTA SOLAR","url":"https:\/\/www.bestasolar.com\/","logo":{"@id":"https:\/\/www.bestasolar.com\/produit\/regulateur-solaire-mppt-felicity-60\/#local-main-organization-logo"},"image":{"@id":"https:\/\/www.bestasolar.com\/produit\/regulateur-solaire-mppt-felicity-60\/#local-main-organization-logo"},"sameAs":["https:\/\/www.facebook.com\/bestasolar\/","https:\/\/www.youtube.com\/channel\/UCYnBggiypeSN8k1IQrX6BUw","https:\/\/www.tiktok.com\/@bestasolar","https:\/\/www.pinterest.com\/bestasolar\/"],"telephone":["+22961732956"],"contactPoint":{"@type":"ContactPoint","telephone":"+22961732956","email":"contact@bestasolar.com"},"openingHoursSpecification":[{"@type":"OpeningHoursSpecification","dayOfWeek":["Monday","Tuesday","Wednesday","Thursday","Friday","Saturday"],"opens":"08:00","closes":"21:00"},{"@type":"OpeningHoursSpecification","dayOfWeek":["Sunday"],"opens":"09:00","closes":"18:00"}],"email":"contact@bestasolar.com","faxNumber":"Besta Solar","areaServed":"Afrique de l'ouest","taxID":"02022748823174","currenciesAccepted":"CFA"},{"@type":"ImageObject","inLanguage":"en-US","@id":"https:\/\/www.bestasolar.com\/produit\/regulateur-solaire-mppt-felicity-60\/#local-main-organization-logo","url":"https:\/\/www.bestasolar.com\/wp-content\/uploads\/2023\/01\/BESTA-SOLAR-Logo-01-1.png","contentUrl":"https:\/\/www.bestasolar.com\/wp-content\/uploads\/2023\/01\/BESTA-SOLAR-Logo-01-1.png","width":6250,"height":4167,"caption":"BESTA SOLAR"}]},"product_price_amount":"170000.00","product_price_currency":"XOF","og_availability":"instock","product_availability":"instock","product_condition":"new","geo.placename":"parakou","geo.region":"Benin"},"jetpack_sharing_enabled":true,"_links":{"self":[{"href":"https:\/\/www.bestasolar.com\/en\/wp-json\/wp\/v2\/product\/10923"}],"collection":[{"href":"https:\/\/www.bestasolar.com\/en\/wp-json\/wp\/v2\/product"}],"about":[{"href":"https:\/\/www.bestasolar.com\/en\/wp-json\/wp\/v2\/types\/product"}],"replies":[{"embeddable":true,"href":"https:\/\/www.bestasolar.com\/en\/wp-json\/wp\/v2\/comments?post=10923"}],"wp:featuredmedia":[{"embeddable":true,"href":"https:\/\/www.bestasolar.com\/en\/wp-json\/wp\/v2\/media\/10916"}],"wp:attachment":[{"href":"https:\/\/www.bestasolar.com\/en\/wp-json\/wp\/v2\/media?parent=10923"}],"wp:term":[{"taxonomy":"product_brand","embeddable":true,"href":"https:\/\/www.bestasolar.com\/en\/wp-json\/wp\/v2\/product_brand?post=10923"},{"taxonomy":"product_cat","embeddable":true,"href":"https:\/\/www.bestasolar.com\/en\/wp-json\/wp\/v2\/product_cat?post=10923"},{"taxonomy":"product_tag","embeddable":true,"href":"https:\/\/www.bestasolar.com\/en\/wp-json\/wp\/v2\/product_tag?post=10923"}],"curies":[{"name":"wp","href":"https:\/\/api.w.org\/{rel}","templated":true}]}}