{"id":10924,"date":"2025-10-16T22:03:18","date_gmt":"2025-10-16T20:03:18","guid":{"rendered":"https:\/\/www.bestasolar.com\/?post_type=product&#038;p=10924"},"modified":"2025-10-16T22:03:19","modified_gmt":"2025-10-16T20:03:19","slug":"batterie-lithium-felicity-25-kwh","status":"publish","type":"product","link":"https:\/\/www.bestasolar.com\/en\/product\/batterie-lithium-felicity-25-kwh\/","title":{"rendered":"Batterie lithium Felicity 25 kWh"},"content":{"rendered":"<h4><span dir=\"auto\">Batterie lithium Felicity 25 kWh<\/span><\/h4>\n<p data-pm-slice=\"1 1 []\"><span dir=\"auto\">Pour les entreprises et les grands domaines n\u00e9cessitant un stockage d&#8217;\u00e9nergie maximal, la batterie lithium Felicity 25 kWh est le choix id\u00e9al. Con\u00e7ue avec une capacit\u00e9 importante de 48 V et 500 Ah et une dur\u00e9e de vie de 6\u00a0000 cycles, cette batterie garantit une alimentation \u00e9lectrique robuste et constante.<\/span><\/p>\n<p dir=\"ltr\"><span dir=\"auto\">Chez <a href=\"https:\/\/www.bestasolar.com\/en\/\">Besta Solar <\/a><\/span><span dir=\"auto\">, nous proposons la batterie lithium Felicity 25 kWh \u00e0 un prix comp\u00e9titif au B\u00e9nin et au Togo, gage de qualit\u00e9. Notre plateforme en ligne intuitive simplifie l&#8217;achat de batteries lithium pour l&#8217;\u00e9nergie solaire au Kenya, avec une livraison rapide dans tout le pays et une installation par des experts. Leaders du secteur, nous collaborons avec les plus grandes marques mondiales du solaire pour fournir <\/span><a href=\"https:\/\/africa.felicitysolar.com\/product\/fla48500\/\"><span dir=\"auto\">des batteries solaires<\/span><\/a><span dir=\"auto\"> au lithium Felicity fiables Notre assistance apr\u00e8s installation garantit le fonctionnement optimal de votre syst\u00e8me solaire pendant de nombreuses ann\u00e9es.<\/span><\/p>\n<p dir=\"ltr\"><span dir=\"auto\">La batterie lithium Felicity 25 kWh est con\u00e7ue pour une durabilit\u00e9 exceptionnelle, avec 6 000 cycles pour une fiabilit\u00e9 \u00e9nerg\u00e9tique \u00e0 long terme. En choisissant une batterie lithium Felicity 25 kWh , vous investissez dans une solution durable qui r\u00e9duit votre empreinte carbone et vos d\u00e9penses \u00e9nerg\u00e9tiques. L&#8217;engagement de Besta Solar pour l&#8217;excellence fait de nous le choix privil\u00e9gi\u00e9 pour les batteries lithium Felicity. Achetez d\u00e8s maintenant et alimentez votre maison ou votre entreprise en \u00e9lectricit\u00e9 en toute confiance et de mani\u00e8re durable !<\/span><\/p>\n<h3><span dir=\"auto\">Principales caract\u00e9ristiques de la batterie lithium Felicity 25 kWh\u00a0<\/span><\/h3>\n<ol>\n<li><strong><span dir=\"auto\">Haute densit\u00e9 \u00e9nerg\u00e9tique :<\/span><\/strong><span dir=\"auto\">\u00a0Offre une capacit\u00e9 \u00e9nerg\u00e9tique importante de 25 kWh, assurant une puissance suffisante pendant des p\u00e9riodes prolong\u00e9es.<\/span><\/li>\n<li><strong><span dir=\"auto\">Longue dur\u00e9e de vie :<\/span><\/strong><span dir=\"auto\">\u00a0avec une dur\u00e9e de vie de 6 000 cycles, il offre durabilit\u00e9 et long\u00e9vit\u00e9 pour les applications de stockage d&#8217;\u00e9nergie.<\/span><\/li>\n<li><strong><span dir=\"auto\">Chimie avanc\u00e9e :<\/span><\/strong><span dir=\"auto\">\u00a0utilise la chimie du lithium fer phosphate (LiFePO4) pour une s\u00e9curit\u00e9, une stabilit\u00e9 et des performances am\u00e9lior\u00e9es.<\/span><\/li>\n<li><strong><span dir=\"auto\">Large plage de temp\u00e9ratures de fonctionnement :<\/span><\/strong><span dir=\"auto\">\u00a0convient \u00e0 une utilisation dans diverses conditions environnementales, de -20 \u00b0C \u00e0 60 \u00b0C (-4 \u00b0F \u00e0 140 \u00b0F).<\/span><\/li>\n<li><strong><span dir=\"auto\">Haute efficacit\u00e9 :<\/span><\/strong><span dir=\"auto\">\u00a0atteint jusqu&#8217;\u00e0 98 % d&#8217;efficacit\u00e9, minimisant les pertes d&#8217;\u00e9nergie pendant les processus de charge et de d\u00e9charge.<\/span><\/li>\n<li><strong><span dir=\"auto\">Communication intelligente :<\/span><\/strong><span dir=\"auto\">\u00a0\u00e9quip\u00e9 de protocoles de communication tels que CAN, RS485 et Bluetooth pour la surveillance et le contr\u00f4le \u00e0 distance.<\/span><\/li>\n<li><strong><span dir=\"auto\">Syst\u00e8me de gestion de batterie (BMS) :<\/span><\/strong><span dir=\"auto\">\u00a0le BMS int\u00e9gr\u00e9 garantit des performances optimales et une protection contre les surcharges, les d\u00e9charges excessives et les fluctuations de temp\u00e9rature.<\/span><\/li>\n<li><strong><span dir=\"auto\">Installation flexible :<\/span><\/strong><span dir=\"auto\">\u00a0compatible avec diverses options de montage, facilitant une int\u00e9gration facile dans diff\u00e9rents syst\u00e8mes.<\/span><\/li>\n<li><strong><span dir=\"auto\">Qualit\u00e9 certifi\u00e9e :<\/span><\/strong><span dir=\"auto\">\u00a0d\u00e9tient des certifications telles que CE, UL et RoHS, garantissant la conformit\u00e9 aux normes internationales de qualit\u00e9 et de s\u00e9curit\u00e9.<\/span><\/li>\n<\/ol>\n<h4><span dir=\"auto\">Sp\u00e9cifications techniques de la batterie lithium Felicity 25 kWh<\/span><\/h4>\n<table>\n<thead>\n<tr>\n<th><span dir=\"auto\">Fonctionnalit\u00e9<\/span><\/th>\n<th><span dir=\"auto\">Description<\/span><\/th>\n<\/tr>\n<\/thead>\n<tbody>\n<tr>\n<td><span dir=\"auto\">Type de batterie<\/span><\/td>\n<td><span dir=\"auto\">Phosphate de lithium-ion<\/span><\/td>\n<\/tr>\n<tr>\n<td><span dir=\"auto\">Tension nominale<\/span><\/td>\n<td><span dir=\"auto\">48 V<\/span><\/td>\n<\/tr>\n<tr>\n<td><span dir=\"auto\">Capacit\u00e9<\/span><\/td>\n<td><span dir=\"auto\">500 Ah<\/span><\/td>\n<\/tr>\n<tr>\n<td><span dir=\"auto\">Capacit\u00e9 \u00e9nerg\u00e9tique<\/span><\/td>\n<td><span dir=\"auto\">25 kWh<\/span><\/td>\n<\/tr>\n<tr>\n<td><span dir=\"auto\">Cycle de vie<\/span><\/td>\n<td><span dir=\"auto\">6000 cycles<\/span><\/td>\n<\/tr>\n<tr>\n<td><span dir=\"auto\">Chimie<\/span><\/td>\n<td><span dir=\"auto\">Phosphate de fer et de lithium (LiFePO4)<\/span><\/td>\n<\/tr>\n<tr>\n<td><span dir=\"auto\">Temp\u00e9rature de fonctionnement<\/span><\/td>\n<td><span dir=\"auto\">-20\u00b0C \u00e0 60\u00b0C (-4\u00b0F \u00e0 140\u00b0F)<\/span><\/td>\n<\/tr>\n<tr>\n<td><span dir=\"auto\">Temp\u00e9rature de charge<\/span><\/td>\n<td><span dir=\"auto\">0\u00b0C \u00e0 45\u00b0C (32\u00b0F \u00e0 113\u00b0F)<\/span><\/td>\n<\/tr>\n<tr>\n<td><span dir=\"auto\">Temp\u00e9rature de d\u00e9charge<\/span><\/td>\n<td><span dir=\"auto\">-20\u00b0C \u00e0 60\u00b0C (-4\u00b0F \u00e0 140\u00b0F)<\/span><\/td>\n<\/tr>\n<tr>\n<td><span dir=\"auto\">Profondeur de d\u00e9charge (DOD)<\/span><\/td>\n<td><span dir=\"auto\">Jusqu&#8217;\u00e0 90%<\/span><\/td>\n<\/tr>\n<tr>\n<td><span dir=\"auto\">Taux d&#8217;autod\u00e9charge<\/span><\/td>\n<td><span dir=\"auto\">&lt;3% par mois<\/span><\/td>\n<\/tr>\n<tr>\n<td><span dir=\"auto\">Efficacit\u00e9<\/span><\/td>\n<td><span dir=\"auto\">Jusqu&#8217;\u00e0 98%<\/span><\/td>\n<\/tr>\n<tr>\n<td><span dir=\"auto\">Communication<\/span><\/td>\n<td><span dir=\"auto\">CAN, RS485, Bluetooth<\/span><\/td>\n<\/tr>\n<tr>\n<td><span dir=\"auto\">Syst\u00e8me de gestion<\/span><\/td>\n<td><span dir=\"auto\">Syst\u00e8me de gestion de batterie (BMS)<\/span><\/td>\n<\/tr>\n<tr>\n<td><span dir=\"auto\">Garantie<\/span><\/td>\n<td><span dir=\"auto\">G\u00e9n\u00e9ralement 5 \u00e0 10 ans, selon le fabricant<\/span><\/td>\n<\/tr>\n<tr>\n<td><span dir=\"auto\">Dimensions<\/span><\/td>\n<td><span dir=\"auto\">Varie selon le mod\u00e8le<\/span><\/td>\n<\/tr>\n<tr>\n<td><span dir=\"auto\">Poids<\/span><\/td>\n<td><span dir=\"auto\">Varie selon le mod\u00e8le<\/span><\/td>\n<\/tr>\n<tr>\n<td><span dir=\"auto\">Certification<\/span><\/td>\n<td><span dir=\"auto\">CE, UL, RoHS<\/span><\/td>\n<\/tr>\n<\/tbody>\n<\/table>\n<h5><\/h5>","protected":false},"excerpt":{"rendered":"<h1 class=\"product_title entry-title\"><\/h1>\n<div class=\"woocommerce-product-details__short-description\">\n<ul>\n<li><span dir=\"auto\"> Batterie au lithium-phosphate de fer<\/span><\/li>\n<li>Longue p\u00e9riode de garantie : 5 ans<\/li>\n<li>&gt;6000 cycles Performances fiables<\/li>\n<li>Prend en charge 6PCS LPBF en mode parall\u00e8le pour l&#8217;extension.<\/li>\n<li>Communication CAN et RS485 pratique<\/li>\n<\/ul>\n<\/div>","protected":false},"featured_media":10925,"comment_status":"open","ping_status":"closed","template":"","meta":[],"product_brand":[],"product_cat":[15],"product_tag":[],"class_list":{"0":"post-10924","1":"product","2":"type-product","3":"status-publish","4":"has-post-thumbnail","6":"product_cat-electricity","8":"first","9":"instock","10":"sale","11":"shipping-taxable","12":"purchasable","13":"product-type-simple"},"yoast_head":"<!-- This site is optimized with the Yoast SEO Premium plugin v22.8 (Yoast SEO v25.6) - https:\/\/yoast.com\/wordpress\/plugins\/seo\/ -->\n<title>Batterie lithium Felicity 25 kWh - BESTA SOLAR<\/title>\n<meta name=\"description\" content=\"La batterie lithium Felicity 25 kWh est propos\u00e9 \u00e0 un prix comp\u00e9titif chez besta solar c&#039;est disponible au B\u00e9nin et au Togo.\" \/>\n<meta name=\"robots\" content=\"index, follow, max-snippet:-1, max-image-preview:large, max-video-preview:-1\" \/>\n<link rel=\"canonical\" href=\"https:\/\/www.bestasolar.com\/en\/product\/batterie-lithium-felicity-25-kwh\/\" \/>\n<meta property=\"og:locale\" content=\"en_US\" \/>\n<meta property=\"og:type\" content=\"article\" \/>\n<meta property=\"og:title\" content=\"Batterie lithium Felicity 25 kWh\" \/>\n<meta property=\"og:description\" content=\"La batterie lithium Felicity 25 kWh est propos\u00e9 \u00e0 un prix comp\u00e9titif chez besta solar c&#039;est disponible au B\u00e9nin et au Togo.\" \/>\n<meta property=\"og:url\" content=\"https:\/\/www.bestasolar.com\/en\/product\/batterie-lithium-felicity-25-kwh\/\" \/>\n<meta property=\"og:site_name\" content=\"BESTA SOLAR\" \/>\n<meta property=\"article:publisher\" content=\"https:\/\/www.facebook.com\/bestasolar\/\" \/>\n<meta property=\"article:modified_time\" content=\"2025-10-16T20:03:19+00:00\" \/>\n<meta property=\"og:image\" content=\"https:\/\/www.bestasolar.com\/wp-content\/uploads\/2025\/10\/FLA48500.1.png\" \/>\n\t<meta property=\"og:image:width\" content=\"800\" \/>\n\t<meta property=\"og:image:height\" content=\"800\" \/>\n\t<meta property=\"og:image:type\" content=\"image\/png\" \/>\n<meta name=\"twitter:card\" content=\"summary_large_image\" \/>\n<meta name=\"twitter:label1\" content=\"Price\" \/>\n\t<meta name=\"twitter:data1\" content=\"CFA2,050,000.00\" \/>\n\t<meta name=\"twitter:label2\" content=\"Availability\" \/>\n\t<meta name=\"twitter:data2\" content=\"In stock\" \/>\n<script type=\"application\/ld+json\" class=\"yoast-schema-graph\">{\"@context\":\"https:\/\/schema.org\",\"@graph\":[{\"@type\":\"WebPage\",\"@id\":\"https:\/\/www.bestasolar.com\/produit\/batterie-lithium-felicity-25-kwh\/\",\"url\":\"https:\/\/www.bestasolar.com\/produit\/batterie-lithium-felicity-25-kwh\/\",\"name\":\"Batterie lithium Felicity 25 kWh - BESTA SOLAR\",\"isPartOf\":{\"@id\":\"https:\/\/www.bestasolar.com\/#website\"},\"primaryImageOfPage\":{\"@id\":\"https:\/\/www.bestasolar.com\/produit\/batterie-lithium-felicity-25-kwh\/#primaryimage\"},\"image\":{\"@id\":\"https:\/\/www.bestasolar.com\/produit\/batterie-lithium-felicity-25-kwh\/#primaryimage\"},\"thumbnailUrl\":\"https:\/\/www.bestasolar.com\/wp-content\/uploads\/2025\/10\/FLA48500.1.png\",\"datePublished\":\"2025-10-16T20:03:18+00:00\",\"dateModified\":\"2025-10-16T20:03:19+00:00\",\"description\":\"La batterie lithium Felicity 25 kWh est propos\u00e9 \u00e0 un prix comp\u00e9titif chez besta solar c'est disponible au B\u00e9nin et au Togo.\",\"breadcrumb\":{\"@id\":\"https:\/\/www.bestasolar.com\/produit\/batterie-lithium-felicity-25-kwh\/#breadcrumb\"},\"inLanguage\":\"en-US\",\"potentialAction\":[{\"@type\":\"ReadAction\",\"target\":[\"https:\/\/www.bestasolar.com\/produit\/batterie-lithium-felicity-25-kwh\/\"]}]},{\"@type\":\"ImageObject\",\"inLanguage\":\"en-US\",\"@id\":\"https:\/\/www.bestasolar.com\/produit\/batterie-lithium-felicity-25-kwh\/#primaryimage\",\"url\":\"https:\/\/www.bestasolar.com\/wp-content\/uploads\/2025\/10\/FLA48500.1.png\",\"contentUrl\":\"https:\/\/www.bestasolar.com\/wp-content\/uploads\/2025\/10\/FLA48500.1.png\",\"width\":800,\"height\":800},{\"@type\":\"BreadcrumbList\",\"@id\":\"https:\/\/www.bestasolar.com\/produit\/batterie-lithium-felicity-25-kwh\/#breadcrumb\",\"itemListElement\":[{\"@type\":\"ListItem\",\"position\":1,\"name\":\"Home\",\"item\":\"https:\/\/www.bestasolar.com\/\"},{\"@type\":\"ListItem\",\"position\":2,\"name\":\"Shop\",\"item\":\"https:\/\/www.bestasolar.com\/shop\/\"},{\"@type\":\"ListItem\",\"position\":3,\"name\":\"Batterie lithium Felicity 25 kWh\"}]},{\"@type\":\"WebSite\",\"@id\":\"https:\/\/www.bestasolar.com\/#website\",\"url\":\"https:\/\/www.bestasolar.com\/\",\"name\":\"BESTA SOLAR\",\"description\":\"Vente d&#039;equipement solaire batterie lithium onduleur mppt\",\"publisher\":{\"@id\":\"https:\/\/www.bestasolar.com\/#organization\"},\"potentialAction\":[{\"@type\":\"SearchAction\",\"target\":{\"@type\":\"EntryPoint\",\"urlTemplate\":\"https:\/\/www.bestasolar.com\/?s={search_term_string}\"},\"query-input\":{\"@type\":\"PropertyValueSpecification\",\"valueRequired\":true,\"valueName\":\"search_term_string\"}}],\"inLanguage\":\"en-US\"},{\"@type\":[\"Organization\",\"Place\",\"OfficeEquipmentStore\"],\"@id\":\"https:\/\/www.bestasolar.com\/#organization\",\"name\":\"BESTA SOLAR\",\"url\":\"https:\/\/www.bestasolar.com\/\",\"logo\":{\"@id\":\"https:\/\/www.bestasolar.com\/produit\/batterie-lithium-felicity-25-kwh\/#local-main-organization-logo\"},\"image\":{\"@id\":\"https:\/\/www.bestasolar.com\/produit\/batterie-lithium-felicity-25-kwh\/#local-main-organization-logo\"},\"sameAs\":[\"https:\/\/www.facebook.com\/bestasolar\/\",\"https:\/\/www.youtube.com\/channel\/UCYnBggiypeSN8k1IQrX6BUw\",\"https:\/\/www.tiktok.com\/@bestasolar\",\"https:\/\/www.pinterest.com\/bestasolar\/\"],\"telephone\":[\"+22961732956\"],\"contactPoint\":{\"@type\":\"ContactPoint\",\"telephone\":\"+22961732956\",\"email\":\"contact@bestasolar.com\"},\"openingHoursSpecification\":[{\"@type\":\"OpeningHoursSpecification\",\"dayOfWeek\":[\"Monday\",\"Tuesday\",\"Wednesday\",\"Thursday\",\"Friday\",\"Saturday\"],\"opens\":\"08:00\",\"closes\":\"21:00\"},{\"@type\":\"OpeningHoursSpecification\",\"dayOfWeek\":[\"Sunday\"],\"opens\":\"09:00\",\"closes\":\"18:00\"}],\"email\":\"contact@bestasolar.com\",\"faxNumber\":\"Besta Solar\",\"areaServed\":\"Afrique de l'ouest\",\"taxID\":\"02022748823174\",\"currenciesAccepted\":\"CFA\"},{\"@type\":\"ImageObject\",\"inLanguage\":\"en-US\",\"@id\":\"https:\/\/www.bestasolar.com\/produit\/batterie-lithium-felicity-25-kwh\/#local-main-organization-logo\",\"url\":\"https:\/\/www.bestasolar.com\/wp-content\/uploads\/2023\/01\/BESTA-SOLAR-Logo-01-1.png\",\"contentUrl\":\"https:\/\/www.bestasolar.com\/wp-content\/uploads\/2023\/01\/BESTA-SOLAR-Logo-01-1.png\",\"width\":6250,\"height\":4167,\"caption\":\"BESTA SOLAR\"}]}<\/script>\n<meta property=\"product:price:amount\" content=\"2050000.00\" \/>\n<meta property=\"product:price:currency\" content=\"XOF\" \/>\n<meta property=\"og:availability\" content=\"instock\" \/>\n<meta property=\"product:availability\" content=\"instock\" \/>\n<meta property=\"product:condition\" content=\"new\" \/>\n<meta name=\"geo.placename\" content=\"parakou\" \/>\n<meta name=\"geo.region\" content=\"Benin\" \/>\n<!-- \/ Yoast SEO Premium plugin. -->","yoast_head_json":{"title":"Batterie lithium Felicity 25 kWh - BESTA SOLAR","description":"La batterie lithium Felicity 25 kWh est propos\u00e9 \u00e0 un prix comp\u00e9titif chez besta solar c'est disponible au B\u00e9nin et au Togo.","robots":{"index":"index","follow":"follow","max-snippet":"max-snippet:-1","max-image-preview":"max-image-preview:large","max-video-preview":"max-video-preview:-1"},"canonical":"https:\/\/www.bestasolar.com\/en\/product\/batterie-lithium-felicity-25-kwh\/","og_locale":"en_US","og_type":"article","og_title":"Batterie lithium Felicity 25 kWh","og_description":"La batterie lithium Felicity 25 kWh est propos\u00e9 \u00e0 un prix comp\u00e9titif chez besta solar c'est disponible au B\u00e9nin et au Togo.","og_url":"https:\/\/www.bestasolar.com\/en\/product\/batterie-lithium-felicity-25-kwh\/","og_site_name":"BESTA SOLAR","article_publisher":"https:\/\/www.facebook.com\/bestasolar\/","article_modified_time":"2025-10-16T20:03:19+00:00","og_image":[{"width":800,"height":800,"url":"https:\/\/www.bestasolar.com\/wp-content\/uploads\/2025\/10\/FLA48500.1.png","type":"image\/png"}],"twitter_card":"summary_large_image","twitter_misc":{"Price":"CFA2,050,000.00","Availability":"In stock"},"schema":{"@context":"https:\/\/schema.org","@graph":[{"@type":"WebPage","@id":"https:\/\/www.bestasolar.com\/produit\/batterie-lithium-felicity-25-kwh\/","url":"https:\/\/www.bestasolar.com\/produit\/batterie-lithium-felicity-25-kwh\/","name":"Batterie lithium Felicity 25 kWh - BESTA SOLAR","isPartOf":{"@id":"https:\/\/www.bestasolar.com\/#website"},"primaryImageOfPage":{"@id":"https:\/\/www.bestasolar.com\/produit\/batterie-lithium-felicity-25-kwh\/#primaryimage"},"image":{"@id":"https:\/\/www.bestasolar.com\/produit\/batterie-lithium-felicity-25-kwh\/#primaryimage"},"thumbnailUrl":"https:\/\/www.bestasolar.com\/wp-content\/uploads\/2025\/10\/FLA48500.1.png","datePublished":"2025-10-16T20:03:18+00:00","dateModified":"2025-10-16T20:03:19+00:00","description":"La batterie lithium Felicity 25 kWh est propos\u00e9 \u00e0 un prix comp\u00e9titif chez besta solar c'est disponible au B\u00e9nin et au Togo.","breadcrumb":{"@id":"https:\/\/www.bestasolar.com\/produit\/batterie-lithium-felicity-25-kwh\/#breadcrumb"},"inLanguage":"en-US","potentialAction":[{"@type":"ReadAction","target":["https:\/\/www.bestasolar.com\/produit\/batterie-lithium-felicity-25-kwh\/"]}]},{"@type":"ImageObject","inLanguage":"en-US","@id":"https:\/\/www.bestasolar.com\/produit\/batterie-lithium-felicity-25-kwh\/#primaryimage","url":"https:\/\/www.bestasolar.com\/wp-content\/uploads\/2025\/10\/FLA48500.1.png","contentUrl":"https:\/\/www.bestasolar.com\/wp-content\/uploads\/2025\/10\/FLA48500.1.png","width":800,"height":800},{"@type":"BreadcrumbList","@id":"https:\/\/www.bestasolar.com\/produit\/batterie-lithium-felicity-25-kwh\/#breadcrumb","itemListElement":[{"@type":"ListItem","position":1,"name":"Home","item":"https:\/\/www.bestasolar.com\/"},{"@type":"ListItem","position":2,"name":"Shop","item":"https:\/\/www.bestasolar.com\/shop\/"},{"@type":"ListItem","position":3,"name":"Batterie lithium Felicity 25 kWh"}]},{"@type":"WebSite","@id":"https:\/\/www.bestasolar.com\/#website","url":"https:\/\/www.bestasolar.com\/","name":"BESTA SOLAR","description":"Vente d&#039;equipement solaire batterie lithium onduleur mppt","publisher":{"@id":"https:\/\/www.bestasolar.com\/#organization"},"potentialAction":[{"@type":"SearchAction","target":{"@type":"EntryPoint","urlTemplate":"https:\/\/www.bestasolar.com\/?s={search_term_string}"},"query-input":{"@type":"PropertyValueSpecification","valueRequired":true,"valueName":"search_term_string"}}],"inLanguage":"en-US"},{"@type":["Organization","Place","OfficeEquipmentStore"],"@id":"https:\/\/www.bestasolar.com\/#organization","name":"BESTA SOLAR","url":"https:\/\/www.bestasolar.com\/","logo":{"@id":"https:\/\/www.bestasolar.com\/produit\/batterie-lithium-felicity-25-kwh\/#local-main-organization-logo"},"image":{"@id":"https:\/\/www.bestasolar.com\/produit\/batterie-lithium-felicity-25-kwh\/#local-main-organization-logo"},"sameAs":["https:\/\/www.facebook.com\/bestasolar\/","https:\/\/www.youtube.com\/channel\/UCYnBggiypeSN8k1IQrX6BUw","https:\/\/www.tiktok.com\/@bestasolar","https:\/\/www.pinterest.com\/bestasolar\/"],"telephone":["+22961732956"],"contactPoint":{"@type":"ContactPoint","telephone":"+22961732956","email":"contact@bestasolar.com"},"openingHoursSpecification":[{"@type":"OpeningHoursSpecification","dayOfWeek":["Monday","Tuesday","Wednesday","Thursday","Friday","Saturday"],"opens":"08:00","closes":"21:00"},{"@type":"OpeningHoursSpecification","dayOfWeek":["Sunday"],"opens":"09:00","closes":"18:00"}],"email":"contact@bestasolar.com","faxNumber":"Besta Solar","areaServed":"Afrique de l'ouest","taxID":"02022748823174","currenciesAccepted":"CFA"},{"@type":"ImageObject","inLanguage":"en-US","@id":"https:\/\/www.bestasolar.com\/produit\/batterie-lithium-felicity-25-kwh\/#local-main-organization-logo","url":"https:\/\/www.bestasolar.com\/wp-content\/uploads\/2023\/01\/BESTA-SOLAR-Logo-01-1.png","contentUrl":"https:\/\/www.bestasolar.com\/wp-content\/uploads\/2023\/01\/BESTA-SOLAR-Logo-01-1.png","width":6250,"height":4167,"caption":"BESTA SOLAR"}]},"product_price_amount":"2050000.00","product_price_currency":"XOF","og_availability":"instock","product_availability":"instock","product_condition":"new","geo.placename":"parakou","geo.region":"Benin"},"jetpack_sharing_enabled":true,"_links":{"self":[{"href":"https:\/\/www.bestasolar.com\/en\/wp-json\/wp\/v2\/product\/10924"}],"collection":[{"href":"https:\/\/www.bestasolar.com\/en\/wp-json\/wp\/v2\/product"}],"about":[{"href":"https:\/\/www.bestasolar.com\/en\/wp-json\/wp\/v2\/types\/product"}],"replies":[{"embeddable":true,"href":"https:\/\/www.bestasolar.com\/en\/wp-json\/wp\/v2\/comments?post=10924"}],"wp:featuredmedia":[{"embeddable":true,"href":"https:\/\/www.bestasolar.com\/en\/wp-json\/wp\/v2\/media\/10925"}],"wp:attachment":[{"href":"https:\/\/www.bestasolar.com\/en\/wp-json\/wp\/v2\/media?parent=10924"}],"wp:term":[{"taxonomy":"product_brand","embeddable":true,"href":"https:\/\/www.bestasolar.com\/en\/wp-json\/wp\/v2\/product_brand?post=10924"},{"taxonomy":"product_cat","embeddable":true,"href":"https:\/\/www.bestasolar.com\/en\/wp-json\/wp\/v2\/product_cat?post=10924"},{"taxonomy":"product_tag","embeddable":true,"href":"https:\/\/www.bestasolar.com\/en\/wp-json\/wp\/v2\/product_tag?post=10924"}],"curies":[{"name":"wp","href":"https:\/\/api.w.org\/{rel}","templated":true}]}}