{"id":10929,"date":"2025-10-17T22:23:14","date_gmt":"2025-10-17T20:23:14","guid":{"rendered":"https:\/\/www.bestasolar.com\/?post_type=product&#038;p=10929"},"modified":"2025-10-17T22:23:14","modified_gmt":"2025-10-17T20:23:14","slug":"batterie-lithium-felicity-17-5kwh","status":"publish","type":"product","link":"https:\/\/www.bestasolar.com\/en\/product\/batterie-lithium-felicity-17-5kwh\/","title":{"rendered":"Batterie lithium Felicity 17.5kWh"},"content":{"rendered":"<table style=\"height: 582px;\" width=\"939\">\n<tbody>\n<tr>\n<td colspan=\"1\" rowspan=\"1\">\n<div><span dir=\"auto\">Mod\u00e8le<\/span><\/div>\n<\/td>\n<td colspan=\"1\" rowspan=\"1\">\n<div><span dir=\"auto\">LPBF48250<\/span><\/div>\n<\/td>\n<td colspan=\"1\" rowspan=\"1\">\n<div><span dir=\"auto\">LPBF48300<\/span><\/div>\n<\/td>\n<td colspan=\"1\" rowspan=\"1\">\n<div><span dir=\"auto\">LPBF48350<\/span><\/div>\n<\/td>\n<\/tr>\n<tr>\n<td colspan=\"1\" rowspan=\"1\">\n<div><span dir=\"auto\">Capacit\u00e9 utilisable<\/span><\/div>\n<\/td>\n<td colspan=\"1\" rowspan=\"1\">\n<div><span dir=\"auto\">12,5 kWh<\/span><\/div>\n<\/td>\n<td colspan=\"1\" rowspan=\"1\">\n<div><span dir=\"auto\">15 kWh<\/span><\/div>\n<\/td>\n<td colspan=\"1\" rowspan=\"1\">\n<div><span dir=\"auto\">17,5 kWh<\/span><\/div>\n<\/td>\n<\/tr>\n<tr>\n<td colspan=\"1\" rowspan=\"1\">\n<div><span dir=\"auto\">Tension nominale<\/span><\/div>\n<\/td>\n<td colspan=\"1\" rowspan=\"1\">\n<div><span dir=\"auto\">51,2<\/span><\/div>\n<\/td>\n<td colspan=\"1\" rowspan=\"1\">\n<div><span dir=\"auto\">51,2<\/span><\/div>\n<\/td>\n<td colspan=\"1\" rowspan=\"1\">\n<div><span dir=\"auto\">51,2 V<\/span><\/div>\n<\/td>\n<\/tr>\n<tr>\n<td colspan=\"1\" rowspan=\"1\">\n<div><span dir=\"auto\">Plage de tension<\/span><\/div>\n<\/td>\n<td colspan=\"1\" rowspan=\"1\">\n<div><span dir=\"auto\">48-57,6<\/span><\/div>\n<\/td>\n<td colspan=\"1\" rowspan=\"1\">\n<div><span dir=\"auto\">48-57,6<\/span><\/div>\n<\/td>\n<td colspan=\"1\" rowspan=\"1\">\n<div><span dir=\"auto\">48-57,6 V<\/span><\/div>\n<\/td>\n<\/tr>\n<tr>\n<td colspan=\"1\" rowspan=\"1\">\n<div><span dir=\"auto\">Courant de charge et de d\u00e9charge maximal<\/span><\/div>\n<\/td>\n<td colspan=\"2\" rowspan=\"1\">\n<div><span dir=\"auto\">200A \u00e0 30S<\/span><\/div>\n<\/td>\n<td colspan=\"1\" rowspan=\"1\">\n<div><span dir=\"auto\">\u2264 200 A<\/span><\/div>\n<\/td>\n<\/tr>\n<tr>\n<td colspan=\"1\" rowspan=\"1\">\n<div><span dir=\"auto\">Courant de charge et de d\u00e9charge recommand\u00e9<\/span><\/div>\n<\/td>\n<td colspan=\"2\" rowspan=\"1\">\n<div><span dir=\"auto\">\u2264120A<\/span><\/div>\n<\/td>\n<td colspan=\"1\" rowspan=\"1\">\n<div><span dir=\"auto\">250A \u00e0 120S<\/span><\/div>\n<\/td>\n<\/tr>\n<tr>\n<td colspan=\"1\" rowspan=\"1\">\n<div><span dir=\"auto\">Puissance de sortie MAX.<\/span><\/div>\n<\/td>\n<td colspan=\"2\" rowspan=\"1\">\n<div><span dir=\"auto\">10000W<\/span><\/div>\n<\/td>\n<td colspan=\"1\" rowspan=\"1\">\n<div><span dir=\"auto\">\u226410000W<\/span><\/div>\n<\/td>\n<\/tr>\n<tr>\n<td colspan=\"1\" rowspan=\"1\">\n<div><span dir=\"auto\">Puissance de sortie recommand\u00e9e<\/span><\/div>\n<\/td>\n<td colspan=\"2\" rowspan=\"1\">\n<div><span dir=\"auto\">6000 W<\/span><\/div>\n<\/td>\n<td colspan=\"1\" rowspan=\"1\">\n<div><span dir=\"auto\">12500W \u00e0 120S<\/span><\/div>\n<\/td>\n<\/tr>\n<tr>\n<td colspan=\"1\" rowspan=\"1\">\n<div><span dir=\"auto\">Minist\u00e8re de la D\u00e9fense<\/span><\/div>\n<\/td>\n<td colspan=\"2\" rowspan=\"1\">\n<div><span dir=\"auto\">\u2265 95%<\/span><\/div>\n<\/td>\n<td colspan=\"1\" rowspan=\"1\">\n<div><span dir=\"auto\">\u2265 95%<\/span><\/div>\n<\/td>\n<\/tr>\n<tr>\n<td colspan=\"1\" rowspan=\"1\">\n<div><span dir=\"auto\">Connexion des modules<\/span><\/div>\n<\/td>\n<td colspan=\"2\" rowspan=\"1\">\n<div><span dir=\"auto\">1 \u00e0 6 en parall\u00e8le<\/span><\/div>\n<\/td>\n<td colspan=\"1\" rowspan=\"1\">\n<div><span dir=\"auto\">1 \u00e0 6 en parall\u00e8le<\/span><\/div>\n<\/td>\n<\/tr>\n<tr>\n<td colspan=\"1\" rowspan=\"1\">\n<div><span dir=\"auto\">Communication<\/span><\/div>\n<\/td>\n<td colspan=\"2\" rowspan=\"1\">\n<div><span dir=\"auto\">CAN et RS485<\/span><\/div>\n<\/td>\n<td colspan=\"1\" rowspan=\"1\">\n<div><span dir=\"auto\">CAN et RS485<\/span><\/div>\n<\/td>\n<\/tr>\n<tr>\n<td colspan=\"1\" rowspan=\"1\">\n<div><span dir=\"auto\">Protection contre les intrusions<\/span><\/div>\n<\/td>\n<td colspan=\"2\" rowspan=\"1\">\n<div><span dir=\"auto\">IP21<\/span><\/div>\n<\/td>\n<td colspan=\"1\" rowspan=\"1\">\n<div><span dir=\"auto\">IP21<\/span><\/div>\n<\/td>\n<\/tr>\n<tr>\n<td colspan=\"1\" rowspan=\"1\">\n<div><span dir=\"auto\">Cycle de vie<\/span><\/div>\n<\/td>\n<td colspan=\"2\" rowspan=\"1\">\n<div><span dir=\"auto\">\u2265 6000 \u00e0 25 \u2103, 80 % DOD<\/span><\/div>\n<\/td>\n<td colspan=\"1\" rowspan=\"1\">\n<div><span dir=\"auto\">\u2265 6000 \u00e0 25 \u00b0C, 80 % DOD<\/span><\/div>\n<\/td>\n<\/tr>\n<tr>\n<td colspan=\"1\" rowspan=\"1\">\n<div><span dir=\"auto\">Plage de temp\u00e9rature de fonctionnement<\/span><\/div>\n<\/td>\n<td colspan=\"2\" rowspan=\"1\">\n<div><span dir=\"auto\">D\u00e9charge : -20\u00b0C \u00e0 +60\u00b0C, Charge : +0\u00b0C \u00e0 +55\u00b0C<\/span><\/div>\n<\/td>\n<td colspan=\"1\" rowspan=\"1\">\n<div><span dir=\"auto\">D\u00e9charge : -20 \u00e0 +60 \u00b0C Charge : 0 \u00e0 +55 \u00b0C<\/span><\/div>\n<\/td>\n<\/tr>\n<tr>\n<td colspan=\"1\" rowspan=\"1\">\n<div><span dir=\"auto\">Poids net (kg)<\/span><\/div>\n<\/td>\n<td colspan=\"2\" rowspan=\"1\">\n<div><span dir=\"auto\">1<\/span><span style=\"font-family: inherit; font-size: inherit;\">54 kg<\/span><\/div>\n<\/td>\n<td colspan=\"1\" rowspan=\"1\">\n<div><span dir=\"auto\">154 kg<\/span><\/div>\n<\/td>\n<\/tr>\n<tr>\n<td colspan=\"1\" rowspan=\"1\">\n<div><span dir=\"auto\">Poids brut (kg)<\/span><\/div>\n<\/td>\n<td colspan=\"2\" rowspan=\"1\">\n<div><span dir=\"auto\">177 kg<\/span><\/div>\n<\/td>\n<td colspan=\"1\" rowspan=\"1\">\n<div><span dir=\"auto\">177 kg<\/span><\/div>\n<\/td>\n<\/tr>\n<tr>\n<td colspan=\"1\" rowspan=\"1\">\n<div><span dir=\"auto\">Dimensions du produit (MM)<\/span><\/div>\n<\/td>\n<td colspan=\"2\" rowspan=\"1\">\n<div><span dir=\"auto\">615*350*955MM<\/span><\/div>\n<\/td>\n<td colspan=\"1\" rowspan=\"1\">\n<div><span dir=\"auto\">622x350x955MM<\/span><\/div>\n<\/td>\n<\/tr>\n<tr>\n<td colspan=\"1\" rowspan=\"1\">\n<div><span dir=\"auto\">Dimensions du colis (MM)<\/span><\/div>\n<\/td>\n<td colspan=\"2\" rowspan=\"1\">\n<div><span dir=\"auto\">715*450*1115MM<\/span><\/div>\n<\/td>\n<td colspan=\"1\" rowspan=\"1\"><\/td>\n<\/tr>\n<\/tbody>\n<\/table>\n<p>&nbsp;<\/p>\n<p>Batterie lithium <a href=\"https:\/\/africa.felicitysolar.com\/product\/lpbf48350\/\">Felicity<\/a> 17.5kWh<\/p>\n<ul>\n<li><strong>Type de batterie<\/strong>\u00a0: Lithium fer phosphate (LiFePO4), ce qui la rend plus s\u00fbre et plus durable que d&#8217;autres technologies de batterie lithium.<\/li>\n<li><strong>Dur\u00e9e de vie<\/strong>\u00a0: Environ 6 000 \u00e0 8 000 cycles de charge, selon les conditions d&#8217;utilisation.<\/li>\n<li><strong>Applications<\/strong> : \u00a0En combinaison avec des syst\u00e8mes photovolta\u00efques pour assurer une alimentation en \u00e9lectricit\u00e9 continue.<\/li>\n<\/ul>\n<p>&nbsp;<\/p>\n<p><img decoding=\"async\" style=\"font-family: inherit; font-size: inherit;\" src=\"https:\/\/cdn.xuansiwei.com\/jiaji5831\/1697017712438\/lianjietu.jpg?x-oss-process=style\/small\" \/><\/p>\n<p><img decoding=\"async\" src=\"https:\/\/cdn.xuansiwei.com\/jiaji5831\/1697017712487\/changjingtu.jpg?x-oss-process=style\/small\" \/><img decoding=\"async\" src=\"https:\/\/cdn.xuansiwei.com\/jiaji5831\/1697017712537\/chicuntu.jpg?x-oss-process=style\/small\" \/><img decoding=\"async\" src=\"https:\/\/cdn.xuansiwei.com\/jiaji5831\/1697017712570\/haibao1.jpg?x-oss-process=style\/small\" \/><img decoding=\"async\" src=\"https:\/\/cdn.xuansiwei.com\/jiaji5831\/1697017712607\/haibao2.jpg?x-oss-process=style\/small\" \/><\/p>\n<p>&nbsp;<\/p>\n<p>Batterie lithium <a href=\"https:\/\/africa.felicitysolar.com\/product\/lpbf48350\/\">Felicity<\/a> 17.5kWh disponible chez<a href=\"https:\/\/www.bestasolar.com\/en\/\"> besta solar <\/a>au benin et au togo<\/p>","protected":false},"excerpt":{"rendered":"<ul>\n<li><span dir=\"auto\">Batterie au lithium-phosphate de fer<\/span><\/li>\n<li><span dir=\"auto\">Longue p\u00e9riode de garantie : 5 ans<\/span><\/li>\n<li><span dir=\"auto\">Densit\u00e9 \u00e9nerg\u00e9tique plus \u00e9lev\u00e9e, volume plus petit pour le m\u00e9nage.<\/span><\/li>\n<li><span dir=\"auto\">Prise en charge de la connexion en mode parall\u00e8le pour l&#8217;extension.<\/span><\/li>\n<li><span dir=\"auto\">Support mural ou au sol pour une installation simple.<\/span><\/li>\n<li><span dir=\"auto\">Prend en charge jusqu&#8217;\u00e0 LPBA batteries en parall\u00e8le.<\/span><\/li>\n<\/ul>","protected":false},"featured_media":10930,"comment_status":"open","ping_status":"closed","template":"","meta":[],"product_brand":[84],"product_cat":[83],"product_tag":[],"class_list":{"0":"post-10929","1":"product","2":"type-product","3":"status-publish","4":"has-post-thumbnail","6":"product_brand-felicity","7":"product_cat-batterie-lithium","9":"first","10":"instock","11":"sale","12":"shipping-taxable","13":"purchasable","14":"product-type-simple"},"yoast_head":"<!-- This site is optimized with the Yoast SEO Premium plugin v22.8 (Yoast SEO v25.6) - https:\/\/yoast.com\/wordpress\/plugins\/seo\/ -->\n<title>Batterie lithium Felicity 17.5kWh<\/title>\n<meta name=\"description\" content=\"Batterie lithium Felicity 17.5kWh de haute qualit\u00e9. Grande capacit\u00e9 avec petit volume pour le m\u00e9nage.\u2265 6000 fois la charge Disponible au benin au togo\" \/>\n<meta name=\"robots\" content=\"index, follow, max-snippet:-1, max-image-preview:large, max-video-preview:-1\" \/>\n<link rel=\"canonical\" href=\"https:\/\/www.bestasolar.com\/en\/product\/batterie-lithium-felicity-17-5kwh\/\" \/>\n<meta property=\"og:locale\" content=\"en_US\" \/>\n<meta property=\"og:type\" content=\"article\" \/>\n<meta property=\"og:title\" content=\"Batterie lithium Felicity 17.5kWh\" \/>\n<meta property=\"og:description\" content=\"Batterie lithium Felicity 17.5kWh de haute qualit\u00e9. Grande capacit\u00e9 avec petit volume pour le m\u00e9nage.\u2265 6000 fois la charge Disponible au benin au togo\" \/>\n<meta property=\"og:url\" content=\"https:\/\/www.bestasolar.com\/en\/product\/batterie-lithium-felicity-17-5kwh\/\" \/>\n<meta property=\"og:site_name\" content=\"BESTA SOLAR\" \/>\n<meta property=\"article:publisher\" content=\"https:\/\/www.facebook.com\/bestasolar\/\" \/>\n<meta property=\"og:image\" content=\"https:\/\/www.bestasolar.com\/wp-content\/uploads\/2025\/10\/LPBF48350-3D-1.273.png\" \/>\n\t<meta property=\"og:image:width\" content=\"800\" \/>\n\t<meta property=\"og:image:height\" content=\"800\" \/>\n\t<meta property=\"og:image:type\" content=\"image\/png\" \/>\n<meta name=\"twitter:card\" content=\"summary_large_image\" \/>\n<meta name=\"twitter:label1\" content=\"Price\" \/>\n\t<meta name=\"twitter:data1\" content=\"CFA1,300,000.00\" \/>\n\t<meta name=\"twitter:label2\" content=\"Availability\" \/>\n\t<meta name=\"twitter:data2\" content=\"In stock\" \/>\n<script type=\"application\/ld+json\" class=\"yoast-schema-graph\">{\"@context\":\"https:\/\/schema.org\",\"@graph\":[{\"@type\":\"WebPage\",\"@id\":\"https:\/\/www.bestasolar.com\/produit\/batterie-lithium-felicity-17-5kwh\/\",\"url\":\"https:\/\/www.bestasolar.com\/produit\/batterie-lithium-felicity-17-5kwh\/\",\"name\":\"Batterie lithium Felicity 17.5kWh\",\"isPartOf\":{\"@id\":\"https:\/\/www.bestasolar.com\/#website\"},\"primaryImageOfPage\":{\"@id\":\"https:\/\/www.bestasolar.com\/produit\/batterie-lithium-felicity-17-5kwh\/#primaryimage\"},\"image\":{\"@id\":\"https:\/\/www.bestasolar.com\/produit\/batterie-lithium-felicity-17-5kwh\/#primaryimage\"},\"thumbnailUrl\":\"https:\/\/www.bestasolar.com\/wp-content\/uploads\/2025\/10\/LPBF48350-3D-1.273.png\",\"datePublished\":\"2025-10-17T20:23:14+00:00\",\"description\":\"Batterie lithium Felicity 17.5kWh de haute qualit\u00e9. Grande capacit\u00e9 avec petit volume pour le m\u00e9nage.\u2265 6000 fois la charge Disponible au benin au togo\",\"breadcrumb\":{\"@id\":\"https:\/\/www.bestasolar.com\/produit\/batterie-lithium-felicity-17-5kwh\/#breadcrumb\"},\"inLanguage\":\"en-US\",\"potentialAction\":[{\"@type\":\"ReadAction\",\"target\":[\"https:\/\/www.bestasolar.com\/produit\/batterie-lithium-felicity-17-5kwh\/\"]}]},{\"@type\":\"ImageObject\",\"inLanguage\":\"en-US\",\"@id\":\"https:\/\/www.bestasolar.com\/produit\/batterie-lithium-felicity-17-5kwh\/#primaryimage\",\"url\":\"https:\/\/www.bestasolar.com\/wp-content\/uploads\/2025\/10\/LPBF48350-3D-1.273.png\",\"contentUrl\":\"https:\/\/www.bestasolar.com\/wp-content\/uploads\/2025\/10\/LPBF48350-3D-1.273.png\",\"width\":800,\"height\":800,\"caption\":\"Batterie lithium Felicity 17.5kWh\"},{\"@type\":\"BreadcrumbList\",\"@id\":\"https:\/\/www.bestasolar.com\/produit\/batterie-lithium-felicity-17-5kwh\/#breadcrumb\",\"itemListElement\":[{\"@type\":\"ListItem\",\"position\":1,\"name\":\"Home\",\"item\":\"https:\/\/www.bestasolar.com\/\"},{\"@type\":\"ListItem\",\"position\":2,\"name\":\"Shop\",\"item\":\"https:\/\/www.bestasolar.com\/shop\/\"},{\"@type\":\"ListItem\",\"position\":3,\"name\":\"Batterie lithium Felicity 17.5kWh\"}]},{\"@type\":\"WebSite\",\"@id\":\"https:\/\/www.bestasolar.com\/#website\",\"url\":\"https:\/\/www.bestasolar.com\/\",\"name\":\"BESTA SOLAR\",\"description\":\"Vente d&#039;equipement solaire batterie lithium onduleur mppt\",\"publisher\":{\"@id\":\"https:\/\/www.bestasolar.com\/#organization\"},\"potentialAction\":[{\"@type\":\"SearchAction\",\"target\":{\"@type\":\"EntryPoint\",\"urlTemplate\":\"https:\/\/www.bestasolar.com\/?s={search_term_string}\"},\"query-input\":{\"@type\":\"PropertyValueSpecification\",\"valueRequired\":true,\"valueName\":\"search_term_string\"}}],\"inLanguage\":\"en-US\"},{\"@type\":[\"Organization\",\"Place\",\"OfficeEquipmentStore\"],\"@id\":\"https:\/\/www.bestasolar.com\/#organization\",\"name\":\"BESTA SOLAR\",\"url\":\"https:\/\/www.bestasolar.com\/\",\"logo\":{\"@id\":\"https:\/\/www.bestasolar.com\/produit\/batterie-lithium-felicity-17-5kwh\/#local-main-organization-logo\"},\"image\":{\"@id\":\"https:\/\/www.bestasolar.com\/produit\/batterie-lithium-felicity-17-5kwh\/#local-main-organization-logo\"},\"sameAs\":[\"https:\/\/www.facebook.com\/bestasolar\/\",\"https:\/\/www.youtube.com\/channel\/UCYnBggiypeSN8k1IQrX6BUw\",\"https:\/\/www.tiktok.com\/@bestasolar\",\"https:\/\/www.pinterest.com\/bestasolar\/\"],\"telephone\":[\"+22961732956\"],\"contactPoint\":{\"@type\":\"ContactPoint\",\"telephone\":\"+22961732956\",\"email\":\"contact@bestasolar.com\"},\"openingHoursSpecification\":[{\"@type\":\"OpeningHoursSpecification\",\"dayOfWeek\":[\"Monday\",\"Tuesday\",\"Wednesday\",\"Thursday\",\"Friday\",\"Saturday\"],\"opens\":\"08:00\",\"closes\":\"21:00\"},{\"@type\":\"OpeningHoursSpecification\",\"dayOfWeek\":[\"Sunday\"],\"opens\":\"09:00\",\"closes\":\"18:00\"}],\"email\":\"contact@bestasolar.com\",\"faxNumber\":\"Besta Solar\",\"areaServed\":\"Afrique de l'ouest\",\"taxID\":\"02022748823174\",\"currenciesAccepted\":\"CFA\"},{\"@type\":\"ImageObject\",\"inLanguage\":\"en-US\",\"@id\":\"https:\/\/www.bestasolar.com\/produit\/batterie-lithium-felicity-17-5kwh\/#local-main-organization-logo\",\"url\":\"https:\/\/www.bestasolar.com\/wp-content\/uploads\/2023\/01\/BESTA-SOLAR-Logo-01-1.png\",\"contentUrl\":\"https:\/\/www.bestasolar.com\/wp-content\/uploads\/2023\/01\/BESTA-SOLAR-Logo-01-1.png\",\"width\":6250,\"height\":4167,\"caption\":\"BESTA SOLAR\"}]}<\/script>\n<meta property=\"product:price:amount\" content=\"1300000.00\" \/>\n<meta property=\"product:price:currency\" content=\"XOF\" \/>\n<meta property=\"og:availability\" content=\"instock\" \/>\n<meta property=\"product:availability\" content=\"instock\" \/>\n<meta property=\"product:condition\" content=\"new\" \/>\n<meta name=\"geo.placename\" content=\"parakou\" \/>\n<meta name=\"geo.region\" content=\"Benin\" \/>\n<!-- \/ Yoast SEO Premium plugin. -->","yoast_head_json":{"title":"Batterie lithium Felicity 17.5kWh","description":"Batterie lithium Felicity 17.5kWh de haute qualit\u00e9. Grande capacit\u00e9 avec petit volume pour le m\u00e9nage.\u2265 6000 fois la charge Disponible au benin au togo","robots":{"index":"index","follow":"follow","max-snippet":"max-snippet:-1","max-image-preview":"max-image-preview:large","max-video-preview":"max-video-preview:-1"},"canonical":"https:\/\/www.bestasolar.com\/en\/product\/batterie-lithium-felicity-17-5kwh\/","og_locale":"en_US","og_type":"article","og_title":"Batterie lithium Felicity 17.5kWh","og_description":"Batterie lithium Felicity 17.5kWh de haute qualit\u00e9. Grande capacit\u00e9 avec petit volume pour le m\u00e9nage.\u2265 6000 fois la charge Disponible au benin au togo","og_url":"https:\/\/www.bestasolar.com\/en\/product\/batterie-lithium-felicity-17-5kwh\/","og_site_name":"BESTA SOLAR","article_publisher":"https:\/\/www.facebook.com\/bestasolar\/","og_image":[{"width":800,"height":800,"url":"https:\/\/www.bestasolar.com\/wp-content\/uploads\/2025\/10\/LPBF48350-3D-1.273.png","type":"image\/png"}],"twitter_card":"summary_large_image","twitter_misc":{"Price":"CFA1,300,000.00","Availability":"In stock"},"schema":{"@context":"https:\/\/schema.org","@graph":[{"@type":"WebPage","@id":"https:\/\/www.bestasolar.com\/produit\/batterie-lithium-felicity-17-5kwh\/","url":"https:\/\/www.bestasolar.com\/produit\/batterie-lithium-felicity-17-5kwh\/","name":"Batterie lithium Felicity 17.5kWh","isPartOf":{"@id":"https:\/\/www.bestasolar.com\/#website"},"primaryImageOfPage":{"@id":"https:\/\/www.bestasolar.com\/produit\/batterie-lithium-felicity-17-5kwh\/#primaryimage"},"image":{"@id":"https:\/\/www.bestasolar.com\/produit\/batterie-lithium-felicity-17-5kwh\/#primaryimage"},"thumbnailUrl":"https:\/\/www.bestasolar.com\/wp-content\/uploads\/2025\/10\/LPBF48350-3D-1.273.png","datePublished":"2025-10-17T20:23:14+00:00","description":"Batterie lithium Felicity 17.5kWh de haute qualit\u00e9. Grande capacit\u00e9 avec petit volume pour le m\u00e9nage.\u2265 6000 fois la charge Disponible au benin au togo","breadcrumb":{"@id":"https:\/\/www.bestasolar.com\/produit\/batterie-lithium-felicity-17-5kwh\/#breadcrumb"},"inLanguage":"en-US","potentialAction":[{"@type":"ReadAction","target":["https:\/\/www.bestasolar.com\/produit\/batterie-lithium-felicity-17-5kwh\/"]}]},{"@type":"ImageObject","inLanguage":"en-US","@id":"https:\/\/www.bestasolar.com\/produit\/batterie-lithium-felicity-17-5kwh\/#primaryimage","url":"https:\/\/www.bestasolar.com\/wp-content\/uploads\/2025\/10\/LPBF48350-3D-1.273.png","contentUrl":"https:\/\/www.bestasolar.com\/wp-content\/uploads\/2025\/10\/LPBF48350-3D-1.273.png","width":800,"height":800,"caption":"Batterie lithium Felicity 17.5kWh"},{"@type":"BreadcrumbList","@id":"https:\/\/www.bestasolar.com\/produit\/batterie-lithium-felicity-17-5kwh\/#breadcrumb","itemListElement":[{"@type":"ListItem","position":1,"name":"Home","item":"https:\/\/www.bestasolar.com\/"},{"@type":"ListItem","position":2,"name":"Shop","item":"https:\/\/www.bestasolar.com\/shop\/"},{"@type":"ListItem","position":3,"name":"Batterie lithium Felicity 17.5kWh"}]},{"@type":"WebSite","@id":"https:\/\/www.bestasolar.com\/#website","url":"https:\/\/www.bestasolar.com\/","name":"BESTA SOLAR","description":"Vente d&#039;equipement solaire batterie lithium onduleur mppt","publisher":{"@id":"https:\/\/www.bestasolar.com\/#organization"},"potentialAction":[{"@type":"SearchAction","target":{"@type":"EntryPoint","urlTemplate":"https:\/\/www.bestasolar.com\/?s={search_term_string}"},"query-input":{"@type":"PropertyValueSpecification","valueRequired":true,"valueName":"search_term_string"}}],"inLanguage":"en-US"},{"@type":["Organization","Place","OfficeEquipmentStore"],"@id":"https:\/\/www.bestasolar.com\/#organization","name":"BESTA SOLAR","url":"https:\/\/www.bestasolar.com\/","logo":{"@id":"https:\/\/www.bestasolar.com\/produit\/batterie-lithium-felicity-17-5kwh\/#local-main-organization-logo"},"image":{"@id":"https:\/\/www.bestasolar.com\/produit\/batterie-lithium-felicity-17-5kwh\/#local-main-organization-logo"},"sameAs":["https:\/\/www.facebook.com\/bestasolar\/","https:\/\/www.youtube.com\/channel\/UCYnBggiypeSN8k1IQrX6BUw","https:\/\/www.tiktok.com\/@bestasolar","https:\/\/www.pinterest.com\/bestasolar\/"],"telephone":["+22961732956"],"contactPoint":{"@type":"ContactPoint","telephone":"+22961732956","email":"contact@bestasolar.com"},"openingHoursSpecification":[{"@type":"OpeningHoursSpecification","dayOfWeek":["Monday","Tuesday","Wednesday","Thursday","Friday","Saturday"],"opens":"08:00","closes":"21:00"},{"@type":"OpeningHoursSpecification","dayOfWeek":["Sunday"],"opens":"09:00","closes":"18:00"}],"email":"contact@bestasolar.com","faxNumber":"Besta Solar","areaServed":"Afrique de l'ouest","taxID":"02022748823174","currenciesAccepted":"CFA"},{"@type":"ImageObject","inLanguage":"en-US","@id":"https:\/\/www.bestasolar.com\/produit\/batterie-lithium-felicity-17-5kwh\/#local-main-organization-logo","url":"https:\/\/www.bestasolar.com\/wp-content\/uploads\/2023\/01\/BESTA-SOLAR-Logo-01-1.png","contentUrl":"https:\/\/www.bestasolar.com\/wp-content\/uploads\/2023\/01\/BESTA-SOLAR-Logo-01-1.png","width":6250,"height":4167,"caption":"BESTA SOLAR"}]},"product_price_amount":"1300000.00","product_price_currency":"XOF","og_availability":"instock","product_availability":"instock","product_condition":"new","geo.placename":"parakou","geo.region":"Benin"},"jetpack_sharing_enabled":true,"_links":{"self":[{"href":"https:\/\/www.bestasolar.com\/en\/wp-json\/wp\/v2\/product\/10929"}],"collection":[{"href":"https:\/\/www.bestasolar.com\/en\/wp-json\/wp\/v2\/product"}],"about":[{"href":"https:\/\/www.bestasolar.com\/en\/wp-json\/wp\/v2\/types\/product"}],"replies":[{"embeddable":true,"href":"https:\/\/www.bestasolar.com\/en\/wp-json\/wp\/v2\/comments?post=10929"}],"wp:featuredmedia":[{"embeddable":true,"href":"https:\/\/www.bestasolar.com\/en\/wp-json\/wp\/v2\/media\/10930"}],"wp:attachment":[{"href":"https:\/\/www.bestasolar.com\/en\/wp-json\/wp\/v2\/media?parent=10929"}],"wp:term":[{"taxonomy":"product_brand","embeddable":true,"href":"https:\/\/www.bestasolar.com\/en\/wp-json\/wp\/v2\/product_brand?post=10929"},{"taxonomy":"product_cat","embeddable":true,"href":"https:\/\/www.bestasolar.com\/en\/wp-json\/wp\/v2\/product_cat?post=10929"},{"taxonomy":"product_tag","embeddable":true,"href":"https:\/\/www.bestasolar.com\/en\/wp-json\/wp\/v2\/product_tag?post=10929"}],"curies":[{"name":"wp","href":"https:\/\/api.w.org\/{rel}","templated":true}]}}