{"id":10937,"date":"2025-10-18T12:34:47","date_gmt":"2025-10-18T10:34:47","guid":{"rendered":"https:\/\/www.bestasolar.com\/?post_type=product&#038;p=10937"},"modified":"2025-10-18T12:38:14","modified_gmt":"2025-10-18T10:38:14","slug":"batterie-lithium-felicity-10-kwh","status":"publish","type":"product","link":"https:\/\/www.bestasolar.com\/en\/product\/batterie-lithium-felicity-10-kwh\/","title":{"rendered":"Batterie lithium Felicity 10 kWh"},"content":{"rendered":"<p><span dir=\"auto\">La Batterie lithium Felicity 10 kWh est une <\/span><strong><span dir=\"auto\">batterie solaire \u00e0 d\u00e9charge profonde<\/span><\/strong><span dir=\"auto\">\u00a0de haute qualit\u00e9 con\u00e7ue sp\u00e9cifiquement pour les syst\u00e8mes solaires hors r\u00e9seau.<\/span><\/p>\n<p><span dir=\"auto\">Avec sa grande capacit\u00e9 de 200 Ah et sa sortie de 48 V, il fournit un stockage d&#8217;\u00e9nergie efficace et fiable pour les applications r\u00e9sidentielles.<\/span><\/p>\n<p><span dir=\"auto\">La batterie est construite \u00e0 l&#8217;aide de cellules de cat\u00e9gorie A et de mat\u00e9riaux en phosphate de fer lithium, garantissant sa durabilit\u00e9 et sa longue dur\u00e9e de vie.<\/span><\/p>\n<p><span dir=\"auto\">Il dispose \u00e9galement d&#8217;un syst\u00e8me de gestion de batterie int\u00e9gr\u00e9 (BMS), qui prot\u00e8ge la batterie contre les surcharges, les d\u00e9charges excessives et les courts-circuits.<\/span><\/p>\n<p><span dir=\"auto\">Avec jusqu&#8217;\u00e0 6 unit\u00e9s connectables en parall\u00e8le, le syst\u00e8me de batteries LPBF peut \u00eatre facilement \u00e9tendu pour r\u00e9pondre aux besoins \u00e9nerg\u00e9tiques de diff\u00e9rents foyers. Cette flexibilit\u00e9 en fait un choix id\u00e9al pour les installations solaires de petite et grande taille.<\/span><\/p>\n<p><span dir=\"auto\">En mati\u00e8re de s\u00e9curit\u00e9, la\u00a0<\/span><strong><span dir=\"auto\">batterie solaire \u00e0 d\u00e9charge profonde<\/span><\/strong><span dir=\"auto\">\u00a0LPBF est certifi\u00e9e selon diverses normes industrielles, notamment UN38.3, CE et MSDS. Ces certifications garantissent que la batterie r\u00e9pond aux normes de s\u00e9curit\u00e9 et de performance requises, offrant ainsi aux utilisateurs une tranquillit\u00e9 d&#8217;esprit.<\/span><\/p>\n<p><span dir=\"auto\">Le syst\u00e8me de batterie LPBF est con\u00e7u pour \u00eatre utilis\u00e9 en compl\u00e9ment d&#8217;un syst\u00e8me d&#8217;\u00e9nergie solaire. Il permet de stocker l&#8217;exc\u00e9dent d&#8217;\u00e9nergie produit par les panneaux solaires pendant la journ\u00e9e et de la restituer en cas de besoin, assurant ainsi une alimentation \u00e9lectrique stable et fiable pour les appareils \u00e9lectrom\u00e9nagers.<\/span><\/p>\n<p><span dir=\"auto\">L&#8217;une des caract\u00e9ristiques les plus remarquables de la batterie LPBF est son \u00e9cran LCD, qui fournit des informations en temps r\u00e9el sur son \u00e9tat et ses performances. Ces informations incluent la tension, le courant de charge et la capacit\u00e9 restante, permettant ainsi aux utilisateurs de surveiller et de g\u00e9rer efficacement leur consommation d&#8217;\u00e9nergie.<\/span><\/p>\n<p><span dir=\"auto\"><strong>La batterie lithium <a href=\"https:\/\/africa.felicitysolar.com\/product\/lpbf48200-h\/\">Felicity <\/a>10 kWh<\/strong> est un excellent choix pour les particuliers souhaitant optimiser leur syst\u00e8me solaire autonome. Sa grande capacit\u00e9, sa conception intelligente et ses performances fiables en font un investissement judicieux pour une production d&#8217;\u00e9lectricit\u00e9 durable et ind\u00e9pendante.<\/span><\/p>\n<div class=\"J_module\">\n<div class=\"icbu-pc-images magic-0\">\n<div>\n<div class=\"flex-layout-v\">\n<div class=\"flex-layout-h magic-0\">\n<div class=\"magic-1\"><img fetchpriority=\"high\" decoding=\"async\" class=\"magic-2 alignnone\" src=\"https:\/\/sc04.alicdn.com\/kf\/H004729d22883489b898b1dd0ebd704ee6\/200438856\/H004729d22883489b898b1dd0ebd704ee6.png\" alt=\"Batterie lithium Felicity 10 kWh\" width=\"750\" height=\"800\" data-src=\"\/\/sc04.alicdn.com\/kf\/H004729d22883489b898b1dd0ebd704ee6\/200438856\/H004729d22883489b898b1dd0ebd704ee6.png\" data-spm-anchor-id=\"a2700.details-description.0.i0.34d4lfPYlfPYrM\" \/><\/div>\n<\/div>\n<\/div>\n<\/div>\n<\/div>\n<\/div>\n<div class=\"J_module\">\n<div class=\"ife-detail-decorate-table\">\n<table class=\"has-title all magic-3\">\n<tbody>\n<tr>\n<td colspan=\"1\" rowspan=\"1\">\n<div class=\"magic-4\"><span dir=\"auto\">Mod\u00e8le<\/span><\/div>\n<\/td>\n<td colspan=\"1\" rowspan=\"1\">\n<div class=\"magic-5\">\n<div class=\"magic-6\"><span dir=\"auto\">LPBF48200-H<\/span><\/div>\n<\/div>\n<\/td>\n<\/tr>\n<tr>\n<td colspan=\"1\" rowspan=\"1\">\n<div class=\"magic-4\"><span dir=\"auto\">Capacit\u00e9 utilisable<\/span><\/div>\n<\/td>\n<td colspan=\"1\" rowspan=\"1\">\n<div class=\"magic-5\">\n<div class=\"magic-6\"><span dir=\"auto\">10 kWh<\/span><\/div>\n<\/div>\n<\/td>\n<\/tr>\n<tr>\n<td colspan=\"1\" rowspan=\"1\">\n<div class=\"magic-4\"><span dir=\"auto\">Tension nominale<\/span><\/div>\n<\/td>\n<td colspan=\"1\" rowspan=\"1\">\n<div class=\"magic-5\">\n<div class=\"magic-6\"><span dir=\"auto\">51,2 V<\/span><\/div>\n<\/div>\n<\/td>\n<\/tr>\n<tr>\n<td colspan=\"1\" rowspan=\"1\">\n<div class=\"magic-4\"><span dir=\"auto\">Plage de tension<\/span><\/div>\n<\/td>\n<td colspan=\"1\" rowspan=\"1\">\n<div class=\"magic-5\">\n<div class=\"magic-6\"><span dir=\"auto\">48-57,6 V<\/span><\/div>\n<\/div>\n<\/td>\n<\/tr>\n<tr>\n<td colspan=\"1\" rowspan=\"1\">\n<div class=\"magic-4\"><span dir=\"auto\">Courant de charge et de d\u00e9charge maximal<\/span><\/div>\n<\/td>\n<td colspan=\"1\" rowspan=\"1\">\n<div class=\"magic-5\">\n<div class=\"magic-6\"><span dir=\"auto\">120A \u00e0 30S<\/span><\/div>\n<\/div>\n<\/td>\n<\/tr>\n<tr>\n<td colspan=\"1\" rowspan=\"1\">\n<div class=\"magic-4\"><span dir=\"auto\">Courant de charge et de d\u00e9charge recommand\u00e9<\/span><\/div>\n<\/td>\n<td colspan=\"1\" rowspan=\"1\">\n<div class=\"magic-5\">\n<div class=\"magic-6\"><span dir=\"auto\">\u226480A<\/span><\/div>\n<\/div>\n<\/td>\n<\/tr>\n<tr>\n<td colspan=\"1\" rowspan=\"1\">\n<div class=\"magic-4\"><span dir=\"auto\">Puissance de sortie MAX.<\/span><\/div>\n<\/td>\n<td colspan=\"1\" rowspan=\"1\">\n<div class=\"magic-5\">\n<div class=\"magic-6\"><span dir=\"auto\">6000 W<\/span><\/div>\n<\/div>\n<\/td>\n<\/tr>\n<tr>\n<td colspan=\"1\" rowspan=\"1\">\n<div class=\"magic-4\"><span dir=\"auto\">Puissance de sortie recommand\u00e9e<\/span><\/div>\n<\/td>\n<td colspan=\"1\" rowspan=\"1\">\n<div class=\"magic-5\">\n<div class=\"magic-6\"><span dir=\"auto\">4000 W<\/span><\/div>\n<\/div>\n<\/td>\n<\/tr>\n<tr>\n<td colspan=\"1\" rowspan=\"1\">\n<div class=\"magic-4\"><span dir=\"auto\">Minist\u00e8re de la D\u00e9fense<\/span><\/div>\n<\/td>\n<td colspan=\"1\" rowspan=\"1\">\n<div class=\"magic-5\">\n<div class=\"magic-6\"><span dir=\"auto\">\u2265 95%<\/span><\/div>\n<\/div>\n<\/td>\n<\/tr>\n<tr>\n<td colspan=\"1\" rowspan=\"1\">\n<div class=\"magic-4\"><span dir=\"auto\">Connexion des modules<\/span><\/div>\n<\/td>\n<td colspan=\"1\" rowspan=\"1\">\n<div class=\"magic-5\">\n<div class=\"magic-6\"><span dir=\"auto\">1 \u00e0 6 en parall\u00e8le<\/span><\/div>\n<\/div>\n<\/td>\n<\/tr>\n<tr>\n<td colspan=\"1\" rowspan=\"1\">\n<div class=\"magic-4\"><span dir=\"auto\">Communication<\/span><\/div>\n<\/td>\n<td colspan=\"1\" rowspan=\"1\">\n<div class=\"magic-5\">\n<div class=\"magic-6\"><span dir=\"auto\">CAN et RS485<\/span><\/div>\n<\/div>\n<\/td>\n<\/tr>\n<tr>\n<td colspan=\"1\" rowspan=\"1\">\n<div class=\"magic-4\"><span dir=\"auto\">Protection contre les intrusions<\/span><\/div>\n<\/td>\n<td colspan=\"1\" rowspan=\"1\">\n<div class=\"magic-5\">\n<div class=\"magic-6\"><span dir=\"auto\">IP21<\/span><\/div>\n<\/div>\n<\/td>\n<\/tr>\n<tr>\n<td colspan=\"1\" rowspan=\"1\">\n<div class=\"magic-4\"><span dir=\"auto\">Cycle de vie<\/span><\/div>\n<\/td>\n<td colspan=\"1\" rowspan=\"1\">\n<div class=\"magic-5\">\n<div class=\"magic-6\"><span dir=\"auto\">\u2265 6000 \u00e0 25 \u00b0C, 80 % de profondeur de p\u00e9n\u00e9tration<\/span><\/div>\n<\/div>\n<\/td>\n<\/tr>\n<tr>\n<td colspan=\"1\" rowspan=\"1\">\n<div class=\"magic-4\"><span dir=\"auto\">Plage de temp\u00e9rature de fonctionnement<\/span><\/div>\n<\/td>\n<td colspan=\"1\" rowspan=\"1\">\n<div class=\"magic-5\">\n<div class=\"magic-6\"><span dir=\"auto\">D\u00e9charge : -20\u00b0C \u00e0 +65\u00b0C, Charge : +0\u00b0C \u00e0 +55\u00b0C<\/span><\/div>\n<\/div>\n<\/td>\n<\/tr>\n<tr>\n<td colspan=\"1\" rowspan=\"1\">\n<div class=\"magic-4\"><span dir=\"auto\">Poids net (kg)<\/span><\/div>\n<\/td>\n<td colspan=\"1\" rowspan=\"1\">\n<div class=\"magic-5\">\n<div class=\"magic-6\"><span dir=\"auto\">40 kg<\/span><\/div>\n<\/div>\n<\/td>\n<\/tr>\n<tr>\n<td colspan=\"1\" rowspan=\"1\">\n<div class=\"magic-4\"><span dir=\"auto\">Dimensions du produit (MM)<\/span><\/div>\n<\/td>\n<td colspan=\"1\" rowspan=\"1\">\n<div class=\"magic-5\">\n<div class=\"magic-6\"><span dir=\"auto\">630x540x260MM<\/span><\/div>\n<\/div>\n<\/td>\n<\/tr>\n<\/tbody>\n<\/table>\n<\/div>\n<\/div>\n<div class=\"J_module\">\n<div class=\"icbu-pc-images magic-0\">\n<div>\n<div class=\"flex-layout-v\">\n<div class=\"flex-layout-h magic-0\">\n<div class=\"magic-7\"><img decoding=\"async\" class=\"magic-8 alignnone\" src=\"https:\/\/sc04.alicdn.com\/kf\/H5f078558cbf344479adec61e57a7b531q\/200438856\/H5f078558cbf344479adec61e57a7b531q.png\" alt=\"Batterie lithium Felicity 10 kWh\" width=\"750\" height=\"1232\" data-src=\"\/\/sc04.alicdn.com\/kf\/H5f078558cbf344479adec61e57a7b531q\/200438856\/H5f078558cbf344479adec61e57a7b531q.png\" data-spm-anchor-id=\"a2700.details-description.0.i2.34d4lfPYlfPYrM\" \/><\/div>\n<\/div>\n<\/div>\n<\/div>\n<\/div>\n<\/div>\n<div class=\"J_module\">\n<div class=\"icbu-pc-images magic-0\">\n<div class=\"flex-layout-v\">\n<div class=\"flex-layout-h magic-0\">\n<div class=\"magic-9\"><\/div>\n<\/div>\n<\/div>\n<\/div>\n<\/div>\n<div class=\"J_module\">\n<div class=\"icbu-pc-images magic-0\">\n<div>\n<div class=\"flex-layout-v\">\n<div class=\"flex-layout-h magic-0\">\n<div class=\"magic-9\"><img decoding=\"async\" class=\"magic-10 alignnone\" src=\"https:\/\/sc04.alicdn.com\/kf\/Heaa530e97d1744369f0f74782f324737l\/200438856\/Heaa530e97d1744369f0f74782f324737l.png\" alt=\"Batterie lithium Felicity 10 kWh benin togo\" width=\"750\" height=\"731\" data-src=\"\/\/sc04.alicdn.com\/kf\/Heaa530e97d1744369f0f74782f324737l\/200438856\/Heaa530e97d1744369f0f74782f324737l.png\" \/><\/div>\n<\/div>\n<\/div>\n<\/div>\n<\/div>\n<\/div>\n<div class=\"J_module\">\n<div class=\"icbu-pc-detailManyImage magic-11\">\n<div class=\"magic-12\"><\/div>\n<div class=\"magic-12\"><\/div>\n<div class=\"magic-12\"><img loading=\"lazy\" decoding=\"async\" class=\"magic-13 alignnone\" src=\"https:\/\/sc04.alicdn.com\/kf\/H999929c17ebd40858430d06a9bbbda21z\/200438856\/H999929c17ebd40858430d06a9bbbda21z.png\" alt=\"Batterie lithium Felicity 10 kWh benin togo certificat\" width=\"750\" height=\"443\" data-src=\"\/\/sc04.alicdn.com\/kf\/H999929c17ebd40858430d06a9bbbda21z\/200438856\/H999929c17ebd40858430d06a9bbbda21z.png\" \/><\/div>\n<\/div>\n<div class=\"magic-12\">Disponible chez<a href=\"https:\/\/www.bestasolar.com\/en\/\"> besta solar<\/a><\/div>\n<div class=\"icbu-pc-detailManyImage magic-11\">\n<div class=\"magic-12\"><\/div>\n<\/div>\n<\/div>\n<div class=\"J_module\">\n<div class=\"icbu-pc-images magic-0\">\n<div class=\"flex-layout-v\">\n<div class=\"flex-layout-h magic-0\">\n<div class=\"magic-14\"><\/div>\n<\/div>\n<\/div>\n<\/div>\n<\/div>","protected":false},"excerpt":{"rendered":"<ul>\n<li>Mod\u00e8le LPBF48200-H<\/li>\n<li>Tension de fonctionnement 48-57,6 V<\/li>\n<li>\u00c9nergie 10 kWh<\/li>\n<li>\u00c9volutivit\u00e9 Jusqu&#8217;\u00e0 6 unit\u00e9s en parall\u00e8le (60 kWh)<\/li>\n<li>Profondeur de d\u00e9charge (DOD) \u2265 95%<\/li>\n<li>Cycle de vie \u2265 6 000 cycles<\/li>\n<li>Communication RS485 \/ CAN<\/li>\n<\/ul>","protected":false},"featured_media":10938,"comment_status":"open","ping_status":"closed","template":"","meta":[],"product_brand":[84],"product_cat":[83],"product_tag":[],"class_list":{"0":"post-10937","1":"product","2":"type-product","3":"status-publish","4":"has-post-thumbnail","6":"product_brand-felicity","7":"product_cat-batterie-lithium","9":"first","10":"instock","11":"sale","12":"shipping-taxable","13":"purchasable","14":"product-type-simple"},"yoast_head":"<!-- This site is optimized with the Yoast SEO Premium plugin v22.8 (Yoast SEO v25.6) - https:\/\/yoast.com\/wordpress\/plugins\/seo\/ -->\n<title>Batterie lithium Felicity 10 kWh<\/title>\n<meta name=\"description\" content=\"Batterie lithium Felicity 10 kWh de haute qualit\u00e9 con\u00e7ue sp\u00e9cifiquement pour les syst\u00e8mes solaires hors r\u00e9seau. disponible au benin et au togo\" \/>\n<meta name=\"robots\" content=\"index, follow, max-snippet:-1, max-image-preview:large, max-video-preview:-1\" \/>\n<link rel=\"canonical\" href=\"https:\/\/www.bestasolar.com\/en\/product\/batterie-lithium-felicity-10-kwh\/\" \/>\n<meta property=\"og:locale\" content=\"en_US\" \/>\n<meta property=\"og:type\" content=\"article\" \/>\n<meta property=\"og:title\" content=\"Batterie lithium Felicity 10 kWh\" \/>\n<meta property=\"og:description\" content=\"Batterie lithium Felicity 10 kWh de haute qualit\u00e9 con\u00e7ue sp\u00e9cifiquement pour les syst\u00e8mes solaires hors r\u00e9seau. disponible au benin et au togo\" \/>\n<meta property=\"og:url\" content=\"https:\/\/www.bestasolar.com\/en\/product\/batterie-lithium-felicity-10-kwh\/\" \/>\n<meta property=\"og:site_name\" content=\"BESTA SOLAR\" \/>\n<meta property=\"article:publisher\" content=\"https:\/\/www.facebook.com\/bestasolar\/\" \/>\n<meta property=\"article:modified_time\" content=\"2025-10-18T10:38:14+00:00\" \/>\n<meta property=\"og:image\" content=\"https:\/\/www.bestasolar.com\/wp-content\/uploads\/2025\/10\/1-3.png\" \/>\n\t<meta property=\"og:image:width\" content=\"800\" \/>\n\t<meta property=\"og:image:height\" content=\"800\" \/>\n\t<meta property=\"og:image:type\" content=\"image\/png\" \/>\n<meta name=\"twitter:card\" content=\"summary_large_image\" \/>\n<meta name=\"twitter:label1\" content=\"Price\" \/>\n\t<meta name=\"twitter:data1\" content=\"CFA950,000.00\" \/>\n\t<meta name=\"twitter:label2\" content=\"Availability\" \/>\n\t<meta name=\"twitter:data2\" content=\"In stock\" \/>\n<script type=\"application\/ld+json\" class=\"yoast-schema-graph\">{\"@context\":\"https:\/\/schema.org\",\"@graph\":[{\"@type\":\"WebPage\",\"@id\":\"https:\/\/www.bestasolar.com\/produit\/batterie-lithium-felicity-10-kwh\/\",\"url\":\"https:\/\/www.bestasolar.com\/produit\/batterie-lithium-felicity-10-kwh\/\",\"name\":\"Batterie lithium Felicity 10 kWh\",\"isPartOf\":{\"@id\":\"https:\/\/www.bestasolar.com\/#website\"},\"primaryImageOfPage\":{\"@id\":\"https:\/\/www.bestasolar.com\/produit\/batterie-lithium-felicity-10-kwh\/#primaryimage\"},\"image\":{\"@id\":\"https:\/\/www.bestasolar.com\/produit\/batterie-lithium-felicity-10-kwh\/#primaryimage\"},\"thumbnailUrl\":\"https:\/\/www.bestasolar.com\/wp-content\/uploads\/2025\/10\/1-3.png\",\"datePublished\":\"2025-10-18T10:34:47+00:00\",\"dateModified\":\"2025-10-18T10:38:14+00:00\",\"description\":\"Batterie lithium Felicity 10 kWh de haute qualit\u00e9 con\u00e7ue sp\u00e9cifiquement pour les syst\u00e8mes solaires hors r\u00e9seau. disponible au benin et au togo\",\"breadcrumb\":{\"@id\":\"https:\/\/www.bestasolar.com\/produit\/batterie-lithium-felicity-10-kwh\/#breadcrumb\"},\"inLanguage\":\"en-US\",\"potentialAction\":[{\"@type\":\"ReadAction\",\"target\":[\"https:\/\/www.bestasolar.com\/produit\/batterie-lithium-felicity-10-kwh\/\"]}]},{\"@type\":\"ImageObject\",\"inLanguage\":\"en-US\",\"@id\":\"https:\/\/www.bestasolar.com\/produit\/batterie-lithium-felicity-10-kwh\/#primaryimage\",\"url\":\"https:\/\/www.bestasolar.com\/wp-content\/uploads\/2025\/10\/1-3.png\",\"contentUrl\":\"https:\/\/www.bestasolar.com\/wp-content\/uploads\/2025\/10\/1-3.png\",\"width\":800,\"height\":800,\"caption\":\"Batterie lithium Felicity 10 kWh\"},{\"@type\":\"BreadcrumbList\",\"@id\":\"https:\/\/www.bestasolar.com\/produit\/batterie-lithium-felicity-10-kwh\/#breadcrumb\",\"itemListElement\":[{\"@type\":\"ListItem\",\"position\":1,\"name\":\"Home\",\"item\":\"https:\/\/www.bestasolar.com\/\"},{\"@type\":\"ListItem\",\"position\":2,\"name\":\"Shop\",\"item\":\"https:\/\/www.bestasolar.com\/shop\/\"},{\"@type\":\"ListItem\",\"position\":3,\"name\":\"Batterie lithium Felicity 10 kWh\"}]},{\"@type\":\"WebSite\",\"@id\":\"https:\/\/www.bestasolar.com\/#website\",\"url\":\"https:\/\/www.bestasolar.com\/\",\"name\":\"BESTA SOLAR\",\"description\":\"Vente d&#039;equipement solaire batterie lithium onduleur mppt\",\"publisher\":{\"@id\":\"https:\/\/www.bestasolar.com\/#organization\"},\"potentialAction\":[{\"@type\":\"SearchAction\",\"target\":{\"@type\":\"EntryPoint\",\"urlTemplate\":\"https:\/\/www.bestasolar.com\/?s={search_term_string}\"},\"query-input\":{\"@type\":\"PropertyValueSpecification\",\"valueRequired\":true,\"valueName\":\"search_term_string\"}}],\"inLanguage\":\"en-US\"},{\"@type\":[\"Organization\",\"Place\",\"OfficeEquipmentStore\"],\"@id\":\"https:\/\/www.bestasolar.com\/#organization\",\"name\":\"BESTA SOLAR\",\"url\":\"https:\/\/www.bestasolar.com\/\",\"logo\":{\"@id\":\"https:\/\/www.bestasolar.com\/produit\/batterie-lithium-felicity-10-kwh\/#local-main-organization-logo\"},\"image\":{\"@id\":\"https:\/\/www.bestasolar.com\/produit\/batterie-lithium-felicity-10-kwh\/#local-main-organization-logo\"},\"sameAs\":[\"https:\/\/www.facebook.com\/bestasolar\/\",\"https:\/\/www.youtube.com\/channel\/UCYnBggiypeSN8k1IQrX6BUw\",\"https:\/\/www.tiktok.com\/@bestasolar\",\"https:\/\/www.pinterest.com\/bestasolar\/\"],\"telephone\":[\"+22961732956\"],\"contactPoint\":{\"@type\":\"ContactPoint\",\"telephone\":\"+22961732956\",\"email\":\"contact@bestasolar.com\"},\"openingHoursSpecification\":[{\"@type\":\"OpeningHoursSpecification\",\"dayOfWeek\":[\"Monday\",\"Tuesday\",\"Wednesday\",\"Thursday\",\"Friday\",\"Saturday\"],\"opens\":\"08:00\",\"closes\":\"21:00\"},{\"@type\":\"OpeningHoursSpecification\",\"dayOfWeek\":[\"Sunday\"],\"opens\":\"09:00\",\"closes\":\"18:00\"}],\"email\":\"contact@bestasolar.com\",\"faxNumber\":\"Besta Solar\",\"areaServed\":\"Afrique de l'ouest\",\"taxID\":\"02022748823174\",\"currenciesAccepted\":\"CFA\"},{\"@type\":\"ImageObject\",\"inLanguage\":\"en-US\",\"@id\":\"https:\/\/www.bestasolar.com\/produit\/batterie-lithium-felicity-10-kwh\/#local-main-organization-logo\",\"url\":\"https:\/\/www.bestasolar.com\/wp-content\/uploads\/2023\/01\/BESTA-SOLAR-Logo-01-1.png\",\"contentUrl\":\"https:\/\/www.bestasolar.com\/wp-content\/uploads\/2023\/01\/BESTA-SOLAR-Logo-01-1.png\",\"width\":6250,\"height\":4167,\"caption\":\"BESTA SOLAR\"}]}<\/script>\n<meta property=\"product:price:amount\" content=\"950000.00\" \/>\n<meta property=\"product:price:currency\" content=\"XOF\" \/>\n<meta property=\"og:availability\" content=\"instock\" \/>\n<meta property=\"product:availability\" content=\"instock\" \/>\n<meta property=\"product:condition\" content=\"new\" \/>\n<meta name=\"geo.placename\" content=\"parakou\" \/>\n<meta name=\"geo.region\" content=\"Benin\" \/>\n<!-- \/ Yoast SEO Premium plugin. -->","yoast_head_json":{"title":"Batterie lithium Felicity 10 kWh","description":"Batterie lithium Felicity 10 kWh de haute qualit\u00e9 con\u00e7ue sp\u00e9cifiquement pour les syst\u00e8mes solaires hors r\u00e9seau. disponible au benin et au togo","robots":{"index":"index","follow":"follow","max-snippet":"max-snippet:-1","max-image-preview":"max-image-preview:large","max-video-preview":"max-video-preview:-1"},"canonical":"https:\/\/www.bestasolar.com\/en\/product\/batterie-lithium-felicity-10-kwh\/","og_locale":"en_US","og_type":"article","og_title":"Batterie lithium Felicity 10 kWh","og_description":"Batterie lithium Felicity 10 kWh de haute qualit\u00e9 con\u00e7ue sp\u00e9cifiquement pour les syst\u00e8mes solaires hors r\u00e9seau. disponible au benin et au togo","og_url":"https:\/\/www.bestasolar.com\/en\/product\/batterie-lithium-felicity-10-kwh\/","og_site_name":"BESTA SOLAR","article_publisher":"https:\/\/www.facebook.com\/bestasolar\/","article_modified_time":"2025-10-18T10:38:14+00:00","og_image":[{"width":800,"height":800,"url":"https:\/\/www.bestasolar.com\/wp-content\/uploads\/2025\/10\/1-3.png","type":"image\/png"}],"twitter_card":"summary_large_image","twitter_misc":{"Price":"CFA950,000.00","Availability":"In stock"},"schema":{"@context":"https:\/\/schema.org","@graph":[{"@type":"WebPage","@id":"https:\/\/www.bestasolar.com\/produit\/batterie-lithium-felicity-10-kwh\/","url":"https:\/\/www.bestasolar.com\/produit\/batterie-lithium-felicity-10-kwh\/","name":"Batterie lithium Felicity 10 kWh","isPartOf":{"@id":"https:\/\/www.bestasolar.com\/#website"},"primaryImageOfPage":{"@id":"https:\/\/www.bestasolar.com\/produit\/batterie-lithium-felicity-10-kwh\/#primaryimage"},"image":{"@id":"https:\/\/www.bestasolar.com\/produit\/batterie-lithium-felicity-10-kwh\/#primaryimage"},"thumbnailUrl":"https:\/\/www.bestasolar.com\/wp-content\/uploads\/2025\/10\/1-3.png","datePublished":"2025-10-18T10:34:47+00:00","dateModified":"2025-10-18T10:38:14+00:00","description":"Batterie lithium Felicity 10 kWh de haute qualit\u00e9 con\u00e7ue sp\u00e9cifiquement pour les syst\u00e8mes solaires hors r\u00e9seau. disponible au benin et au togo","breadcrumb":{"@id":"https:\/\/www.bestasolar.com\/produit\/batterie-lithium-felicity-10-kwh\/#breadcrumb"},"inLanguage":"en-US","potentialAction":[{"@type":"ReadAction","target":["https:\/\/www.bestasolar.com\/produit\/batterie-lithium-felicity-10-kwh\/"]}]},{"@type":"ImageObject","inLanguage":"en-US","@id":"https:\/\/www.bestasolar.com\/produit\/batterie-lithium-felicity-10-kwh\/#primaryimage","url":"https:\/\/www.bestasolar.com\/wp-content\/uploads\/2025\/10\/1-3.png","contentUrl":"https:\/\/www.bestasolar.com\/wp-content\/uploads\/2025\/10\/1-3.png","width":800,"height":800,"caption":"Batterie lithium Felicity 10 kWh"},{"@type":"BreadcrumbList","@id":"https:\/\/www.bestasolar.com\/produit\/batterie-lithium-felicity-10-kwh\/#breadcrumb","itemListElement":[{"@type":"ListItem","position":1,"name":"Home","item":"https:\/\/www.bestasolar.com\/"},{"@type":"ListItem","position":2,"name":"Shop","item":"https:\/\/www.bestasolar.com\/shop\/"},{"@type":"ListItem","position":3,"name":"Batterie lithium Felicity 10 kWh"}]},{"@type":"WebSite","@id":"https:\/\/www.bestasolar.com\/#website","url":"https:\/\/www.bestasolar.com\/","name":"BESTA SOLAR","description":"Vente d&#039;equipement solaire batterie lithium onduleur mppt","publisher":{"@id":"https:\/\/www.bestasolar.com\/#organization"},"potentialAction":[{"@type":"SearchAction","target":{"@type":"EntryPoint","urlTemplate":"https:\/\/www.bestasolar.com\/?s={search_term_string}"},"query-input":{"@type":"PropertyValueSpecification","valueRequired":true,"valueName":"search_term_string"}}],"inLanguage":"en-US"},{"@type":["Organization","Place","OfficeEquipmentStore"],"@id":"https:\/\/www.bestasolar.com\/#organization","name":"BESTA SOLAR","url":"https:\/\/www.bestasolar.com\/","logo":{"@id":"https:\/\/www.bestasolar.com\/produit\/batterie-lithium-felicity-10-kwh\/#local-main-organization-logo"},"image":{"@id":"https:\/\/www.bestasolar.com\/produit\/batterie-lithium-felicity-10-kwh\/#local-main-organization-logo"},"sameAs":["https:\/\/www.facebook.com\/bestasolar\/","https:\/\/www.youtube.com\/channel\/UCYnBggiypeSN8k1IQrX6BUw","https:\/\/www.tiktok.com\/@bestasolar","https:\/\/www.pinterest.com\/bestasolar\/"],"telephone":["+22961732956"],"contactPoint":{"@type":"ContactPoint","telephone":"+22961732956","email":"contact@bestasolar.com"},"openingHoursSpecification":[{"@type":"OpeningHoursSpecification","dayOfWeek":["Monday","Tuesday","Wednesday","Thursday","Friday","Saturday"],"opens":"08:00","closes":"21:00"},{"@type":"OpeningHoursSpecification","dayOfWeek":["Sunday"],"opens":"09:00","closes":"18:00"}],"email":"contact@bestasolar.com","faxNumber":"Besta Solar","areaServed":"Afrique de l'ouest","taxID":"02022748823174","currenciesAccepted":"CFA"},{"@type":"ImageObject","inLanguage":"en-US","@id":"https:\/\/www.bestasolar.com\/produit\/batterie-lithium-felicity-10-kwh\/#local-main-organization-logo","url":"https:\/\/www.bestasolar.com\/wp-content\/uploads\/2023\/01\/BESTA-SOLAR-Logo-01-1.png","contentUrl":"https:\/\/www.bestasolar.com\/wp-content\/uploads\/2023\/01\/BESTA-SOLAR-Logo-01-1.png","width":6250,"height":4167,"caption":"BESTA SOLAR"}]},"product_price_amount":"950000.00","product_price_currency":"XOF","og_availability":"instock","product_availability":"instock","product_condition":"new","geo.placename":"parakou","geo.region":"Benin"},"jetpack_sharing_enabled":true,"_links":{"self":[{"href":"https:\/\/www.bestasolar.com\/en\/wp-json\/wp\/v2\/product\/10937"}],"collection":[{"href":"https:\/\/www.bestasolar.com\/en\/wp-json\/wp\/v2\/product"}],"about":[{"href":"https:\/\/www.bestasolar.com\/en\/wp-json\/wp\/v2\/types\/product"}],"replies":[{"embeddable":true,"href":"https:\/\/www.bestasolar.com\/en\/wp-json\/wp\/v2\/comments?post=10937"}],"wp:featuredmedia":[{"embeddable":true,"href":"https:\/\/www.bestasolar.com\/en\/wp-json\/wp\/v2\/media\/10938"}],"wp:attachment":[{"href":"https:\/\/www.bestasolar.com\/en\/wp-json\/wp\/v2\/media?parent=10937"}],"wp:term":[{"taxonomy":"product_brand","embeddable":true,"href":"https:\/\/www.bestasolar.com\/en\/wp-json\/wp\/v2\/product_brand?post=10937"},{"taxonomy":"product_cat","embeddable":true,"href":"https:\/\/www.bestasolar.com\/en\/wp-json\/wp\/v2\/product_cat?post=10937"},{"taxonomy":"product_tag","embeddable":true,"href":"https:\/\/www.bestasolar.com\/en\/wp-json\/wp\/v2\/product_tag?post=10937"}],"curies":[{"name":"wp","href":"https:\/\/api.w.org\/{rel}","templated":true}]}}