{"id":10956,"date":"2025-11-12T09:08:58","date_gmt":"2025-11-12T08:08:58","guid":{"rendered":"https:\/\/www.bestasolar.com\/?post_type=product&#038;p=10956"},"modified":"2025-11-12T09:08:58","modified_gmt":"2025-11-12T08:08:58","slug":"batterie-lithium-bos-b-215kwh-deye","status":"publish","type":"product","link":"https:\/\/www.bestasolar.com\/en\/product\/batterie-lithium-bos-b-215kwh-deye\/","title":{"rendered":"batterie lithium BOS-B 215kwh Deye"},"content":{"rendered":"<h2>Description<\/h2>\n<p>La batterie lithium <a href=\"https:\/\/deyeess.com\/fr\/product\/bos-b\/\">BOS-B 215kwh Deye<\/a> est une solution solaire lithium-ion haute performance con\u00e7ue pour les applications commerciales et industrielles (C&amp;I). Con\u00e7ue pour une \u00e9volutivit\u00e9 et une efficacit\u00e9 exceptionnelles, cette batterie solaire lithium-ion avanc\u00e9e est id\u00e9ale pour les entreprises en qu\u00eate d&#8217;une gestion \u00e9nerg\u00e9tique fiable et robuste.<\/p>\n<table>\n<thead>\n<tr>\n<th><strong>Sp\u00e9cifications<\/strong><\/th>\n<th><strong>D\u00c9TAILS<\/strong><\/th>\n<\/tr>\n<\/thead>\n<tbody>\n<tr>\n<td>Type de pile<\/td>\n<td>Lithium-ion<\/td>\n<\/tr>\n<tr>\n<td>Capacit\u00e9 \u00e9nerg\u00e9tique<\/td>\n<td>215 kWh par cluster<\/td>\n<\/tr>\n<tr>\n<td>tension nominale<\/td>\n<td>51.2 Vdc<\/td>\n<\/tr>\n<tr>\n<td>Max. Courant de charge\/d\u00e9charge<\/td>\n<td>168A<\/td>\n<\/tr>\n<tr>\n<td>Indice de protection<\/td>\n<td>IP20<\/td>\n<\/tr>\n<tr>\n<td>Temp\u00e9rature de fonctionnement (charge)<\/td>\n<td>0 ~ 55 \u2103<\/td>\n<\/tr>\n<tr>\n<td>Temp\u00e9rature de fonctionnement (d\u00e9charge)<\/td>\n<td>-20 ~ 55 \u2103<\/td>\n<\/tr>\n<tr>\n<td>Temp\u00e9rature de stockage<\/td>\n<td>0 ~ 35 \u2103<\/td>\n<\/tr>\n<tr>\n<td>Cycle de vie<\/td>\n<td>\u2265 6000 cycles \u00e0 0.5 \u00b0C\/0.5 \u00b0C, 25 \u00b1 2 \u00b0C<\/td>\n<\/tr>\n<tr>\n<td>Interfaces de communication<\/td>\n<td>TCP\/RS485\/CAN<\/td>\n<\/tr>\n<tr>\n<td>Fiche technique<\/td>\n<td>CE \/ CEI62619 \/ CEI62040 \/ UN38.3<\/td>\n<\/tr>\n<\/tbody>\n<\/table>\n<h3>Caract\u00e9ristiques principales de la batterie lithium BOS-B 215kwh Deye<\/h3>\n<ul class=\"auto-hide-last-sibling-br\">\n<li>\n<div class=\"auto-hide-last-sibling-br paragraph-JOTKXA paragraph-element br-paragraph-space\"><strong>Stockage d&#8217;\u00e9nergie avanc\u00e9<\/strong>B\u00e9n\u00e9ficiez d&#8217;une autonomie prolong\u00e9e\u00a0: jusqu&#8217;\u00e0 32\u00a0heures avec 16\u00a0racks par PCS. L&#8217;\u00e9quilibrage intelligent est assur\u00e9 par un BMS ind\u00e9pendant, optimisant la r\u00e9partition de la charge et prolongeant l&#8217;autonomie de la batterie.<\/div>\n<\/li>\n<li>\n<div class=\"auto-hide-last-sibling-br paragraph-JOTKXA paragraph-element br-paragraph-space\"><strong>Contr\u00f4le intelligent<\/strong>B\u00e9n\u00e9ficiez d&#8217;un syst\u00e8me de gestion de l&#8217;\u00e9nergie int\u00e9gr\u00e9 prenant en charge la charge\/d\u00e9charge sans exportation et en fonction de l&#8217;heure d&#8217;utilisation. Un \u00e9cran tactile couleur facilite les r\u00e9glages en local ou \u00e0 distance dans le cloud.<\/div>\n<\/li>\n<li>\n<div class=\"auto-hide-last-sibling-br paragraph-JOTKXA paragraph-element br-paragraph-space\"><strong>Int\u00e9gration PV efficace<\/strong>Il offre une large plage MPPT, compatible avec les syst\u00e8mes photovolta\u00efques de 1\u00a0000 V et une plage MPPT de 180 \u00e0 850 V. De plus, il offre une entr\u00e9e photovolta\u00efque \u00e9lev\u00e9e, avec une connexion de module photovolta\u00efque maximale de 200 kWc, avec 8 canaux MPPT et 40 A par MPPT.<\/div>\n<\/li>\n<li>\n<div class=\"auto-hide-last-sibling-br paragraph-JOTKXA paragraph-element br-paragraph-space\"><strong>Robuste et fiable<\/strong>:Les modules PCS et MPPT b\u00e9n\u00e9ficient d&#8217;une protection IP65. Le PCS prend en charge une puissance de pointe jusqu&#8217;\u00e0 170 %, et la batterie LFP avec la conception robuste du BOS-B am\u00e9liore la fiabilit\u00e9 du syst\u00e8me.<\/div>\n<\/li>\n<li>\n<div class=\"auto-hide-last-sibling-br paragraph-JOTKXA paragraph-element br-paragraph-space\"><strong>Haute performance et \u00e9volutivit\u00e9<\/strong>Le PCS offre une capacit\u00e9 de 100 kW\/125 kW, extensible jusqu&#8217;\u00e0 2.5 MW. La batterie BOS-B d\u00e9livre 215 kWh par groupe, prenant en charge jusqu&#8217;\u00e0 16 groupes par PCS. De plus, le PCS atteint un rendement de 98.5 %, avec un MPPT sup\u00e9rieur \u00e0 99 %.<\/div>\n<\/li>\n<\/ul>\n<p>Vous avez un projet solaire contact\u00e9 <a href=\"https:\/\/www.bestasolar.com\/en\/\">besta solar<\/a><\/p>","protected":false},"excerpt":{"rendered":"<ul>\n<li><strong>Capacit\u00e9 puissante :<\/strong>\u00a0Fournit 215 kWh par cluster, extensible jusqu&#8217;\u00e0 16 packs par PCS<\/li>\n<li><strong>Haute efficacit\u00e9:<\/strong>\u00a0Efficacit\u00e9 PCS de 98.5 % et efficacit\u00e9 MPPT de plus de 99 %<\/li>\n<li><strong>EMS int\u00e9gr\u00e9 :<\/strong>\u00a0Charge\/d\u00e9charge sans exportation et en fonction du temps d&#8217;utilisation<\/li>\n<li><strong>Gestion conviviale\u00a0:<\/strong>\u00a0\u00c9cran tactile couleur pour les r\u00e9glages locaux\/\u00e0 distance<\/li>\n<li><strong>Commutation transparente\u00a0:<\/strong>\u00a0Le module STS change de mode en &lt;10 ms<\/li>\n<li><strong>Sauvegarde \u00e9tendue\u00a0:<\/strong>\u00a0Jusqu&#8217;\u00e0 32 heures avec 16 racks par PCS<\/li>\n<li><strong>\u00c9quilibrage intelligent :<\/strong>\u00a0BMS ind\u00e9pendant pour une r\u00e9partition optimale de la charge<\/li>\n<li><strong>Conception robuste\u00a0:<\/strong>\u00a0Protection IP65 et support de surcharge \u00e0 110 %<\/li>\n<li><strong>Int\u00e9gration PV efficace :<\/strong>\u00a0Entr\u00e9e PV de 200 kW avec une plage MPPT de 180 \u00e0 850 V<\/li>\n<\/ul>","protected":false},"featured_media":10957,"comment_status":"open","ping_status":"closed","template":"","meta":[],"product_brand":[88],"product_cat":[83,89],"product_tag":[],"class_list":{"0":"post-10956","1":"product","2":"type-product","3":"status-publish","4":"has-post-thumbnail","6":"product_brand-deye","7":"product_cat-batterie-lithium","8":"product_cat-ci-ess","10":"first","11":"instock","12":"sale","13":"shipping-taxable","14":"purchasable","15":"product-type-simple"},"yoast_head":"<!-- This site is optimized with the Yoast SEO Premium plugin v22.8 (Yoast SEO v25.6) - https:\/\/yoast.com\/wordpress\/plugins\/seo\/ -->\n<title>batterie lithium BOS-B 215kwh Deye - BESTA SOLAR<\/title>\n<meta name=\"description\" content=\"batterie lithium BOS-B 215kwh Deye Fournit 215 kWh par cluster, extensible jusqu&#039;\u00e0 16 packs par PCS Haute efficacit\u00e9 par besta solar au benin et au togo\" \/>\n<meta name=\"robots\" content=\"index, follow, max-snippet:-1, max-image-preview:large, max-video-preview:-1\" \/>\n<link rel=\"canonical\" href=\"https:\/\/www.bestasolar.com\/en\/product\/batterie-lithium-bos-b-215kwh-deye\/\" \/>\n<meta property=\"og:locale\" content=\"en_US\" \/>\n<meta property=\"og:type\" content=\"article\" \/>\n<meta property=\"og:title\" content=\"batterie lithium BOS-B 215kwh Deye\" \/>\n<meta property=\"og:description\" content=\"batterie lithium BOS-B 215kwh Deye Fournit 215 kWh par cluster, extensible jusqu&#039;\u00e0 16 packs par PCS Haute efficacit\u00e9 par besta solar au benin et au togo\" \/>\n<meta property=\"og:url\" content=\"https:\/\/www.bestasolar.com\/en\/product\/batterie-lithium-bos-b-215kwh-deye\/\" \/>\n<meta property=\"og:site_name\" content=\"BESTA SOLAR\" \/>\n<meta property=\"article:publisher\" content=\"https:\/\/www.facebook.com\/bestasolar\/\" \/>\n<meta property=\"og:image\" content=\"https:\/\/www.bestasolar.com\/wp-content\/uploads\/2025\/11\/deye-bos-b.jpg\" \/>\n\t<meta property=\"og:image:width\" content=\"1000\" \/>\n\t<meta property=\"og:image:height\" content=\"1000\" \/>\n\t<meta property=\"og:image:type\" content=\"image\/jpeg\" \/>\n<meta name=\"twitter:card\" content=\"summary_large_image\" \/>\n<meta name=\"twitter:label1\" content=\"Price\" \/>\n\t<meta name=\"twitter:data1\" content=\"CFA28,000,000.00\" \/>\n\t<meta name=\"twitter:label2\" content=\"Availability\" \/>\n\t<meta name=\"twitter:data2\" content=\"In stock\" \/>\n<script type=\"application\/ld+json\" class=\"yoast-schema-graph\">{\"@context\":\"https:\/\/schema.org\",\"@graph\":[{\"@type\":\"WebPage\",\"@id\":\"https:\/\/www.bestasolar.com\/produit\/batterie-lithium-bos-b-215kwh-deye\/\",\"url\":\"https:\/\/www.bestasolar.com\/produit\/batterie-lithium-bos-b-215kwh-deye\/\",\"name\":\"batterie lithium BOS-B 215kwh Deye - BESTA SOLAR\",\"isPartOf\":{\"@id\":\"https:\/\/www.bestasolar.com\/#website\"},\"primaryImageOfPage\":{\"@id\":\"https:\/\/www.bestasolar.com\/produit\/batterie-lithium-bos-b-215kwh-deye\/#primaryimage\"},\"image\":{\"@id\":\"https:\/\/www.bestasolar.com\/produit\/batterie-lithium-bos-b-215kwh-deye\/#primaryimage\"},\"thumbnailUrl\":\"https:\/\/www.bestasolar.com\/wp-content\/uploads\/2025\/11\/deye-bos-b.jpg\",\"datePublished\":\"2025-11-12T08:08:58+00:00\",\"description\":\"batterie lithium BOS-B 215kwh Deye Fournit 215 kWh par cluster, extensible jusqu'\u00e0 16 packs par PCS Haute efficacit\u00e9 par besta solar au benin et au togo\",\"breadcrumb\":{\"@id\":\"https:\/\/www.bestasolar.com\/produit\/batterie-lithium-bos-b-215kwh-deye\/#breadcrumb\"},\"inLanguage\":\"en-US\",\"potentialAction\":[{\"@type\":\"ReadAction\",\"target\":[\"https:\/\/www.bestasolar.com\/produit\/batterie-lithium-bos-b-215kwh-deye\/\"]}]},{\"@type\":\"ImageObject\",\"inLanguage\":\"en-US\",\"@id\":\"https:\/\/www.bestasolar.com\/produit\/batterie-lithium-bos-b-215kwh-deye\/#primaryimage\",\"url\":\"https:\/\/www.bestasolar.com\/wp-content\/uploads\/2025\/11\/deye-bos-b.jpg\",\"contentUrl\":\"https:\/\/www.bestasolar.com\/wp-content\/uploads\/2025\/11\/deye-bos-b.jpg\",\"width\":1000,\"height\":1000},{\"@type\":\"BreadcrumbList\",\"@id\":\"https:\/\/www.bestasolar.com\/produit\/batterie-lithium-bos-b-215kwh-deye\/#breadcrumb\",\"itemListElement\":[{\"@type\":\"ListItem\",\"position\":1,\"name\":\"Home\",\"item\":\"https:\/\/www.bestasolar.com\/\"},{\"@type\":\"ListItem\",\"position\":2,\"name\":\"Shop\",\"item\":\"https:\/\/www.bestasolar.com\/shop\/\"},{\"@type\":\"ListItem\",\"position\":3,\"name\":\"batterie lithium BOS-B 215kwh Deye\"}]},{\"@type\":\"WebSite\",\"@id\":\"https:\/\/www.bestasolar.com\/#website\",\"url\":\"https:\/\/www.bestasolar.com\/\",\"name\":\"BESTA SOLAR\",\"description\":\"Vente d&#039;equipement solaire batterie lithium onduleur mppt\",\"publisher\":{\"@id\":\"https:\/\/www.bestasolar.com\/#organization\"},\"potentialAction\":[{\"@type\":\"SearchAction\",\"target\":{\"@type\":\"EntryPoint\",\"urlTemplate\":\"https:\/\/www.bestasolar.com\/?s={search_term_string}\"},\"query-input\":{\"@type\":\"PropertyValueSpecification\",\"valueRequired\":true,\"valueName\":\"search_term_string\"}}],\"inLanguage\":\"en-US\"},{\"@type\":[\"Organization\",\"Place\",\"OfficeEquipmentStore\"],\"@id\":\"https:\/\/www.bestasolar.com\/#organization\",\"name\":\"BESTA SOLAR\",\"url\":\"https:\/\/www.bestasolar.com\/\",\"logo\":{\"@id\":\"https:\/\/www.bestasolar.com\/produit\/batterie-lithium-bos-b-215kwh-deye\/#local-main-organization-logo\"},\"image\":{\"@id\":\"https:\/\/www.bestasolar.com\/produit\/batterie-lithium-bos-b-215kwh-deye\/#local-main-organization-logo\"},\"sameAs\":[\"https:\/\/www.facebook.com\/bestasolar\/\",\"https:\/\/www.youtube.com\/channel\/UCYnBggiypeSN8k1IQrX6BUw\",\"https:\/\/www.tiktok.com\/@bestasolar\",\"https:\/\/www.pinterest.com\/bestasolar\/\"],\"telephone\":[\"+22961732956\"],\"contactPoint\":{\"@type\":\"ContactPoint\",\"telephone\":\"+22961732956\",\"email\":\"contact@bestasolar.com\"},\"openingHoursSpecification\":[{\"@type\":\"OpeningHoursSpecification\",\"dayOfWeek\":[\"Monday\",\"Tuesday\",\"Wednesday\",\"Thursday\",\"Friday\",\"Saturday\"],\"opens\":\"08:00\",\"closes\":\"21:00\"},{\"@type\":\"OpeningHoursSpecification\",\"dayOfWeek\":[\"Sunday\"],\"opens\":\"09:00\",\"closes\":\"18:00\"}],\"email\":\"contact@bestasolar.com\",\"faxNumber\":\"Besta Solar\",\"areaServed\":\"Afrique de l'ouest\",\"taxID\":\"02022748823174\",\"currenciesAccepted\":\"CFA\"},{\"@type\":\"ImageObject\",\"inLanguage\":\"en-US\",\"@id\":\"https:\/\/www.bestasolar.com\/produit\/batterie-lithium-bos-b-215kwh-deye\/#local-main-organization-logo\",\"url\":\"https:\/\/www.bestasolar.com\/wp-content\/uploads\/2023\/01\/BESTA-SOLAR-Logo-01-1.png\",\"contentUrl\":\"https:\/\/www.bestasolar.com\/wp-content\/uploads\/2023\/01\/BESTA-SOLAR-Logo-01-1.png\",\"width\":6250,\"height\":4167,\"caption\":\"BESTA SOLAR\"}]}<\/script>\n<meta property=\"product:price:amount\" content=\"28000000.00\" \/>\n<meta property=\"product:price:currency\" content=\"XOF\" \/>\n<meta property=\"og:availability\" content=\"instock\" \/>\n<meta property=\"product:availability\" content=\"instock\" \/>\n<meta property=\"product:condition\" content=\"new\" \/>\n<meta name=\"geo.placename\" content=\"parakou\" \/>\n<meta name=\"geo.region\" content=\"Benin\" \/>\n<!-- \/ Yoast SEO Premium plugin. -->","yoast_head_json":{"title":"batterie lithium BOS-B 215kwh Deye - BESTA SOLAR","description":"batterie lithium BOS-B 215kwh Deye Fournit 215 kWh par cluster, extensible jusqu'\u00e0 16 packs par PCS Haute efficacit\u00e9 par besta solar au benin et au togo","robots":{"index":"index","follow":"follow","max-snippet":"max-snippet:-1","max-image-preview":"max-image-preview:large","max-video-preview":"max-video-preview:-1"},"canonical":"https:\/\/www.bestasolar.com\/en\/product\/batterie-lithium-bos-b-215kwh-deye\/","og_locale":"en_US","og_type":"article","og_title":"batterie lithium BOS-B 215kwh Deye","og_description":"batterie lithium BOS-B 215kwh Deye Fournit 215 kWh par cluster, extensible jusqu'\u00e0 16 packs par PCS Haute efficacit\u00e9 par besta solar au benin et au togo","og_url":"https:\/\/www.bestasolar.com\/en\/product\/batterie-lithium-bos-b-215kwh-deye\/","og_site_name":"BESTA SOLAR","article_publisher":"https:\/\/www.facebook.com\/bestasolar\/","og_image":[{"width":1000,"height":1000,"url":"https:\/\/www.bestasolar.com\/wp-content\/uploads\/2025\/11\/deye-bos-b.jpg","type":"image\/jpeg"}],"twitter_card":"summary_large_image","twitter_misc":{"Price":"CFA28,000,000.00","Availability":"In stock"},"schema":{"@context":"https:\/\/schema.org","@graph":[{"@type":"WebPage","@id":"https:\/\/www.bestasolar.com\/produit\/batterie-lithium-bos-b-215kwh-deye\/","url":"https:\/\/www.bestasolar.com\/produit\/batterie-lithium-bos-b-215kwh-deye\/","name":"batterie lithium BOS-B 215kwh Deye - BESTA SOLAR","isPartOf":{"@id":"https:\/\/www.bestasolar.com\/#website"},"primaryImageOfPage":{"@id":"https:\/\/www.bestasolar.com\/produit\/batterie-lithium-bos-b-215kwh-deye\/#primaryimage"},"image":{"@id":"https:\/\/www.bestasolar.com\/produit\/batterie-lithium-bos-b-215kwh-deye\/#primaryimage"},"thumbnailUrl":"https:\/\/www.bestasolar.com\/wp-content\/uploads\/2025\/11\/deye-bos-b.jpg","datePublished":"2025-11-12T08:08:58+00:00","description":"batterie lithium BOS-B 215kwh Deye Fournit 215 kWh par cluster, extensible jusqu'\u00e0 16 packs par PCS Haute efficacit\u00e9 par besta solar au benin et au togo","breadcrumb":{"@id":"https:\/\/www.bestasolar.com\/produit\/batterie-lithium-bos-b-215kwh-deye\/#breadcrumb"},"inLanguage":"en-US","potentialAction":[{"@type":"ReadAction","target":["https:\/\/www.bestasolar.com\/produit\/batterie-lithium-bos-b-215kwh-deye\/"]}]},{"@type":"ImageObject","inLanguage":"en-US","@id":"https:\/\/www.bestasolar.com\/produit\/batterie-lithium-bos-b-215kwh-deye\/#primaryimage","url":"https:\/\/www.bestasolar.com\/wp-content\/uploads\/2025\/11\/deye-bos-b.jpg","contentUrl":"https:\/\/www.bestasolar.com\/wp-content\/uploads\/2025\/11\/deye-bos-b.jpg","width":1000,"height":1000},{"@type":"BreadcrumbList","@id":"https:\/\/www.bestasolar.com\/produit\/batterie-lithium-bos-b-215kwh-deye\/#breadcrumb","itemListElement":[{"@type":"ListItem","position":1,"name":"Home","item":"https:\/\/www.bestasolar.com\/"},{"@type":"ListItem","position":2,"name":"Shop","item":"https:\/\/www.bestasolar.com\/shop\/"},{"@type":"ListItem","position":3,"name":"batterie lithium BOS-B 215kwh Deye"}]},{"@type":"WebSite","@id":"https:\/\/www.bestasolar.com\/#website","url":"https:\/\/www.bestasolar.com\/","name":"BESTA SOLAR","description":"Vente d&#039;equipement solaire batterie lithium onduleur mppt","publisher":{"@id":"https:\/\/www.bestasolar.com\/#organization"},"potentialAction":[{"@type":"SearchAction","target":{"@type":"EntryPoint","urlTemplate":"https:\/\/www.bestasolar.com\/?s={search_term_string}"},"query-input":{"@type":"PropertyValueSpecification","valueRequired":true,"valueName":"search_term_string"}}],"inLanguage":"en-US"},{"@type":["Organization","Place","OfficeEquipmentStore"],"@id":"https:\/\/www.bestasolar.com\/#organization","name":"BESTA SOLAR","url":"https:\/\/www.bestasolar.com\/","logo":{"@id":"https:\/\/www.bestasolar.com\/produit\/batterie-lithium-bos-b-215kwh-deye\/#local-main-organization-logo"},"image":{"@id":"https:\/\/www.bestasolar.com\/produit\/batterie-lithium-bos-b-215kwh-deye\/#local-main-organization-logo"},"sameAs":["https:\/\/www.facebook.com\/bestasolar\/","https:\/\/www.youtube.com\/channel\/UCYnBggiypeSN8k1IQrX6BUw","https:\/\/www.tiktok.com\/@bestasolar","https:\/\/www.pinterest.com\/bestasolar\/"],"telephone":["+22961732956"],"contactPoint":{"@type":"ContactPoint","telephone":"+22961732956","email":"contact@bestasolar.com"},"openingHoursSpecification":[{"@type":"OpeningHoursSpecification","dayOfWeek":["Monday","Tuesday","Wednesday","Thursday","Friday","Saturday"],"opens":"08:00","closes":"21:00"},{"@type":"OpeningHoursSpecification","dayOfWeek":["Sunday"],"opens":"09:00","closes":"18:00"}],"email":"contact@bestasolar.com","faxNumber":"Besta Solar","areaServed":"Afrique de l'ouest","taxID":"02022748823174","currenciesAccepted":"CFA"},{"@type":"ImageObject","inLanguage":"en-US","@id":"https:\/\/www.bestasolar.com\/produit\/batterie-lithium-bos-b-215kwh-deye\/#local-main-organization-logo","url":"https:\/\/www.bestasolar.com\/wp-content\/uploads\/2023\/01\/BESTA-SOLAR-Logo-01-1.png","contentUrl":"https:\/\/www.bestasolar.com\/wp-content\/uploads\/2023\/01\/BESTA-SOLAR-Logo-01-1.png","width":6250,"height":4167,"caption":"BESTA SOLAR"}]},"product_price_amount":"28000000.00","product_price_currency":"XOF","og_availability":"instock","product_availability":"instock","product_condition":"new","geo.placename":"parakou","geo.region":"Benin"},"jetpack_sharing_enabled":true,"_links":{"self":[{"href":"https:\/\/www.bestasolar.com\/en\/wp-json\/wp\/v2\/product\/10956"}],"collection":[{"href":"https:\/\/www.bestasolar.com\/en\/wp-json\/wp\/v2\/product"}],"about":[{"href":"https:\/\/www.bestasolar.com\/en\/wp-json\/wp\/v2\/types\/product"}],"replies":[{"embeddable":true,"href":"https:\/\/www.bestasolar.com\/en\/wp-json\/wp\/v2\/comments?post=10956"}],"wp:featuredmedia":[{"embeddable":true,"href":"https:\/\/www.bestasolar.com\/en\/wp-json\/wp\/v2\/media\/10957"}],"wp:attachment":[{"href":"https:\/\/www.bestasolar.com\/en\/wp-json\/wp\/v2\/media?parent=10956"}],"wp:term":[{"taxonomy":"product_brand","embeddable":true,"href":"https:\/\/www.bestasolar.com\/en\/wp-json\/wp\/v2\/product_brand?post=10956"},{"taxonomy":"product_cat","embeddable":true,"href":"https:\/\/www.bestasolar.com\/en\/wp-json\/wp\/v2\/product_cat?post=10956"},{"taxonomy":"product_tag","embeddable":true,"href":"https:\/\/www.bestasolar.com\/en\/wp-json\/wp\/v2\/product_tag?post=10956"}],"curies":[{"name":"wp","href":"https:\/\/api.w.org\/{rel}","templated":true}]}}