{"id":4729,"date":"2023-02-20T03:44:31","date_gmt":"2023-02-20T03:44:31","guid":{"rendered":"https:\/\/www.bestasolar.com\/?post_type=product&#038;p=4729"},"modified":"2025-07-13T23:09:59","modified_gmt":"2025-07-13T21:09:59","slug":"generateur-solair-taico-600w","status":"publish","type":"product","link":"https:\/\/www.bestasolar.com\/en\/product\/generateur-solair-taico-600w\/","title":{"rendered":"G\u00e9n\u00e9rateur Solair Taico 600w"},"content":{"rendered":"<div>\n<div id=\"ali-anchor-AliMagic-jfghe9\" data-section=\"AliMagic-jfghe9\" data-section-title=\"TAICO\" data-spm-anchor-id=\"a2g0o.detail.1000023.i3.6828RdcyRdcyYH\">TAICO<\/div>\n<\/div>\n<div>\n<div>\n<div>\n<div>\n<div>\n<div><img decoding=\"async\" class=\"magic-9\" src=\"https:\/\/ae01.alicdn.com\/kf\/Sf562ab6a16f24c9bab56c6938ceb333bZ.jpg?width=1500&amp;height=1500&amp;hash=3000\" \/><\/div>\n<\/div>\n<\/div>\n<\/div>\n<\/div>\n<\/div>\n<div>\n<div>\n<div>\n<div>\n<div>\n<div><img decoding=\"async\" class=\"magic-11\" src=\"https:\/\/ae01.alicdn.com\/kf\/Sf96d7cb9ac6d438087557ec448663347X.jpg?width=1920&amp;height=1188&amp;hash=3108\" \/><\/div>\n<\/div>\n<\/div>\n<\/div>\n<\/div>\n<\/div>\n<div>\n<div id=\"ali-anchor-AliMagic-tauejh\" data-section=\"AliMagic-tauejh\" data-section-title=\"Power for All Devices\">Puissance pour tous les appareils<\/div>\n<\/div>\n<div>\n<div>\n<div>\n<div>\n<div>\n<div><img decoding=\"async\" class=\"magic-13\" src=\"https:\/\/ae01.alicdn.com\/kf\/S937c2480ab074b288f3a3204d831ea7ft.jpg?width=1018&amp;height=561&amp;hash=1579\" \/><\/div>\n<\/div>\n<\/div>\n<\/div>\n<\/div>\n<\/div>\n<div>\n<div>\n<div>\n<div>\n<div>\n<div><img decoding=\"async\" class=\"magic-15\" src=\"https:\/\/ae01.alicdn.com\/kf\/S36d26547d5d347b592d05c4e22df8887d.jpg?width=1400&amp;height=2026&amp;hash=3426\" \/><\/div>\n<\/div>\n<\/div>\n<\/div>\n<\/div>\n<\/div>\n<div>\n<div>\n<div>\n<div>\n<div>\n<div><img decoding=\"async\" class=\"magic-17\" src=\"https:\/\/ae01.alicdn.com\/kf\/S6ddcaa75ffa045c983b15cce191d6c09B.jpg?width=1400&amp;height=2319&amp;hash=3719\" \/><\/div>\n<\/div>\n<\/div>\n<\/div>\n<\/div>\n<\/div>\n<div>\n<div>\n<div>\n<div>\n<div>\n<div data-spm-anchor-id=\"a2g0o.detail.1000023.i1.6828RdcyRdcyYH\"><img decoding=\"async\" class=\"magic-19\" src=\"https:\/\/ae01.alicdn.com\/kf\/Sc8dab4e92bbe4d8aa0dab1a8311bf4c3q.jpg?width=1400&amp;height=2370&amp;hash=3770\" \/><\/div>\n<\/div>\n<\/div>\n<\/div>\n<\/div>\n<\/div>\n<div>\n<div id=\"ali-anchor-AliMagic-sie7tm\" data-section=\"AliMagic-sie7tm\" data-section-title=\"Show details\" data-spm-anchor-id=\"a2g0o.detail.1000023.i0.6828RdcyRdcyYH\">Afficher les d\u00e9tails<\/div>\n<\/div>\n<div>\n<div>\n<div>\n<div>\n<div>\n<div><img decoding=\"async\" class=\"magic-21\" src=\"https:\/\/ae01.alicdn.com\/kf\/S8eeadd5064c74e4c9fb6d700a09ae1f5V.jpg?width=1400&amp;height=2653&amp;hash=4053\" data-spm-anchor-id=\"a2g0o.detail.1000023.i2.6828RdcyRdcyYH\" \/><\/div>\n<\/div>\n<\/div>\n<\/div>\n<\/div>\n<\/div>\n<div>\n<div id=\"ali-anchor-AliMagic-mbq1x9\" data-section=\"AliMagic-mbq1x9\" data-section-title=\"Product parameters\">Param\u00e8tres du produit<\/div>\n<\/div>\n<div>\n<div>\n<table class=\"has-title hight-light-first-column all magic-22\">\n<tbody>\n<tr>\n<td colspan=\"1\" rowspan=\"1\">\n<div>Nom du produit<\/div>\n<\/td>\n<td colspan=\"3\" rowspan=\"1\">\n<div data-spm-anchor-id=\"a2g0o.detail.1000023.i4.6828RdcyRdcyYH\">Chine Fabricant 600W Centrale \u00e9lectrique \u00e0 batterie au lithium portable AC DC USB G\u00e9n\u00e9rateur solaire \u00e0 charge rapide<\/div>\n<\/td>\n<\/tr>\n<tr>\n<td colspan=\"1\" rowspan=\"1\">\n<div>Capacit\u00e9 de la batterie<\/div>\n<\/td>\n<td colspan=\"3\" rowspan=\"1\">\n<div>162Ah\/600Wh<\/div>\n<\/td>\n<\/tr>\n<tr>\n<td colspan=\"1\" rowspan=\"1\">\n<div>Taille<\/div>\n<\/td>\n<td colspan=\"3\" rowspan=\"1\">\n<div>294*206*165mm<\/div>\n<\/td>\n<\/tr>\n<tr>\n<td colspan=\"1\" rowspan=\"1\">\n<div>Poids<\/div>\n<\/td>\n<td colspan=\"3\" rowspan=\"1\">\n<div>5kg<\/div>\n<\/td>\n<\/tr>\n<tr>\n<td colspan=\"1\" rowspan=\"1\">\n<div>Vague de sortie<\/div>\n<\/td>\n<td colspan=\"3\" rowspan=\"1\">\n<div>Onde sinuso\u00efdale pure 500W<\/div>\n<\/td>\n<td colspan=\"1\" rowspan=\"1\">\n<div><\/div>\n<\/td>\n<\/tr>\n<tr>\n<td colspan=\"1\" rowspan=\"1\">\n<div>Sortie<\/div>\n<\/td>\n<td colspan=\"3\" rowspan=\"1\">\n<div>USB 5V\/2.4A * 3 ,USB QC3.0(5V\/3A,9V\/2A,12V\/1.5A)<br \/>\nDC 12V\/10A (Port de cigarette) ;DC 12V\/5A * 2<br \/>\nType-C PD60W(5V\/3A;9V\/3A;12V\/3A;15V\/3A;20V\/3A)<\/div>\n<\/td>\n<td colspan=\"1\" rowspan=\"1\">\n<div><\/div>\n<\/td>\n<\/tr>\n<tr>\n<td colspan=\"1\" rowspan=\"1\">\n<div>Sortie AC<\/div>\n<\/td>\n<td colspan=\"3\" rowspan=\"1\">\n<div>110V 60Hz\/220V 50Hz<\/div>\n<\/td>\n<td colspan=\"1\" rowspan=\"1\">\n<div><\/div>\n<\/td>\n<\/tr>\n<tr>\n<td colspan=\"1\" rowspan=\"1\">\n<div>Entr\u00e9e<\/div>\n<\/td>\n<td colspan=\"3\" rowspan=\"1\">\n<div>DC 10 ~ 28V 5A; PD100W; Charge de voiture 12V; 12-24V (Charge solaire)<\/div>\n<\/td>\n<td colspan=\"1\" rowspan=\"1\">\n<div><\/div>\n<\/td>\n<\/tr>\n<tr>\n<td colspan=\"1\" rowspan=\"1\">\n<div>Op\u00e9rer Temperaure<\/div>\n<\/td>\n<td colspan=\"3\" rowspan=\"1\">\n<div>-20 \u2103-60 \u2103\/-4 \u2109 ~ 140 \u2109<\/div>\n<\/td>\n<td colspan=\"1\" rowspan=\"1\">\n<div><\/div>\n<\/td>\n<\/tr>\n<tr>\n<td colspan=\"1\" rowspan=\"1\">\n<div>Dur\u00e9e de vie<\/div>\n<\/td>\n<td colspan=\"3\" rowspan=\"1\">\n<div>6000cycles<\/div>\n<\/td>\n<\/tr>\n<\/tbody>\n<\/table>\n<\/div>\n<\/div>","protected":false},"excerpt":{"rendered":"<p>TAICO-G\u00e9n\u00e9rateur Portable de Secours, Onduleur de Centrale Solaire, Batterie articulation on UPS 600Wh, Alimentation Charg\u00e9e, EB70, 600W<\/p>\n<div id=\"gtx-trans\" style=\"position: absolute; left: 154px; top: 47.4px;\">\n<div class=\"gtx-trans-icon\"><\/div>\n<\/div>","protected":false},"featured_media":10519,"comment_status":"open","ping_status":"closed","template":"","meta":[],"product_brand":[],"product_cat":[39],"product_tag":[52],"class_list":{"0":"post-4729","1":"product","2":"type-product","3":"status-publish","4":"has-post-thumbnail","6":"product_cat-generateur-solaire-portable","7":"product_tag-solar-panels","9":"first","10":"instock","11":"sale","12":"shipping-taxable","13":"purchasable","14":"product-type-simple"},"yoast_head":"<!-- This site is optimized with the Yoast SEO Premium plugin v22.8 (Yoast SEO v25.6) - https:\/\/yoast.com\/wordpress\/plugins\/seo\/ -->\n<title>G\u00e9n\u00e9rateur Solair Taico 600w - BESTA SOLAR<\/title>\n<meta name=\"robots\" content=\"index, follow, max-snippet:-1, max-image-preview:large, max-video-preview:-1\" \/>\n<link rel=\"canonical\" href=\"https:\/\/www.bestasolar.com\/en\/product\/generateur-solair-taico-600w\/\" \/>\n<meta property=\"og:locale\" content=\"en_US\" \/>\n<meta property=\"og:type\" content=\"article\" \/>\n<meta property=\"og:title\" content=\"G\u00e9n\u00e9rateur Solair Taico 600w\" \/>\n<meta property=\"og:description\" content=\"TAICO-G\u00e9n\u00e9rateur Portable de Secours, Onduleur de Centrale Solaire, Batterie articulation on UPS 600Wh, Alimentation Charg\u00e9e, EB70, 600W\" \/>\n<meta property=\"og:url\" content=\"https:\/\/www.bestasolar.com\/en\/product\/generateur-solair-taico-600w\/\" \/>\n<meta property=\"og:site_name\" content=\"BESTA SOLAR\" \/>\n<meta property=\"article:publisher\" content=\"https:\/\/www.facebook.com\/bestasolar\/\" \/>\n<meta property=\"article:modified_time\" content=\"2025-07-13T21:09:59+00:00\" \/>\n<meta property=\"og:image\" content=\"https:\/\/i0.wp.com\/www.bestasolar.com\/wp-content\/uploads\/2023\/02\/TAICO-G-n-rateur-Portable-de-Secours-Onduleur-de-Centrale-Sola.webp?fit=2000%2C2000&ssl=1\" \/>\n\t<meta property=\"og:image:width\" content=\"2000\" \/>\n\t<meta property=\"og:image:height\" content=\"2000\" \/>\n\t<meta property=\"og:image:type\" content=\"image\/webp\" \/>\n<meta name=\"twitter:card\" content=\"summary_large_image\" \/>\n<meta name=\"twitter:label1\" content=\"Price\" \/>\n\t<meta name=\"twitter:data1\" content=\"CFA295,000.00\" \/>\n\t<meta name=\"twitter:label2\" content=\"Availability\" \/>\n\t<meta name=\"twitter:data2\" content=\"In stock\" \/>\n<script type=\"application\/ld+json\" class=\"yoast-schema-graph\">{\"@context\":\"https:\/\/schema.org\",\"@graph\":[{\"@type\":\"WebPage\",\"@id\":\"https:\/\/www.bestasolar.com\/produit\/generateur-solair-taico-600w\/\",\"url\":\"https:\/\/www.bestasolar.com\/produit\/generateur-solair-taico-600w\/\",\"name\":\"G\u00e9n\u00e9rateur Solair Taico 600w - BESTA SOLAR\",\"isPartOf\":{\"@id\":\"https:\/\/www.bestasolar.com\/#website\"},\"primaryImageOfPage\":{\"@id\":\"https:\/\/www.bestasolar.com\/produit\/generateur-solair-taico-600w\/#primaryimage\"},\"image\":{\"@id\":\"https:\/\/www.bestasolar.com\/produit\/generateur-solair-taico-600w\/#primaryimage\"},\"thumbnailUrl\":\"https:\/\/www.bestasolar.com\/wp-content\/uploads\/2023\/02\/TAICO-G-n-rateur-Portable-de-Secours-Onduleur-de-Centrale-Sola.webp\",\"datePublished\":\"2023-02-20T03:44:31+00:00\",\"dateModified\":\"2025-07-13T21:09:59+00:00\",\"breadcrumb\":{\"@id\":\"https:\/\/www.bestasolar.com\/produit\/generateur-solair-taico-600w\/#breadcrumb\"},\"inLanguage\":\"en-US\",\"potentialAction\":[{\"@type\":\"ReadAction\",\"target\":[\"https:\/\/www.bestasolar.com\/produit\/generateur-solair-taico-600w\/\"]}]},{\"@type\":\"ImageObject\",\"inLanguage\":\"en-US\",\"@id\":\"https:\/\/www.bestasolar.com\/produit\/generateur-solair-taico-600w\/#primaryimage\",\"url\":\"https:\/\/www.bestasolar.com\/wp-content\/uploads\/2023\/02\/TAICO-G-n-rateur-Portable-de-Secours-Onduleur-de-Centrale-Sola.webp\",\"contentUrl\":\"https:\/\/www.bestasolar.com\/wp-content\/uploads\/2023\/02\/TAICO-G-n-rateur-Portable-de-Secours-Onduleur-de-Centrale-Sola.webp\",\"width\":2000,\"height\":2000},{\"@type\":\"BreadcrumbList\",\"@id\":\"https:\/\/www.bestasolar.com\/produit\/generateur-solair-taico-600w\/#breadcrumb\",\"itemListElement\":[{\"@type\":\"ListItem\",\"position\":1,\"name\":\"Home\",\"item\":\"https:\/\/www.bestasolar.com\/\"},{\"@type\":\"ListItem\",\"position\":2,\"name\":\"Shop\",\"item\":\"https:\/\/www.bestasolar.com\/shop\/\"},{\"@type\":\"ListItem\",\"position\":3,\"name\":\"G\u00e9n\u00e9rateur Solair Taico 600w\"}]},{\"@type\":\"WebSite\",\"@id\":\"https:\/\/www.bestasolar.com\/#website\",\"url\":\"https:\/\/www.bestasolar.com\/\",\"name\":\"BESTA SOLAR\",\"description\":\"Vente d&#039;equipement solaire batterie lithium onduleur mppt\",\"publisher\":{\"@id\":\"https:\/\/www.bestasolar.com\/#organization\"},\"potentialAction\":[{\"@type\":\"SearchAction\",\"target\":{\"@type\":\"EntryPoint\",\"urlTemplate\":\"https:\/\/www.bestasolar.com\/?s={search_term_string}\"},\"query-input\":{\"@type\":\"PropertyValueSpecification\",\"valueRequired\":true,\"valueName\":\"search_term_string\"}}],\"inLanguage\":\"en-US\"},{\"@type\":[\"Organization\",\"Place\",\"OfficeEquipmentStore\"],\"@id\":\"https:\/\/www.bestasolar.com\/#organization\",\"name\":\"BESTA SOLAR\",\"url\":\"https:\/\/www.bestasolar.com\/\",\"logo\":{\"@id\":\"https:\/\/www.bestasolar.com\/produit\/generateur-solair-taico-600w\/#local-main-organization-logo\"},\"image\":{\"@id\":\"https:\/\/www.bestasolar.com\/produit\/generateur-solair-taico-600w\/#local-main-organization-logo\"},\"sameAs\":[\"https:\/\/www.facebook.com\/bestasolar\/\",\"https:\/\/www.youtube.com\/channel\/UCYnBggiypeSN8k1IQrX6BUw\",\"https:\/\/www.tiktok.com\/@bestasolar\",\"https:\/\/www.pinterest.com\/bestasolar\/\"],\"telephone\":[\"+22961732956\"],\"contactPoint\":{\"@type\":\"ContactPoint\",\"telephone\":\"+22961732956\",\"email\":\"contact@bestasolar.com\"},\"openingHoursSpecification\":[{\"@type\":\"OpeningHoursSpecification\",\"dayOfWeek\":[\"Monday\",\"Tuesday\",\"Wednesday\",\"Thursday\",\"Friday\",\"Saturday\"],\"opens\":\"08:00\",\"closes\":\"21:00\"},{\"@type\":\"OpeningHoursSpecification\",\"dayOfWeek\":[\"Sunday\"],\"opens\":\"09:00\",\"closes\":\"18:00\"}],\"email\":\"contact@bestasolar.com\",\"faxNumber\":\"Besta Solar\",\"areaServed\":\"Afrique de l'ouest\",\"taxID\":\"02022748823174\",\"currenciesAccepted\":\"CFA\"},{\"@type\":\"ImageObject\",\"inLanguage\":\"en-US\",\"@id\":\"https:\/\/www.bestasolar.com\/produit\/generateur-solair-taico-600w\/#local-main-organization-logo\",\"url\":\"https:\/\/www.bestasolar.com\/wp-content\/uploads\/2023\/01\/BESTA-SOLAR-Logo-01-1.png\",\"contentUrl\":\"https:\/\/www.bestasolar.com\/wp-content\/uploads\/2023\/01\/BESTA-SOLAR-Logo-01-1.png\",\"width\":6250,\"height\":4167,\"caption\":\"BESTA SOLAR\"}]}<\/script>\n<meta property=\"product:price:amount\" content=\"295000.00\" \/>\n<meta property=\"product:price:currency\" content=\"XOF\" \/>\n<meta property=\"og:availability\" content=\"instock\" \/>\n<meta property=\"product:availability\" content=\"instock\" \/>\n<meta property=\"product:retailer_item_id\" content=\"0325MY\" \/>\n<meta property=\"product:condition\" content=\"new\" \/>\n<meta name=\"geo.placename\" content=\"parakou\" \/>\n<meta name=\"geo.region\" content=\"Benin\" \/>\n<!-- \/ Yoast SEO Premium plugin. -->","yoast_head_json":{"title":"G\u00e9n\u00e9rateur Solair Taico 600w - BESTA SOLAR","robots":{"index":"index","follow":"follow","max-snippet":"max-snippet:-1","max-image-preview":"max-image-preview:large","max-video-preview":"max-video-preview:-1"},"canonical":"https:\/\/www.bestasolar.com\/en\/product\/generateur-solair-taico-600w\/","og_locale":"en_US","og_type":"article","og_title":"G\u00e9n\u00e9rateur Solair Taico 600w","og_description":"TAICO-G\u00e9n\u00e9rateur Portable de Secours, Onduleur de Centrale Solaire, Batterie articulation on UPS 600Wh, Alimentation Charg\u00e9e, EB70, 600W","og_url":"https:\/\/www.bestasolar.com\/en\/product\/generateur-solair-taico-600w\/","og_site_name":"BESTA SOLAR","article_publisher":"https:\/\/www.facebook.com\/bestasolar\/","article_modified_time":"2025-07-13T21:09:59+00:00","og_image":[{"width":2000,"height":2000,"url":"https:\/\/i0.wp.com\/www.bestasolar.com\/wp-content\/uploads\/2023\/02\/TAICO-G-n-rateur-Portable-de-Secours-Onduleur-de-Centrale-Sola.webp?fit=2000%2C2000&ssl=1","type":"image\/webp"}],"twitter_card":"summary_large_image","twitter_misc":{"Price":"CFA295,000.00","Availability":"In stock"},"schema":{"@context":"https:\/\/schema.org","@graph":[{"@type":"WebPage","@id":"https:\/\/www.bestasolar.com\/produit\/generateur-solair-taico-600w\/","url":"https:\/\/www.bestasolar.com\/produit\/generateur-solair-taico-600w\/","name":"G\u00e9n\u00e9rateur Solair Taico 600w - BESTA SOLAR","isPartOf":{"@id":"https:\/\/www.bestasolar.com\/#website"},"primaryImageOfPage":{"@id":"https:\/\/www.bestasolar.com\/produit\/generateur-solair-taico-600w\/#primaryimage"},"image":{"@id":"https:\/\/www.bestasolar.com\/produit\/generateur-solair-taico-600w\/#primaryimage"},"thumbnailUrl":"https:\/\/www.bestasolar.com\/wp-content\/uploads\/2023\/02\/TAICO-G-n-rateur-Portable-de-Secours-Onduleur-de-Centrale-Sola.webp","datePublished":"2023-02-20T03:44:31+00:00","dateModified":"2025-07-13T21:09:59+00:00","breadcrumb":{"@id":"https:\/\/www.bestasolar.com\/produit\/generateur-solair-taico-600w\/#breadcrumb"},"inLanguage":"en-US","potentialAction":[{"@type":"ReadAction","target":["https:\/\/www.bestasolar.com\/produit\/generateur-solair-taico-600w\/"]}]},{"@type":"ImageObject","inLanguage":"en-US","@id":"https:\/\/www.bestasolar.com\/produit\/generateur-solair-taico-600w\/#primaryimage","url":"https:\/\/www.bestasolar.com\/wp-content\/uploads\/2023\/02\/TAICO-G-n-rateur-Portable-de-Secours-Onduleur-de-Centrale-Sola.webp","contentUrl":"https:\/\/www.bestasolar.com\/wp-content\/uploads\/2023\/02\/TAICO-G-n-rateur-Portable-de-Secours-Onduleur-de-Centrale-Sola.webp","width":2000,"height":2000},{"@type":"BreadcrumbList","@id":"https:\/\/www.bestasolar.com\/produit\/generateur-solair-taico-600w\/#breadcrumb","itemListElement":[{"@type":"ListItem","position":1,"name":"Home","item":"https:\/\/www.bestasolar.com\/"},{"@type":"ListItem","position":2,"name":"Shop","item":"https:\/\/www.bestasolar.com\/shop\/"},{"@type":"ListItem","position":3,"name":"G\u00e9n\u00e9rateur Solair Taico 600w"}]},{"@type":"WebSite","@id":"https:\/\/www.bestasolar.com\/#website","url":"https:\/\/www.bestasolar.com\/","name":"BESTA SOLAR","description":"Vente d&#039;equipement solaire batterie lithium onduleur mppt","publisher":{"@id":"https:\/\/www.bestasolar.com\/#organization"},"potentialAction":[{"@type":"SearchAction","target":{"@type":"EntryPoint","urlTemplate":"https:\/\/www.bestasolar.com\/?s={search_term_string}"},"query-input":{"@type":"PropertyValueSpecification","valueRequired":true,"valueName":"search_term_string"}}],"inLanguage":"en-US"},{"@type":["Organization","Place","OfficeEquipmentStore"],"@id":"https:\/\/www.bestasolar.com\/#organization","name":"BESTA SOLAR","url":"https:\/\/www.bestasolar.com\/","logo":{"@id":"https:\/\/www.bestasolar.com\/produit\/generateur-solair-taico-600w\/#local-main-organization-logo"},"image":{"@id":"https:\/\/www.bestasolar.com\/produit\/generateur-solair-taico-600w\/#local-main-organization-logo"},"sameAs":["https:\/\/www.facebook.com\/bestasolar\/","https:\/\/www.youtube.com\/channel\/UCYnBggiypeSN8k1IQrX6BUw","https:\/\/www.tiktok.com\/@bestasolar","https:\/\/www.pinterest.com\/bestasolar\/"],"telephone":["+22961732956"],"contactPoint":{"@type":"ContactPoint","telephone":"+22961732956","email":"contact@bestasolar.com"},"openingHoursSpecification":[{"@type":"OpeningHoursSpecification","dayOfWeek":["Monday","Tuesday","Wednesday","Thursday","Friday","Saturday"],"opens":"08:00","closes":"21:00"},{"@type":"OpeningHoursSpecification","dayOfWeek":["Sunday"],"opens":"09:00","closes":"18:00"}],"email":"contact@bestasolar.com","faxNumber":"Besta Solar","areaServed":"Afrique de l'ouest","taxID":"02022748823174","currenciesAccepted":"CFA"},{"@type":"ImageObject","inLanguage":"en-US","@id":"https:\/\/www.bestasolar.com\/produit\/generateur-solair-taico-600w\/#local-main-organization-logo","url":"https:\/\/www.bestasolar.com\/wp-content\/uploads\/2023\/01\/BESTA-SOLAR-Logo-01-1.png","contentUrl":"https:\/\/www.bestasolar.com\/wp-content\/uploads\/2023\/01\/BESTA-SOLAR-Logo-01-1.png","width":6250,"height":4167,"caption":"BESTA SOLAR"}]},"product_price_amount":"295000.00","product_price_currency":"XOF","og_availability":"instock","product_availability":"instock","product_retailer_item_id":"0325MY","product_condition":"new","geo.placename":"parakou","geo.region":"Benin"},"jetpack_sharing_enabled":true,"_links":{"self":[{"href":"https:\/\/www.bestasolar.com\/en\/wp-json\/wp\/v2\/product\/4729"}],"collection":[{"href":"https:\/\/www.bestasolar.com\/en\/wp-json\/wp\/v2\/product"}],"about":[{"href":"https:\/\/www.bestasolar.com\/en\/wp-json\/wp\/v2\/types\/product"}],"replies":[{"embeddable":true,"href":"https:\/\/www.bestasolar.com\/en\/wp-json\/wp\/v2\/comments?post=4729"}],"wp:featuredmedia":[{"embeddable":true,"href":"https:\/\/www.bestasolar.com\/en\/wp-json\/wp\/v2\/media\/10519"}],"wp:attachment":[{"href":"https:\/\/www.bestasolar.com\/en\/wp-json\/wp\/v2\/media?parent=4729"}],"wp:term":[{"taxonomy":"product_brand","embeddable":true,"href":"https:\/\/www.bestasolar.com\/en\/wp-json\/wp\/v2\/product_brand?post=4729"},{"taxonomy":"product_cat","embeddable":true,"href":"https:\/\/www.bestasolar.com\/en\/wp-json\/wp\/v2\/product_cat?post=4729"},{"taxonomy":"product_tag","embeddable":true,"href":"https:\/\/www.bestasolar.com\/en\/wp-json\/wp\/v2\/product_tag?post=4729"}],"curies":[{"name":"wp","href":"https:\/\/api.w.org\/{rel}","templated":true}]}}