{"id":4732,"date":"2023-02-20T03:53:56","date_gmt":"2023-02-20T03:53:56","guid":{"rendered":"https:\/\/www.bestasolar.com\/?post_type=product&#038;p=4732"},"modified":"2024-05-26T18:20:59","modified_gmt":"2024-05-26T16:20:59","slug":"lampadaire-street-bct-olk1-0-24","status":"publish","type":"product","link":"https:\/\/www.bestasolar.com\/en\/product\/lampadaire-street-bct-olk1-0-24\/","title":{"rendered":"Lampadaire Street BCT-OLK1.0\/24"},"content":{"rendered":"<div class=\"J_module\">\n<div id=\"tl_0\" class=\"magic-1\" data-section=\"AliMagic-2drtt3\" data-section-title=\"Product Description\">Description du produit<\/div>\n<\/div>\n<div class=\"J_module\">\n<div class=\"ife-detail-decorate-table\">\n<table class=\"hight-light-first-column all magic-2\">\n<tbody>\n<tr>\n<td colspan=\"1\" rowspan=\"1\">\n<div class=\"magic-3\">\n<div class=\"magic-4\" data-spm-anchor-id=\"a2700.pc-decorate.0.i8.5ea93333zhi118\"><b id=\"tl_1\">Panneau solaire<\/b><\/div>\n<\/div>\n<\/td>\n<td colspan=\"1\" rowspan=\"1\">\n<div class=\"magic-5\">\n<div id=\"tl_2\" class=\"magic-4\" data-spm-anchor-id=\"a2700.pc-decorate.0.i10.69c33333RbTNHf\">5V\/60W<\/div>\n<\/div>\n<\/td>\n<\/tr>\n<tr>\n<td colspan=\"1\" rowspan=\"1\">\n<div class=\"magic-3\">\n<div class=\"magic-4\"><b id=\"tl_3\">Source lumineuse<\/b><\/div>\n<\/div>\n<\/td>\n<td colspan=\"1\" rowspan=\"1\">\n<div class=\"magic-5\">\n<div id=\"tl_4\" class=\"magic-4\" data-spm-anchor-id=\"a2700.pc-decorate.0.i11.69c33333RbTNHf\">2200lm, 24W led commun<\/div>\n<\/div>\n<\/td>\n<\/tr>\n<tr>\n<td colspan=\"1\" rowspan=\"1\">\n<div class=\"magic-3\">\n<div class=\"magic-4\"><b id=\"tl_5\">Batterie<\/b><\/div>\n<\/div>\n<\/td>\n<td colspan=\"1\" rowspan=\"1\">\n<div class=\"magic-5\">\n<div id=\"tl_6\" class=\"magic-4\" data-spm-anchor-id=\"a2700.pc-decorate.0.i12.69c33333RbTNHf\">Batterie LiFePO4 3.2V\/25(\u00b1 5)Ah<\/div>\n<\/div>\n<\/td>\n<\/tr>\n<tr>\n<td colspan=\"1\" rowspan=\"1\">\n<div class=\"magic-3\">\n<div class=\"magic-4\"><b id=\"tl_7\">Hauteur d\u2019installation<\/b><\/div>\n<\/div>\n<\/td>\n<td colspan=\"1\" rowspan=\"1\">\n<div class=\"magic-5\">\n<div id=\"tl_8\" class=\"magic-4\" data-spm-anchor-id=\"a2700.pc-decorate.0.i13.69c33333RbTNHf\">5-6m<\/div>\n<\/div>\n<\/td>\n<\/tr>\n<tr>\n<td colspan=\"1\" rowspan=\"1\">\n<div class=\"magic-3\">\n<div class=\"magic-4\"><b id=\"tl_9\">Distance d\u2019installation<\/b><\/div>\n<\/div>\n<\/td>\n<td colspan=\"1\" rowspan=\"1\">\n<div class=\"magic-5\">\n<div id=\"tl_10\" class=\"magic-4\" data-spm-anchor-id=\"a2700.pc-decorate.0.i14.69c33333RbTNHf\">20-30m<\/div>\n<\/div>\n<\/td>\n<\/tr>\n<tr>\n<td colspan=\"1\" rowspan=\"1\">\n<div class=\"magic-3\">\n<div class=\"magic-4\" data-spm-anchor-id=\"a2700.pc-decorate.0.i11.5ea93333zhi118\"><b id=\"tl_11\">Temps d\u2019\u00e9clairage<\/b><\/div>\n<\/div>\n<\/td>\n<td colspan=\"1\" rowspan=\"1\">\n<div class=\"magic-5\">\n<div id=\"tl_12\" class=\"magic-4\">6 + x\/Contr\u00f4le intelligent de l\u2019alimentation, et peut utiliser la t\u00e9l\u00e9commande pour r\u00e9gler la luminosit\u00e9 et le mode de fonctionnement<\/div>\n<\/div>\n<\/td>\n<\/tr>\n<tr>\n<td colspan=\"1\" rowspan=\"1\">\n<div class=\"magic-3\">\n<div class=\"magic-4\"><b id=\"tl_13\">Garantie<\/b><\/div>\n<\/div>\n<\/td>\n<td colspan=\"1\" rowspan=\"1\">\n<div class=\"magic-5\">\n<div id=\"tl_14\" class=\"magic-4\" data-spm-anchor-id=\"a2700.pc-decorate.0.i15.69c33333RbTNHf\">10 ann\u00e9es<\/div>\n<\/div>\n<\/td>\n<\/tr>\n<\/tbody>\n<\/table>\n<\/div>\n<\/div>\n<div class=\"J_module\">\n<div class=\"icbu-pc-images magic-6\">\n<div>\n<div class=\"flex-layout-v\">\n<div class=\"flex-layout-h magic-6\">\n<div class=\"magic-7\"><img decoding=\"async\" class=\"magic-8\" src=\"https:\/\/sc04.alicdn.com\/kf\/Hc110894d4dc24e85bde7033902c38531L\/2437079\/Hc110894d4dc24e85bde7033902c38531L.jpg\" data-src=\"\/\/sc04.alicdn.com\/kf\/Hc110894d4dc24e85bde7033902c38531L\/2437079\/Hc110894d4dc24e85bde7033902c38531L.jpg\" \/><\/div>\n<\/div>\n<\/div>\n<\/div>\n<\/div>\n<\/div>\n<div class=\"J_module\">\n<div class=\"icbu-pc-images magic-6\">\n<div>\n<div class=\"flex-layout-v\">\n<div class=\"flex-layout-h magic-6\">\n<div class=\"magic-9\"><img decoding=\"async\" class=\"magic-10\" src=\"https:\/\/sc04.alicdn.com\/kf\/Hf8b90f46ece64b4c9b81ea52aa766ab7r\/2437079\/Hf8b90f46ece64b4c9b81ea52aa766ab7r.jpg\" data-src=\"\/\/sc04.alicdn.com\/kf\/Hf8b90f46ece64b4c9b81ea52aa766ab7r\/2437079\/Hf8b90f46ece64b4c9b81ea52aa766ab7r.jpg\" \/><\/div>\n<\/div>\n<\/div>\n<\/div>\n<\/div>\n<\/div>\n<div class=\"J_module\">\n<div class=\"icbu-pc-images magic-6\">\n<div>\n<div class=\"flex-layout-v\">\n<div class=\"flex-layout-h magic-6\">\n<div class=\"magic-11\"><img decoding=\"async\" class=\"magic-12\" src=\"https:\/\/sc04.alicdn.com\/kf\/H915ee243d2f54310bebb47b05bf790889\/2437079\/H915ee243d2f54310bebb47b05bf790889.jpg\" data-src=\"\/\/sc04.alicdn.com\/kf\/H915ee243d2f54310bebb47b05bf790889\/2437079\/H915ee243d2f54310bebb47b05bf790889.jpg\" \/><\/div>\n<\/div>\n<\/div>\n<\/div>\n<\/div>\n<\/div>\n<div class=\"J_module\">\n<div class=\"icbu-pc-images magic-6\">\n<div>\n<div class=\"flex-layout-v\">\n<div class=\"flex-layout-h magic-6\">\n<div class=\"magic-9\"><img decoding=\"async\" class=\"magic-10\" src=\"https:\/\/sc04.alicdn.com\/kf\/Hfab86548b3274d3faf0ae1d8c8201c9cC\/2437079\/Hfab86548b3274d3faf0ae1d8c8201c9cC.jpg\" data-src=\"\/\/sc04.alicdn.com\/kf\/Hfab86548b3274d3faf0ae1d8c8201c9cC\/2437079\/Hfab86548b3274d3faf0ae1d8c8201c9cC.jpg\" \/><\/div>\n<\/div>\n<\/div>\n<\/div>\n<\/div>\n<\/div>\n<div class=\"J_module\">\n<div class=\"icbu-pc-images magic-6\">\n<div>\n<div class=\"flex-layout-v\">\n<div class=\"flex-layout-h magic-6\">\n<div class=\"magic-9\"><img decoding=\"async\" class=\"magic-10\" src=\"https:\/\/sc04.alicdn.com\/kf\/H41171e43afec41009b12391808a752eam\/2437079\/H41171e43afec41009b12391808a752eam.jpg\" data-src=\"\/\/sc04.alicdn.com\/kf\/H41171e43afec41009b12391808a752eam\/2437079\/H41171e43afec41009b12391808a752eam.jpg\" \/><\/div>\n<\/div>\n<\/div>\n<\/div>\n<\/div>\n<\/div>\n<div class=\"J_module\">\n<div class=\"icbu-pc-images magic-6\">\n<div>\n<div class=\"flex-layout-v\">\n<div class=\"flex-layout-h magic-6\">\n<div class=\"magic-9\"><img decoding=\"async\" class=\"magic-10\" src=\"https:\/\/sc04.alicdn.com\/kf\/H5651317149254b55bfd1762ff745cb90g\/2437079\/H5651317149254b55bfd1762ff745cb90g.jpg\" data-src=\"\/\/sc04.alicdn.com\/kf\/H5651317149254b55bfd1762ff745cb90g\/2437079\/H5651317149254b55bfd1762ff745cb90g.jpg\" \/><\/div>\n<\/div>\n<\/div>\n<\/div>\n<\/div>\n<\/div>\n<div class=\"J_module\">\n<div class=\"icbu-pc-images magic-6\">\n<div>\n<div class=\"flex-layout-v\">\n<div class=\"flex-layout-h magic-6\">\n<div class=\"magic-9\"><img decoding=\"async\" class=\"magic-10\" src=\"https:\/\/sc04.alicdn.com\/kf\/H2e2a5eb7f7704f378bc5f633a52841e3y\/2437079\/H2e2a5eb7f7704f378bc5f633a52841e3y.jpg\" data-src=\"\/\/sc04.alicdn.com\/kf\/H2e2a5eb7f7704f378bc5f633a52841e3y\/2437079\/H2e2a5eb7f7704f378bc5f633a52841e3y.jpg\" \/><\/div>\n<\/div>\n<\/div>\n<\/div>\n<\/div>\n<\/div>\n<div class=\"J_module\">\n<div id=\"tl_15\" class=\"magic-1\" data-section=\"AliMagic-e32nw9\" data-section-title=\"Company Profile\" data-spm-anchor-id=\"a2700.details.0.i71.705c5a73pg7EXF\">Profil de l\u2019entreprise<\/div>\n<\/div>\n<p>In spite of disturbing the agile development process of the DevOps approach, the additional security inputs only enhance the safeguards and reliability of the project. So, in a way, DevSecOps will only extend the benefits of a DevOps approach further with security inputs.<\/p>","protected":false},"excerpt":{"rendered":"<p>BESTA SOLAR. Pr\u00e9sente le Solar King Light, un luminaire qui r\u00e8gne en ma\u00eetre avec son design royal et son \u00e9l\u00e9gance intemporelle. Rehaussez l\u2019esth\u00e9tique de votre espace ext\u00e9rieur avec une lumi\u00e8re qui non seulement illumine mais compl\u00e8te \u00e9galement votre d\u00e9cor<\/p>","protected":false},"featured_media":10472,"comment_status":"open","ping_status":"closed","template":"","meta":[],"product_brand":[],"product_cat":[69],"product_tag":[68],"class_list":{"0":"post-4732","1":"product","2":"type-product","3":"status-publish","4":"has-post-thumbnail","6":"product_cat-lampadaire-solaire","7":"product_tag-lampadaire","9":"first","10":"instock","11":"sale","12":"shipping-taxable","13":"purchasable","14":"product-type-simple"},"yoast_head":"<!-- This site is optimized with the Yoast SEO Premium plugin v22.8 (Yoast SEO v25.6) - https:\/\/yoast.com\/wordpress\/plugins\/seo\/ -->\n<title>Lampadaire Street BCT-OLK1.0\/24 - BESTA SOLAR<\/title>\n<meta name=\"robots\" content=\"index, follow, max-snippet:-1, max-image-preview:large, max-video-preview:-1\" \/>\n<link rel=\"canonical\" href=\"https:\/\/www.bestasolar.com\/en\/product\/lampadaire-street-bct-olk1-0-24\/\" \/>\n<meta property=\"og:locale\" content=\"en_US\" \/>\n<meta property=\"og:type\" content=\"article\" \/>\n<meta property=\"og:title\" content=\"Lampadaire Street BCT-OLK1.0\/24\" \/>\n<meta property=\"og:description\" content=\"BESTA SOLAR. Pr\u00e9sente le Solar King Light, un luminaire qui r\u00e8gne en ma\u00eetre avec son design royal et son \u00e9l\u00e9gance intemporelle. Rehaussez l\u2019esth\u00e9tique de votre espace ext\u00e9rieur avec une lumi\u00e8re qui non seulement illumine mais compl\u00e8te \u00e9galement votre d\u00e9cor\" \/>\n<meta property=\"og:url\" content=\"https:\/\/www.bestasolar.com\/en\/product\/lampadaire-street-bct-olk1-0-24\/\" \/>\n<meta property=\"og:site_name\" content=\"BESTA SOLAR\" \/>\n<meta property=\"article:publisher\" content=\"https:\/\/www.facebook.com\/bestasolar\/\" \/>\n<meta property=\"article:modified_time\" content=\"2024-05-26T16:20:59+00:00\" \/>\n<meta property=\"og:image\" content=\"https:\/\/i0.wp.com\/www.bestasolar.com\/wp-content\/uploads\/2023\/02\/Hf8b90f46ece64b4c9b81ea52aa766ab7r.jpg?fit=2481%2C2481&ssl=1\" \/>\n\t<meta property=\"og:image:width\" content=\"2481\" \/>\n\t<meta property=\"og:image:height\" content=\"2481\" \/>\n\t<meta property=\"og:image:type\" content=\"image\/jpeg\" \/>\n<meta name=\"twitter:card\" content=\"summary_large_image\" \/>\n<meta name=\"twitter:label1\" content=\"Price\" \/>\n\t<meta name=\"twitter:data1\" content=\"CFA60,000.00\" \/>\n\t<meta name=\"twitter:label2\" content=\"Availability\" \/>\n\t<meta name=\"twitter:data2\" content=\"In stock\" \/>\n<script type=\"application\/ld+json\" class=\"yoast-schema-graph\">{\"@context\":\"https:\/\/schema.org\",\"@graph\":[{\"@type\":\"WebPage\",\"@id\":\"https:\/\/www.bestasolar.com\/produit\/lampadaire-street-bct-olk1-0-24\/\",\"url\":\"https:\/\/www.bestasolar.com\/produit\/lampadaire-street-bct-olk1-0-24\/\",\"name\":\"Lampadaire Street BCT-OLK1.0\/24 - BESTA SOLAR\",\"isPartOf\":{\"@id\":\"https:\/\/www.bestasolar.com\/#website\"},\"primaryImageOfPage\":{\"@id\":\"https:\/\/www.bestasolar.com\/produit\/lampadaire-street-bct-olk1-0-24\/#primaryimage\"},\"image\":{\"@id\":\"https:\/\/www.bestasolar.com\/produit\/lampadaire-street-bct-olk1-0-24\/#primaryimage\"},\"thumbnailUrl\":\"https:\/\/www.bestasolar.com\/wp-content\/uploads\/2023\/02\/Hf8b90f46ece64b4c9b81ea52aa766ab7r.jpg\",\"datePublished\":\"2023-02-20T03:53:56+00:00\",\"dateModified\":\"2024-05-26T16:20:59+00:00\",\"breadcrumb\":{\"@id\":\"https:\/\/www.bestasolar.com\/produit\/lampadaire-street-bct-olk1-0-24\/#breadcrumb\"},\"inLanguage\":\"en-US\",\"potentialAction\":[{\"@type\":\"ReadAction\",\"target\":[\"https:\/\/www.bestasolar.com\/produit\/lampadaire-street-bct-olk1-0-24\/\"]}]},{\"@type\":\"ImageObject\",\"inLanguage\":\"en-US\",\"@id\":\"https:\/\/www.bestasolar.com\/produit\/lampadaire-street-bct-olk1-0-24\/#primaryimage\",\"url\":\"https:\/\/www.bestasolar.com\/wp-content\/uploads\/2023\/02\/Hf8b90f46ece64b4c9b81ea52aa766ab7r.jpg\",\"contentUrl\":\"https:\/\/www.bestasolar.com\/wp-content\/uploads\/2023\/02\/Hf8b90f46ece64b4c9b81ea52aa766ab7r.jpg\",\"width\":2481,\"height\":2481,\"caption\":\"Lampadaire King light\"},{\"@type\":\"BreadcrumbList\",\"@id\":\"https:\/\/www.bestasolar.com\/produit\/lampadaire-street-bct-olk1-0-24\/#breadcrumb\",\"itemListElement\":[{\"@type\":\"ListItem\",\"position\":1,\"name\":\"Home\",\"item\":\"https:\/\/www.bestasolar.com\/\"},{\"@type\":\"ListItem\",\"position\":2,\"name\":\"Shop\",\"item\":\"https:\/\/www.bestasolar.com\/shop\/\"},{\"@type\":\"ListItem\",\"position\":3,\"name\":\"Lampadaire Street BCT-OLK1.0\/24\"}]},{\"@type\":\"WebSite\",\"@id\":\"https:\/\/www.bestasolar.com\/#website\",\"url\":\"https:\/\/www.bestasolar.com\/\",\"name\":\"BESTA SOLAR\",\"description\":\"Vente d&#039;equipement solaire batterie lithium onduleur mppt\",\"publisher\":{\"@id\":\"https:\/\/www.bestasolar.com\/#organization\"},\"potentialAction\":[{\"@type\":\"SearchAction\",\"target\":{\"@type\":\"EntryPoint\",\"urlTemplate\":\"https:\/\/www.bestasolar.com\/?s={search_term_string}\"},\"query-input\":{\"@type\":\"PropertyValueSpecification\",\"valueRequired\":true,\"valueName\":\"search_term_string\"}}],\"inLanguage\":\"en-US\"},{\"@type\":[\"Organization\",\"Place\",\"OfficeEquipmentStore\"],\"@id\":\"https:\/\/www.bestasolar.com\/#organization\",\"name\":\"BESTA SOLAR\",\"url\":\"https:\/\/www.bestasolar.com\/\",\"logo\":{\"@id\":\"https:\/\/www.bestasolar.com\/produit\/lampadaire-street-bct-olk1-0-24\/#local-main-organization-logo\"},\"image\":{\"@id\":\"https:\/\/www.bestasolar.com\/produit\/lampadaire-street-bct-olk1-0-24\/#local-main-organization-logo\"},\"sameAs\":[\"https:\/\/www.facebook.com\/bestasolar\/\",\"https:\/\/www.youtube.com\/channel\/UCYnBggiypeSN8k1IQrX6BUw\",\"https:\/\/www.tiktok.com\/@bestasolar\",\"https:\/\/www.pinterest.com\/bestasolar\/\"],\"telephone\":[\"+22961732956\"],\"contactPoint\":{\"@type\":\"ContactPoint\",\"telephone\":\"+22961732956\",\"email\":\"contact@bestasolar.com\"},\"openingHoursSpecification\":[{\"@type\":\"OpeningHoursSpecification\",\"dayOfWeek\":[\"Monday\",\"Tuesday\",\"Wednesday\",\"Thursday\",\"Friday\",\"Saturday\"],\"opens\":\"08:00\",\"closes\":\"21:00\"},{\"@type\":\"OpeningHoursSpecification\",\"dayOfWeek\":[\"Sunday\"],\"opens\":\"09:00\",\"closes\":\"18:00\"}],\"email\":\"contact@bestasolar.com\",\"faxNumber\":\"Besta Solar\",\"areaServed\":\"Afrique de l'ouest\",\"taxID\":\"02022748823174\",\"currenciesAccepted\":\"CFA\"},{\"@type\":\"ImageObject\",\"inLanguage\":\"en-US\",\"@id\":\"https:\/\/www.bestasolar.com\/produit\/lampadaire-street-bct-olk1-0-24\/#local-main-organization-logo\",\"url\":\"https:\/\/www.bestasolar.com\/wp-content\/uploads\/2023\/01\/BESTA-SOLAR-Logo-01-1.png\",\"contentUrl\":\"https:\/\/www.bestasolar.com\/wp-content\/uploads\/2023\/01\/BESTA-SOLAR-Logo-01-1.png\",\"width\":6250,\"height\":4167,\"caption\":\"BESTA SOLAR\"}]}<\/script>\n<meta property=\"product:price:amount\" content=\"60000.00\" \/>\n<meta property=\"product:price:currency\" content=\"XOF\" \/>\n<meta property=\"og:availability\" content=\"instock\" \/>\n<meta property=\"product:availability\" content=\"instock\" \/>\n<meta property=\"product:retailer_item_id\" content=\"SM07\" \/>\n<meta property=\"product:condition\" content=\"new\" \/>\n<meta name=\"geo.placename\" content=\"parakou\" \/>\n<meta name=\"geo.region\" content=\"Benin\" \/>\n<!-- \/ Yoast SEO Premium plugin. -->","yoast_head_json":{"title":"Lampadaire Street BCT-OLK1.0\/24 - BESTA SOLAR","robots":{"index":"index","follow":"follow","max-snippet":"max-snippet:-1","max-image-preview":"max-image-preview:large","max-video-preview":"max-video-preview:-1"},"canonical":"https:\/\/www.bestasolar.com\/en\/product\/lampadaire-street-bct-olk1-0-24\/","og_locale":"en_US","og_type":"article","og_title":"Lampadaire Street BCT-OLK1.0\/24","og_description":"BESTA SOLAR. Pr\u00e9sente le Solar King Light, un luminaire qui r\u00e8gne en ma\u00eetre avec son design royal et son \u00e9l\u00e9gance intemporelle. Rehaussez l\u2019esth\u00e9tique de votre espace ext\u00e9rieur avec une lumi\u00e8re qui non seulement illumine mais compl\u00e8te \u00e9galement votre d\u00e9cor","og_url":"https:\/\/www.bestasolar.com\/en\/product\/lampadaire-street-bct-olk1-0-24\/","og_site_name":"BESTA SOLAR","article_publisher":"https:\/\/www.facebook.com\/bestasolar\/","article_modified_time":"2024-05-26T16:20:59+00:00","og_image":[{"width":2481,"height":2481,"url":"https:\/\/i0.wp.com\/www.bestasolar.com\/wp-content\/uploads\/2023\/02\/Hf8b90f46ece64b4c9b81ea52aa766ab7r.jpg?fit=2481%2C2481&ssl=1","type":"image\/jpeg"}],"twitter_card":"summary_large_image","twitter_misc":{"Price":"CFA60,000.00","Availability":"In stock"},"schema":{"@context":"https:\/\/schema.org","@graph":[{"@type":"WebPage","@id":"https:\/\/www.bestasolar.com\/produit\/lampadaire-street-bct-olk1-0-24\/","url":"https:\/\/www.bestasolar.com\/produit\/lampadaire-street-bct-olk1-0-24\/","name":"Lampadaire Street BCT-OLK1.0\/24 - BESTA SOLAR","isPartOf":{"@id":"https:\/\/www.bestasolar.com\/#website"},"primaryImageOfPage":{"@id":"https:\/\/www.bestasolar.com\/produit\/lampadaire-street-bct-olk1-0-24\/#primaryimage"},"image":{"@id":"https:\/\/www.bestasolar.com\/produit\/lampadaire-street-bct-olk1-0-24\/#primaryimage"},"thumbnailUrl":"https:\/\/www.bestasolar.com\/wp-content\/uploads\/2023\/02\/Hf8b90f46ece64b4c9b81ea52aa766ab7r.jpg","datePublished":"2023-02-20T03:53:56+00:00","dateModified":"2024-05-26T16:20:59+00:00","breadcrumb":{"@id":"https:\/\/www.bestasolar.com\/produit\/lampadaire-street-bct-olk1-0-24\/#breadcrumb"},"inLanguage":"en-US","potentialAction":[{"@type":"ReadAction","target":["https:\/\/www.bestasolar.com\/produit\/lampadaire-street-bct-olk1-0-24\/"]}]},{"@type":"ImageObject","inLanguage":"en-US","@id":"https:\/\/www.bestasolar.com\/produit\/lampadaire-street-bct-olk1-0-24\/#primaryimage","url":"https:\/\/www.bestasolar.com\/wp-content\/uploads\/2023\/02\/Hf8b90f46ece64b4c9b81ea52aa766ab7r.jpg","contentUrl":"https:\/\/www.bestasolar.com\/wp-content\/uploads\/2023\/02\/Hf8b90f46ece64b4c9b81ea52aa766ab7r.jpg","width":2481,"height":2481,"caption":"Lampadaire King light"},{"@type":"BreadcrumbList","@id":"https:\/\/www.bestasolar.com\/produit\/lampadaire-street-bct-olk1-0-24\/#breadcrumb","itemListElement":[{"@type":"ListItem","position":1,"name":"Home","item":"https:\/\/www.bestasolar.com\/"},{"@type":"ListItem","position":2,"name":"Shop","item":"https:\/\/www.bestasolar.com\/shop\/"},{"@type":"ListItem","position":3,"name":"Lampadaire Street BCT-OLK1.0\/24"}]},{"@type":"WebSite","@id":"https:\/\/www.bestasolar.com\/#website","url":"https:\/\/www.bestasolar.com\/","name":"BESTA SOLAR","description":"Vente d&#039;equipement solaire batterie lithium onduleur mppt","publisher":{"@id":"https:\/\/www.bestasolar.com\/#organization"},"potentialAction":[{"@type":"SearchAction","target":{"@type":"EntryPoint","urlTemplate":"https:\/\/www.bestasolar.com\/?s={search_term_string}"},"query-input":{"@type":"PropertyValueSpecification","valueRequired":true,"valueName":"search_term_string"}}],"inLanguage":"en-US"},{"@type":["Organization","Place","OfficeEquipmentStore"],"@id":"https:\/\/www.bestasolar.com\/#organization","name":"BESTA SOLAR","url":"https:\/\/www.bestasolar.com\/","logo":{"@id":"https:\/\/www.bestasolar.com\/produit\/lampadaire-street-bct-olk1-0-24\/#local-main-organization-logo"},"image":{"@id":"https:\/\/www.bestasolar.com\/produit\/lampadaire-street-bct-olk1-0-24\/#local-main-organization-logo"},"sameAs":["https:\/\/www.facebook.com\/bestasolar\/","https:\/\/www.youtube.com\/channel\/UCYnBggiypeSN8k1IQrX6BUw","https:\/\/www.tiktok.com\/@bestasolar","https:\/\/www.pinterest.com\/bestasolar\/"],"telephone":["+22961732956"],"contactPoint":{"@type":"ContactPoint","telephone":"+22961732956","email":"contact@bestasolar.com"},"openingHoursSpecification":[{"@type":"OpeningHoursSpecification","dayOfWeek":["Monday","Tuesday","Wednesday","Thursday","Friday","Saturday"],"opens":"08:00","closes":"21:00"},{"@type":"OpeningHoursSpecification","dayOfWeek":["Sunday"],"opens":"09:00","closes":"18:00"}],"email":"contact@bestasolar.com","faxNumber":"Besta Solar","areaServed":"Afrique de l'ouest","taxID":"02022748823174","currenciesAccepted":"CFA"},{"@type":"ImageObject","inLanguage":"en-US","@id":"https:\/\/www.bestasolar.com\/produit\/lampadaire-street-bct-olk1-0-24\/#local-main-organization-logo","url":"https:\/\/www.bestasolar.com\/wp-content\/uploads\/2023\/01\/BESTA-SOLAR-Logo-01-1.png","contentUrl":"https:\/\/www.bestasolar.com\/wp-content\/uploads\/2023\/01\/BESTA-SOLAR-Logo-01-1.png","width":6250,"height":4167,"caption":"BESTA SOLAR"}]},"product_price_amount":"60000.00","product_price_currency":"XOF","og_availability":"instock","product_availability":"instock","product_retailer_item_id":"SM07","product_condition":"new","geo.placename":"parakou","geo.region":"Benin"},"jetpack_sharing_enabled":true,"_links":{"self":[{"href":"https:\/\/www.bestasolar.com\/en\/wp-json\/wp\/v2\/product\/4732"}],"collection":[{"href":"https:\/\/www.bestasolar.com\/en\/wp-json\/wp\/v2\/product"}],"about":[{"href":"https:\/\/www.bestasolar.com\/en\/wp-json\/wp\/v2\/types\/product"}],"replies":[{"embeddable":true,"href":"https:\/\/www.bestasolar.com\/en\/wp-json\/wp\/v2\/comments?post=4732"}],"wp:featuredmedia":[{"embeddable":true,"href":"https:\/\/www.bestasolar.com\/en\/wp-json\/wp\/v2\/media\/10472"}],"wp:attachment":[{"href":"https:\/\/www.bestasolar.com\/en\/wp-json\/wp\/v2\/media?parent=4732"}],"wp:term":[{"taxonomy":"product_brand","embeddable":true,"href":"https:\/\/www.bestasolar.com\/en\/wp-json\/wp\/v2\/product_brand?post=4732"},{"taxonomy":"product_cat","embeddable":true,"href":"https:\/\/www.bestasolar.com\/en\/wp-json\/wp\/v2\/product_cat?post=4732"},{"taxonomy":"product_tag","embeddable":true,"href":"https:\/\/www.bestasolar.com\/en\/wp-json\/wp\/v2\/product_tag?post=4732"}],"curies":[{"name":"wp","href":"https:\/\/api.w.org\/{rel}","templated":true}]}}