{"id":4738,"date":"2023-02-20T04:01:23","date_gmt":"2023-02-20T04:01:23","guid":{"rendered":"https:\/\/www.bestasolar.com\/?post_type=product&#038;p=4738"},"modified":"2025-07-20T14:29:22","modified_gmt":"2025-07-20T12:29:22","slug":"lampadaire-street-king-light-2-0-56","status":"publish","type":"product","link":"https:\/\/www.bestasolar.com\/en\/product\/lampadaire-street-king-light-2-0-56\/","title":{"rendered":"Lampadaire Street King Light 2.0\/56"},"content":{"rendered":"<div class=\"J_module\">\n<div id=\"tl_0\" class=\"magic-1\" data-section=\"AliMagic-1jdmjw\" data-section-title=\"Products Description\" data-spm-anchor-id=\"a2700.details.0.i44.5538b697ueyh2X\">Description des produits<\/div>\n<\/div>\n<div class=\"J_module\">\n<div class=\"detail-decorate-json-renderer-container\">\n<div class=\"magic-2\">\n<div class=\"magic-3\">\n<div class=\"magic-4\">\n<div class=\"magic-5\">\n<div class=\"magic-6\"><b><span class=\"magic-7\" style=\"color: #0b18bb;\"><span id=\"tl_1\">Lampadaire solaire d\u2019\u00e9clairage de chemin de r\u00e9verb\u00e8re \u00e9conomique du carbone bleu 56W solaire<\/span><\/span><\/b><\/div>\n<\/div>\n<\/div>\n<\/div>\n<\/div>\n<\/div>\n<\/div>\n<div class=\"J_module\">\n<div class=\"icbu-pc-images magic-8\">\n<div>\n<div class=\"flex-layout-v\">\n<div class=\"flex-layout-h magic-8\">\n<div class=\"magic-9\"><img decoding=\"async\" class=\"magic-10\" src=\"https:\/\/sc04.alicdn.com\/kf\/H882b43f55b0b4e2c83f95828ac07442fL\/2437079\/H882b43f55b0b4e2c83f95828ac07442fL.jpg\" data-src=\"\/\/sc04.alicdn.com\/kf\/H882b43f55b0b4e2c83f95828ac07442fL\/2437079\/H882b43f55b0b4e2c83f95828ac07442fL.jpg\" \/><\/div>\n<\/div>\n<\/div>\n<\/div>\n<\/div>\n<\/div>\n<div class=\"J_module\">\n<div class=\"ife-detail-decorate-table\">\n<table class=\"has-title hight-light-first-column all magic-11\">\n<tbody>\n<tr>\n<td colspan=\"1\" rowspan=\"1\">\n<div class=\"magic-12\">\n<div class=\"magic-6\" data-spm-anchor-id=\"a2700.custom-template.0.i95.39b13333TG1FUG\"><b><span style=\"font-family: Roboto;\">Mod\u00e8le<\/span><\/b><\/div>\n<\/div>\n<\/td>\n<td colspan=\"1\" rowspan=\"1\">\n<div class=\"magic-13\">\n<div class=\"magic-6\" data-spm-anchor-id=\"a2700.custom-template.0.i99.39b13333TG1FUG\"><b id=\"tl_3\" data-spm-anchor-id=\"a2700.pc-decorate.0.i111.4b8e333375wkge\">BCT-OLK2.0<\/b><\/div>\n<\/div>\n<\/td>\n<\/tr>\n<tr>\n<td colspan=\"1\" rowspan=\"1\">\n<div class=\"magic-12\">\n<div class=\"magic-6\" data-spm-anchor-id=\"a2700.pc-decorate.0.i28.4b8e333375wkge\"><b><span style=\"font-family: Roboto;\">Panneau solaire<\/span><\/b><\/div>\n<\/div>\n<\/td>\n<td colspan=\"1\" rowspan=\"1\">\n<div class=\"magic-13\">\n<div id=\"tl_5\" class=\"magic-6\" data-spm-anchor-id=\"a2700.pc-decorate.0.i112.4b8e333375wkge\">5V\/105W<\/div>\n<\/div>\n<\/td>\n<\/tr>\n<tr>\n<td colspan=\"1\" rowspan=\"1\">\n<div class=\"magic-14\">\n<div class=\"magic-6\" data-spm-anchor-id=\"a2700.pc-decorate.0.i58.28db3333ZY5AWs\"><b id=\"tl_6\">Source lumineuse<\/b><\/div>\n<\/div>\n<\/td>\n<td colspan=\"1\" rowspan=\"1\">\n<div class=\"magic-15\">\n<div id=\"tl_7\" class=\"magic-6\" data-spm-anchor-id=\"a2700.pc-decorate.0.i5.13303333fEb6aP\">5800Lm (LED 56W commune)<\/div>\n<\/div>\n<\/td>\n<\/tr>\n<tr>\n<td colspan=\"1\" rowspan=\"1\">\n<div class=\"magic-12\">\n<div class=\"magic-6\" data-spm-anchor-id=\"a2700.pc-decorate.0.i53.28db3333ZY5AWs\"><b><span style=\"font-family: Roboto;\">Batterie<\/span><\/b><\/div>\n<\/div>\n<\/td>\n<td colspan=\"1\" rowspan=\"1\">\n<div class=\"magic-13\">\n<div id=\"tl_9\" class=\"magic-6\" data-spm-anchor-id=\"a2700.pc-decorate.0.i113.4b8e333375wkge\">Batterie LiFePO4 3.2V\/90Ah<\/div>\n<\/div>\n<\/td>\n<\/tr>\n<tr>\n<td colspan=\"1\" rowspan=\"1\">\n<div class=\"magic-12\">\n<div class=\"magic-6\" data-spm-anchor-id=\"a2700.pc-decorate.0.i66.28db3333ZY5AWs\"><span style=\"font-family: Roboto;\"><b id=\"tl_10\" data-spm-anchor-id=\"a2700.pc-decorate.0.i67.28db3333ZY5AWs\">Hauteur d\u2019installation<\/b><\/span><\/div>\n<\/div>\n<\/td>\n<td colspan=\"1\" rowspan=\"1\">\n<div class=\"magic-13\">\n<div id=\"tl_11\" class=\"magic-6\" data-spm-anchor-id=\"a2700.pc-decorate.0.i115.4b8e333375wkge\">8-10m<\/div>\n<\/div>\n<\/td>\n<\/tr>\n<tr>\n<td colspan=\"1\" rowspan=\"1\">\n<div class=\"magic-14\">\n<div class=\"magic-6\" data-spm-anchor-id=\"a2700.pc-decorate.0.i68.28db3333ZY5AWs\"><b id=\"tl_12\" data-spm-anchor-id=\"a2700.pc-decorate.0.i70.28db3333ZY5AWs\">Distance d\u2019installation<\/b><\/div>\n<\/div>\n<\/td>\n<td colspan=\"1\" rowspan=\"1\">\n<div class=\"magic-15\">\n<div id=\"tl_13\" class=\"magic-6\" data-spm-anchor-id=\"a2700.pc-decorate.0.i116.4b8e333375wkge\">35-45m<\/div>\n<\/div>\n<\/td>\n<\/tr>\n<tr>\n<td colspan=\"1\" rowspan=\"1\">\n<div class=\"magic-14\">\n<div class=\"magic-6\"><b><span style=\"font-family: Roboto;\">Temps d\u2019\u00e9clairage<\/span><\/b><\/div>\n<\/div>\n<\/td>\n<td colspan=\"1\" rowspan=\"1\">\n<div class=\"magic-15\">\n<div id=\"tl_15\" class=\"magic-16\" data-spm-anchor-id=\"a2700.pc-decorate.0.i118.4b8e333375wkge\">Les 6 premi\u00e8res heures d\u2019\u00e9clairage \u00e0 pleine puissance, l\u2019\u00e9clairage de nuit de repos est un contr\u00f4le de puissance intelligent. Et peut utiliser la t\u00e9l\u00e9commande pour ajuster la luminosit\u00e9 et le mode de fonctionnement.<\/div>\n<\/div>\n<\/td>\n<\/tr>\n<tr>\n<td colspan=\"1\" rowspan=\"1\">\n<div class=\"magic-14\">\n<div class=\"magic-6\" data-spm-anchor-id=\"a2700.pc-decorate.0.i78.28db3333ZY5AWs\"><b><span style=\"font-family: Roboto;\">Garantie<\/span><\/b><\/div>\n<\/div>\n<\/td>\n<td colspan=\"1\" rowspan=\"1\">\n<div class=\"magic-15\">\n<div id=\"tl_17\" class=\"magic-6\" data-spm-anchor-id=\"a2700.pc-decorate.0.i120.4b8e333375wkge\">Plus de 10 ans<\/div>\n<\/div>\n<\/td>\n<\/tr>\n<tr>\n<td colspan=\"1\" rowspan=\"1\">\n<div class=\"magic-14\">\n<div class=\"magic-6\" data-spm-anchor-id=\"a2700.pc-decorate.0.i79.28db3333ZY5AWs\"><b><span style=\"font-family: Roboto;\">Application<\/span><\/b><\/div>\n<\/div>\n<\/td>\n<td colspan=\"1\" rowspan=\"1\">\n<div class=\"magic-15\">\n<div id=\"tl_19\" class=\"magic-6\" data-spm-anchor-id=\"a2700.pc-decorate.0.i126.4b8e333375wkge\">Comt\u00e9. Route, route de village, communaut\u00e9s, usines, \u00e9coles, parcs, taches sc\u00e9niques, \u00e9clairage de cour. Les produits n\u2019ont pas besoin de fil ou de ville \u00e9lectrique, facilement pour l\u2019installation, l\u2019\u00e9conomie d\u2019\u00e9nergie et la protection de l\u2019environnement, aucune charge de frais \u00e9lectriques, dur\u00e9e de vie plus longue.<\/div>\n<\/div>\n<\/td>\n<\/tr>\n<\/tbody>\n<\/table>\n<\/div>\n<\/div>\n<div class=\"J_module\">\n<div class=\"icbu-pc-images magic-8\">\n<div>\n<div class=\"flex-layout-v\">\n<div class=\"flex-layout-h magic-8\">\n<div class=\"magic-17\"><img decoding=\"async\" class=\"magic-18\" src=\"https:\/\/sc04.alicdn.com\/kf\/Hde5fa6a3d790409eb40be138839fd02aO\/2437079\/Hde5fa6a3d790409eb40be138839fd02aO.jpg\" data-src=\"\/\/sc04.alicdn.com\/kf\/Hde5fa6a3d790409eb40be138839fd02aO\/2437079\/Hde5fa6a3d790409eb40be138839fd02aO.jpg\" data-spm-anchor-id=\"a2700.details.0.i46.5538b697ueyh2X\" \/><\/div>\n<\/div>\n<\/div>\n<\/div>\n<\/div>\n<\/div>\n<div class=\"J_module\">\n<div class=\"icbu-pc-detailManyImage magic-19\">\n<div class=\"magic-20\"><img decoding=\"async\" class=\"magic-21\" src=\"https:\/\/sc04.alicdn.com\/kf\/H3ae79fb77d5740e0959fd1997115887cu\/2437079\/H3ae79fb77d5740e0959fd1997115887cu.jpg\" data-src=\"\/\/sc04.alicdn.com\/kf\/H3ae79fb77d5740e0959fd1997115887cu\/2437079\/H3ae79fb77d5740e0959fd1997115887cu.jpg\" \/><\/div>\n<div class=\"magic-20\"><img decoding=\"async\" class=\"magic-21\" src=\"https:\/\/sc04.alicdn.com\/kf\/Hde51b524d5c2497d965a910942469071x\/2437079\/Hde51b524d5c2497d965a910942469071x.jpg\" data-src=\"\/\/sc04.alicdn.com\/kf\/Hde51b524d5c2497d965a910942469071x\/2437079\/Hde51b524d5c2497d965a910942469071x.jpg\" \/><\/div>\n<div class=\"magic-20\"><img decoding=\"async\" class=\"magic-21\" src=\"https:\/\/sc04.alicdn.com\/kf\/H0f8bfdc106bc4d74960d5f6aefb72747Z\/2437079\/H0f8bfdc106bc4d74960d5f6aefb72747Z.jpg\" data-src=\"\/\/sc04.alicdn.com\/kf\/H0f8bfdc106bc4d74960d5f6aefb72747Z\/2437079\/H0f8bfdc106bc4d74960d5f6aefb72747Z.jpg\" data-spm-anchor-id=\"a2700.details.0.i69.5538b697ueyh2X\" \/><\/div>\n<\/div>\n<\/div>","protected":false},"excerpt":{"rendered":"<table class=\"has-title hight-light-first-column all magic-11\">\n<tbody>\n<tr>\n<td colspan=\"1\" rowspan=\"1\">\n<div class=\"magic-14\">\n<div class=\"magic-6\" data-spm-anchor-id=\"a2700.pc-decorate.0.i79.28db3333ZY5AWs\"><b><span style=\"font-family: Roboto;\" data-spm-anchor-id=\"a2700.details.0.i72.5538b697ueyh2X\">Application<\/span><\/b><\/div>\n<\/div>\n<\/td>\n<td colspan=\"1\" rowspan=\"1\">\n<div class=\"magic-15\">\n<div id=\"tl_19\" class=\"magic-6\" data-spm-anchor-id=\"a2700.pc-decorate.0.i126.4b8e333375wkge\">Comt\u00e9. Route, route de village, communaut\u00e9s, usines, \u00e9coles, parcs, taches sc\u00e9niques, \u00e9clairage de cour. Les produits n\u2019ont pas besoin de fil ou de ville \u00e9lectrique<\/div>\n<\/div>\n<\/td>\n<\/tr>\n<\/tbody>\n<\/table>","protected":false},"featured_media":10467,"comment_status":"open","ping_status":"closed","template":"","meta":[],"product_brand":[],"product_cat":[69,36],"product_tag":[],"class_list":{"0":"post-4738","1":"product","2":"type-product","3":"status-publish","4":"has-post-thumbnail","6":"product_cat-lampadaire-solaire","7":"product_cat-solar-kits","9":"first","10":"instock","11":"shipping-taxable","12":"purchasable","13":"product-type-simple"},"yoast_head":"<!-- This site is optimized with the Yoast SEO Premium plugin v22.8 (Yoast SEO v25.6) - https:\/\/yoast.com\/wordpress\/plugins\/seo\/ -->\n<title>Lampadaire Street King Light 2.0\/56 - BESTA SOLAR<\/title>\n<meta name=\"robots\" content=\"index, follow, max-snippet:-1, max-image-preview:large, max-video-preview:-1\" \/>\n<link rel=\"canonical\" href=\"https:\/\/www.bestasolar.com\/en\/product\/lampadaire-street-king-light-2-0-56\/\" \/>\n<meta property=\"og:locale\" content=\"en_US\" \/>\n<meta property=\"og:type\" content=\"article\" \/>\n<meta property=\"og:title\" content=\"Lampadaire Street King Light 2.0\/56\" \/>\n<meta property=\"og:description\" content=\"Application    Comt\u00e9. Route, route de village, communaut\u00e9s, usines, \u00e9coles, parcs, taches sc\u00e9niques, \u00e9clairage de cour. Les produits n&#039;ont pas besoin de fil ou de ville \u00e9lectrique\" \/>\n<meta property=\"og:url\" content=\"https:\/\/www.bestasolar.com\/en\/product\/lampadaire-street-king-light-2-0-56\/\" \/>\n<meta property=\"og:site_name\" content=\"BESTA SOLAR\" \/>\n<meta property=\"article:publisher\" content=\"https:\/\/www.facebook.com\/bestasolar\/\" \/>\n<meta property=\"article:modified_time\" content=\"2025-07-20T12:29:22+00:00\" \/>\n<meta property=\"og:image\" content=\"https:\/\/i0.wp.com\/www.bestasolar.com\/wp-content\/uploads\/2023\/02\/H7a7d0493785d4ecf8f225b1153687e2a7.jpg_1200x1200.jpg?fit=2482%2C2482&ssl=1\" \/>\n\t<meta property=\"og:image:width\" content=\"2482\" \/>\n\t<meta property=\"og:image:height\" content=\"2482\" \/>\n\t<meta property=\"og:image:type\" content=\"image\/jpeg\" \/>\n<meta name=\"twitter:card\" content=\"summary_large_image\" \/>\n<meta name=\"twitter:label1\" content=\"Price\" \/>\n\t<meta name=\"twitter:data1\" content=\"CFA150,000.00\" \/>\n\t<meta name=\"twitter:label2\" content=\"Availability\" \/>\n\t<meta name=\"twitter:data2\" content=\"In stock\" \/>\n<script type=\"application\/ld+json\" class=\"yoast-schema-graph\">{\"@context\":\"https:\/\/schema.org\",\"@graph\":[{\"@type\":\"WebPage\",\"@id\":\"https:\/\/www.bestasolar.com\/produit\/lampadaire-street-king-light-2-0-56\/\",\"url\":\"https:\/\/www.bestasolar.com\/produit\/lampadaire-street-king-light-2-0-56\/\",\"name\":\"Lampadaire Street King Light 2.0\/56 - BESTA SOLAR\",\"isPartOf\":{\"@id\":\"https:\/\/www.bestasolar.com\/#website\"},\"primaryImageOfPage\":{\"@id\":\"https:\/\/www.bestasolar.com\/produit\/lampadaire-street-king-light-2-0-56\/#primaryimage\"},\"image\":{\"@id\":\"https:\/\/www.bestasolar.com\/produit\/lampadaire-street-king-light-2-0-56\/#primaryimage\"},\"thumbnailUrl\":\"https:\/\/www.bestasolar.com\/wp-content\/uploads\/2023\/02\/H7a7d0493785d4ecf8f225b1153687e2a7.jpg_1200x1200.jpg\",\"datePublished\":\"2023-02-20T04:01:23+00:00\",\"dateModified\":\"2025-07-20T12:29:22+00:00\",\"breadcrumb\":{\"@id\":\"https:\/\/www.bestasolar.com\/produit\/lampadaire-street-king-light-2-0-56\/#breadcrumb\"},\"inLanguage\":\"en-US\",\"potentialAction\":[{\"@type\":\"ReadAction\",\"target\":[\"https:\/\/www.bestasolar.com\/produit\/lampadaire-street-king-light-2-0-56\/\"]}]},{\"@type\":\"ImageObject\",\"inLanguage\":\"en-US\",\"@id\":\"https:\/\/www.bestasolar.com\/produit\/lampadaire-street-king-light-2-0-56\/#primaryimage\",\"url\":\"https:\/\/www.bestasolar.com\/wp-content\/uploads\/2023\/02\/H7a7d0493785d4ecf8f225b1153687e2a7.jpg_1200x1200.jpg\",\"contentUrl\":\"https:\/\/www.bestasolar.com\/wp-content\/uploads\/2023\/02\/H7a7d0493785d4ecf8f225b1153687e2a7.jpg_1200x1200.jpg\",\"width\":2482,\"height\":2482},{\"@type\":\"BreadcrumbList\",\"@id\":\"https:\/\/www.bestasolar.com\/produit\/lampadaire-street-king-light-2-0-56\/#breadcrumb\",\"itemListElement\":[{\"@type\":\"ListItem\",\"position\":1,\"name\":\"Home\",\"item\":\"https:\/\/www.bestasolar.com\/\"},{\"@type\":\"ListItem\",\"position\":2,\"name\":\"Shop\",\"item\":\"https:\/\/www.bestasolar.com\/shop\/\"},{\"@type\":\"ListItem\",\"position\":3,\"name\":\"Lampadaire Street King Light 2.0\/56\"}]},{\"@type\":\"WebSite\",\"@id\":\"https:\/\/www.bestasolar.com\/#website\",\"url\":\"https:\/\/www.bestasolar.com\/\",\"name\":\"BESTA SOLAR\",\"description\":\"Vente d&#039;equipement solaire batterie lithium onduleur mppt\",\"publisher\":{\"@id\":\"https:\/\/www.bestasolar.com\/#organization\"},\"potentialAction\":[{\"@type\":\"SearchAction\",\"target\":{\"@type\":\"EntryPoint\",\"urlTemplate\":\"https:\/\/www.bestasolar.com\/?s={search_term_string}\"},\"query-input\":{\"@type\":\"PropertyValueSpecification\",\"valueRequired\":true,\"valueName\":\"search_term_string\"}}],\"inLanguage\":\"en-US\"},{\"@type\":[\"Organization\",\"Place\",\"OfficeEquipmentStore\"],\"@id\":\"https:\/\/www.bestasolar.com\/#organization\",\"name\":\"BESTA SOLAR\",\"url\":\"https:\/\/www.bestasolar.com\/\",\"logo\":{\"@id\":\"https:\/\/www.bestasolar.com\/produit\/lampadaire-street-king-light-2-0-56\/#local-main-organization-logo\"},\"image\":{\"@id\":\"https:\/\/www.bestasolar.com\/produit\/lampadaire-street-king-light-2-0-56\/#local-main-organization-logo\"},\"sameAs\":[\"https:\/\/www.facebook.com\/bestasolar\/\",\"https:\/\/www.youtube.com\/channel\/UCYnBggiypeSN8k1IQrX6BUw\",\"https:\/\/www.tiktok.com\/@bestasolar\",\"https:\/\/www.pinterest.com\/bestasolar\/\"],\"telephone\":[\"+22961732956\"],\"contactPoint\":{\"@type\":\"ContactPoint\",\"telephone\":\"+22961732956\",\"email\":\"contact@bestasolar.com\"},\"openingHoursSpecification\":[{\"@type\":\"OpeningHoursSpecification\",\"dayOfWeek\":[\"Monday\",\"Tuesday\",\"Wednesday\",\"Thursday\",\"Friday\",\"Saturday\"],\"opens\":\"08:00\",\"closes\":\"21:00\"},{\"@type\":\"OpeningHoursSpecification\",\"dayOfWeek\":[\"Sunday\"],\"opens\":\"09:00\",\"closes\":\"18:00\"}],\"email\":\"contact@bestasolar.com\",\"faxNumber\":\"Besta Solar\",\"areaServed\":\"Afrique de l'ouest\",\"taxID\":\"02022748823174\",\"currenciesAccepted\":\"CFA\"},{\"@type\":\"ImageObject\",\"inLanguage\":\"en-US\",\"@id\":\"https:\/\/www.bestasolar.com\/produit\/lampadaire-street-king-light-2-0-56\/#local-main-organization-logo\",\"url\":\"https:\/\/www.bestasolar.com\/wp-content\/uploads\/2023\/01\/BESTA-SOLAR-Logo-01-1.png\",\"contentUrl\":\"https:\/\/www.bestasolar.com\/wp-content\/uploads\/2023\/01\/BESTA-SOLAR-Logo-01-1.png\",\"width\":6250,\"height\":4167,\"caption\":\"BESTA SOLAR\"}]}<\/script>\n<meta property=\"product:brand\" content=\"Hanwha Solar\" \/>\n<meta property=\"product:price:amount\" content=\"150000.00\" \/>\n<meta property=\"product:price:currency\" content=\"XOF\" \/>\n<meta property=\"og:availability\" content=\"instock\" \/>\n<meta property=\"product:availability\" content=\"instock\" \/>\n<meta property=\"product:retailer_item_id\" content=\"SM02\" \/>\n<meta property=\"product:condition\" content=\"new\" \/>\n<meta name=\"geo.placename\" content=\"parakou\" \/>\n<meta name=\"geo.region\" content=\"Benin\" \/>\n<!-- \/ Yoast SEO Premium plugin. -->","yoast_head_json":{"title":"Lampadaire Street King Light 2.0\/56 - BESTA SOLAR","robots":{"index":"index","follow":"follow","max-snippet":"max-snippet:-1","max-image-preview":"max-image-preview:large","max-video-preview":"max-video-preview:-1"},"canonical":"https:\/\/www.bestasolar.com\/en\/product\/lampadaire-street-king-light-2-0-56\/","og_locale":"en_US","og_type":"article","og_title":"Lampadaire Street King Light 2.0\/56","og_description":"Application    Comt\u00e9. Route, route de village, communaut\u00e9s, usines, \u00e9coles, parcs, taches sc\u00e9niques, \u00e9clairage de cour. Les produits n'ont pas besoin de fil ou de ville \u00e9lectrique","og_url":"https:\/\/www.bestasolar.com\/en\/product\/lampadaire-street-king-light-2-0-56\/","og_site_name":"BESTA SOLAR","article_publisher":"https:\/\/www.facebook.com\/bestasolar\/","article_modified_time":"2025-07-20T12:29:22+00:00","og_image":[{"width":2482,"height":2482,"url":"https:\/\/i0.wp.com\/www.bestasolar.com\/wp-content\/uploads\/2023\/02\/H7a7d0493785d4ecf8f225b1153687e2a7.jpg_1200x1200.jpg?fit=2482%2C2482&ssl=1","type":"image\/jpeg"}],"twitter_card":"summary_large_image","twitter_misc":{"Price":"CFA150,000.00","Availability":"In stock"},"schema":{"@context":"https:\/\/schema.org","@graph":[{"@type":"WebPage","@id":"https:\/\/www.bestasolar.com\/produit\/lampadaire-street-king-light-2-0-56\/","url":"https:\/\/www.bestasolar.com\/produit\/lampadaire-street-king-light-2-0-56\/","name":"Lampadaire Street King Light 2.0\/56 - BESTA SOLAR","isPartOf":{"@id":"https:\/\/www.bestasolar.com\/#website"},"primaryImageOfPage":{"@id":"https:\/\/www.bestasolar.com\/produit\/lampadaire-street-king-light-2-0-56\/#primaryimage"},"image":{"@id":"https:\/\/www.bestasolar.com\/produit\/lampadaire-street-king-light-2-0-56\/#primaryimage"},"thumbnailUrl":"https:\/\/www.bestasolar.com\/wp-content\/uploads\/2023\/02\/H7a7d0493785d4ecf8f225b1153687e2a7.jpg_1200x1200.jpg","datePublished":"2023-02-20T04:01:23+00:00","dateModified":"2025-07-20T12:29:22+00:00","breadcrumb":{"@id":"https:\/\/www.bestasolar.com\/produit\/lampadaire-street-king-light-2-0-56\/#breadcrumb"},"inLanguage":"en-US","potentialAction":[{"@type":"ReadAction","target":["https:\/\/www.bestasolar.com\/produit\/lampadaire-street-king-light-2-0-56\/"]}]},{"@type":"ImageObject","inLanguage":"en-US","@id":"https:\/\/www.bestasolar.com\/produit\/lampadaire-street-king-light-2-0-56\/#primaryimage","url":"https:\/\/www.bestasolar.com\/wp-content\/uploads\/2023\/02\/H7a7d0493785d4ecf8f225b1153687e2a7.jpg_1200x1200.jpg","contentUrl":"https:\/\/www.bestasolar.com\/wp-content\/uploads\/2023\/02\/H7a7d0493785d4ecf8f225b1153687e2a7.jpg_1200x1200.jpg","width":2482,"height":2482},{"@type":"BreadcrumbList","@id":"https:\/\/www.bestasolar.com\/produit\/lampadaire-street-king-light-2-0-56\/#breadcrumb","itemListElement":[{"@type":"ListItem","position":1,"name":"Home","item":"https:\/\/www.bestasolar.com\/"},{"@type":"ListItem","position":2,"name":"Shop","item":"https:\/\/www.bestasolar.com\/shop\/"},{"@type":"ListItem","position":3,"name":"Lampadaire Street King Light 2.0\/56"}]},{"@type":"WebSite","@id":"https:\/\/www.bestasolar.com\/#website","url":"https:\/\/www.bestasolar.com\/","name":"BESTA SOLAR","description":"Vente d&#039;equipement solaire batterie lithium onduleur mppt","publisher":{"@id":"https:\/\/www.bestasolar.com\/#organization"},"potentialAction":[{"@type":"SearchAction","target":{"@type":"EntryPoint","urlTemplate":"https:\/\/www.bestasolar.com\/?s={search_term_string}"},"query-input":{"@type":"PropertyValueSpecification","valueRequired":true,"valueName":"search_term_string"}}],"inLanguage":"en-US"},{"@type":["Organization","Place","OfficeEquipmentStore"],"@id":"https:\/\/www.bestasolar.com\/#organization","name":"BESTA SOLAR","url":"https:\/\/www.bestasolar.com\/","logo":{"@id":"https:\/\/www.bestasolar.com\/produit\/lampadaire-street-king-light-2-0-56\/#local-main-organization-logo"},"image":{"@id":"https:\/\/www.bestasolar.com\/produit\/lampadaire-street-king-light-2-0-56\/#local-main-organization-logo"},"sameAs":["https:\/\/www.facebook.com\/bestasolar\/","https:\/\/www.youtube.com\/channel\/UCYnBggiypeSN8k1IQrX6BUw","https:\/\/www.tiktok.com\/@bestasolar","https:\/\/www.pinterest.com\/bestasolar\/"],"telephone":["+22961732956"],"contactPoint":{"@type":"ContactPoint","telephone":"+22961732956","email":"contact@bestasolar.com"},"openingHoursSpecification":[{"@type":"OpeningHoursSpecification","dayOfWeek":["Monday","Tuesday","Wednesday","Thursday","Friday","Saturday"],"opens":"08:00","closes":"21:00"},{"@type":"OpeningHoursSpecification","dayOfWeek":["Sunday"],"opens":"09:00","closes":"18:00"}],"email":"contact@bestasolar.com","faxNumber":"Besta Solar","areaServed":"Afrique de l'ouest","taxID":"02022748823174","currenciesAccepted":"CFA"},{"@type":"ImageObject","inLanguage":"en-US","@id":"https:\/\/www.bestasolar.com\/produit\/lampadaire-street-king-light-2-0-56\/#local-main-organization-logo","url":"https:\/\/www.bestasolar.com\/wp-content\/uploads\/2023\/01\/BESTA-SOLAR-Logo-01-1.png","contentUrl":"https:\/\/www.bestasolar.com\/wp-content\/uploads\/2023\/01\/BESTA-SOLAR-Logo-01-1.png","width":6250,"height":4167,"caption":"BESTA SOLAR"}]},"product_brand":"Hanwha Solar","product_price_amount":"150000.00","product_price_currency":"XOF","og_availability":"instock","product_availability":"instock","product_retailer_item_id":"SM02","product_condition":"new","geo.placename":"parakou","geo.region":"Benin"},"jetpack_sharing_enabled":true,"_links":{"self":[{"href":"https:\/\/www.bestasolar.com\/en\/wp-json\/wp\/v2\/product\/4738"}],"collection":[{"href":"https:\/\/www.bestasolar.com\/en\/wp-json\/wp\/v2\/product"}],"about":[{"href":"https:\/\/www.bestasolar.com\/en\/wp-json\/wp\/v2\/types\/product"}],"replies":[{"embeddable":true,"href":"https:\/\/www.bestasolar.com\/en\/wp-json\/wp\/v2\/comments?post=4738"}],"wp:featuredmedia":[{"embeddable":true,"href":"https:\/\/www.bestasolar.com\/en\/wp-json\/wp\/v2\/media\/10467"}],"wp:attachment":[{"href":"https:\/\/www.bestasolar.com\/en\/wp-json\/wp\/v2\/media?parent=4738"}],"wp:term":[{"taxonomy":"product_brand","embeddable":true,"href":"https:\/\/www.bestasolar.com\/en\/wp-json\/wp\/v2\/product_brand?post=4738"},{"taxonomy":"product_cat","embeddable":true,"href":"https:\/\/www.bestasolar.com\/en\/wp-json\/wp\/v2\/product_cat?post=4738"},{"taxonomy":"product_tag","embeddable":true,"href":"https:\/\/www.bestasolar.com\/en\/wp-json\/wp\/v2\/product_tag?post=4738"}],"curies":[{"name":"wp","href":"https:\/\/api.w.org\/{rel}","templated":true}]}}