{"id":4785,"date":"2023-02-20T04:07:28","date_gmt":"2023-02-20T04:07:28","guid":{"rendered":"https:\/\/www.bestasolar.com\/?post_type=product&#038;p=4785"},"modified":"2025-10-12T22:11:03","modified_gmt":"2025-10-12T20:11:03","slug":"systeme-de-pompe-a-eau-solaire-hybrid-dc-ac-1100w","status":"publish","type":"product","link":"https:\/\/www.bestasolar.com\/en\/product\/systeme-de-pompe-a-eau-solaire-hybrid-dc-ac-1100w\/","title":{"rendered":"Syst\u00e8me de pompe \u00e0 eau solaire Hybrid DC\/AC 1100W"},"content":{"rendered":"<div class=\"J_module\">\n<div class=\"detail-decorate-json-renderer-container\">\n<div class=\"magic-6\">\n<blockquote>\n<h3 class=\"magic-7\">Pourquoi choisir la pompe \u00e0 eau solaire<\/h3>\n<\/blockquote>\n<p class=\"magic-7\">1. L\u2019\u00e9nergie solaire est une \u00e9nergie verte propre. Il ne produira pas de gaz \u00e0 effet de serre et d\u2019autres \u00e9missions nocives. Il n\u2019est jamais trop tard pour promouvoir la responsabilit\u00e9 sociale, sauver notre environnement de la pollution et du r\u00e9chauffement climatique.<\/p>\n<div class=\"magic-9\">\n<div class=\"magic-10\">\n<div class=\"magic-11\">\n<div><span class=\"magic-12\" style=\"font-family: Arial;\">\u00a0<\/span><\/div>\n<div><span class=\"magic-12\" style=\"font-family: Arial;\">2. L\u2019\u00e9nergie solaire peut aider \u00e0 \u00e9conomiser de l\u2019argent. Investissement ponctuel pour des avantages \u00e0 long terme, car les panneaux solaires peuvent g\u00e9n\u00e9ralement fonctionner pendant 25 ans.<\/span><\/div>\n<div><span class=\"magic-12\" style=\"font-family: Arial;\">\u00a0<\/span><\/div>\n<div><span class=\"magic-12\" style=\"font-family: Arial;\">3. Prot\u00e9gez-vous contre la hausse des co\u00fbts \u00e9nerg\u00e9tiques. En investissant d\u00e8s maintenant dans un syst\u00e8me d\u2019\u00e9nergie solaire, vous pouvez fixer votre tarif d\u2019\u00e9lectricit\u00e9 et vous prot\u00e9ger contre les augmentations impr\u00e9visibles des co\u00fbts de l\u2019\u00e9lectricit\u00e9.<\/span><\/div>\n<div><span class=\"magic-12\" style=\"font-family: Arial;\">\u00a0<\/span><\/div>\n<div><span class=\"magic-12\" style=\"font-family: Arial;\">4. L\u2019\u00e9nergie solaire vous aide \u00e0 \u00eatre ind\u00e9pendant de l\u2019\u00e9lectricit\u00e9. Quand il y a des pannes de courant, vous auriez toujours le pouvoir puisque vous comptez sur l\u2019\u00e9nergie solaire, qui est une source renouvelable. Tant que le soleil est l\u00e0-haut, m\u00eame pendant les jours nuageux, vous \u00eates bon.<\/span><\/div>\n<div><span class=\"magic-12\" style=\"font-family: Arial;\">\u00a0<\/span><\/div>\n<div><span class=\"magic-12\" style=\"font-family: Arial;\">5. L\u2019\u00e9nergie solaire est une source d\u2019\u00e9nergie pratique. Il peut \u00eatre install\u00e9 et utilis\u00e9 dans les zones \u00e9loign\u00e9es o\u00f9 nous n\u2019avons pas un acc\u00e8s facile \u00e0 l\u2019\u00e9lectricit\u00e9 (comme la montagne, le d\u00e9sert, l\u2019\u00eele et le milieu de la ferme). Les panneaux solaires peuvent \u00eatre install\u00e9s n\u2019importe o\u00f9 tant qu\u2019il y a du soleil.<\/span><\/div>\n<div><span class=\"magic-12\" style=\"font-family: Arial;\">\u00a0<\/span><\/div>\n<div><span class=\"magic-12\" style=\"font-family: Arial;\">6. Les panneaux solaires sont tr\u00e8s faciles \u00e0 installer. Ils n\u2019ont besoin que d\u2019un certain nombre de boulons pour les maintenir fix\u00e9s sur votre toit. Pour une maison typique, il faut seulement 1-3 jours pour installer et mettre en service.<br \/>\n<\/span><\/div>\n<div><span class=\"magic-12\" style=\"font-family: Arial;\">\u00a0<\/span><\/div>\n<div><span class=\"magic-12\" style=\"font-family: Arial;\"><span class=\"magic-13\">7. L\u2019\u00e9nergie solaire est l\u2019avenir. Aller solaire vous met en avance sur la courbe.<\/span><\/span><\/div>\n<\/div>\n<\/div>\n<\/div>\n<\/div>\n<\/div>\n<\/div>\n<div class=\"J_module\">\n<div class=\"icbu-pc-images magic-14\">\n<div>\n<div class=\"flex-layout-v\">\n<div class=\"flex-layout-h magic-14\">\n<div class=\"magic-15\"><img decoding=\"async\" class=\"magic-16\" src=\"https:\/\/sc04.alicdn.com\/kf\/Ha27e755728e14d97b57b768a2f51746dj\/256116018\/Ha27e755728e14d97b57b768a2f51746dj.png\" data-src=\"\/\/sc04.alicdn.com\/kf\/Ha27e755728e14d97b57b768a2f51746dj\/256116018\/Ha27e755728e14d97b57b768a2f51746dj.png\" \/><\/div>\n<\/div>\n<\/div>\n<\/div>\n<\/div>\n<\/div>\n<div class=\"J_module\">\n<div class=\"icbu-pc-images magic-14\">\n<div>\n<div class=\"flex-layout-v\">\n<div class=\"flex-layout-h magic-14\">\n<div class=\"magic-17\"><img decoding=\"async\" class=\"magic-18\" src=\"https:\/\/sc04.alicdn.com\/kf\/H0b5d41198a6746618b3b933d17883746L\/256116018\/H0b5d41198a6746618b3b933d17883746L.png\" data-src=\"\/\/sc04.alicdn.com\/kf\/H0b5d41198a6746618b3b933d17883746L\/256116018\/H0b5d41198a6746618b3b933d17883746L.png\" \/><\/div>\n<\/div>\n<\/div>\n<\/div>\n<\/div>\n<\/div>\n<div class=\"J_module\">\n<div class=\"detail-decorate-json-renderer-container\">\n<div class=\"magic-6\">\n<div class=\"magic-9\">\n<div class=\"magic-10\">\n<div class=\"magic-11\">\n<p><span class=\"magic-12\" style=\"color: #4f638f; font-family: Arial;\"><span class=\"magic-13\">*<\/span>Si vous ne pouvez pas confirmer le mod\u00e8le de pompe, veuillez nous contacter pour plus de d\u00e9tails.<\/span><\/p>\n<div><span class=\"magic-19\" style=\"color: #ff0000; font-family: Arial;\"><span class=\"magic-13\"><i>*Nous sugg\u00e9rons que:<\/i><\/span><\/span><\/div>\n<div><span class=\"magic-19\" style=\"color: #ff0000; font-family: Arial;\"><i><span class=\"magic-13\">1.Si la pompe \u00e0 eau solaire est de 1100 watts,Y<\/span><span class=\"magic-20\"><span class=\"magic-13\">Vous avez besoin de 1400 \u00e0 1700 watts de panneaux solaires.<\/span><\/span><\/i><\/span><\/div>\n<div><span class=\"magic-19\" style=\"color: #ff0000; font-family: Arial;\"><i>2. les panneaux solaires sont connect\u00e9s en s\u00e9rie.<\/i><\/span><\/div>\n<\/div>\n<\/div>\n<\/div>\n<\/div>\n<\/div>\n<\/div>\n<div class=\"J_module\">\n<div class=\"icbu-pc-images magic-14\">\n<div>\n<div class=\"flex-layout-v\">\n<div class=\"flex-layout-h magic-14\">\n<div class=\"magic-21\"><img decoding=\"async\" class=\"magic-22\" src=\"https:\/\/sc04.alicdn.com\/kf\/H4584ad06322543cb8d89520ae5e06360S\/256116018\/H4584ad06322543cb8d89520ae5e06360S.png\" data-src=\"\/\/sc04.alicdn.com\/kf\/H4584ad06322543cb8d89520ae5e06360S\/256116018\/H4584ad06322543cb8d89520ae5e06360S.png\" data-spm-anchor-id=\"a2700.details.0.i52.42827e86Qz4BVR\" \/><\/div>\n<\/div>\n<\/div>\n<\/div>\n<\/div>\n<\/div>\n<div class=\"J_module\">\n<div class=\"ife-detail-decorate-table\">\n<table class=\"all magic-0\">\n<tbody>\n<tr>\n<td colspan=\"1\" rowspan=\"1\">\n<div class=\"magic-23\"><span class=\"magic-4\" style=\"font-family: Arial;\"><i class=\"magic-13\" data-spm-anchor-id=\"a2700.custom-template.0.i8.11d93333Om3rjZ\"><b>Certification<\/b><\/i><\/span><\/div>\n<\/td>\n<td colspan=\"1\" rowspan=\"1\">\n<div class=\"magic-24\"><span class=\"magic-4\" style=\"font-family: Arial;\">CE et ISO 9001<\/span><\/div>\n<\/td>\n<\/tr>\n<tr>\n<td colspan=\"1\" rowspan=\"1\">\n<div class=\"magic-23\"><span class=\"magic-4\" style=\"font-family: Arial;\"><i class=\"magic-13\" data-spm-anchor-id=\"a2700.custom-template.0.i9.7d153333aBTvny\"><b>Puissance des panneaux solaires<\/b><\/i><\/span><\/div>\n<\/td>\n<td colspan=\"1\" rowspan=\"1\">\n<div class=\"magic-24\"><span class=\"magic-4\" style=\"font-family: Arial;\" data-spm-anchor-id=\"a2700.details.0.i54.42827e86Qz4BVR\">Puissance de la pompe solaire 1.3 ~ 1.5 fois<\/span><\/div>\n<\/td>\n<\/tr>\n<tr>\n<td colspan=\"1\" rowspan=\"1\">\n<div class=\"magic-23\"><span class=\"magic-4\" style=\"font-family: Arial;\"><i class=\"magic-13\" data-spm-anchor-id=\"a2700.custom-template.0.i14.4d193333zaqIs1\"><b data-spm-anchor-id=\"a2700.custom-template.0.i25.1f653333kEdOJl\">Connexion Panneaux Solaires<\/b><\/i><\/span><\/div>\n<\/td>\n<td colspan=\"1\" rowspan=\"1\">\n<div class=\"magic-24\"><span class=\"magic-4\" style=\"font-family: Arial;\">En s\u00e9rie<\/span><\/div>\n<\/td>\n<\/tr>\n<tr>\n<td colspan=\"1\" rowspan=\"1\">\n<div class=\"magic-23\"><span class=\"magic-4\" style=\"font-family: Arial;\"><i class=\"magic-13\"><b data-spm-anchor-id=\"a2700.custom-template.0.i23.1f653333kEdOJl\">Type de panneaux solaires<\/b><\/i><\/span><\/div>\n<\/td>\n<td colspan=\"1\" rowspan=\"1\">\n<div class=\"magic-24\"><span class=\"magic-4\" style=\"font-family: Arial;\">Grade A Polycristallin<\/span><\/div>\n<\/td>\n<\/tr>\n<tr>\n<td colspan=\"1\" rowspan=\"1\">\n<div class=\"magic-23\"><span class=\"magic-4\" style=\"font-family: Arial;\"><i class=\"magic-13\"><b>Fil de moteur<\/b><\/i><\/span><\/div>\n<\/td>\n<td colspan=\"1\" rowspan=\"1\">\n<div class=\"magic-24\"><span class=\"magic-4\" style=\"font-family: Arial;\">Cuivre 100%<\/span><\/div>\n<\/td>\n<\/tr>\n<tr>\n<td colspan=\"1\" rowspan=\"1\">\n<div class=\"magic-23\"><span class=\"magic-4\" style=\"font-family: Arial;\"><i class=\"magic-13\"><b>Support personnalis\u00e9<\/b><\/i><\/span><\/div>\n<\/td>\n<td colspan=\"1\" rowspan=\"1\">\n<div class=\"magic-24\"><span class=\"magic-4\" style=\"font-family: Arial;\">OEM et ODM<\/span><\/div>\n<\/td>\n<\/tr>\n<tr>\n<td colspan=\"1\" rowspan=\"1\">\n<div class=\"magic-23\"><span class=\"magic-4\" style=\"font-family: Arial;\"><i class=\"magic-13\"><b>Quantit\u00e9 minimale de commande<\/b><\/i><\/span><\/div>\n<\/td>\n<td colspan=\"1\" rowspan=\"1\">\n<div class=\"magic-24\"><span class=\"magic-4\" style=\"font-family: Arial;\">10 ensembles<\/span><\/div>\n<\/td>\n<\/tr>\n<tr>\n<td colspan=\"1\" rowspan=\"1\">\n<div class=\"magic-23\"><span class=\"magic-4\" style=\"font-family: Arial;\"><i class=\"magic-13\"><b>D\u00e9lai de livraison<\/b><\/i><\/span><\/div>\n<\/td>\n<td colspan=\"1\" rowspan=\"1\">\n<div class=\"magic-24\"><span class=\"magic-4\" style=\"font-family: Arial;\">10 ~ 30 jours<\/span><\/div>\n<\/td>\n<\/tr>\n<tr>\n<td colspan=\"1\" rowspan=\"1\">\n<div class=\"magic-23\"><span class=\"magic-4\" style=\"font-family: Arial;\"><i class=\"magic-13\"><b>Emballage<\/b><\/i><\/span><\/div>\n<\/td>\n<td colspan=\"1\" rowspan=\"1\">\n<div class=\"magic-24\"><span class=\"magic-4\" style=\"font-family: Arial;\">Cas en bois<\/span><\/div>\n<\/td>\n<\/tr>\n<tr>\n<td colspan=\"1\" rowspan=\"1\">\n<div class=\"magic-23\"><span class=\"magic-4\" style=\"font-family: Arial;\"><i class=\"magic-13\"><b>Conditions de paiement<\/b><\/i><\/span><\/div>\n<\/td>\n<td colspan=\"1\" rowspan=\"1\">\n<div class=\"magic-24\"><span class=\"magic-4\" style=\"font-family: Arial;\">D\u00e9p\u00f4t de 30% + solde de 70%<\/span><\/div>\n<\/td>\n<\/tr>\n<\/tbody>\n<\/table>\n<\/div>\n<\/div>","protected":false},"excerpt":{"rendered":"<p>Pellentesque habitant morbi tristique senectus et netus et malesuada fames ac turpis egestas. Vestibulum tortor quam, feugiat vitae, ultricies eget, tempor sit amet, ante.<\/p>","protected":false},"featured_media":10532,"comment_status":"open","ping_status":"closed","template":"","meta":[],"product_brand":[],"product_cat":[70],"product_tag":[52],"class_list":{"0":"post-4785","1":"product","2":"type-product","3":"status-publish","4":"has-post-thumbnail","6":"product_cat-pomp-solaire","7":"product_tag-solar-panels","9":"first","10":"instock","11":"sale","12":"shipping-taxable","13":"purchasable","14":"product-type-simple"},"yoast_head":"<!-- This site is optimized with the Yoast SEO Premium plugin v22.8 (Yoast SEO v25.6) - https:\/\/yoast.com\/wordpress\/plugins\/seo\/ -->\n<title>Syst\u00e8me de pompe \u00e0 eau solaire Hybrid DC\/AC 1100W - BESTA SOLAR<\/title>\n<meta name=\"robots\" content=\"index, follow, max-snippet:-1, max-image-preview:large, max-video-preview:-1\" \/>\n<link rel=\"canonical\" href=\"https:\/\/www.bestasolar.com\/en\/product\/systeme-de-pompe-a-eau-solaire-hybrid-dc-ac-1100w\/\" \/>\n<meta property=\"og:locale\" content=\"en_US\" \/>\n<meta property=\"og:type\" content=\"article\" \/>\n<meta property=\"og:title\" content=\"Syst\u00e8me de pompe \u00e0 eau solaire Hybrid DC\/AC 1100W\" \/>\n<meta property=\"og:description\" content=\"Pellentesque habitant morbi tristique senectus et netus et malesuada fames ac turpis egestas. Vestibulum tortor quam, feugiat vitae, ultricies eget, tempor sit amet, ante.\" \/>\n<meta property=\"og:url\" content=\"https:\/\/www.bestasolar.com\/en\/product\/systeme-de-pompe-a-eau-solaire-hybrid-dc-ac-1100w\/\" \/>\n<meta property=\"og:site_name\" content=\"BESTA SOLAR\" \/>\n<meta property=\"article:publisher\" content=\"https:\/\/www.facebook.com\/bestasolar\/\" \/>\n<meta property=\"article:modified_time\" content=\"2025-10-12T20:11:03+00:00\" \/>\n<meta property=\"og:image\" content=\"https:\/\/www.bestasolar.com\/wp-content\/uploads\/2023\/02\/H45da8a893c7141559b8fc993650684980.jpg\" \/>\n\t<meta property=\"og:image:width\" content=\"750\" \/>\n\t<meta property=\"og:image:height\" content=\"750\" \/>\n\t<meta property=\"og:image:type\" content=\"image\/jpeg\" \/>\n<meta name=\"twitter:card\" content=\"summary_large_image\" \/>\n<meta name=\"twitter:label1\" content=\"Price\" \/>\n\t<meta name=\"twitter:data1\" content=\"CFA155,000.00\" \/>\n\t<meta name=\"twitter:label2\" content=\"Availability\" \/>\n\t<meta name=\"twitter:data2\" content=\"In stock\" \/>\n<script type=\"application\/ld+json\" class=\"yoast-schema-graph\">{\"@context\":\"https:\/\/schema.org\",\"@graph\":[{\"@type\":\"WebPage\",\"@id\":\"https:\/\/www.bestasolar.com\/produit\/systeme-de-pompe-a-eau-solaire-hybrid-dc-ac-1100w\/\",\"url\":\"https:\/\/www.bestasolar.com\/produit\/systeme-de-pompe-a-eau-solaire-hybrid-dc-ac-1100w\/\",\"name\":\"Syst\u00e8me de pompe \u00e0 eau solaire Hybrid DC\/AC 1100W - BESTA SOLAR\",\"isPartOf\":{\"@id\":\"https:\/\/www.bestasolar.com\/#website\"},\"primaryImageOfPage\":{\"@id\":\"https:\/\/www.bestasolar.com\/produit\/systeme-de-pompe-a-eau-solaire-hybrid-dc-ac-1100w\/#primaryimage\"},\"image\":{\"@id\":\"https:\/\/www.bestasolar.com\/produit\/systeme-de-pompe-a-eau-solaire-hybrid-dc-ac-1100w\/#primaryimage\"},\"thumbnailUrl\":\"https:\/\/www.bestasolar.com\/wp-content\/uploads\/2023\/02\/H45da8a893c7141559b8fc993650684980.jpg\",\"datePublished\":\"2023-02-20T04:07:28+00:00\",\"dateModified\":\"2025-10-12T20:11:03+00:00\",\"breadcrumb\":{\"@id\":\"https:\/\/www.bestasolar.com\/produit\/systeme-de-pompe-a-eau-solaire-hybrid-dc-ac-1100w\/#breadcrumb\"},\"inLanguage\":\"en-US\",\"potentialAction\":[{\"@type\":\"ReadAction\",\"target\":[\"https:\/\/www.bestasolar.com\/produit\/systeme-de-pompe-a-eau-solaire-hybrid-dc-ac-1100w\/\"]}]},{\"@type\":\"ImageObject\",\"inLanguage\":\"en-US\",\"@id\":\"https:\/\/www.bestasolar.com\/produit\/systeme-de-pompe-a-eau-solaire-hybrid-dc-ac-1100w\/#primaryimage\",\"url\":\"https:\/\/www.bestasolar.com\/wp-content\/uploads\/2023\/02\/H45da8a893c7141559b8fc993650684980.jpg\",\"contentUrl\":\"https:\/\/www.bestasolar.com\/wp-content\/uploads\/2023\/02\/H45da8a893c7141559b8fc993650684980.jpg\",\"width\":750,\"height\":750},{\"@type\":\"BreadcrumbList\",\"@id\":\"https:\/\/www.bestasolar.com\/produit\/systeme-de-pompe-a-eau-solaire-hybrid-dc-ac-1100w\/#breadcrumb\",\"itemListElement\":[{\"@type\":\"ListItem\",\"position\":1,\"name\":\"Home\",\"item\":\"https:\/\/www.bestasolar.com\/\"},{\"@type\":\"ListItem\",\"position\":2,\"name\":\"Shop\",\"item\":\"https:\/\/www.bestasolar.com\/shop\/\"},{\"@type\":\"ListItem\",\"position\":3,\"name\":\"Syst\u00e8me de pompe \u00e0 eau solaire Hybrid DC\/AC 1100W\"}]},{\"@type\":\"WebSite\",\"@id\":\"https:\/\/www.bestasolar.com\/#website\",\"url\":\"https:\/\/www.bestasolar.com\/\",\"name\":\"BESTA SOLAR\",\"description\":\"Vente d&#039;equipement solaire batterie lithium onduleur mppt\",\"publisher\":{\"@id\":\"https:\/\/www.bestasolar.com\/#organization\"},\"potentialAction\":[{\"@type\":\"SearchAction\",\"target\":{\"@type\":\"EntryPoint\",\"urlTemplate\":\"https:\/\/www.bestasolar.com\/?s={search_term_string}\"},\"query-input\":{\"@type\":\"PropertyValueSpecification\",\"valueRequired\":true,\"valueName\":\"search_term_string\"}}],\"inLanguage\":\"en-US\"},{\"@type\":[\"Organization\",\"Place\",\"OfficeEquipmentStore\"],\"@id\":\"https:\/\/www.bestasolar.com\/#organization\",\"name\":\"BESTA SOLAR\",\"url\":\"https:\/\/www.bestasolar.com\/\",\"logo\":{\"@id\":\"https:\/\/www.bestasolar.com\/produit\/systeme-de-pompe-a-eau-solaire-hybrid-dc-ac-1100w\/#local-main-organization-logo\"},\"image\":{\"@id\":\"https:\/\/www.bestasolar.com\/produit\/systeme-de-pompe-a-eau-solaire-hybrid-dc-ac-1100w\/#local-main-organization-logo\"},\"sameAs\":[\"https:\/\/www.facebook.com\/bestasolar\/\",\"https:\/\/www.youtube.com\/channel\/UCYnBggiypeSN8k1IQrX6BUw\",\"https:\/\/www.tiktok.com\/@bestasolar\",\"https:\/\/www.pinterest.com\/bestasolar\/\"],\"telephone\":[\"+22961732956\"],\"contactPoint\":{\"@type\":\"ContactPoint\",\"telephone\":\"+22961732956\",\"email\":\"contact@bestasolar.com\"},\"openingHoursSpecification\":[{\"@type\":\"OpeningHoursSpecification\",\"dayOfWeek\":[\"Monday\",\"Tuesday\",\"Wednesday\",\"Thursday\",\"Friday\",\"Saturday\"],\"opens\":\"08:00\",\"closes\":\"21:00\"},{\"@type\":\"OpeningHoursSpecification\",\"dayOfWeek\":[\"Sunday\"],\"opens\":\"09:00\",\"closes\":\"18:00\"}],\"email\":\"contact@bestasolar.com\",\"faxNumber\":\"Besta Solar\",\"areaServed\":\"Afrique de l'ouest\",\"taxID\":\"02022748823174\",\"currenciesAccepted\":\"CFA\"},{\"@type\":\"ImageObject\",\"inLanguage\":\"en-US\",\"@id\":\"https:\/\/www.bestasolar.com\/produit\/systeme-de-pompe-a-eau-solaire-hybrid-dc-ac-1100w\/#local-main-organization-logo\",\"url\":\"https:\/\/www.bestasolar.com\/wp-content\/uploads\/2023\/01\/BESTA-SOLAR-Logo-01-1.png\",\"contentUrl\":\"https:\/\/www.bestasolar.com\/wp-content\/uploads\/2023\/01\/BESTA-SOLAR-Logo-01-1.png\",\"width\":6250,\"height\":4167,\"caption\":\"BESTA SOLAR\"}]}<\/script>\n<meta property=\"product:price:amount\" content=\"155000.00\" \/>\n<meta property=\"product:price:currency\" content=\"XOF\" \/>\n<meta property=\"og:availability\" content=\"instock\" \/>\n<meta property=\"product:availability\" content=\"instock\" \/>\n<meta property=\"product:retailer_item_id\" content=\"0325MY-1-1-2-4\" \/>\n<meta property=\"product:condition\" content=\"new\" \/>\n<meta name=\"geo.placename\" content=\"parakou\" \/>\n<meta name=\"geo.region\" content=\"Benin\" \/>\n<!-- \/ Yoast SEO Premium plugin. -->","yoast_head_json":{"title":"Syst\u00e8me de pompe \u00e0 eau solaire Hybrid DC\/AC 1100W - BESTA SOLAR","robots":{"index":"index","follow":"follow","max-snippet":"max-snippet:-1","max-image-preview":"max-image-preview:large","max-video-preview":"max-video-preview:-1"},"canonical":"https:\/\/www.bestasolar.com\/en\/product\/systeme-de-pompe-a-eau-solaire-hybrid-dc-ac-1100w\/","og_locale":"en_US","og_type":"article","og_title":"Syst\u00e8me de pompe \u00e0 eau solaire Hybrid DC\/AC 1100W","og_description":"Pellentesque habitant morbi tristique senectus et netus et malesuada fames ac turpis egestas. Vestibulum tortor quam, feugiat vitae, ultricies eget, tempor sit amet, ante.","og_url":"https:\/\/www.bestasolar.com\/en\/product\/systeme-de-pompe-a-eau-solaire-hybrid-dc-ac-1100w\/","og_site_name":"BESTA SOLAR","article_publisher":"https:\/\/www.facebook.com\/bestasolar\/","article_modified_time":"2025-10-12T20:11:03+00:00","og_image":[{"width":750,"height":750,"url":"https:\/\/www.bestasolar.com\/wp-content\/uploads\/2023\/02\/H45da8a893c7141559b8fc993650684980.jpg","type":"image\/jpeg"}],"twitter_card":"summary_large_image","twitter_misc":{"Price":"CFA155,000.00","Availability":"In stock"},"schema":{"@context":"https:\/\/schema.org","@graph":[{"@type":"WebPage","@id":"https:\/\/www.bestasolar.com\/produit\/systeme-de-pompe-a-eau-solaire-hybrid-dc-ac-1100w\/","url":"https:\/\/www.bestasolar.com\/produit\/systeme-de-pompe-a-eau-solaire-hybrid-dc-ac-1100w\/","name":"Syst\u00e8me de pompe \u00e0 eau solaire Hybrid DC\/AC 1100W - BESTA SOLAR","isPartOf":{"@id":"https:\/\/www.bestasolar.com\/#website"},"primaryImageOfPage":{"@id":"https:\/\/www.bestasolar.com\/produit\/systeme-de-pompe-a-eau-solaire-hybrid-dc-ac-1100w\/#primaryimage"},"image":{"@id":"https:\/\/www.bestasolar.com\/produit\/systeme-de-pompe-a-eau-solaire-hybrid-dc-ac-1100w\/#primaryimage"},"thumbnailUrl":"https:\/\/www.bestasolar.com\/wp-content\/uploads\/2023\/02\/H45da8a893c7141559b8fc993650684980.jpg","datePublished":"2023-02-20T04:07:28+00:00","dateModified":"2025-10-12T20:11:03+00:00","breadcrumb":{"@id":"https:\/\/www.bestasolar.com\/produit\/systeme-de-pompe-a-eau-solaire-hybrid-dc-ac-1100w\/#breadcrumb"},"inLanguage":"en-US","potentialAction":[{"@type":"ReadAction","target":["https:\/\/www.bestasolar.com\/produit\/systeme-de-pompe-a-eau-solaire-hybrid-dc-ac-1100w\/"]}]},{"@type":"ImageObject","inLanguage":"en-US","@id":"https:\/\/www.bestasolar.com\/produit\/systeme-de-pompe-a-eau-solaire-hybrid-dc-ac-1100w\/#primaryimage","url":"https:\/\/www.bestasolar.com\/wp-content\/uploads\/2023\/02\/H45da8a893c7141559b8fc993650684980.jpg","contentUrl":"https:\/\/www.bestasolar.com\/wp-content\/uploads\/2023\/02\/H45da8a893c7141559b8fc993650684980.jpg","width":750,"height":750},{"@type":"BreadcrumbList","@id":"https:\/\/www.bestasolar.com\/produit\/systeme-de-pompe-a-eau-solaire-hybrid-dc-ac-1100w\/#breadcrumb","itemListElement":[{"@type":"ListItem","position":1,"name":"Home","item":"https:\/\/www.bestasolar.com\/"},{"@type":"ListItem","position":2,"name":"Shop","item":"https:\/\/www.bestasolar.com\/shop\/"},{"@type":"ListItem","position":3,"name":"Syst\u00e8me de pompe \u00e0 eau solaire Hybrid DC\/AC 1100W"}]},{"@type":"WebSite","@id":"https:\/\/www.bestasolar.com\/#website","url":"https:\/\/www.bestasolar.com\/","name":"BESTA SOLAR","description":"Vente d&#039;equipement solaire batterie lithium onduleur mppt","publisher":{"@id":"https:\/\/www.bestasolar.com\/#organization"},"potentialAction":[{"@type":"SearchAction","target":{"@type":"EntryPoint","urlTemplate":"https:\/\/www.bestasolar.com\/?s={search_term_string}"},"query-input":{"@type":"PropertyValueSpecification","valueRequired":true,"valueName":"search_term_string"}}],"inLanguage":"en-US"},{"@type":["Organization","Place","OfficeEquipmentStore"],"@id":"https:\/\/www.bestasolar.com\/#organization","name":"BESTA SOLAR","url":"https:\/\/www.bestasolar.com\/","logo":{"@id":"https:\/\/www.bestasolar.com\/produit\/systeme-de-pompe-a-eau-solaire-hybrid-dc-ac-1100w\/#local-main-organization-logo"},"image":{"@id":"https:\/\/www.bestasolar.com\/produit\/systeme-de-pompe-a-eau-solaire-hybrid-dc-ac-1100w\/#local-main-organization-logo"},"sameAs":["https:\/\/www.facebook.com\/bestasolar\/","https:\/\/www.youtube.com\/channel\/UCYnBggiypeSN8k1IQrX6BUw","https:\/\/www.tiktok.com\/@bestasolar","https:\/\/www.pinterest.com\/bestasolar\/"],"telephone":["+22961732956"],"contactPoint":{"@type":"ContactPoint","telephone":"+22961732956","email":"contact@bestasolar.com"},"openingHoursSpecification":[{"@type":"OpeningHoursSpecification","dayOfWeek":["Monday","Tuesday","Wednesday","Thursday","Friday","Saturday"],"opens":"08:00","closes":"21:00"},{"@type":"OpeningHoursSpecification","dayOfWeek":["Sunday"],"opens":"09:00","closes":"18:00"}],"email":"contact@bestasolar.com","faxNumber":"Besta Solar","areaServed":"Afrique de l'ouest","taxID":"02022748823174","currenciesAccepted":"CFA"},{"@type":"ImageObject","inLanguage":"en-US","@id":"https:\/\/www.bestasolar.com\/produit\/systeme-de-pompe-a-eau-solaire-hybrid-dc-ac-1100w\/#local-main-organization-logo","url":"https:\/\/www.bestasolar.com\/wp-content\/uploads\/2023\/01\/BESTA-SOLAR-Logo-01-1.png","contentUrl":"https:\/\/www.bestasolar.com\/wp-content\/uploads\/2023\/01\/BESTA-SOLAR-Logo-01-1.png","width":6250,"height":4167,"caption":"BESTA SOLAR"}]},"product_price_amount":"155000.00","product_price_currency":"XOF","og_availability":"instock","product_availability":"instock","product_retailer_item_id":"0325MY-1-1-2-4","product_condition":"new","geo.placename":"parakou","geo.region":"Benin"},"jetpack_sharing_enabled":true,"_links":{"self":[{"href":"https:\/\/www.bestasolar.com\/en\/wp-json\/wp\/v2\/product\/4785"}],"collection":[{"href":"https:\/\/www.bestasolar.com\/en\/wp-json\/wp\/v2\/product"}],"about":[{"href":"https:\/\/www.bestasolar.com\/en\/wp-json\/wp\/v2\/types\/product"}],"replies":[{"embeddable":true,"href":"https:\/\/www.bestasolar.com\/en\/wp-json\/wp\/v2\/comments?post=4785"}],"wp:featuredmedia":[{"embeddable":true,"href":"https:\/\/www.bestasolar.com\/en\/wp-json\/wp\/v2\/media\/10532"}],"wp:attachment":[{"href":"https:\/\/www.bestasolar.com\/en\/wp-json\/wp\/v2\/media?parent=4785"}],"wp:term":[{"taxonomy":"product_brand","embeddable":true,"href":"https:\/\/www.bestasolar.com\/en\/wp-json\/wp\/v2\/product_brand?post=4785"},{"taxonomy":"product_cat","embeddable":true,"href":"https:\/\/www.bestasolar.com\/en\/wp-json\/wp\/v2\/product_cat?post=4785"},{"taxonomy":"product_tag","embeddable":true,"href":"https:\/\/www.bestasolar.com\/en\/wp-json\/wp\/v2\/product_tag?post=4785"}],"curies":[{"name":"wp","href":"https:\/\/api.w.org\/{rel}","templated":true}]}}