{"id":4786,"date":"2023-02-20T04:08:39","date_gmt":"2023-02-20T04:08:39","guid":{"rendered":"https:\/\/www.bestasolar.com\/?post_type=product&#038;p=4786"},"modified":"2025-11-03T13:51:09","modified_gmt":"2025-11-03T12:51:09","slug":"batterie-au-lithium-tk5000-5kwh","status":"publish","type":"product","link":"https:\/\/www.bestasolar.com\/en\/product\/batterie-au-lithium-tk5000-5kwh\/","title":{"rendered":"Batterie au Lithium TK5000 5kwh"},"content":{"rendered":"<h2>Product Description<\/h2>\n<div class=\"elementor elementor-9159\" data-elementor-type=\"wp-post\" data-elementor-id=\"9159\" data-elementor-post-type=\"product\">\n<section class=\"elementor-section elementor-top-section elementor-element elementor-element-4949f48 elementor-section-boxed elementor-section-height-default elementor-section-height-default\" data-id=\"4949f48\" data-element_type=\"section\">\n<div class=\"elementor-container elementor-column-gap-no\">\n<div class=\"elementor-column elementor-col-100 elementor-top-column elementor-element elementor-element-04ecb7c\" data-id=\"04ecb7c\" data-element_type=\"column\">\n<div class=\"elementor-widget-wrap elementor-element-populated\">\n<div class=\"elementor-element elementor-element-d4143cb elementor-widget elementor-widget-text-editor\" data-id=\"d4143cb\" data-element_type=\"widget\" data-widget_type=\"text-editor.default\">\n<div class=\"elementor-widget-container\">\n<div class=\"magic-1\">\n<div class=\"magic-2\">\n<div class=\"magic-3\"><img decoding=\"async\" src=\"https:\/\/fb.dtceasy-cdn.com\/kf\/S18cf7b102a5d417a8f4776db3eeeafd8L.jpg\" alt=\"\" \/><img decoding=\"async\" src=\"https:\/\/fb.dtceasy-cdn.com\/kf\/S21edee9ea5e94feebc1e033cf582e8adE.jpg\" alt=\"\" \/><img decoding=\"async\" src=\"https:\/\/fb.dtceasy-cdn.com\/kf\/S19e1b196906c4c34a13189d67439f312n.jpg\" alt=\"\" \/><img decoding=\"async\" src=\"https:\/\/fb.dtceasy-cdn.com\/kf\/S0b6abaaa01e647eab874af3a9fccfd00r.jpg\" alt=\"\" \/><img decoding=\"async\" src=\"https:\/\/fb.dtceasy-cdn.com\/kf\/S549060a31c7e4c53ba0d81417b937faa8.jpg\" alt=\"\" \/><img decoding=\"async\" src=\"https:\/\/fb.dtceasy-cdn.com\/kf\/S4b936b5626fd4b83b15fa28b31af81b98.jpg\" alt=\"\" \/><img decoding=\"async\" src=\"https:\/\/fb.dtceasy-cdn.com\/kf\/Sfedb3d547d7f4bc4aed9dcb2664dbb354.jpg\" alt=\"\" \/><img decoding=\"async\" src=\"https:\/\/fb.dtceasy-cdn.com\/kf\/Saf1dc7af4623489daf1c41f1d361429b3.jpg\" alt=\"\" \/><img decoding=\"async\" src=\"https:\/\/fb.dtceasy-cdn.com\/kf\/S31fe1660bbe6450fb11c700dad6795c1D.jpg\" alt=\"\" \/><img decoding=\"async\" src=\"https:\/\/fb.dtceasy-cdn.com\/kf\/S99a645fb4d43479eb3875e3c7a444808v.jpg\" alt=\"\" \/><\/div>\n<\/div>\n<\/div>\n<\/div>\n<\/div>\n<\/div>\n<\/div>\n<\/div>\n<\/section>\n<\/div>","protected":false},"excerpt":{"rendered":"<p>Batterie au Lithium-ion Lifepo4 \u00e0 Cycle profond TK5000 mont\u00e9e en rack TAICO batterie au Lihtium 48V 100Ah pour syst\u00e8me solaire<\/p>","protected":false},"featured_media":10526,"comment_status":"open","ping_status":"closed","template":"","meta":[],"product_brand":[],"product_cat":[39],"product_tag":[52],"class_list":{"0":"post-4786","1":"product","2":"type-product","3":"status-publish","4":"has-post-thumbnail","6":"product_cat-generateur-solaire-portable","7":"product_tag-solar-panels","9":"first","10":"instock","11":"sale","12":"shipping-taxable","13":"purchasable","14":"product-type-simple"},"yoast_head":"<!-- This site is optimized with the Yoast SEO Premium plugin v22.8 (Yoast SEO v25.6) - https:\/\/yoast.com\/wordpress\/plugins\/seo\/ -->\n<title>Batterie au Lithium TK5000 5kwh - BESTA SOLAR<\/title>\n<meta name=\"robots\" content=\"index, follow, max-snippet:-1, max-image-preview:large, max-video-preview:-1\" \/>\n<link rel=\"canonical\" href=\"https:\/\/www.bestasolar.com\/en\/product\/batterie-au-lithium-tk5000-5kwh\/\" \/>\n<meta property=\"og:locale\" content=\"en_US\" \/>\n<meta property=\"og:type\" content=\"article\" \/>\n<meta property=\"og:title\" content=\"Batterie au Lithium TK5000 5kwh\" \/>\n<meta property=\"og:description\" content=\"Batterie au Lithium-ion Lifepo4 \u00e0 Cycle profond TK5000 mont\u00e9e en rack TAICO batterie au Lihtium 48V 100Ah pour syst\u00e8me solaire\" \/>\n<meta property=\"og:url\" content=\"https:\/\/www.bestasolar.com\/en\/product\/batterie-au-lithium-tk5000-5kwh\/\" \/>\n<meta property=\"og:site_name\" content=\"BESTA SOLAR\" \/>\n<meta property=\"article:publisher\" content=\"https:\/\/www.facebook.com\/bestasolar\/\" \/>\n<meta property=\"article:modified_time\" content=\"2025-11-03T12:51:09+00:00\" \/>\n<meta property=\"og:image\" content=\"https:\/\/www.bestasolar.com\/wp-content\/uploads\/2023\/02\/Taico-Batterie-au-lithium-ion-51-2V-100Ah-5kW-6kW-10kW-pour-syst-mes-solaires-48V.jpg_.png\" \/>\n\t<meta property=\"og:image:width\" content=\"2000\" \/>\n\t<meta property=\"og:image:height\" content=\"2000\" \/>\n\t<meta property=\"og:image:type\" content=\"image\/png\" \/>\n<meta name=\"twitter:card\" content=\"summary_large_image\" \/>\n<meta name=\"twitter:label1\" content=\"Price\" \/>\n\t<meta name=\"twitter:data1\" content=\"CFA500,000.00\" \/>\n\t<meta name=\"twitter:label2\" content=\"Availability\" \/>\n\t<meta name=\"twitter:data2\" content=\"In stock\" \/>\n<script type=\"application\/ld+json\" class=\"yoast-schema-graph\">{\"@context\":\"https:\/\/schema.org\",\"@graph\":[{\"@type\":\"WebPage\",\"@id\":\"https:\/\/www.bestasolar.com\/produit\/batterie-au-lithium-tk5000-5kwh\/\",\"url\":\"https:\/\/www.bestasolar.com\/produit\/batterie-au-lithium-tk5000-5kwh\/\",\"name\":\"Batterie au Lithium TK5000 5kwh - BESTA SOLAR\",\"isPartOf\":{\"@id\":\"https:\/\/www.bestasolar.com\/#website\"},\"primaryImageOfPage\":{\"@id\":\"https:\/\/www.bestasolar.com\/produit\/batterie-au-lithium-tk5000-5kwh\/#primaryimage\"},\"image\":{\"@id\":\"https:\/\/www.bestasolar.com\/produit\/batterie-au-lithium-tk5000-5kwh\/#primaryimage\"},\"thumbnailUrl\":\"https:\/\/www.bestasolar.com\/wp-content\/uploads\/2023\/02\/Taico-Batterie-au-lithium-ion-51-2V-100Ah-5kW-6kW-10kW-pour-syst-mes-solaires-48V.jpg_.png\",\"datePublished\":\"2023-02-20T04:08:39+00:00\",\"dateModified\":\"2025-11-03T12:51:09+00:00\",\"breadcrumb\":{\"@id\":\"https:\/\/www.bestasolar.com\/produit\/batterie-au-lithium-tk5000-5kwh\/#breadcrumb\"},\"inLanguage\":\"en-US\",\"potentialAction\":[{\"@type\":\"ReadAction\",\"target\":[\"https:\/\/www.bestasolar.com\/produit\/batterie-au-lithium-tk5000-5kwh\/\"]}]},{\"@type\":\"ImageObject\",\"inLanguage\":\"en-US\",\"@id\":\"https:\/\/www.bestasolar.com\/produit\/batterie-au-lithium-tk5000-5kwh\/#primaryimage\",\"url\":\"https:\/\/www.bestasolar.com\/wp-content\/uploads\/2023\/02\/Taico-Batterie-au-lithium-ion-51-2V-100Ah-5kW-6kW-10kW-pour-syst-mes-solaires-48V.jpg_.png\",\"contentUrl\":\"https:\/\/www.bestasolar.com\/wp-content\/uploads\/2023\/02\/Taico-Batterie-au-lithium-ion-51-2V-100Ah-5kW-6kW-10kW-pour-syst-mes-solaires-48V.jpg_.png\",\"width\":2000,\"height\":2000,\"caption\":\"Taico-Batterie-au-lithium-ion-51-2V-100Ah-5kW-6kW-10kW-pour-syst-mes-solaires-48V\"},{\"@type\":\"BreadcrumbList\",\"@id\":\"https:\/\/www.bestasolar.com\/produit\/batterie-au-lithium-tk5000-5kwh\/#breadcrumb\",\"itemListElement\":[{\"@type\":\"ListItem\",\"position\":1,\"name\":\"Home\",\"item\":\"https:\/\/www.bestasolar.com\/\"},{\"@type\":\"ListItem\",\"position\":2,\"name\":\"Shop\",\"item\":\"https:\/\/www.bestasolar.com\/shop\/\"},{\"@type\":\"ListItem\",\"position\":3,\"name\":\"Batterie au Lithium TK5000 5kwh\"}]},{\"@type\":\"WebSite\",\"@id\":\"https:\/\/www.bestasolar.com\/#website\",\"url\":\"https:\/\/www.bestasolar.com\/\",\"name\":\"BESTA SOLAR\",\"description\":\"Vente d&#039;equipement solaire batterie lithium onduleur mppt\",\"publisher\":{\"@id\":\"https:\/\/www.bestasolar.com\/#organization\"},\"potentialAction\":[{\"@type\":\"SearchAction\",\"target\":{\"@type\":\"EntryPoint\",\"urlTemplate\":\"https:\/\/www.bestasolar.com\/?s={search_term_string}\"},\"query-input\":{\"@type\":\"PropertyValueSpecification\",\"valueRequired\":true,\"valueName\":\"search_term_string\"}}],\"inLanguage\":\"en-US\"},{\"@type\":[\"Organization\",\"Place\",\"OfficeEquipmentStore\"],\"@id\":\"https:\/\/www.bestasolar.com\/#organization\",\"name\":\"BESTA SOLAR\",\"url\":\"https:\/\/www.bestasolar.com\/\",\"logo\":{\"@id\":\"https:\/\/www.bestasolar.com\/produit\/batterie-au-lithium-tk5000-5kwh\/#local-main-organization-logo\"},\"image\":{\"@id\":\"https:\/\/www.bestasolar.com\/produit\/batterie-au-lithium-tk5000-5kwh\/#local-main-organization-logo\"},\"sameAs\":[\"https:\/\/www.facebook.com\/bestasolar\/\",\"https:\/\/www.youtube.com\/channel\/UCYnBggiypeSN8k1IQrX6BUw\",\"https:\/\/www.tiktok.com\/@bestasolar\",\"https:\/\/www.pinterest.com\/bestasolar\/\"],\"telephone\":[\"+22961732956\"],\"contactPoint\":{\"@type\":\"ContactPoint\",\"telephone\":\"+22961732956\",\"email\":\"contact@bestasolar.com\"},\"openingHoursSpecification\":[{\"@type\":\"OpeningHoursSpecification\",\"dayOfWeek\":[\"Monday\",\"Tuesday\",\"Wednesday\",\"Thursday\",\"Friday\",\"Saturday\"],\"opens\":\"08:00\",\"closes\":\"21:00\"},{\"@type\":\"OpeningHoursSpecification\",\"dayOfWeek\":[\"Sunday\"],\"opens\":\"09:00\",\"closes\":\"18:00\"}],\"email\":\"contact@bestasolar.com\",\"faxNumber\":\"Besta Solar\",\"areaServed\":\"Afrique de l'ouest\",\"taxID\":\"02022748823174\",\"currenciesAccepted\":\"CFA\"},{\"@type\":\"ImageObject\",\"inLanguage\":\"en-US\",\"@id\":\"https:\/\/www.bestasolar.com\/produit\/batterie-au-lithium-tk5000-5kwh\/#local-main-organization-logo\",\"url\":\"https:\/\/www.bestasolar.com\/wp-content\/uploads\/2023\/01\/BESTA-SOLAR-Logo-01-1.png\",\"contentUrl\":\"https:\/\/www.bestasolar.com\/wp-content\/uploads\/2023\/01\/BESTA-SOLAR-Logo-01-1.png\",\"width\":6250,\"height\":4167,\"caption\":\"BESTA SOLAR\"}]}<\/script>\n<meta property=\"product:price:amount\" content=\"500000.00\" \/>\n<meta property=\"product:price:currency\" content=\"XOF\" \/>\n<meta property=\"og:availability\" content=\"instock\" \/>\n<meta property=\"product:availability\" content=\"instock\" \/>\n<meta property=\"product:retailer_item_id\" content=\"0325MY-1-1-2-3-1\" \/>\n<meta property=\"product:condition\" content=\"new\" \/>\n<meta name=\"geo.placename\" content=\"parakou\" \/>\n<meta name=\"geo.region\" content=\"Benin\" \/>\n<!-- \/ Yoast SEO Premium plugin. -->","yoast_head_json":{"title":"Batterie au Lithium TK5000 5kwh - BESTA SOLAR","robots":{"index":"index","follow":"follow","max-snippet":"max-snippet:-1","max-image-preview":"max-image-preview:large","max-video-preview":"max-video-preview:-1"},"canonical":"https:\/\/www.bestasolar.com\/en\/product\/batterie-au-lithium-tk5000-5kwh\/","og_locale":"en_US","og_type":"article","og_title":"Batterie au Lithium TK5000 5kwh","og_description":"Batterie au Lithium-ion Lifepo4 \u00e0 Cycle profond TK5000 mont\u00e9e en rack TAICO batterie au Lihtium 48V 100Ah pour syst\u00e8me solaire","og_url":"https:\/\/www.bestasolar.com\/en\/product\/batterie-au-lithium-tk5000-5kwh\/","og_site_name":"BESTA SOLAR","article_publisher":"https:\/\/www.facebook.com\/bestasolar\/","article_modified_time":"2025-11-03T12:51:09+00:00","og_image":[{"width":2000,"height":2000,"url":"https:\/\/www.bestasolar.com\/wp-content\/uploads\/2023\/02\/Taico-Batterie-au-lithium-ion-51-2V-100Ah-5kW-6kW-10kW-pour-syst-mes-solaires-48V.jpg_.png","type":"image\/png"}],"twitter_card":"summary_large_image","twitter_misc":{"Price":"CFA500,000.00","Availability":"In stock"},"schema":{"@context":"https:\/\/schema.org","@graph":[{"@type":"WebPage","@id":"https:\/\/www.bestasolar.com\/produit\/batterie-au-lithium-tk5000-5kwh\/","url":"https:\/\/www.bestasolar.com\/produit\/batterie-au-lithium-tk5000-5kwh\/","name":"Batterie au Lithium TK5000 5kwh - BESTA SOLAR","isPartOf":{"@id":"https:\/\/www.bestasolar.com\/#website"},"primaryImageOfPage":{"@id":"https:\/\/www.bestasolar.com\/produit\/batterie-au-lithium-tk5000-5kwh\/#primaryimage"},"image":{"@id":"https:\/\/www.bestasolar.com\/produit\/batterie-au-lithium-tk5000-5kwh\/#primaryimage"},"thumbnailUrl":"https:\/\/www.bestasolar.com\/wp-content\/uploads\/2023\/02\/Taico-Batterie-au-lithium-ion-51-2V-100Ah-5kW-6kW-10kW-pour-syst-mes-solaires-48V.jpg_.png","datePublished":"2023-02-20T04:08:39+00:00","dateModified":"2025-11-03T12:51:09+00:00","breadcrumb":{"@id":"https:\/\/www.bestasolar.com\/produit\/batterie-au-lithium-tk5000-5kwh\/#breadcrumb"},"inLanguage":"en-US","potentialAction":[{"@type":"ReadAction","target":["https:\/\/www.bestasolar.com\/produit\/batterie-au-lithium-tk5000-5kwh\/"]}]},{"@type":"ImageObject","inLanguage":"en-US","@id":"https:\/\/www.bestasolar.com\/produit\/batterie-au-lithium-tk5000-5kwh\/#primaryimage","url":"https:\/\/www.bestasolar.com\/wp-content\/uploads\/2023\/02\/Taico-Batterie-au-lithium-ion-51-2V-100Ah-5kW-6kW-10kW-pour-syst-mes-solaires-48V.jpg_.png","contentUrl":"https:\/\/www.bestasolar.com\/wp-content\/uploads\/2023\/02\/Taico-Batterie-au-lithium-ion-51-2V-100Ah-5kW-6kW-10kW-pour-syst-mes-solaires-48V.jpg_.png","width":2000,"height":2000,"caption":"Taico-Batterie-au-lithium-ion-51-2V-100Ah-5kW-6kW-10kW-pour-syst-mes-solaires-48V"},{"@type":"BreadcrumbList","@id":"https:\/\/www.bestasolar.com\/produit\/batterie-au-lithium-tk5000-5kwh\/#breadcrumb","itemListElement":[{"@type":"ListItem","position":1,"name":"Home","item":"https:\/\/www.bestasolar.com\/"},{"@type":"ListItem","position":2,"name":"Shop","item":"https:\/\/www.bestasolar.com\/shop\/"},{"@type":"ListItem","position":3,"name":"Batterie au Lithium TK5000 5kwh"}]},{"@type":"WebSite","@id":"https:\/\/www.bestasolar.com\/#website","url":"https:\/\/www.bestasolar.com\/","name":"BESTA SOLAR","description":"Vente d&#039;equipement solaire batterie lithium onduleur mppt","publisher":{"@id":"https:\/\/www.bestasolar.com\/#organization"},"potentialAction":[{"@type":"SearchAction","target":{"@type":"EntryPoint","urlTemplate":"https:\/\/www.bestasolar.com\/?s={search_term_string}"},"query-input":{"@type":"PropertyValueSpecification","valueRequired":true,"valueName":"search_term_string"}}],"inLanguage":"en-US"},{"@type":["Organization","Place","OfficeEquipmentStore"],"@id":"https:\/\/www.bestasolar.com\/#organization","name":"BESTA SOLAR","url":"https:\/\/www.bestasolar.com\/","logo":{"@id":"https:\/\/www.bestasolar.com\/produit\/batterie-au-lithium-tk5000-5kwh\/#local-main-organization-logo"},"image":{"@id":"https:\/\/www.bestasolar.com\/produit\/batterie-au-lithium-tk5000-5kwh\/#local-main-organization-logo"},"sameAs":["https:\/\/www.facebook.com\/bestasolar\/","https:\/\/www.youtube.com\/channel\/UCYnBggiypeSN8k1IQrX6BUw","https:\/\/www.tiktok.com\/@bestasolar","https:\/\/www.pinterest.com\/bestasolar\/"],"telephone":["+22961732956"],"contactPoint":{"@type":"ContactPoint","telephone":"+22961732956","email":"contact@bestasolar.com"},"openingHoursSpecification":[{"@type":"OpeningHoursSpecification","dayOfWeek":["Monday","Tuesday","Wednesday","Thursday","Friday","Saturday"],"opens":"08:00","closes":"21:00"},{"@type":"OpeningHoursSpecification","dayOfWeek":["Sunday"],"opens":"09:00","closes":"18:00"}],"email":"contact@bestasolar.com","faxNumber":"Besta Solar","areaServed":"Afrique de l'ouest","taxID":"02022748823174","currenciesAccepted":"CFA"},{"@type":"ImageObject","inLanguage":"en-US","@id":"https:\/\/www.bestasolar.com\/produit\/batterie-au-lithium-tk5000-5kwh\/#local-main-organization-logo","url":"https:\/\/www.bestasolar.com\/wp-content\/uploads\/2023\/01\/BESTA-SOLAR-Logo-01-1.png","contentUrl":"https:\/\/www.bestasolar.com\/wp-content\/uploads\/2023\/01\/BESTA-SOLAR-Logo-01-1.png","width":6250,"height":4167,"caption":"BESTA SOLAR"}]},"product_price_amount":"500000.00","product_price_currency":"XOF","og_availability":"instock","product_availability":"instock","product_retailer_item_id":"0325MY-1-1-2-3-1","product_condition":"new","geo.placename":"parakou","geo.region":"Benin"},"jetpack_sharing_enabled":true,"_links":{"self":[{"href":"https:\/\/www.bestasolar.com\/en\/wp-json\/wp\/v2\/product\/4786"}],"collection":[{"href":"https:\/\/www.bestasolar.com\/en\/wp-json\/wp\/v2\/product"}],"about":[{"href":"https:\/\/www.bestasolar.com\/en\/wp-json\/wp\/v2\/types\/product"}],"replies":[{"embeddable":true,"href":"https:\/\/www.bestasolar.com\/en\/wp-json\/wp\/v2\/comments?post=4786"}],"wp:featuredmedia":[{"embeddable":true,"href":"https:\/\/www.bestasolar.com\/en\/wp-json\/wp\/v2\/media\/10526"}],"wp:attachment":[{"href":"https:\/\/www.bestasolar.com\/en\/wp-json\/wp\/v2\/media?parent=4786"}],"wp:term":[{"taxonomy":"product_brand","embeddable":true,"href":"https:\/\/www.bestasolar.com\/en\/wp-json\/wp\/v2\/product_brand?post=4786"},{"taxonomy":"product_cat","embeddable":true,"href":"https:\/\/www.bestasolar.com\/en\/wp-json\/wp\/v2\/product_cat?post=4786"},{"taxonomy":"product_tag","embeddable":true,"href":"https:\/\/www.bestasolar.com\/en\/wp-json\/wp\/v2\/product_tag?post=4786"}],"curies":[{"name":"wp","href":"https:\/\/api.w.org\/{rel}","templated":true}]}}