{"id":7227,"date":"2023-02-28T02:17:44","date_gmt":"2023-02-28T02:17:44","guid":{"rendered":"https:\/\/www.bestasolar.com\/?post_type=product&#038;p=7227"},"modified":"2025-10-12T22:07:55","modified_gmt":"2025-10-12T20:07:55","slug":"hanwha-q-cells-hqcaess1118-7-6kw","status":"publish","type":"product","link":"https:\/\/www.bestasolar.com\/en\/product\/hanwha-q-cells-hqcaess1118-7-6kw\/","title":{"rendered":"Onduleur hybride SNRE 10kva"},"content":{"rendered":"<div class=\"avatar-gutter ng-tns-c3392445103-120 ng-star-inserted\">\n<div class=\"resize-observable\"><\/div>\n<\/div>\n<div class=\"response-container-content ng-tns-c3392445103-120\">\n<div class=\"response-content ng-tns-c3392445103-120\">\n<div class=\"markdown markdown-main-panel\" dir=\"ltr\">\n<h4 data-sourcepos=\"1:1-1:58\">Description<\/h4>\n<p data-sourcepos=\"7:1-7:105\">L\u2019onduleur dispose \u00e9galement de plusieurs voyants lumineux qui indiquent l\u2019\u00e9tat de l\u2019onduleur, tels que :<\/p>\n<ul data-sourcepos=\"9:1-11:49\">\n<li data-sourcepos=\"9:1-9:119\"><strong>Voyant lumineux d\u2019alimentation secteur :<\/strong> Ce voyant s\u2019allume lorsque l\u2019onduleur est connect\u00e9 au r\u00e9seau \u00e9lectrique.<\/li>\n<li data-sourcepos=\"10:1-10:89\"><strong>Voyant lumineux de surcharge :<\/strong> Ce voyant s\u2019allume lorsque l\u2019onduleur est surcharg\u00e9.<\/li>\n<li data-sourcepos=\"11:1-11:49\"><strong>Voyant lumineux de d\u00e9faut :<\/strong> Ce voyant s\u2019allume lorsqu\u2019il y a un d\u00e9faut avec l\u2019onduleur.<\/li>\n<\/ul>\n<p data-sourcepos=\"13:1-13:489\">L\u2019onduleur est dot\u00e9 de plusieurs fonctionnalit\u00e9s qui en font un choix id\u00e9al pour les syst\u00e8mes solaires r\u00e9sidentiels, commerciaux et industriels de petite \u00e0 moyenne taille. Il dispose d\u2019un suivi du point de puissance maximale (MPPT) qui maximise la puissance produite par les panneaux solaires dans toutes les conditions d\u2019\u00e9clairage. Il dispose \u00e9galement d\u2019une protection contre les surcharges, les courts-circuits et les inversions de polarit\u00e9 pour prot\u00e9ger le syst\u00e8me contre les dommages.<\/p>\n<p data-sourcepos=\"15:1-15:64\"><strong>Caract\u00e9ristiques principales de l\u2019onduleur solaire 48V 10kVA<\/strong><\/p>\n<ul data-sourcepos=\"17:1-22:36\">\n<li data-sourcepos=\"17:1-17:31\"><strong>Tension d\u2019entr\u00e9e CC :<\/strong> 48V<\/li>\n<li data-sourcepos=\"18:1-18:64\"><strong>Tension de sortie CA :<\/strong> 230V (monophas\u00e9) ou 400V (triphas\u00e9)<\/li>\n<li data-sourcepos=\"19:1-19:36\"><strong>Puissance de sortie CA :<\/strong> 10kVA<\/li>\n<li data-sourcepos=\"20:1-20:23\"><strong>Efficacit\u00e9 :<\/strong> &gt;95%<\/li>\n<li data-sourcepos=\"21:1-21:55\"><strong>Suivi du point de puissance maximale (MPPT) :<\/strong> Oui<\/li>\n<li data-sourcepos=\"22:1-22:36\"><strong>Protection contre les surcharges :<\/strong> Oui<\/li>\n<li data-sourcepos=\"23:1-23:49\"><strong>Protection contre les courts-circuits :<\/strong> Oui<\/li>\n<li data-sourcepos=\"24:1-25:0\"><strong>Protection contre les inversions de polarit\u00e9 :<\/strong> Oui<\/li>\n<\/ul>\n<p data-sourcepos=\"26:1-26:62\"><strong>Avantages de l\u2019utilisation d\u2019un onduleur solaire 48V 10kVA<\/strong><\/p>\n<p data-sourcepos=\"28:1-28:84\">L\u2019utilisation d\u2019un onduleur solaire 48V 10kVA offre plusieurs avantages, notamment :<\/p>\n<ul data-sourcepos=\"30:1-33:71\">\n<li data-sourcepos=\"30:1-30:263\"><strong>Augmentation de l\u2019efficacit\u00e9 du syst\u00e8me solaire :<\/strong> Le suivi du point de puissance maximale (MPPT) peut augmenter l\u2019efficacit\u00e9 du syst\u00e8me solaire jusqu\u2019\u00e0 30%. Cela signifie que vous pouvez g\u00e9n\u00e9rer plus d\u2019\u00e9lectricit\u00e9 avec la m\u00eame quantit\u00e9 de panneaux solaires.<\/li>\n<li data-sourcepos=\"31:1-31:211\"><strong>Protection du syst\u00e8me solaire :<\/strong> L\u2019onduleur dispose de plusieurs protections pour prot\u00e9ger le syst\u00e8me solaire contre les dommages, tels que les surcharges, les courts-circuits et les inversions de polarit\u00e9.<\/li>\n<li data-sourcepos=\"32:1-32:261\"><strong>Alimentation fiable des maisons, des commerces et des industries :<\/strong> L\u2019onduleur convertit le courant continu (CC) produit par les panneaux solaires en courant alternatif (CA) qui peut \u00eatre utilis\u00e9 pour alimenter les maisons, les commerces et les industries.<\/li>\n<li data-sourcepos=\"33:1-33:71\"><strong>R\u00e9duction des factures d\u2019\u00e9lectricit\u00e9 :<\/strong> En g\u00e9n\u00e9rant votre propre \u00e9lectricit\u00e9 solaire, vous pouvez r\u00e9duire vos factures d\u2019\u00e9lectricit\u00e9.<\/li>\n<li data-sourcepos=\"34:1-35:0\"><strong>Contribuer \u00e0 la protection de l\u2019environnement :<\/strong> L\u2019\u00e9nergie solaire est une source d\u2019\u00e9nergie renouvelable et durable qui ne produit pas d\u2019\u00e9missions de gaz \u00e0 effet de serre.<\/li>\n<\/ul>\n<p data-sourcepos=\"36:1-36:14\"><strong>Conclusion<\/strong><\/p>\n<p data-sourcepos=\"38:1-38:395\">L\u2019onduleur solaire 48V 10kVA est un appareil pr\u00e9cieux pour tout syst\u00e8me solaire r\u00e9sidentiel, commercial ou industriel de petite \u00e0 moyenne taille. Il peut augmenter l\u2019efficacit\u00e9 du syst\u00e8me, prot\u00e9ger le syst\u00e8me et fournir une alimentation fiable aux maisons, aux commerces et aux industries. Si vous recherchez un onduleur solaire fiable et performant, l\u2019onduleur 48V 10kVA est un excellent choix.<\/p>\n<\/div>\n<\/div>\n<\/div>","protected":false},"excerpt":{"rendered":"<p>L\u2019onduleur solaire 48V 10kVA est un appareil pr\u00e9cieux pour tout syst\u00e8me solaire r\u00e9sidentiel, commercial ou industriel de petite \u00e0 moyenne taille. Il peut augmenter l\u2019efficacit\u00e9 du syst\u00e8me,<\/p>","protected":false},"featured_media":10451,"comment_status":"open","ping_status":"closed","template":"","meta":[],"product_brand":[],"product_cat":[39],"product_tag":[],"class_list":{"0":"post-7227","1":"product","2":"type-product","3":"status-publish","4":"has-post-thumbnail","6":"product_cat-generateur-solaire-portable","8":"first","9":"instock","10":"sale","11":"featured","12":"shipping-taxable","13":"purchasable","14":"product-type-simple"},"yoast_head":"<!-- This site is optimized with the Yoast SEO Premium plugin v22.8 (Yoast SEO v25.6) - https:\/\/yoast.com\/wordpress\/plugins\/seo\/ -->\n<title>Onduleur hybride SNRE 10kva - BESTA SOLAR<\/title>\n<meta name=\"robots\" content=\"index, follow, max-snippet:-1, max-image-preview:large, max-video-preview:-1\" \/>\n<link rel=\"canonical\" href=\"https:\/\/www.bestasolar.com\/en\/product\/hanwha-q-cells-hqcaess1118-7-6kw\/\" \/>\n<meta property=\"og:locale\" content=\"en_US\" \/>\n<meta property=\"og:type\" content=\"article\" \/>\n<meta property=\"og:title\" content=\"Onduleur hybride SNRE 10kva\" \/>\n<meta property=\"og:description\" content=\"L&#039;onduleur solaire 48V 10kVA est un appareil pr\u00e9cieux pour tout syst\u00e8me solaire r\u00e9sidentiel, commercial ou industriel de petite \u00e0 moyenne taille. Il peut augmenter l&#039;efficacit\u00e9 du syst\u00e8me,\" \/>\n<meta property=\"og:url\" content=\"https:\/\/www.bestasolar.com\/en\/product\/hanwha-q-cells-hqcaess1118-7-6kw\/\" \/>\n<meta property=\"og:site_name\" content=\"BESTA SOLAR\" \/>\n<meta property=\"article:publisher\" content=\"https:\/\/www.facebook.com\/bestasolar\/\" \/>\n<meta property=\"article:modified_time\" content=\"2025-10-12T20:07:55+00:00\" \/>\n<meta property=\"og:image\" content=\"https:\/\/www.bestasolar.com\/wp-content\/uploads\/2023\/02\/2023101717252638.png\" \/>\n\t<meta property=\"og:image:width\" content=\"280\" \/>\n\t<meta property=\"og:image:height\" content=\"230\" \/>\n\t<meta property=\"og:image:type\" content=\"image\/png\" \/>\n<meta name=\"twitter:card\" content=\"summary_large_image\" \/>\n<meta name=\"twitter:label1\" content=\"Price\" \/>\n\t<meta name=\"twitter:data1\" content=\"CFA850,000.00\" \/>\n\t<meta name=\"twitter:label2\" content=\"Availability\" \/>\n\t<meta name=\"twitter:data2\" content=\"In stock\" \/>\n<script type=\"application\/ld+json\" class=\"yoast-schema-graph\">{\"@context\":\"https:\/\/schema.org\",\"@graph\":[{\"@type\":\"WebPage\",\"@id\":\"https:\/\/www.bestasolar.com\/produit\/hanwha-q-cells-hqcaess1118-7-6kw\/\",\"url\":\"https:\/\/www.bestasolar.com\/produit\/hanwha-q-cells-hqcaess1118-7-6kw\/\",\"name\":\"Onduleur hybride SNRE 10kva - BESTA SOLAR\",\"isPartOf\":{\"@id\":\"https:\/\/www.bestasolar.com\/#website\"},\"primaryImageOfPage\":{\"@id\":\"https:\/\/www.bestasolar.com\/produit\/hanwha-q-cells-hqcaess1118-7-6kw\/#primaryimage\"},\"image\":{\"@id\":\"https:\/\/www.bestasolar.com\/produit\/hanwha-q-cells-hqcaess1118-7-6kw\/#primaryimage\"},\"thumbnailUrl\":\"https:\/\/www.bestasolar.com\/wp-content\/uploads\/2023\/02\/2023101717252638.png\",\"datePublished\":\"2023-02-28T02:17:44+00:00\",\"dateModified\":\"2025-10-12T20:07:55+00:00\",\"breadcrumb\":{\"@id\":\"https:\/\/www.bestasolar.com\/produit\/hanwha-q-cells-hqcaess1118-7-6kw\/#breadcrumb\"},\"inLanguage\":\"en-US\",\"potentialAction\":[{\"@type\":\"ReadAction\",\"target\":[\"https:\/\/www.bestasolar.com\/produit\/hanwha-q-cells-hqcaess1118-7-6kw\/\"]}]},{\"@type\":\"ImageObject\",\"inLanguage\":\"en-US\",\"@id\":\"https:\/\/www.bestasolar.com\/produit\/hanwha-q-cells-hqcaess1118-7-6kw\/#primaryimage\",\"url\":\"https:\/\/www.bestasolar.com\/wp-content\/uploads\/2023\/02\/2023101717252638.png\",\"contentUrl\":\"https:\/\/www.bestasolar.com\/wp-content\/uploads\/2023\/02\/2023101717252638.png\",\"width\":280,\"height\":230,\"caption\":\"Onduleur hybride srne 10kva\"},{\"@type\":\"BreadcrumbList\",\"@id\":\"https:\/\/www.bestasolar.com\/produit\/hanwha-q-cells-hqcaess1118-7-6kw\/#breadcrumb\",\"itemListElement\":[{\"@type\":\"ListItem\",\"position\":1,\"name\":\"Home\",\"item\":\"https:\/\/www.bestasolar.com\/\"},{\"@type\":\"ListItem\",\"position\":2,\"name\":\"Shop\",\"item\":\"https:\/\/www.bestasolar.com\/shop\/\"},{\"@type\":\"ListItem\",\"position\":3,\"name\":\"Onduleur hybride SNRE 10kva\"}]},{\"@type\":\"WebSite\",\"@id\":\"https:\/\/www.bestasolar.com\/#website\",\"url\":\"https:\/\/www.bestasolar.com\/\",\"name\":\"BESTA SOLAR\",\"description\":\"Vente d&#039;equipement solaire batterie lithium onduleur mppt\",\"publisher\":{\"@id\":\"https:\/\/www.bestasolar.com\/#organization\"},\"potentialAction\":[{\"@type\":\"SearchAction\",\"target\":{\"@type\":\"EntryPoint\",\"urlTemplate\":\"https:\/\/www.bestasolar.com\/?s={search_term_string}\"},\"query-input\":{\"@type\":\"PropertyValueSpecification\",\"valueRequired\":true,\"valueName\":\"search_term_string\"}}],\"inLanguage\":\"en-US\"},{\"@type\":[\"Organization\",\"Place\",\"OfficeEquipmentStore\"],\"@id\":\"https:\/\/www.bestasolar.com\/#organization\",\"name\":\"BESTA SOLAR\",\"url\":\"https:\/\/www.bestasolar.com\/\",\"logo\":{\"@id\":\"https:\/\/www.bestasolar.com\/produit\/hanwha-q-cells-hqcaess1118-7-6kw\/#local-main-organization-logo\"},\"image\":{\"@id\":\"https:\/\/www.bestasolar.com\/produit\/hanwha-q-cells-hqcaess1118-7-6kw\/#local-main-organization-logo\"},\"sameAs\":[\"https:\/\/www.facebook.com\/bestasolar\/\",\"https:\/\/www.youtube.com\/channel\/UCYnBggiypeSN8k1IQrX6BUw\",\"https:\/\/www.tiktok.com\/@bestasolar\",\"https:\/\/www.pinterest.com\/bestasolar\/\"],\"telephone\":[\"+22961732956\"],\"contactPoint\":{\"@type\":\"ContactPoint\",\"telephone\":\"+22961732956\",\"email\":\"contact@bestasolar.com\"},\"openingHoursSpecification\":[{\"@type\":\"OpeningHoursSpecification\",\"dayOfWeek\":[\"Monday\",\"Tuesday\",\"Wednesday\",\"Thursday\",\"Friday\",\"Saturday\"],\"opens\":\"08:00\",\"closes\":\"21:00\"},{\"@type\":\"OpeningHoursSpecification\",\"dayOfWeek\":[\"Sunday\"],\"opens\":\"09:00\",\"closes\":\"18:00\"}],\"email\":\"contact@bestasolar.com\",\"faxNumber\":\"Besta Solar\",\"areaServed\":\"Afrique de l'ouest\",\"taxID\":\"02022748823174\",\"currenciesAccepted\":\"CFA\"},{\"@type\":\"ImageObject\",\"inLanguage\":\"en-US\",\"@id\":\"https:\/\/www.bestasolar.com\/produit\/hanwha-q-cells-hqcaess1118-7-6kw\/#local-main-organization-logo\",\"url\":\"https:\/\/www.bestasolar.com\/wp-content\/uploads\/2023\/01\/BESTA-SOLAR-Logo-01-1.png\",\"contentUrl\":\"https:\/\/www.bestasolar.com\/wp-content\/uploads\/2023\/01\/BESTA-SOLAR-Logo-01-1.png\",\"width\":6250,\"height\":4167,\"caption\":\"BESTA SOLAR\"}]}<\/script>\n<meta property=\"product:price:amount\" content=\"850000.00\" \/>\n<meta property=\"product:price:currency\" content=\"XOF\" \/>\n<meta property=\"og:availability\" content=\"instock\" \/>\n<meta property=\"product:availability\" content=\"instock\" \/>\n<meta property=\"product:retailer_item_id\" content=\"SM06\" \/>\n<meta property=\"product:condition\" content=\"new\" \/>\n<meta name=\"geo.placename\" content=\"parakou\" \/>\n<meta name=\"geo.region\" content=\"Benin\" \/>\n<!-- \/ Yoast SEO Premium plugin. -->","yoast_head_json":{"title":"Onduleur hybride SNRE 10kva - BESTA SOLAR","robots":{"index":"index","follow":"follow","max-snippet":"max-snippet:-1","max-image-preview":"max-image-preview:large","max-video-preview":"max-video-preview:-1"},"canonical":"https:\/\/www.bestasolar.com\/en\/product\/hanwha-q-cells-hqcaess1118-7-6kw\/","og_locale":"en_US","og_type":"article","og_title":"Onduleur hybride SNRE 10kva","og_description":"L'onduleur solaire 48V 10kVA est un appareil pr\u00e9cieux pour tout syst\u00e8me solaire r\u00e9sidentiel, commercial ou industriel de petite \u00e0 moyenne taille. Il peut augmenter l'efficacit\u00e9 du syst\u00e8me,","og_url":"https:\/\/www.bestasolar.com\/en\/product\/hanwha-q-cells-hqcaess1118-7-6kw\/","og_site_name":"BESTA SOLAR","article_publisher":"https:\/\/www.facebook.com\/bestasolar\/","article_modified_time":"2025-10-12T20:07:55+00:00","og_image":[{"width":280,"height":230,"url":"https:\/\/www.bestasolar.com\/wp-content\/uploads\/2023\/02\/2023101717252638.png","type":"image\/png"}],"twitter_card":"summary_large_image","twitter_misc":{"Price":"CFA850,000.00","Availability":"In stock"},"schema":{"@context":"https:\/\/schema.org","@graph":[{"@type":"WebPage","@id":"https:\/\/www.bestasolar.com\/produit\/hanwha-q-cells-hqcaess1118-7-6kw\/","url":"https:\/\/www.bestasolar.com\/produit\/hanwha-q-cells-hqcaess1118-7-6kw\/","name":"Onduleur hybride SNRE 10kva - BESTA SOLAR","isPartOf":{"@id":"https:\/\/www.bestasolar.com\/#website"},"primaryImageOfPage":{"@id":"https:\/\/www.bestasolar.com\/produit\/hanwha-q-cells-hqcaess1118-7-6kw\/#primaryimage"},"image":{"@id":"https:\/\/www.bestasolar.com\/produit\/hanwha-q-cells-hqcaess1118-7-6kw\/#primaryimage"},"thumbnailUrl":"https:\/\/www.bestasolar.com\/wp-content\/uploads\/2023\/02\/2023101717252638.png","datePublished":"2023-02-28T02:17:44+00:00","dateModified":"2025-10-12T20:07:55+00:00","breadcrumb":{"@id":"https:\/\/www.bestasolar.com\/produit\/hanwha-q-cells-hqcaess1118-7-6kw\/#breadcrumb"},"inLanguage":"en-US","potentialAction":[{"@type":"ReadAction","target":["https:\/\/www.bestasolar.com\/produit\/hanwha-q-cells-hqcaess1118-7-6kw\/"]}]},{"@type":"ImageObject","inLanguage":"en-US","@id":"https:\/\/www.bestasolar.com\/produit\/hanwha-q-cells-hqcaess1118-7-6kw\/#primaryimage","url":"https:\/\/www.bestasolar.com\/wp-content\/uploads\/2023\/02\/2023101717252638.png","contentUrl":"https:\/\/www.bestasolar.com\/wp-content\/uploads\/2023\/02\/2023101717252638.png","width":280,"height":230,"caption":"Onduleur hybride srne 10kva"},{"@type":"BreadcrumbList","@id":"https:\/\/www.bestasolar.com\/produit\/hanwha-q-cells-hqcaess1118-7-6kw\/#breadcrumb","itemListElement":[{"@type":"ListItem","position":1,"name":"Home","item":"https:\/\/www.bestasolar.com\/"},{"@type":"ListItem","position":2,"name":"Shop","item":"https:\/\/www.bestasolar.com\/shop\/"},{"@type":"ListItem","position":3,"name":"Onduleur hybride SNRE 10kva"}]},{"@type":"WebSite","@id":"https:\/\/www.bestasolar.com\/#website","url":"https:\/\/www.bestasolar.com\/","name":"BESTA SOLAR","description":"Vente d&#039;equipement solaire batterie lithium onduleur mppt","publisher":{"@id":"https:\/\/www.bestasolar.com\/#organization"},"potentialAction":[{"@type":"SearchAction","target":{"@type":"EntryPoint","urlTemplate":"https:\/\/www.bestasolar.com\/?s={search_term_string}"},"query-input":{"@type":"PropertyValueSpecification","valueRequired":true,"valueName":"search_term_string"}}],"inLanguage":"en-US"},{"@type":["Organization","Place","OfficeEquipmentStore"],"@id":"https:\/\/www.bestasolar.com\/#organization","name":"BESTA SOLAR","url":"https:\/\/www.bestasolar.com\/","logo":{"@id":"https:\/\/www.bestasolar.com\/produit\/hanwha-q-cells-hqcaess1118-7-6kw\/#local-main-organization-logo"},"image":{"@id":"https:\/\/www.bestasolar.com\/produit\/hanwha-q-cells-hqcaess1118-7-6kw\/#local-main-organization-logo"},"sameAs":["https:\/\/www.facebook.com\/bestasolar\/","https:\/\/www.youtube.com\/channel\/UCYnBggiypeSN8k1IQrX6BUw","https:\/\/www.tiktok.com\/@bestasolar","https:\/\/www.pinterest.com\/bestasolar\/"],"telephone":["+22961732956"],"contactPoint":{"@type":"ContactPoint","telephone":"+22961732956","email":"contact@bestasolar.com"},"openingHoursSpecification":[{"@type":"OpeningHoursSpecification","dayOfWeek":["Monday","Tuesday","Wednesday","Thursday","Friday","Saturday"],"opens":"08:00","closes":"21:00"},{"@type":"OpeningHoursSpecification","dayOfWeek":["Sunday"],"opens":"09:00","closes":"18:00"}],"email":"contact@bestasolar.com","faxNumber":"Besta Solar","areaServed":"Afrique de l'ouest","taxID":"02022748823174","currenciesAccepted":"CFA"},{"@type":"ImageObject","inLanguage":"en-US","@id":"https:\/\/www.bestasolar.com\/produit\/hanwha-q-cells-hqcaess1118-7-6kw\/#local-main-organization-logo","url":"https:\/\/www.bestasolar.com\/wp-content\/uploads\/2023\/01\/BESTA-SOLAR-Logo-01-1.png","contentUrl":"https:\/\/www.bestasolar.com\/wp-content\/uploads\/2023\/01\/BESTA-SOLAR-Logo-01-1.png","width":6250,"height":4167,"caption":"BESTA SOLAR"}]},"product_price_amount":"850000.00","product_price_currency":"XOF","og_availability":"instock","product_availability":"instock","product_retailer_item_id":"SM06","product_condition":"new","geo.placename":"parakou","geo.region":"Benin"},"jetpack_sharing_enabled":true,"_links":{"self":[{"href":"https:\/\/www.bestasolar.com\/en\/wp-json\/wp\/v2\/product\/7227"}],"collection":[{"href":"https:\/\/www.bestasolar.com\/en\/wp-json\/wp\/v2\/product"}],"about":[{"href":"https:\/\/www.bestasolar.com\/en\/wp-json\/wp\/v2\/types\/product"}],"replies":[{"embeddable":true,"href":"https:\/\/www.bestasolar.com\/en\/wp-json\/wp\/v2\/comments?post=7227"}],"wp:featuredmedia":[{"embeddable":true,"href":"https:\/\/www.bestasolar.com\/en\/wp-json\/wp\/v2\/media\/10451"}],"wp:attachment":[{"href":"https:\/\/www.bestasolar.com\/en\/wp-json\/wp\/v2\/media?parent=7227"}],"wp:term":[{"taxonomy":"product_brand","embeddable":true,"href":"https:\/\/www.bestasolar.com\/en\/wp-json\/wp\/v2\/product_brand?post=7227"},{"taxonomy":"product_cat","embeddable":true,"href":"https:\/\/www.bestasolar.com\/en\/wp-json\/wp\/v2\/product_cat?post=7227"},{"taxonomy":"product_tag","embeddable":true,"href":"https:\/\/www.bestasolar.com\/en\/wp-json\/wp\/v2\/product_tag?post=7227"}],"curies":[{"name":"wp","href":"https:\/\/api.w.org\/{rel}","templated":true}]}}