{"id":7228,"date":"2023-02-28T02:19:18","date_gmt":"2023-02-28T02:19:18","guid":{"rendered":"https:\/\/www.bestasolar.com\/?post_type=product&#038;p=7228"},"modified":"2025-10-12T22:07:30","modified_gmt":"2025-10-12T20:07:30","slug":"onduleur-hybride-srne-5kva","status":"publish","type":"product","link":"https:\/\/www.bestasolar.com\/en\/product\/onduleur-hybride-srne-5kva\/","title":{"rendered":"Onduleur hybride SRNE 5kva"},"content":{"rendered":"<p data-sourcepos=\"7:1-7:105\">L\u2019onduleur dispose \u00e9galement de plusieurs voyants lumineux qui indiquent l\u2019\u00e9tat de l\u2019onduleur, tels que :<\/p>\n<ul data-sourcepos=\"9:1-10:22\">\n<li data-sourcepos=\"9:1-9:119\"><strong>Voyant lumineux d\u2019alimentation secteur :<\/strong> Ce voyant s\u2019allume lorsque l\u2019onduleur est connect\u00e9 au r\u00e9seau \u00e9lectrique.<\/li>\n<li data-sourcepos=\"10:1-10:22\"><strong>Voyant lumineux de surcharge :<\/strong> Ce voyant s\u2019allume lorsque l\u2019onduleur est surcharg\u00e9.<\/li>\n<li data-sourcepos=\"11:1-12:0\"><strong>Voyant lumineux de d\u00e9faut :<\/strong> Ce voyant s\u2019allume lorsqu\u2019il y a un d\u00e9faut avec l\u2019onduleur.<\/li>\n<\/ul>\n<p data-sourcepos=\"13:1-13:476\">L\u2019onduleur est dot\u00e9 de plusieurs fonctionnalit\u00e9s qui en font un choix id\u00e9al pour les syst\u00e8mes solaires r\u00e9sidentiels et commerciaux de petite \u00e0 moyenne taille. Il dispose d\u2019un suivi du point de puissance maximale (MPPT) qui maximise la puissance produite par les panneaux solaires dans toutes les conditions d\u2019\u00e9clairage. Il dispose \u00e9galement d\u2019une protection contre les surcharges, les courts-circuits et les inversions de polarit\u00e9 pour prot\u00e9ger le syst\u00e8me contre les dommages.<\/p>\n<p data-sourcepos=\"15:1-15:62\"><strong>Caract\u00e9ristiques principales de l\u2019onduleur solaire 48V 5kW<\/strong><\/p>\n<ul data-sourcepos=\"17:1-18:45\">\n<li data-sourcepos=\"17:1-17:31\"><strong>Tension d\u2019entr\u00e9e CC :<\/strong> 48V<\/li>\n<li data-sourcepos=\"18:1-18:45\"><strong>Tension de sortie CA :<\/strong> 230V (monophas\u00e9) ou 400V (triphas\u00e9)<\/li>\n<li data-sourcepos=\"19:1-19:34\"><strong>Puissance de sortie CA :<\/strong> 5kW<\/li>\n<li data-sourcepos=\"20:1-20:23\"><strong>Efficacit\u00e9 :<\/strong> &gt;95%<\/li>\n<li data-sourcepos=\"21:1-21:55\"><strong>Suivi du point de puissance maximale (MPPT) :<\/strong> Oui<\/li>\n<li data-sourcepos=\"22:1-22:44\"><strong>Protection contre les surcharges :<\/strong> Oui<\/li>\n<li data-sourcepos=\"23:1-23:49\"><strong>Protection contre les courts-circuits :<\/strong> Oui<\/li>\n<li data-sourcepos=\"24:1-25:0\"><strong>Protection contre les inversions de polarit\u00e9 :<\/strong> Oui<\/li>\n<\/ul>\n<p data-sourcepos=\"26:1-26:60\"><strong>Avantages de l\u2019utilisation d\u2019un onduleur solaire 48V 5kW<\/strong><\/p>\n<p data-sourcepos=\"28:1-28:82\">L\u2019utilisation d\u2019un onduleur solaire 48V 5kW offre plusieurs avantages, notamment :<\/p>\n<ul data-sourcepos=\"30:1-31:183\">\n<li data-sourcepos=\"30:1-30:263\"><strong>Augmentation de l\u2019efficacit\u00e9 du syst\u00e8me solaire :<\/strong> Le suivi du point de puissance maximale (MPPT) peut augmenter l\u2019efficacit\u00e9 du syst\u00e8me solaire jusqu\u2019\u00e0 30%. Cela signifie que vous pouvez g\u00e9n\u00e9rer plus d\u2019\u00e9lectricit\u00e9 avec la m\u00eame quantit\u00e9 de panneaux solaires.<\/li>\n<li data-sourcepos=\"31:1-31:183\"><strong>Protection du syst\u00e8me solaire :<\/strong> L\u2019onduleur dispose de plusieurs protections pour prot\u00e9ger le syst\u00e8me solaire contre les dommages, tels que les surcharges, les courts-circuits et les inversions de polarit\u00e9.<\/li>\n<li data-sourcepos=\"32:1-32:253\"><strong>Alimentation fiable des appareils m\u00e9nagers et autres charges :<\/strong> L\u2019onduleur convertit le courant continu (CC) produit par les panneaux solaires en courant alternatif (CA) qui peut \u00eatre utilis\u00e9 pour alimenter les appareils m\u00e9nagers et autres charges.<\/li>\n<li data-sourcepos=\"33:1-34:0\"><strong>R\u00e9duction des factures d\u2019\u00e9lectricit\u00e9 :<\/strong> En g\u00e9n\u00e9rant votre propre \u00e9lectricit\u00e9 solaire, vous pouvez r\u00e9duire vos factures d\u2019\u00e9lectricit\u00e9.<\/li>\n<\/ul>\n<p data-sourcepos=\"35:1-35:14\"><strong>Conclusion<\/strong><\/p>\n<p data-sourcepos=\"37:1-37:375\">L\u2019onduleur solaire 48V 5kW est un appareil pr\u00e9cieux pour tout syst\u00e8me solaire r\u00e9sidentiel ou commercial de petite \u00e0 moyenne taille. Il peut augmenter l\u2019efficacit\u00e9 du syst\u00e8me, prot\u00e9ger le syst\u00e8me et fournir une alimentation fiable aux appareils m\u00e9nagers et autres charges. Si vous recherchez un onduleur solaire fiable et performant, l\u2019onduleur 48V 5kW est un excellent choix.<\/p>","protected":false},"excerpt":{"rendered":"<p>L\u2019onduleur solaire 48V 5kW est un appareil pr\u00e9cieux pour tout syst\u00e8me solaire r\u00e9sidentiel ou commercial de petite \u00e0 moyenne taille<\/p>","protected":false},"featured_media":10452,"comment_status":"open","ping_status":"closed","template":"","meta":[],"product_brand":[],"product_cat":[39],"product_tag":[67],"class_list":{"0":"post-7228","1":"product","2":"type-product","3":"status-publish","4":"has-post-thumbnail","6":"product_cat-generateur-solaire-portable","7":"product_tag-srne","9":"first","10":"instock","11":"sale","12":"featured","13":"shipping-taxable","14":"purchasable","15":"product-type-simple"},"yoast_head":"<!-- This site is optimized with the Yoast SEO Premium plugin v22.8 (Yoast SEO v25.6) - https:\/\/yoast.com\/wordpress\/plugins\/seo\/ -->\n<title>Onduleur hybride SRNE 5kva - BESTA SOLAR<\/title>\n<meta name=\"robots\" content=\"index, follow, max-snippet:-1, max-image-preview:large, max-video-preview:-1\" \/>\n<link rel=\"canonical\" href=\"https:\/\/www.bestasolar.com\/en\/product\/onduleur-hybride-srne-5kva\/\" \/>\n<meta property=\"og:locale\" content=\"en_US\" \/>\n<meta property=\"og:type\" content=\"article\" \/>\n<meta property=\"og:title\" content=\"Onduleur hybride SRNE 5kva\" \/>\n<meta property=\"og:description\" content=\"L&#039;onduleur solaire 48V 5kW est un appareil pr\u00e9cieux pour tout syst\u00e8me solaire r\u00e9sidentiel ou commercial de petite \u00e0 moyenne taille\" \/>\n<meta property=\"og:url\" content=\"https:\/\/www.bestasolar.com\/en\/product\/onduleur-hybride-srne-5kva\/\" \/>\n<meta property=\"og:site_name\" content=\"BESTA SOLAR\" \/>\n<meta property=\"article:publisher\" content=\"https:\/\/www.facebook.com\/bestasolar\/\" \/>\n<meta property=\"article:modified_time\" content=\"2025-10-12T20:07:30+00:00\" \/>\n<meta property=\"og:image\" content=\"https:\/\/www.bestasolar.com\/wp-content\/uploads\/2023\/02\/2023080210456107.png\" \/>\n\t<meta property=\"og:image:width\" content=\"280\" \/>\n\t<meta property=\"og:image:height\" content=\"230\" \/>\n\t<meta property=\"og:image:type\" content=\"image\/png\" \/>\n<meta name=\"twitter:card\" content=\"summary_large_image\" \/>\n<meta name=\"twitter:label1\" content=\"Price\" \/>\n\t<meta name=\"twitter:data1\" content=\"CFA480,000.00\" \/>\n\t<meta name=\"twitter:label2\" content=\"Availability\" \/>\n\t<meta name=\"twitter:data2\" content=\"In stock\" \/>\n<script type=\"application\/ld+json\" class=\"yoast-schema-graph\">{\"@context\":\"https:\/\/schema.org\",\"@graph\":[{\"@type\":\"WebPage\",\"@id\":\"https:\/\/www.bestasolar.com\/produit\/onduleur-hybride-srne-5kva\/\",\"url\":\"https:\/\/www.bestasolar.com\/produit\/onduleur-hybride-srne-5kva\/\",\"name\":\"Onduleur hybride SRNE 5kva - BESTA SOLAR\",\"isPartOf\":{\"@id\":\"https:\/\/www.bestasolar.com\/#website\"},\"primaryImageOfPage\":{\"@id\":\"https:\/\/www.bestasolar.com\/produit\/onduleur-hybride-srne-5kva\/#primaryimage\"},\"image\":{\"@id\":\"https:\/\/www.bestasolar.com\/produit\/onduleur-hybride-srne-5kva\/#primaryimage\"},\"thumbnailUrl\":\"https:\/\/www.bestasolar.com\/wp-content\/uploads\/2023\/02\/2023080210456107.png\",\"datePublished\":\"2023-02-28T02:19:18+00:00\",\"dateModified\":\"2025-10-12T20:07:30+00:00\",\"breadcrumb\":{\"@id\":\"https:\/\/www.bestasolar.com\/produit\/onduleur-hybride-srne-5kva\/#breadcrumb\"},\"inLanguage\":\"en-US\",\"potentialAction\":[{\"@type\":\"ReadAction\",\"target\":[\"https:\/\/www.bestasolar.com\/produit\/onduleur-hybride-srne-5kva\/\"]}]},{\"@type\":\"ImageObject\",\"inLanguage\":\"en-US\",\"@id\":\"https:\/\/www.bestasolar.com\/produit\/onduleur-hybride-srne-5kva\/#primaryimage\",\"url\":\"https:\/\/www.bestasolar.com\/wp-content\/uploads\/2023\/02\/2023080210456107.png\",\"contentUrl\":\"https:\/\/www.bestasolar.com\/wp-content\/uploads\/2023\/02\/2023080210456107.png\",\"width\":280,\"height\":230},{\"@type\":\"BreadcrumbList\",\"@id\":\"https:\/\/www.bestasolar.com\/produit\/onduleur-hybride-srne-5kva\/#breadcrumb\",\"itemListElement\":[{\"@type\":\"ListItem\",\"position\":1,\"name\":\"Home\",\"item\":\"https:\/\/www.bestasolar.com\/\"},{\"@type\":\"ListItem\",\"position\":2,\"name\":\"Shop\",\"item\":\"https:\/\/www.bestasolar.com\/shop\/\"},{\"@type\":\"ListItem\",\"position\":3,\"name\":\"Onduleur hybride SRNE 5kva\"}]},{\"@type\":\"WebSite\",\"@id\":\"https:\/\/www.bestasolar.com\/#website\",\"url\":\"https:\/\/www.bestasolar.com\/\",\"name\":\"BESTA SOLAR\",\"description\":\"Vente d&#039;equipement solaire batterie lithium onduleur mppt\",\"publisher\":{\"@id\":\"https:\/\/www.bestasolar.com\/#organization\"},\"potentialAction\":[{\"@type\":\"SearchAction\",\"target\":{\"@type\":\"EntryPoint\",\"urlTemplate\":\"https:\/\/www.bestasolar.com\/?s={search_term_string}\"},\"query-input\":{\"@type\":\"PropertyValueSpecification\",\"valueRequired\":true,\"valueName\":\"search_term_string\"}}],\"inLanguage\":\"en-US\"},{\"@type\":[\"Organization\",\"Place\",\"OfficeEquipmentStore\"],\"@id\":\"https:\/\/www.bestasolar.com\/#organization\",\"name\":\"BESTA SOLAR\",\"url\":\"https:\/\/www.bestasolar.com\/\",\"logo\":{\"@id\":\"https:\/\/www.bestasolar.com\/produit\/onduleur-hybride-srne-5kva\/#local-main-organization-logo\"},\"image\":{\"@id\":\"https:\/\/www.bestasolar.com\/produit\/onduleur-hybride-srne-5kva\/#local-main-organization-logo\"},\"sameAs\":[\"https:\/\/www.facebook.com\/bestasolar\/\",\"https:\/\/www.youtube.com\/channel\/UCYnBggiypeSN8k1IQrX6BUw\",\"https:\/\/www.tiktok.com\/@bestasolar\",\"https:\/\/www.pinterest.com\/bestasolar\/\"],\"telephone\":[\"+22961732956\"],\"contactPoint\":{\"@type\":\"ContactPoint\",\"telephone\":\"+22961732956\",\"email\":\"contact@bestasolar.com\"},\"openingHoursSpecification\":[{\"@type\":\"OpeningHoursSpecification\",\"dayOfWeek\":[\"Monday\",\"Tuesday\",\"Wednesday\",\"Thursday\",\"Friday\",\"Saturday\"],\"opens\":\"08:00\",\"closes\":\"21:00\"},{\"@type\":\"OpeningHoursSpecification\",\"dayOfWeek\":[\"Sunday\"],\"opens\":\"09:00\",\"closes\":\"18:00\"}],\"email\":\"contact@bestasolar.com\",\"faxNumber\":\"Besta Solar\",\"areaServed\":\"Afrique de l'ouest\",\"taxID\":\"02022748823174\",\"currenciesAccepted\":\"CFA\"},{\"@type\":\"ImageObject\",\"inLanguage\":\"en-US\",\"@id\":\"https:\/\/www.bestasolar.com\/produit\/onduleur-hybride-srne-5kva\/#local-main-organization-logo\",\"url\":\"https:\/\/www.bestasolar.com\/wp-content\/uploads\/2023\/01\/BESTA-SOLAR-Logo-01-1.png\",\"contentUrl\":\"https:\/\/www.bestasolar.com\/wp-content\/uploads\/2023\/01\/BESTA-SOLAR-Logo-01-1.png\",\"width\":6250,\"height\":4167,\"caption\":\"BESTA SOLAR\"}]}<\/script>\n<meta property=\"product:price:amount\" content=\"480000.00\" \/>\n<meta property=\"product:price:currency\" content=\"XOF\" \/>\n<meta property=\"og:availability\" content=\"instock\" \/>\n<meta property=\"product:availability\" content=\"instock\" \/>\n<meta property=\"product:retailer_item_id\" content=\"SM04\" \/>\n<meta property=\"product:condition\" content=\"new\" \/>\n<meta name=\"geo.placename\" content=\"parakou\" \/>\n<meta name=\"geo.region\" content=\"Benin\" \/>\n<!-- \/ Yoast SEO Premium plugin. -->","yoast_head_json":{"title":"Onduleur hybride SRNE 5kva - BESTA SOLAR","robots":{"index":"index","follow":"follow","max-snippet":"max-snippet:-1","max-image-preview":"max-image-preview:large","max-video-preview":"max-video-preview:-1"},"canonical":"https:\/\/www.bestasolar.com\/en\/product\/onduleur-hybride-srne-5kva\/","og_locale":"en_US","og_type":"article","og_title":"Onduleur hybride SRNE 5kva","og_description":"L'onduleur solaire 48V 5kW est un appareil pr\u00e9cieux pour tout syst\u00e8me solaire r\u00e9sidentiel ou commercial de petite \u00e0 moyenne taille","og_url":"https:\/\/www.bestasolar.com\/en\/product\/onduleur-hybride-srne-5kva\/","og_site_name":"BESTA SOLAR","article_publisher":"https:\/\/www.facebook.com\/bestasolar\/","article_modified_time":"2025-10-12T20:07:30+00:00","og_image":[{"width":280,"height":230,"url":"https:\/\/www.bestasolar.com\/wp-content\/uploads\/2023\/02\/2023080210456107.png","type":"image\/png"}],"twitter_card":"summary_large_image","twitter_misc":{"Price":"CFA480,000.00","Availability":"In stock"},"schema":{"@context":"https:\/\/schema.org","@graph":[{"@type":"WebPage","@id":"https:\/\/www.bestasolar.com\/produit\/onduleur-hybride-srne-5kva\/","url":"https:\/\/www.bestasolar.com\/produit\/onduleur-hybride-srne-5kva\/","name":"Onduleur hybride SRNE 5kva - BESTA SOLAR","isPartOf":{"@id":"https:\/\/www.bestasolar.com\/#website"},"primaryImageOfPage":{"@id":"https:\/\/www.bestasolar.com\/produit\/onduleur-hybride-srne-5kva\/#primaryimage"},"image":{"@id":"https:\/\/www.bestasolar.com\/produit\/onduleur-hybride-srne-5kva\/#primaryimage"},"thumbnailUrl":"https:\/\/www.bestasolar.com\/wp-content\/uploads\/2023\/02\/2023080210456107.png","datePublished":"2023-02-28T02:19:18+00:00","dateModified":"2025-10-12T20:07:30+00:00","breadcrumb":{"@id":"https:\/\/www.bestasolar.com\/produit\/onduleur-hybride-srne-5kva\/#breadcrumb"},"inLanguage":"en-US","potentialAction":[{"@type":"ReadAction","target":["https:\/\/www.bestasolar.com\/produit\/onduleur-hybride-srne-5kva\/"]}]},{"@type":"ImageObject","inLanguage":"en-US","@id":"https:\/\/www.bestasolar.com\/produit\/onduleur-hybride-srne-5kva\/#primaryimage","url":"https:\/\/www.bestasolar.com\/wp-content\/uploads\/2023\/02\/2023080210456107.png","contentUrl":"https:\/\/www.bestasolar.com\/wp-content\/uploads\/2023\/02\/2023080210456107.png","width":280,"height":230},{"@type":"BreadcrumbList","@id":"https:\/\/www.bestasolar.com\/produit\/onduleur-hybride-srne-5kva\/#breadcrumb","itemListElement":[{"@type":"ListItem","position":1,"name":"Home","item":"https:\/\/www.bestasolar.com\/"},{"@type":"ListItem","position":2,"name":"Shop","item":"https:\/\/www.bestasolar.com\/shop\/"},{"@type":"ListItem","position":3,"name":"Onduleur hybride SRNE 5kva"}]},{"@type":"WebSite","@id":"https:\/\/www.bestasolar.com\/#website","url":"https:\/\/www.bestasolar.com\/","name":"BESTA SOLAR","description":"Vente d&#039;equipement solaire batterie lithium onduleur mppt","publisher":{"@id":"https:\/\/www.bestasolar.com\/#organization"},"potentialAction":[{"@type":"SearchAction","target":{"@type":"EntryPoint","urlTemplate":"https:\/\/www.bestasolar.com\/?s={search_term_string}"},"query-input":{"@type":"PropertyValueSpecification","valueRequired":true,"valueName":"search_term_string"}}],"inLanguage":"en-US"},{"@type":["Organization","Place","OfficeEquipmentStore"],"@id":"https:\/\/www.bestasolar.com\/#organization","name":"BESTA SOLAR","url":"https:\/\/www.bestasolar.com\/","logo":{"@id":"https:\/\/www.bestasolar.com\/produit\/onduleur-hybride-srne-5kva\/#local-main-organization-logo"},"image":{"@id":"https:\/\/www.bestasolar.com\/produit\/onduleur-hybride-srne-5kva\/#local-main-organization-logo"},"sameAs":["https:\/\/www.facebook.com\/bestasolar\/","https:\/\/www.youtube.com\/channel\/UCYnBggiypeSN8k1IQrX6BUw","https:\/\/www.tiktok.com\/@bestasolar","https:\/\/www.pinterest.com\/bestasolar\/"],"telephone":["+22961732956"],"contactPoint":{"@type":"ContactPoint","telephone":"+22961732956","email":"contact@bestasolar.com"},"openingHoursSpecification":[{"@type":"OpeningHoursSpecification","dayOfWeek":["Monday","Tuesday","Wednesday","Thursday","Friday","Saturday"],"opens":"08:00","closes":"21:00"},{"@type":"OpeningHoursSpecification","dayOfWeek":["Sunday"],"opens":"09:00","closes":"18:00"}],"email":"contact@bestasolar.com","faxNumber":"Besta Solar","areaServed":"Afrique de l'ouest","taxID":"02022748823174","currenciesAccepted":"CFA"},{"@type":"ImageObject","inLanguage":"en-US","@id":"https:\/\/www.bestasolar.com\/produit\/onduleur-hybride-srne-5kva\/#local-main-organization-logo","url":"https:\/\/www.bestasolar.com\/wp-content\/uploads\/2023\/01\/BESTA-SOLAR-Logo-01-1.png","contentUrl":"https:\/\/www.bestasolar.com\/wp-content\/uploads\/2023\/01\/BESTA-SOLAR-Logo-01-1.png","width":6250,"height":4167,"caption":"BESTA SOLAR"}]},"product_price_amount":"480000.00","product_price_currency":"XOF","og_availability":"instock","product_availability":"instock","product_retailer_item_id":"SM04","product_condition":"new","geo.placename":"parakou","geo.region":"Benin"},"jetpack_sharing_enabled":true,"_links":{"self":[{"href":"https:\/\/www.bestasolar.com\/en\/wp-json\/wp\/v2\/product\/7228"}],"collection":[{"href":"https:\/\/www.bestasolar.com\/en\/wp-json\/wp\/v2\/product"}],"about":[{"href":"https:\/\/www.bestasolar.com\/en\/wp-json\/wp\/v2\/types\/product"}],"replies":[{"embeddable":true,"href":"https:\/\/www.bestasolar.com\/en\/wp-json\/wp\/v2\/comments?post=7228"}],"wp:featuredmedia":[{"embeddable":true,"href":"https:\/\/www.bestasolar.com\/en\/wp-json\/wp\/v2\/media\/10452"}],"wp:attachment":[{"href":"https:\/\/www.bestasolar.com\/en\/wp-json\/wp\/v2\/media?parent=7228"}],"wp:term":[{"taxonomy":"product_brand","embeddable":true,"href":"https:\/\/www.bestasolar.com\/en\/wp-json\/wp\/v2\/product_brand?post=7228"},{"taxonomy":"product_cat","embeddable":true,"href":"https:\/\/www.bestasolar.com\/en\/wp-json\/wp\/v2\/product_cat?post=7228"},{"taxonomy":"product_tag","embeddable":true,"href":"https:\/\/www.bestasolar.com\/en\/wp-json\/wp\/v2\/product_tag?post=7228"}],"curies":[{"name":"wp","href":"https:\/\/api.w.org\/{rel}","templated":true}]}}