{"id":7232,"date":"2023-03-22T00:00:59","date_gmt":"2023-03-22T00:00:59","guid":{"rendered":"https:\/\/www.bestasolar.com\/?post_type=product&#038;p=7232"},"modified":"2025-10-16T22:36:34","modified_gmt":"2025-10-16T20:36:34","slug":"batterie-lithium-5kwh-taico","status":"publish","type":"product","link":"https:\/\/www.bestasolar.com\/en\/product\/batterie-lithium-5kwh-taico\/","title":{"rendered":"Batterie lithium 5kWh Taico"},"content":{"rendered":"<p data-sourcepos=\"7:1-7:88\">La batterie lithium 5kWh Taico dimension de 520 x 220 x 170 mm et p\u00e8se environ 50 kg. La batterie est dot\u00e9e d\u2019un \u00e9cran LCD qui affiche des informations telles que la tension, le courant, la capacit\u00e9 et la temp\u00e9rature.<\/p>\n<p data-sourcepos=\"9:1-9:13\"><strong>Avantages<\/strong><\/p>\n<p data-sourcepos=\"11:1-11:73\">La batterie lithium 5kWh Taico offrent plusieurs avantages, notamment :<\/p>\n<ul data-sourcepos=\"13:1-14:202\">\n<li data-sourcepos=\"13:1-13:200\"><strong>Haute efficacit\u00e9 :<\/strong> Les batteries LFP ont une efficacit\u00e9 de charge et de d\u00e9charge \u00e9lev\u00e9e, ce qui signifie qu\u2019elles peuvent stocker plus d\u2019\u00e9nergie et en utiliser plus pour alimenter vos appareils.<\/li>\n<li data-sourcepos=\"14:1-14:202\"><strong>Longue dur\u00e9e de vie :<\/strong> Les batteries LFP ont une dur\u00e9e de vie beaucoup plus longue que les autres types de batteries lithium-ion, telles que les batteries lithium-ion NMC (nickel-mangan\u00e8se-cobalt). Elles peuvent durer jusqu\u2019\u00e0 10 000 cycles de charge et de d\u00e9charge.<\/li>\n<li data-sourcepos=\"15:1-15:165\"><strong>S\u00e9curit\u00e9 accrue :<\/strong> Les batteries LFP sont chimiquement stables et moins susceptibles de s\u2019enflammer ou d\u2019exploser que les autres types de batteries lithium-ion.<\/li>\n<li data-sourcepos=\"16:1-16:127\"><strong>Large plage de temp\u00e9rature :<\/strong> Les batteries LFP peuvent fonctionner dans une large plage de temp\u00e9ratures, de -20\u00b0C \u00e0 50\u00b0C.<\/li>\n<li data-sourcepos=\"17:1-18:0\"><strong>Sans entretien :<\/strong> Les batteries LFP ne n\u00e9cessitent aucun entretien particulier<\/li>\n<\/ul>","protected":false},"excerpt":{"rendered":"<p>La batterie lithium 5kWh Taico dimension de 520 x 220 x 170 mm et p\u00e8se environ 50 kg. La batterie est dot\u00e9e d\u2019un \u00e9cran LCD qui affiche des informations telles que la tension, le courant, la capacit\u00e9 et la temp\u00e9rature.<\/p>\n<div id=\"gtx-trans\" style=\"position: absolute; left: 215px; top: 47.4px;\">\n<div class=\"gtx-trans-icon\"><\/div>\n<\/div>","protected":false},"featured_media":10438,"comment_status":"open","ping_status":"closed","template":"","meta":[],"product_brand":[],"product_cat":[39],"product_tag":[],"class_list":{"0":"post-7232","1":"product","2":"type-product","3":"status-publish","4":"has-post-thumbnail","6":"product_cat-generateur-solaire-portable","8":"first","9":"instock","10":"sale","11":"featured","12":"shipping-taxable","13":"purchasable","14":"product-type-simple"},"yoast_head":"<!-- This site is optimized with the Yoast SEO Premium plugin v22.8 (Yoast SEO v25.6) - https:\/\/yoast.com\/wordpress\/plugins\/seo\/ -->\n<title>Batterie lithium 5kWh Taico - BESTA SOLAR<\/title>\n<meta name=\"description\" content=\"La batterie lithium 5kWh Taico dimension de 520 x 220 x 170 mm et p\u00e8se environ 50 kg. La batterie est dot\u00e9e d&#039;un \u00e9cran LCD qui affiche des informations\" \/>\n<meta name=\"robots\" content=\"index, follow, max-snippet:-1, max-image-preview:large, max-video-preview:-1\" \/>\n<link rel=\"canonical\" href=\"https:\/\/www.bestasolar.com\/en\/product\/batterie-lithium-5kwh-taico\/\" \/>\n<meta property=\"og:locale\" content=\"en_US\" \/>\n<meta property=\"og:type\" content=\"article\" \/>\n<meta property=\"og:title\" content=\"Batterie lithium 5kWh Taico\" \/>\n<meta property=\"og:description\" content=\"La batterie lithium 5kWh Taico dimension de 520 x 220 x 170 mm et p\u00e8se environ 50 kg. La batterie est dot\u00e9e d&#039;un \u00e9cran LCD qui affiche des informations\" \/>\n<meta property=\"og:url\" content=\"https:\/\/www.bestasolar.com\/en\/product\/batterie-lithium-5kwh-taico\/\" \/>\n<meta property=\"og:site_name\" content=\"BESTA SOLAR\" \/>\n<meta property=\"article:publisher\" content=\"https:\/\/www.facebook.com\/bestasolar\/\" \/>\n<meta property=\"article:modified_time\" content=\"2025-10-16T20:36:34+00:00\" \/>\n<meta property=\"og:image\" content=\"https:\/\/www.bestasolar.com\/wp-content\/uploads\/2023\/03\/641c12fe39104.jpg\" \/>\n\t<meta property=\"og:image:width\" content=\"2000\" \/>\n\t<meta property=\"og:image:height\" content=\"2000\" \/>\n\t<meta property=\"og:image:type\" content=\"image\/jpeg\" \/>\n<meta name=\"twitter:card\" content=\"summary_large_image\" \/>\n<meta name=\"twitter:label1\" content=\"Price\" \/>\n\t<meta name=\"twitter:data1\" content=\"CFA550,000.00\" \/>\n\t<meta name=\"twitter:label2\" content=\"Availability\" \/>\n\t<meta name=\"twitter:data2\" content=\"In stock\" \/>\n<script type=\"application\/ld+json\" class=\"yoast-schema-graph\">{\"@context\":\"https:\/\/schema.org\",\"@graph\":[{\"@type\":\"WebPage\",\"@id\":\"https:\/\/www.bestasolar.com\/produit\/batterie-lithium-5kwh-taico\/\",\"url\":\"https:\/\/www.bestasolar.com\/produit\/batterie-lithium-5kwh-taico\/\",\"name\":\"Batterie lithium 5kWh Taico - BESTA SOLAR\",\"isPartOf\":{\"@id\":\"https:\/\/www.bestasolar.com\/#website\"},\"primaryImageOfPage\":{\"@id\":\"https:\/\/www.bestasolar.com\/produit\/batterie-lithium-5kwh-taico\/#primaryimage\"},\"image\":{\"@id\":\"https:\/\/www.bestasolar.com\/produit\/batterie-lithium-5kwh-taico\/#primaryimage\"},\"thumbnailUrl\":\"https:\/\/www.bestasolar.com\/wp-content\/uploads\/2023\/03\/641c12fe39104.jpg\",\"datePublished\":\"2023-03-22T00:00:59+00:00\",\"dateModified\":\"2025-10-16T20:36:34+00:00\",\"description\":\"La batterie lithium 5kWh Taico dimension de 520 x 220 x 170 mm et p\u00e8se environ 50 kg. La batterie est dot\u00e9e d'un \u00e9cran LCD qui affiche des informations\",\"breadcrumb\":{\"@id\":\"https:\/\/www.bestasolar.com\/produit\/batterie-lithium-5kwh-taico\/#breadcrumb\"},\"inLanguage\":\"en-US\",\"potentialAction\":[{\"@type\":\"ReadAction\",\"target\":[\"https:\/\/www.bestasolar.com\/produit\/batterie-lithium-5kwh-taico\/\"]}]},{\"@type\":\"ImageObject\",\"inLanguage\":\"en-US\",\"@id\":\"https:\/\/www.bestasolar.com\/produit\/batterie-lithium-5kwh-taico\/#primaryimage\",\"url\":\"https:\/\/www.bestasolar.com\/wp-content\/uploads\/2023\/03\/641c12fe39104.jpg\",\"contentUrl\":\"https:\/\/www.bestasolar.com\/wp-content\/uploads\/2023\/03\/641c12fe39104.jpg\",\"width\":2000,\"height\":2000},{\"@type\":\"BreadcrumbList\",\"@id\":\"https:\/\/www.bestasolar.com\/produit\/batterie-lithium-5kwh-taico\/#breadcrumb\",\"itemListElement\":[{\"@type\":\"ListItem\",\"position\":1,\"name\":\"Home\",\"item\":\"https:\/\/www.bestasolar.com\/\"},{\"@type\":\"ListItem\",\"position\":2,\"name\":\"Shop\",\"item\":\"https:\/\/www.bestasolar.com\/shop\/\"},{\"@type\":\"ListItem\",\"position\":3,\"name\":\"Batterie lithium 5kWh Taico\"}]},{\"@type\":\"WebSite\",\"@id\":\"https:\/\/www.bestasolar.com\/#website\",\"url\":\"https:\/\/www.bestasolar.com\/\",\"name\":\"BESTA SOLAR\",\"description\":\"Vente d&#039;equipement solaire batterie lithium onduleur mppt\",\"publisher\":{\"@id\":\"https:\/\/www.bestasolar.com\/#organization\"},\"potentialAction\":[{\"@type\":\"SearchAction\",\"target\":{\"@type\":\"EntryPoint\",\"urlTemplate\":\"https:\/\/www.bestasolar.com\/?s={search_term_string}\"},\"query-input\":{\"@type\":\"PropertyValueSpecification\",\"valueRequired\":true,\"valueName\":\"search_term_string\"}}],\"inLanguage\":\"en-US\"},{\"@type\":[\"Organization\",\"Place\",\"OfficeEquipmentStore\"],\"@id\":\"https:\/\/www.bestasolar.com\/#organization\",\"name\":\"BESTA SOLAR\",\"url\":\"https:\/\/www.bestasolar.com\/\",\"logo\":{\"@id\":\"https:\/\/www.bestasolar.com\/produit\/batterie-lithium-5kwh-taico\/#local-main-organization-logo\"},\"image\":{\"@id\":\"https:\/\/www.bestasolar.com\/produit\/batterie-lithium-5kwh-taico\/#local-main-organization-logo\"},\"sameAs\":[\"https:\/\/www.facebook.com\/bestasolar\/\",\"https:\/\/www.youtube.com\/channel\/UCYnBggiypeSN8k1IQrX6BUw\",\"https:\/\/www.tiktok.com\/@bestasolar\",\"https:\/\/www.pinterest.com\/bestasolar\/\"],\"telephone\":[\"+22961732956\"],\"contactPoint\":{\"@type\":\"ContactPoint\",\"telephone\":\"+22961732956\",\"email\":\"contact@bestasolar.com\"},\"openingHoursSpecification\":[{\"@type\":\"OpeningHoursSpecification\",\"dayOfWeek\":[\"Monday\",\"Tuesday\",\"Wednesday\",\"Thursday\",\"Friday\",\"Saturday\"],\"opens\":\"08:00\",\"closes\":\"21:00\"},{\"@type\":\"OpeningHoursSpecification\",\"dayOfWeek\":[\"Sunday\"],\"opens\":\"09:00\",\"closes\":\"18:00\"}],\"email\":\"contact@bestasolar.com\",\"faxNumber\":\"Besta Solar\",\"areaServed\":\"Afrique de l'ouest\",\"taxID\":\"02022748823174\",\"currenciesAccepted\":\"CFA\"},{\"@type\":\"ImageObject\",\"inLanguage\":\"en-US\",\"@id\":\"https:\/\/www.bestasolar.com\/produit\/batterie-lithium-5kwh-taico\/#local-main-organization-logo\",\"url\":\"https:\/\/www.bestasolar.com\/wp-content\/uploads\/2023\/01\/BESTA-SOLAR-Logo-01-1.png\",\"contentUrl\":\"https:\/\/www.bestasolar.com\/wp-content\/uploads\/2023\/01\/BESTA-SOLAR-Logo-01-1.png\",\"width\":6250,\"height\":4167,\"caption\":\"BESTA SOLAR\"}]}<\/script>\n<meta property=\"product:price:amount\" content=\"550000.00\" \/>\n<meta property=\"product:price:currency\" content=\"XOF\" \/>\n<meta property=\"og:availability\" content=\"instock\" \/>\n<meta property=\"product:availability\" content=\"instock\" \/>\n<meta property=\"product:retailer_item_id\" content=\"SM09\" \/>\n<meta property=\"product:condition\" content=\"new\" \/>\n<meta name=\"geo.placename\" content=\"parakou\" \/>\n<meta name=\"geo.region\" content=\"Benin\" \/>\n<!-- \/ Yoast SEO Premium plugin. -->","yoast_head_json":{"title":"Batterie lithium 5kWh Taico - BESTA SOLAR","description":"La batterie lithium 5kWh Taico dimension de 520 x 220 x 170 mm et p\u00e8se environ 50 kg. La batterie est dot\u00e9e d'un \u00e9cran LCD qui affiche des informations","robots":{"index":"index","follow":"follow","max-snippet":"max-snippet:-1","max-image-preview":"max-image-preview:large","max-video-preview":"max-video-preview:-1"},"canonical":"https:\/\/www.bestasolar.com\/en\/product\/batterie-lithium-5kwh-taico\/","og_locale":"en_US","og_type":"article","og_title":"Batterie lithium 5kWh Taico","og_description":"La batterie lithium 5kWh Taico dimension de 520 x 220 x 170 mm et p\u00e8se environ 50 kg. La batterie est dot\u00e9e d'un \u00e9cran LCD qui affiche des informations","og_url":"https:\/\/www.bestasolar.com\/en\/product\/batterie-lithium-5kwh-taico\/","og_site_name":"BESTA SOLAR","article_publisher":"https:\/\/www.facebook.com\/bestasolar\/","article_modified_time":"2025-10-16T20:36:34+00:00","og_image":[{"width":2000,"height":2000,"url":"https:\/\/www.bestasolar.com\/wp-content\/uploads\/2023\/03\/641c12fe39104.jpg","type":"image\/jpeg"}],"twitter_card":"summary_large_image","twitter_misc":{"Price":"CFA550,000.00","Availability":"In stock"},"schema":{"@context":"https:\/\/schema.org","@graph":[{"@type":"WebPage","@id":"https:\/\/www.bestasolar.com\/produit\/batterie-lithium-5kwh-taico\/","url":"https:\/\/www.bestasolar.com\/produit\/batterie-lithium-5kwh-taico\/","name":"Batterie lithium 5kWh Taico - BESTA SOLAR","isPartOf":{"@id":"https:\/\/www.bestasolar.com\/#website"},"primaryImageOfPage":{"@id":"https:\/\/www.bestasolar.com\/produit\/batterie-lithium-5kwh-taico\/#primaryimage"},"image":{"@id":"https:\/\/www.bestasolar.com\/produit\/batterie-lithium-5kwh-taico\/#primaryimage"},"thumbnailUrl":"https:\/\/www.bestasolar.com\/wp-content\/uploads\/2023\/03\/641c12fe39104.jpg","datePublished":"2023-03-22T00:00:59+00:00","dateModified":"2025-10-16T20:36:34+00:00","description":"La batterie lithium 5kWh Taico dimension de 520 x 220 x 170 mm et p\u00e8se environ 50 kg. La batterie est dot\u00e9e d'un \u00e9cran LCD qui affiche des informations","breadcrumb":{"@id":"https:\/\/www.bestasolar.com\/produit\/batterie-lithium-5kwh-taico\/#breadcrumb"},"inLanguage":"en-US","potentialAction":[{"@type":"ReadAction","target":["https:\/\/www.bestasolar.com\/produit\/batterie-lithium-5kwh-taico\/"]}]},{"@type":"ImageObject","inLanguage":"en-US","@id":"https:\/\/www.bestasolar.com\/produit\/batterie-lithium-5kwh-taico\/#primaryimage","url":"https:\/\/www.bestasolar.com\/wp-content\/uploads\/2023\/03\/641c12fe39104.jpg","contentUrl":"https:\/\/www.bestasolar.com\/wp-content\/uploads\/2023\/03\/641c12fe39104.jpg","width":2000,"height":2000},{"@type":"BreadcrumbList","@id":"https:\/\/www.bestasolar.com\/produit\/batterie-lithium-5kwh-taico\/#breadcrumb","itemListElement":[{"@type":"ListItem","position":1,"name":"Home","item":"https:\/\/www.bestasolar.com\/"},{"@type":"ListItem","position":2,"name":"Shop","item":"https:\/\/www.bestasolar.com\/shop\/"},{"@type":"ListItem","position":3,"name":"Batterie lithium 5kWh Taico"}]},{"@type":"WebSite","@id":"https:\/\/www.bestasolar.com\/#website","url":"https:\/\/www.bestasolar.com\/","name":"BESTA SOLAR","description":"Vente d&#039;equipement solaire batterie lithium onduleur mppt","publisher":{"@id":"https:\/\/www.bestasolar.com\/#organization"},"potentialAction":[{"@type":"SearchAction","target":{"@type":"EntryPoint","urlTemplate":"https:\/\/www.bestasolar.com\/?s={search_term_string}"},"query-input":{"@type":"PropertyValueSpecification","valueRequired":true,"valueName":"search_term_string"}}],"inLanguage":"en-US"},{"@type":["Organization","Place","OfficeEquipmentStore"],"@id":"https:\/\/www.bestasolar.com\/#organization","name":"BESTA SOLAR","url":"https:\/\/www.bestasolar.com\/","logo":{"@id":"https:\/\/www.bestasolar.com\/produit\/batterie-lithium-5kwh-taico\/#local-main-organization-logo"},"image":{"@id":"https:\/\/www.bestasolar.com\/produit\/batterie-lithium-5kwh-taico\/#local-main-organization-logo"},"sameAs":["https:\/\/www.facebook.com\/bestasolar\/","https:\/\/www.youtube.com\/channel\/UCYnBggiypeSN8k1IQrX6BUw","https:\/\/www.tiktok.com\/@bestasolar","https:\/\/www.pinterest.com\/bestasolar\/"],"telephone":["+22961732956"],"contactPoint":{"@type":"ContactPoint","telephone":"+22961732956","email":"contact@bestasolar.com"},"openingHoursSpecification":[{"@type":"OpeningHoursSpecification","dayOfWeek":["Monday","Tuesday","Wednesday","Thursday","Friday","Saturday"],"opens":"08:00","closes":"21:00"},{"@type":"OpeningHoursSpecification","dayOfWeek":["Sunday"],"opens":"09:00","closes":"18:00"}],"email":"contact@bestasolar.com","faxNumber":"Besta Solar","areaServed":"Afrique de l'ouest","taxID":"02022748823174","currenciesAccepted":"CFA"},{"@type":"ImageObject","inLanguage":"en-US","@id":"https:\/\/www.bestasolar.com\/produit\/batterie-lithium-5kwh-taico\/#local-main-organization-logo","url":"https:\/\/www.bestasolar.com\/wp-content\/uploads\/2023\/01\/BESTA-SOLAR-Logo-01-1.png","contentUrl":"https:\/\/www.bestasolar.com\/wp-content\/uploads\/2023\/01\/BESTA-SOLAR-Logo-01-1.png","width":6250,"height":4167,"caption":"BESTA SOLAR"}]},"product_price_amount":"550000.00","product_price_currency":"XOF","og_availability":"instock","product_availability":"instock","product_retailer_item_id":"SM09","product_condition":"new","geo.placename":"parakou","geo.region":"Benin"},"jetpack_sharing_enabled":true,"_links":{"self":[{"href":"https:\/\/www.bestasolar.com\/en\/wp-json\/wp\/v2\/product\/7232"}],"collection":[{"href":"https:\/\/www.bestasolar.com\/en\/wp-json\/wp\/v2\/product"}],"about":[{"href":"https:\/\/www.bestasolar.com\/en\/wp-json\/wp\/v2\/types\/product"}],"replies":[{"embeddable":true,"href":"https:\/\/www.bestasolar.com\/en\/wp-json\/wp\/v2\/comments?post=7232"}],"wp:featuredmedia":[{"embeddable":true,"href":"https:\/\/www.bestasolar.com\/en\/wp-json\/wp\/v2\/media\/10438"}],"wp:attachment":[{"href":"https:\/\/www.bestasolar.com\/en\/wp-json\/wp\/v2\/media?parent=7232"}],"wp:term":[{"taxonomy":"product_brand","embeddable":true,"href":"https:\/\/www.bestasolar.com\/en\/wp-json\/wp\/v2\/product_brand?post=7232"},{"taxonomy":"product_cat","embeddable":true,"href":"https:\/\/www.bestasolar.com\/en\/wp-json\/wp\/v2\/product_cat?post=7232"},{"taxonomy":"product_tag","embeddable":true,"href":"https:\/\/www.bestasolar.com\/en\/wp-json\/wp\/v2\/product_tag?post=7232"}],"curies":[{"name":"wp","href":"https:\/\/api.w.org\/{rel}","templated":true}]}}